{"id":7926,"date":"2026-02-10T12:35:55","date_gmt":"2026-02-10T19:35:55","guid":{"rendered":"https:\/\/capfirm.com\/?page_id=7926"},"modified":"2026-02-10T13:14:13","modified_gmt":"2026-02-10T20:14:13","slug":"henrik-sardarbegian","status":"publish","type":"page","link":"https:\/\/capfirmstg.webteam.ai\/es\/henrik-sardarbegian\/","title":{"rendered":"Henrik Sardarbegian, Esq."},"content":{"rendered":"<div class=\"wpb-content-wrapper\"><div class=\"vc_row wpb_row hero-lg1 default-hero vc_custom_1764966368599 vc_row-has-fill\"><div class=\"container\"><div class=\"wpb_column vc_column_container vc_col-sm-12\"><div class=\"vc_column-inner\"><div class=\"wpb_wrapper\">\n\t<div class=\"wpb_text_column wpb_content_element  vc_custom_1770751908996\" >\n\t\t<div class=\"wpb_wrapper\">\n\t\t\t<h1 style=\"text-align: center;\">Henrik Sardarbegian, Esq.<\/h1>\n<h3 style=\"text-align: center;\">Abogado con experiencia en lesiones personales en California<\/h3>\n\n\t\t<\/div>\n\t<\/div>\n<\/div><\/div><\/div><\/div><\/div><div class=\"vc_row wpb_row inline-fifty vc_custom_1763494004668 vc_row-has-fill\"><div class=\"container\"><div class=\"vertical-align wpb_column vc_column_container vc_col-sm-6\"><div class=\"vc_column-inner\"><div class=\"wpb_wrapper\">\n\t<div class=\"wpb_text_column wpb_content_element  mb0\" >\n\t\t<div class=\"wpb_wrapper\">\n\t\t\t<h2>Abogado<\/h2>\n<p>Henrik Sardarbegian es abogado especializado en fase previa al litigio en The Capital Law Firm, y se caracteriza por una inquebrantable pasi\u00f3n por la justicia, un feroz esp\u00edritu competitivo y un profundo compromiso con su comunidad. Antes de incorporarse a The Capital Law Firm, el Sr. Sardarbegian fund\u00f3 Sardarbegian Law, APLC en 2012, centr\u00e1ndose en la defensa de sus clientes lesionados. El Sr. Sardarbegian se ha consolidado como un formidable adversario de las principales compa\u00f1\u00edas de seguros, dedicando su carrera a igualar las condiciones para las personas lesionadas, que a menudo se sienten sin voz frente a los gigantes corporativos.<\/p>\n<p>La fortaleza del Sr. Sardarbegian se forj\u00f3 desde muy temprano. Tras emigrar a los Estados Unidos en 1988 y asistir a la Escuela Secundaria Hoover en Glendale, California, aprendi\u00f3 que adaptarse a nuevos desaf\u00edos requiere determinaci\u00f3n y coraje. El Sr. Sardarbegian asisti\u00f3 a la Universidad Polit\u00e9cnica de California en Pomona, donde obtuvo su licenciatura en Ciencias. Luego curs\u00f3 su doctorado en Derecho en el prestigioso programa SCALE de la Facultad de Derecho Southwestern en Los \u00c1ngeles, California.<\/p>\n<p>Mientras estudiaba en la Facultad de Derecho de Southwestern, el Sr. Sardarbegian fue nombrado presidente de \u201cTeen Court\u201d, un programa que desv\u00eda a los menores que cometen su primer delito del sistema tradicional de justicia juvenil, permitiendo que compa\u00f1eros de otras escuelas interroguen, juzguen y determinen las recomendaciones de resoluci\u00f3n para los presuntos infractores, lo que proporciona una experiencia judicial m\u00e1s significativa. Hoy en d\u00eda, canaliza esa misma resiliencia en su pr\u00e1ctica legal, neg\u00e1ndose a ceder cuando las compa\u00f1\u00edas de seguros intentan minimizar el sufrimiento de sus clientes.<\/p>\n\n\t\t<\/div>\n\t<\/div>\n<\/div><\/div><\/div><div class=\"wpb_column vc_column_container vc_col-sm-6\"><div class=\"vc_column-inner\"><div class=\"wpb_wrapper\">\n\t<div class=\"wpb_text_column wpb_content_element  mb0-desktop\" >\n\t\t<div class=\"wpb_wrapper\">\n\t\t\t<p><img loading=\"lazy\" decoding=\"async\" class=\"aligncenter size-full wp-image-7925\" src=\"https:\/\/capfirmstg.webteam.ai\/wp-content\/uploads\/2026\/02\/Henrik-Sardarbegian-1920-x-1920-solid-background.png\" alt=\"Henrik-Sardarbegian-1920-x-1920-solid-background\" width=\"1920\" height=\"1920\" srcset=\"https:\/\/capfirmstg.webteam.ai\/wp-content\/uploads\/2026\/02\/Henrik-Sardarbegian-1920-x-1920-solid-background.png 1920w, https:\/\/capfirmstg.webteam.ai\/wp-content\/uploads\/2026\/02\/Henrik-Sardarbegian-1920-x-1920-solid-background-300x300.png 300w, https:\/\/capfirmstg.webteam.ai\/wp-content\/uploads\/2026\/02\/Henrik-Sardarbegian-1920-x-1920-solid-background-1024x1024.png 1024w, https:\/\/capfirmstg.webteam.ai\/wp-content\/uploads\/2026\/02\/Henrik-Sardarbegian-1920-x-1920-solid-background-150x150.png 150w, https:\/\/capfirmstg.webteam.ai\/wp-content\/uploads\/2026\/02\/Henrik-Sardarbegian-1920-x-1920-solid-background-768x768.png 768w, https:\/\/capfirmstg.webteam.ai\/wp-content\/uploads\/2026\/02\/Henrik-Sardarbegian-1920-x-1920-solid-background-1536x1536.png 1536w, https:\/\/capfirmstg.webteam.ai\/wp-content\/uploads\/2026\/02\/Henrik-Sardarbegian-1920-x-1920-solid-background-12x12.png 12w\" sizes=\"auto, (max-width: 1920px) 100vw, 1920px\" \/><\/p>\n\n\t\t<\/div>\n\t<\/div>\n<\/div><\/div><\/div><\/div><\/div><div class=\"vc_row wpb_row inline-fifty light2 vc_custom_1763500725596 vc_row-has-fill\"><div class=\"container\"><div class=\"vertical-align wpb_column vc_column_container vc_col-sm-6\"><div class=\"vc_column-inner\"><div class=\"wpb_wrapper\">\n\t<div class=\"wpb_text_column wpb_content_element  mb0-desktop\" >\n\t\t<div class=\"wpb_wrapper\">\n\t\t\t<p><img loading=\"lazy\" decoding=\"async\" class=\"aligncenter size-full wp-image-7927\" src=\"https:\/\/capfirmstg.webteam.ai\/wp-content\/uploads\/2026\/02\/Henrik-Sardarbegian-1920-x-1920-cityscape-background.png\" alt=\"Henrik-Sardarbegian-1920-x-1920-paisaje urbano-fondo\" width=\"1920\" height=\"1920\" srcset=\"https:\/\/capfirmstg.webteam.ai\/wp-content\/uploads\/2026\/02\/Henrik-Sardarbegian-1920-x-1920-cityscape-background.png 1920w, https:\/\/capfirmstg.webteam.ai\/wp-content\/uploads\/2026\/02\/Henrik-Sardarbegian-1920-x-1920-cityscape-background-300x300.png 300w, https:\/\/capfirmstg.webteam.ai\/wp-content\/uploads\/2026\/02\/Henrik-Sardarbegian-1920-x-1920-cityscape-background-1024x1024.png 1024w, https:\/\/capfirmstg.webteam.ai\/wp-content\/uploads\/2026\/02\/Henrik-Sardarbegian-1920-x-1920-cityscape-background-150x150.png 150w, https:\/\/capfirmstg.webteam.ai\/wp-content\/uploads\/2026\/02\/Henrik-Sardarbegian-1920-x-1920-cityscape-background-768x768.png 768w, https:\/\/capfirmstg.webteam.ai\/wp-content\/uploads\/2026\/02\/Henrik-Sardarbegian-1920-x-1920-cityscape-background-1536x1536.png 1536w, https:\/\/capfirmstg.webteam.ai\/wp-content\/uploads\/2026\/02\/Henrik-Sardarbegian-1920-x-1920-cityscape-background-12x12.png 12w\" sizes=\"auto, (max-width: 1920px) 100vw, 1920px\" \/><\/p>\n\n\t\t<\/div>\n\t<\/div>\n<\/div><\/div><\/div><div class=\"vertical-align wpb_column vc_column_container vc_col-sm-6\"><div class=\"vc_column-inner\"><div class=\"wpb_wrapper\">\n\t<div class=\"wpb_text_column wpb_content_element  mb0\" >\n\t\t<div class=\"wpb_wrapper\">\n\t\t\t<h2>Educaci\u00f3n<\/h2>\n<p><a href=\"https:\/\/www.cpp.edu\/\" target=\"_blank\" rel=\"noopener\"><strong>Universidad Estatal de California, Pomona<\/strong><\/a><\/p>\n<hr \/>\n<p><a href=\"https:\/\/www.swlaw.edu\/\" target=\"_blank\" rel=\"noopener\"><strong>Facultad de Derecho Southwestern, Los \u00c1ngeles<\/strong><\/a><\/p>\n<hr \/>\n\n\t\t<\/div>\n\t<\/div>\n<\/div><\/div><\/div><\/div><\/div><div class=\"vc_row wpb_row blurb-row light2 vc_custom_1764981494738\"><div class=\"container\"><div class=\"wpb_column vc_column_container vc_col-sm-12\"><div class=\"vc_column-inner\"><div class=\"wpb_wrapper\"><div class=\"vc_row wpb_row vc_inner vc_row-fluid vertical-align-top\"><div class=\"vertical-align-top wpb_column vc_column_container vc_col-sm-6\"><div class=\"vc_column-inner vc_custom_1763504337159\"><div class=\"wpb_wrapper\">\n\t<div class=\"wpb_text_column wpb_content_element  mb0\" >\n\t\t<div class=\"wpb_wrapper\">\n\t\t\t<h3>ASOCIACI\u00d3N<\/h3>\n<hr \/>\n<p><strong><a href=\"https:\/\/www.caala.org\/\" target=\"_blank\" rel=\"noopener\">Asociaci\u00f3n de Abogados del Consumidor de Los \u00c1ngeles (CAALA)<\/a><\/strong><\/p>\n<hr \/>\n<p><strong><a href=\"https:\/\/lacba.org\/\" target=\"_blank\" rel=\"noopener\">Colegio de Abogados del Condado de Los \u00c1ngeles<\/a><\/strong><\/p>\n<hr \/>\n\n\t\t<\/div>\n\t<\/div>\n<\/div><\/div><\/div><div class=\"vertical-align-top wpb_column vc_column_container vc_col-sm-6\"><div class=\"vc_column-inner vc_custom_1763504341413\"><div class=\"wpb_wrapper\">\n\t<div class=\"wpb_text_column wpb_content_element  mb0\" >\n\t\t<div class=\"wpb_wrapper\">\n\t\t\t<h3>ADMISI\u00d3N<\/h3>\n<hr \/>\n<p><strong><a href=\"https:\/\/www.cacd.uscourts.gov\/\" target=\"_blank\" rel=\"noopener\">Tribunal de Distrito de los Estados Unidos, Distrito Central de California<\/a><\/strong><\/p>\n<hr \/>\n\n\t\t<\/div>\n\t<\/div>\n<\/div><\/div><\/div><\/div><\/div><\/div><\/div><\/div><\/div><div class=\"vc_row wpb_row blurb-row dark vc_custom_1764980297515 vc_row-has-fill\"><div class=\"container\"><div class=\"wpb_column vc_column_container vc_col-sm-12\"><div class=\"vc_column-inner\"><div class=\"wpb_wrapper\">\n\t<div class=\"wpb_text_column wpb_content_element  mb0\" >\n\t\t<div class=\"wpb_wrapper\">\n\t\t\t<h2 style=\"text-align: center;\">Nuestro equipo<\/h2>\n<p style=\"text-align: center;\">Cada miembro de nuestra firma es altamente experimentado en la ley de lesiones personales y con ganas de ayudar a nuestros clientes a volver sobre sus pies. A cada cliente se le garantiza una experiencia personalizada junto con la m\u00e1xima profesionalidad de nuestros experimentados abogados de lesiones personales a lo largo de la representaci\u00f3n de su demanda por lesiones.<\/p>\n<p style=\"text-align: center;\"><a class=\"btn-bt default\" href=\"\/es\/pongase-en-contacto-con\/\">Consulta gratuita<\/a><\/p>\n\n\t\t<\/div>\n\t<\/div>\n<\/div><\/div><\/div><\/div><\/div><section id=\"Reviews\" class=\"vc_section gradient2 vc_custom_1764981116811 vc_section-has-fill\"><div class=\"vc_row wpb_row reverse\"><div class=\"container\"><div class=\"vertical-align wpb_column vc_column_container vc_col-sm-8\"><div class=\"vc_column-inner\"><div class=\"wpb_wrapper\">\n\t<div class=\"wpb_text_column wpb_content_element\" >\n\t\t<div class=\"wpb_wrapper\">\n\t\t\t\n\n\t\t<\/div>\n\t<\/div>\n<\/div><\/div><\/div><div class=\"vertical-align wpb_column vc_column_container vc_col-sm-4\"><div class=\"vc_column-inner\"><div class=\"wpb_wrapper\">\n\t<div class=\"wpb_text_column wpb_content_element  wpb_animate_when_almost_visible wpb_slideInRight slideInRight mb0\" >\n\t\t<div class=\"wpb_wrapper\">\n\t\t\t<p><img loading=\"lazy\" decoding=\"async\" class=\"alignnone wp-image-2759\" src=\"\/wp-content\/uploads\/2025\/10\/the-caplaw-icon-91p.png\" alt=\"el icono de la mand\u00edbula 91p\" width=\"50\" height=\"52\" \/><\/p>\n<h3>TESTIMONIOS DE CLIENTES<\/h3>\n<h2>Donde nuestras victorias hablan m\u00e1s alto<\/h2>\n\n\t\t<\/div>\n\t<\/div>\n<\/div><\/div><\/div><\/div><\/div><\/section><style>@media(max-width:480px){.vc-boptions-69e84a6fcb5bf{background-image:url('https:\/\/capfirmstg.webteam.ai\/wp-content\/uploads\/2025\/10\/Bottom-CTA-man-working-at-desk-mobile@2x.jpg')!important;background-size:cover!important;background-position:center top!important;}}@media(min-width:481px){.vc-boptions-69e84a6fcb5bf{background-position:center top!important;}}.vc-boptions-69e84a6fcb5bf{background-size:cover!important;}<\/style><div id=\"ContactRow\" class=\"vc_row wpb_row bottom-cta form-bottom-cta inline-fifty fifty-fifty vc_custom_1764981183940 vc_row-has-fill vc-boptions-69e84a6fcb5bf\"><div class=\"container\"><div class=\"vertical-align wpb_column vc_column_container vc_col-sm-6\"><div class=\"vc_column-inner\"><div class=\"wpb_wrapper\">\n\t<div class=\"wpb_text_column wpb_content_element  mb0\" >\n\t\t<div class=\"wpb_wrapper\">\n\t\t\t<h3>P\u00f3ngase en contacto hoy mismo con un abogado especializado en lesiones personales de Los \u00c1ngeles<\/h3>\n<h2>ESTAMOS AQU\u00cd<br \/>\nPARA GUIARTE<\/h2>\n<p><strong>Si usted ha sido lesionado en un accidente, necesita ayuda legal ahora - y The Capital Law Firm est\u00e1 aqu\u00ed para usted. Nuestros abogados de lesiones personales en Los \u00c1ngeles est\u00e1n listos para discutir su caso, responder a sus preguntas, y ayudarle a tomar los pr\u00f3ximos pasos hacia la recuperaci\u00f3n. P\u00f3ngase en contacto con The Capital Law Firm o ll\u00e1menos al <a href=\"tel:2138187232\">(213) 818-7232<\/a> para una consulta gratuita y confidencial hoy mismo.<\/strong><\/p>\n\n\t\t<\/div>\n\t<\/div>\n<\/div><\/div><\/div><div class=\"wpb_column vc_column_container vc_col-sm-6\"><div class=\"vc_column-inner\"><div class=\"wpb_wrapper\">\n\t<div class=\"wpb_raw_code wpb_content_element wpb_raw_html\" >\n\t\t<div class=\"wpb_wrapper\">\n\t\t\t <script charset=\"utf-8\" type=\"text\/javascript\" src=\"\/\/js-na2.hsforms.net\/forms\/embed\/v2.js\"><\/script>\n<script>\n  hbspt.forms.create({\n    portalId: \"48855741\",\n    formId: \"d6ab3eea-eb20-4032-bc22-40679e6f2e02\",\n    region: \"na2\"\n  });\n<\/script>\n\t\t<\/div>\n\t<\/div>\n<\/div><\/div><\/div><\/div><\/div>\n<\/div>","protected":false},"excerpt":{"rendered":"Henrik Sardarbegian, Esq. Experienced California Personal Injury Attorney Attorney At Law Henrik Sardarbegian is a Pre-Litigation Attorney at The Capital Law Firm, defined by an unyielding passion for justice, a fierce competitive spirit, and a deep-seated commitment to his community. Prior to joining The Capital Law Firm, Mr. Sardarbegian founded Sardarbegian Law, APLC in 2012 [...]","protected":false},"author":1,"featured_media":0,"parent":0,"menu_order":0,"comment_status":"closed","ping_status":"closed","template":"","meta":{"_acf_changed":false,"footnotes":""},"class_list":["post-7926","page","type-page","status-publish"],"acf":[],"aioseo_notices":[],"_links":{"self":[{"href":"https:\/\/capfirmstg.webteam.ai\/es\/wp-json\/wp\/v2\/pages\/7926","targetHints":{"allow":["GET"]}}],"collection":[{"href":"https:\/\/capfirmstg.webteam.ai\/es\/wp-json\/wp\/v2\/pages"}],"about":[{"href":"https:\/\/capfirmstg.webteam.ai\/es\/wp-json\/wp\/v2\/types\/page"}],"author":[{"embeddable":true,"href":"https:\/\/capfirmstg.webteam.ai\/es\/wp-json\/wp\/v2\/users\/1"}],"replies":[{"embeddable":true,"href":"https:\/\/capfirmstg.webteam.ai\/es\/wp-json\/wp\/v2\/comments?post=7926"}],"version-history":[{"count":1,"href":"https:\/\/capfirmstg.webteam.ai\/es\/wp-json\/wp\/v2\/pages\/7926\/revisions"}],"predecessor-version":[{"id":7928,"href":"https:\/\/capfirmstg.webteam.ai\/es\/wp-json\/wp\/v2\/pages\/7926\/revisions\/7928"}],"wp:attachment":[{"href":"https:\/\/capfirmstg.webteam.ai\/es\/wp-json\/wp\/v2\/media?parent=7926"}],"curies":[{"name":"wp","href":"https:\/\/api.w.org\/{rel}","templated":true}]}}