{"id":7892,"date":"2026-02-06T10:39:50","date_gmt":"2026-02-06T17:39:50","guid":{"rendered":"https:\/\/capfirm.com\/?page_id=7892"},"modified":"2026-02-10T13:44:36","modified_gmt":"2026-02-10T20:44:36","slug":"mordedura-de-perro-lesiones-abogado","status":"publish","type":"page","link":"https:\/\/capfirmstg.webteam.ai\/es\/dog-bite-injuries-lawyer\/","title":{"rendered":"Abogado especializado en lesiones por mordeduras de perro"},"content":{"rendered":"<div class=\"wpb-content-wrapper\"><div class=\"vc_row wpb_row hero-lg1 vc_custom_1765343039358 vc_row-has-fill\"><div class=\"container\"><div class=\"vertical-align wpb_column vc_column_container vc_col-sm-6\"><div class=\"vc_column-inner\"><div class=\"wpb_wrapper\">\n\t<div class=\"wpb_text_column wpb_content_element  vc_custom_1770399654480\" >\n\t\t<div class=\"wpb_wrapper\">\n\t\t\t<h1>Abogado de lesiones por mordedura de perro en Los Angeles, CA<\/h1>\n<h3>CUANDO LUCHAMOS POR TI, ES PERSONAL.<\/h3>\n<p>\u00bfLe ha mordido un perro? \u00bfNecesit\u00f3 atenci\u00f3n m\u00e9dica? \u00bfTiene cicatrices f\u00edsicas? \u00bfTrauma emocional? Las mordeduras de perro se cobran un peaje f\u00edsico y emocional. El miedo y el trauma de la experiencia puede hacer que se sienta inseguro. En The Capital Law Firm, creemos que nadie debe encontrarse en esta situaci\u00f3n. Nos especializamos en la representaci\u00f3n de las v\u00edctimas de mordeduras de perro. Proporcionamos el apoyo legal que las v\u00edctimas necesitan.<\/p>\n<h4>Abogados de lesiones por mordedura de perro en The Capital Law Firm:<\/h4>\n<p><strong><img loading=\"lazy\" decoding=\"async\" class=\"alignnone wp-image-2832\" style=\"margin-bottom: -4px;\" src=\"https:\/\/capfirmstg.webteam.ai\/wp-content\/uploads\/2025\/11\/tab-icon-CAPFIRM@2x-White.png\" alt=\"tab-icon-CAPFIRM@2x Blanco\" width=\"20\" height=\"20\" \/> Resultados basados en la integridad<\/strong><\/p>\n<p><strong><img loading=\"lazy\" decoding=\"async\" class=\"alignnone wp-image-2832\" style=\"margin-bottom: -4px;\" src=\"https:\/\/capfirmstg.webteam.ai\/wp-content\/uploads\/2025\/11\/tab-icon-CAPFIRM@2x-White.png\" alt=\"tab-icon-CAPFIRM@2x Blanco\" width=\"20\" height=\"20\" \/> Campe\u00f3n de Compensaci\u00f3n<\/strong><\/p>\n\n\t\t<\/div>\n\t<\/div>\n<\/div><\/div><\/div><div class=\"vertical-align wpb_column vc_column_container vc_col-sm-6\"><div class=\"vc_column-inner vc_custom_1764091331250\"><div class=\"wpb_wrapper\">\n\t<div class=\"wpb_raw_code wpb_content_element wpb_raw_html mb0\" >\n\t\t<div class=\"wpb_wrapper\">\n\t\t\t <script charset=\"utf-8\" type=\"text\/javascript\" src=\"\/\/js-na2.hsforms.net\/forms\/embed\/v2.js\"><\/script>\n<script>\n  hbspt.forms.create({\n    portalId: \"48855741\",\n    formId: \"d6ab3eea-eb20-4032-bc22-40679e6f2e02\",\n    region: \"na2\"\n  });\n<\/script>\n\t\t<\/div>\n\t<\/div>\n<\/div><\/div><\/div><\/div><\/div><section class=\"vc_section gradient1 small-height\"><div class=\"vc_row wpb_row gradient1 faq\"><div class=\"container\"><div class=\"wpb_column vc_column_container vc_col-sm-12\"><div class=\"vc_column-inner\"><div class=\"wpb_wrapper\">\n\t<div class=\"wpb_text_column wpb_content_element\" >\n\t\t<div class=\"wpb_wrapper\">\n\t\t\t<h2 style=\"text-align: center;\">Lesiones por mordedura de perro en Los \u00c1ngeles<\/h2>\n<p style=\"text-align: center;\">Nuestro equipo de abogados con experiencia en mordeduras de perro en Los \u00c1ngeles se dedica a asegurar la compensaci\u00f3n que usted merece. Buscamos compensaci\u00f3n por gastos m\u00e9dicos, angustia emocional y m\u00e1s. Conf\u00ede en nosotros para ser sus defensores. Buscaremos justicia. Trabajamos para que las partes responsables rindan cuentas. Su bienestar es nuestra prioridad. Estamos aqu\u00ed para guiarle a trav\u00e9s del proceso legal con nuestra experiencia y compasi\u00f3n.<\/p>\n\n\n\t\t<\/div>\n\t<\/div>\n\n\t<div class=\"wpb_text_column wpb_content_element  mb0\" >\n\t\t<div class=\"wpb_wrapper\">\n\t\t\t<p style=\"text-align: center; margin-top: 20px;\"><a class=\"btn-bt alternate-blue\" href=\"\/es\/pongase-en-contacto-con\/\">Consulta gratuita<\/a><\/p>\n\n\t\t<\/div>\n\t<\/div>\n<\/div><\/div><\/div><\/div><\/div><\/section><div class=\"vc_row wpb_row blurb-row light1\"><div class=\"container\"><div class=\"wpb_column vc_column_container vc_col-sm-12\"><div class=\"vc_column-inner\"><div class=\"wpb_wrapper\">\n\t<div class=\"wpb_text_column wpb_content_element\" >\n\t\t<div class=\"wpb_wrapper\">\n\t\t\t<h2 style=\"text-align: center;\">Leyes y precedentes en casos de lesiones por mordedura de perro en California<\/h2>\n<p style=\"text-align: center;\">California opera bajo una regla de \u201cresponsabilidad objetiva\u201d en los casos de mordedura de perro, lo que significa que los due\u00f1os de perros son responsables de las lesiones causadas por sus perros, independientemente del comportamiento anterior del perro. Esta responsabilidad se extiende a cualquier lesi\u00f3n que ocurre en la propiedad p\u00fablica o privada, siempre y cuando la v\u00edctima no est\u00e1 provocando el perro. Los precedentes legales en California refuerzan esta regla, ayudando a las v\u00edctimas a obtener una indemnizaci\u00f3n por las lesiones causadas por ataques de perros.<\/p>\n\n\t\t<\/div>\n\t<\/div>\n<\/div><\/div><\/div><\/div><\/div><div class=\"vc_row wpb_row inline-fifty light2 vc_custom_1770329585127 vc_row-has-fill\"><div class=\"container\"><div class=\"vertical-align wpb_column vc_column_container vc_col-sm-6\"><div class=\"vc_column-inner\"><div class=\"wpb_wrapper\">\n\t<div class=\"wpb_text_column wpb_content_element  mb0-desktop\" >\n\t\t<div class=\"wpb_wrapper\">\n\t\t\t<h2>\u00bfQui\u00e9n es responsable de las lesiones por mordedura de perro?<\/h2>\n<p>El propietario del perro suele ser la parte responsable en los casos de mordedura de perro. Sin embargo, la responsabilidad tambi\u00e9n puede extenderse a:<\/p>\n<ul>\n<li><strong>Propietarios:<\/strong> Si el perro estaba en la propiedad de otra persona y \u00e9sta no lo retuvo o no advirti\u00f3 a los dem\u00e1s de su presencia.<\/li>\n<li><strong>Paseadores o cuidadores de perros:<\/strong> Si se produjo una negligencia durante el manejo del perro.<\/li>\n<li><strong>Gobierno o control de animales:<\/strong> En los raros casos en que las autoridades no actuaron ante peligros conocidos planteados por el perro.<\/li>\n<\/ul>\n<p>Un abogado con experiencia en mordeduras de perro en Los \u00c1ngeles puede ayudar a identificar y perseguir a todas las partes potencialmente responsables.<\/p>\n\n\t\t<\/div>\n\t<\/div>\n<\/div><\/div><\/div><div class=\"wpb_column vc_column_container vc_col-sm-6\"><div class=\"vc_column-inner\"><div class=\"wpb_wrapper\">\n\t<div class=\"wpb_text_column wpb_content_element  mb0-desktop\" >\n\t\t<div class=\"wpb_wrapper\">\n\t\t\t<h2>Lesiones frecuentes por mordeduras de perro<\/h2>\n<p>Las mordeduras de perro pueden provocar lesiones graves, como:<\/p>\n<ul>\n<li><strong>Laceraciones y heridas punzantes:<\/strong> A menudo requieren puntos de sutura y dejan cicatrices permanentes.<\/li>\n<li><strong>Infecciones:<\/strong> Las bacterias de las mordeduras de perro pueden causar infecciones graves si no se tratan adecuadamente.<\/li>\n<li><strong>Da\u00f1o nervioso:<\/strong> Especialmente en mordeduras en las manos, la cara u otras zonas sensibles.<\/li>\n<li><strong>Trauma emocional:<\/strong> Las v\u00edctimas pueden desarrollar miedo a los perros o sufrir TEPT.<\/li>\n<\/ul>\n<p>Estas lesiones pueden requerir una amplia atenci\u00f3n m\u00e9dica, y un abogado experto en ataques de animales de California se asegurar\u00e1 de que usted reciba la compensaci\u00f3n necesaria.<\/p>\n\n\t\t<\/div>\n\t<\/div>\n<\/div><\/div><\/div><\/div><\/div><section class=\"vc_section small-height\"><div class=\"vc_row wpb_row blurb-row\"><div class=\"container\"><div class=\"wpb_column vc_column_container vc_col-sm-12\"><div class=\"vc_column-inner\"><div class=\"wpb_wrapper\">\n\t<div class=\"wpb_text_column wpb_content_element  mb0\" >\n\t\t<div class=\"wpb_wrapper\">\n\t\t\t<h2 style=\"text-align: center;\">Qu\u00e9 hacer si le muerde un perro en Los \u00c1ngeles<\/h2>\n<p style=\"text-align: center; margin-bottom: 20px;\">Si le muerde un perro en Los \u00c1ngeles, siga estos pasos para mantenerse a salvo y proteger sus derechos:<\/p>\n\n\t\t<\/div>\n\t<\/div>\n<div class=\"vc_row wpb_row vc_inner vc_row-fluid expandable-grid-C1\"><div class=\"wpb_column vc_column_container vc_col-sm-3\"><div class=\"vc_column-inner\"><div class=\"wpb_wrapper\">\n\t<div class=\"wpb_text_column wpb_content_element  expand-bottom-C1 accent3\" >\n\t\t<div class=\"wpb_wrapper\">\n\t\t\t<div class=\"text-wrap\">\n<h4 style=\"text-align: center;\"><strong>Buscar atenci\u00f3n m\u00e9dica<\/strong><\/h4>\n<div class=\"hider-text\">\n<p style=\"text-align: center;\">Incluso las picaduras leves deben ser revisadas por un m\u00e9dico para evitar infecciones.<\/p>\n<\/div>\n<p class=\"hider-toggle\" style=\"text-align: center;\">Pulsa para ampliar<\/p>\n<\/div>\n\n\t\t<\/div>\n\t<\/div>\n<\/div><\/div><\/div><div class=\"wpb_column vc_column_container vc_col-sm-3\"><div class=\"vc_column-inner\"><div class=\"wpb_wrapper\">\n\t<div class=\"wpb_text_column wpb_content_element  expand-bottom-C1 accent3\" >\n\t\t<div class=\"wpb_wrapper\">\n\t\t\t<div class=\"text-wrap\">\n<h4 style=\"text-align: center;\"><strong>Informar del incidente<\/strong><\/h4>\n<div class=\"hider-text\">\n<p style=\"text-align: center;\">Notifique a las autoridades locales o al control de animales para documentar el ataque.<\/p>\n<\/div>\n<p class=\"hider-toggle\" style=\"text-align: center;\">Pulsa para ampliar<\/p>\n<\/div>\n\n\t\t<\/div>\n\t<\/div>\n<\/div><\/div><\/div><div class=\"wpb_column vc_column_container vc_col-sm-3\"><div class=\"vc_column-inner\"><div class=\"wpb_wrapper\">\n\t<div class=\"wpb_text_column wpb_content_element  vc_custom_1770400203525 expand-bottom-C1 accent3\" >\n\t\t<div class=\"wpb_wrapper\">\n\t\t\t<div class=\"text-wrap\">\n<h4 style=\"text-align: center;\"><strong>Documentar la lesi\u00f3n<\/strong><\/h4>\n<div class=\"hider-text\">\n<p style=\"text-align: center;\">Tome fotos y recopile informaci\u00f3n de los testigos.<\/p>\n<\/div>\n<p class=\"hider-toggle\" style=\"text-align: center;\">Pulsa para ampliar<\/p>\n<\/div>\n\n\t\t<\/div>\n\t<\/div>\n<\/div><\/div><\/div><div class=\"wpb_column vc_column_container vc_col-sm-3\"><div class=\"vc_column-inner\"><div class=\"wpb_wrapper\">\n\t<div class=\"wpb_text_column wpb_content_element  expand-bottom-C1 accent3\" >\n\t\t<div class=\"wpb_wrapper\">\n\t\t\t<div class=\"text-wrap\">\n<h4 style=\"text-align: center;\"><strong>Consulte a un abogado especializado en mordeduras de perro<\/strong><\/h4>\n<div class=\"hider-text\">\n<p style=\"text-align: center;\">Un abogado puede ayudarle a llevar su caso y garantizarle una indemnizaci\u00f3n justa.<\/p>\n<\/div>\n<p class=\"hider-toggle\" style=\"text-align: center;\">Pulsa para ampliar<\/p>\n<\/div>\n\n\t\t<\/div>\n\t<\/div>\n<\/div><\/div><\/div><\/div>\n\t<div class=\"wpb_text_column wpb_content_element  mb0\" >\n\t\t<div class=\"wpb_wrapper\">\n\t\t\t<p style=\"text-align: center; margin-top: 20px;\"><a class=\"btn-bt alternate-blue\" href=\"\/es\/pongase-en-contacto-con\/\">Consulta gratuita<\/a><\/p>\n\n\t\t<\/div>\n\t<\/div>\n<\/div><\/div><\/div><\/div><\/div><\/section><div class=\"vc_row wpb_row cta-row accent3 vc_custom_1763574042870\"><div class=\"container\"><div class=\"wpb_column vc_column_container vc_col-sm-12\"><div class=\"vc_column-inner\"><div class=\"wpb_wrapper\">\n\t<div class=\"wpb_text_column wpb_content_element  wpb_animate_when_almost_visible wpb_slideInLeft slideInLeft mb0\" >\n\t\t<div class=\"wpb_wrapper\">\n\t\t\t<h2>Cada caso es nuestra misi\u00f3n personal<\/h2>\n<p><a class=\"btn-bt alternate\" href=\"\/es\/pongase-en-contacto-con\/\">Consulta gratuita<\/a><\/p>\n\n\t\t<\/div>\n\t<\/div>\n<\/div><\/div><\/div><\/div><\/div><div class=\"vc_row wpb_row inline-fifty light1 vc_custom_1770329935834 vc_row-has-fill\"><div class=\"container\"><div class=\"vertical-align wpb_column vc_column_container vc_col-sm-6\"><div class=\"vc_column-inner\"><div class=\"wpb_wrapper\">\n\t<div class=\"wpb_text_column wpb_content_element  mb0-desktop\" >\n\t\t<div class=\"wpb_wrapper\">\n\t\t\t<p><img loading=\"lazy\" decoding=\"async\" class=\"aligncenter wp-image-3021 size-full\" src=\"https:\/\/capfirmstg.webteam.ai\/wp-content\/uploads\/2025\/11\/Bicycle-Accidents-professional-woman-at-desk.jpg\" alt=\"Accidentes de bicicleta - mujer profesional en el escritorio\" width=\"700\" height=\"590\" srcset=\"https:\/\/capfirmstg.webteam.ai\/wp-content\/uploads\/2025\/11\/Bicycle-Accidents-professional-woman-at-desk.jpg 700w, https:\/\/capfirmstg.webteam.ai\/wp-content\/uploads\/2025\/11\/Bicycle-Accidents-professional-woman-at-desk-300x253.jpg 300w\" sizes=\"auto, (max-width: 700px) 100vw, 700px\" \/><\/p>\n\n\t\t<\/div>\n\t<\/div>\n<\/div><\/div><\/div><div class=\"vertical-align wpb_column vc_column_container vc_col-sm-6\"><div class=\"vc_column-inner\"><div class=\"wpb_wrapper\">\n\t<div class=\"wpb_text_column wpb_content_element  mb0\" >\n\t\t<div class=\"wpb_wrapper\">\n\t\t\t<h2>Posibles da\u00f1os e indemnizaciones en casos de mordeduras de perro<\/h2>\n<p>Las v\u00edctimas de mordeduras de perro pueden solicitar indemnizaci\u00f3n por diversos da\u00f1os, entre ellos:<\/p>\n<hr \/>\n<p><strong>Facturas m\u00e9dicas:<\/strong> Costes del tratamiento inmediato y continuado.<\/p>\n<hr \/>\n<p><strong>Salarios perdidos:<\/strong> Compensaci\u00f3n por los ingresos perdidos durante la recuperaci\u00f3n.<\/p>\n<hr \/>\n<p><strong>Dolor y sufrimiento:<\/strong> Da\u00f1os y perjuicios por dolor f\u00edsico, trauma emocional y reducci\u00f3n de la calidad de vida.<\/p>\n<hr \/>\n<p><strong>Da\u00f1os punitivos:<\/strong> En casos de negligencia extrema, pueden concederse indemnizaciones adicionales.<\/p>\n<p>Un abogado experto se asegurar\u00e1 de que todos los da\u00f1os se eval\u00faen a fondo y se persigan.<\/p>\n\n\t\t<\/div>\n\t<\/div>\n<\/div><\/div><\/div><\/div><\/div><div class=\"vc_row wpb_row blurb-row dark1\"><div class=\"container\"><div class=\"wpb_column vc_column_container vc_col-sm-12\"><div class=\"vc_column-inner\"><div class=\"wpb_wrapper\">\n\t<div class=\"wpb_text_column wpb_content_element  mb0\" >\n\t\t<div class=\"wpb_wrapper\">\n\t\t\t<h2 style=\"text-align: center;\">C\u00f3mo un abogado de Los \u00c1ngeles mordedura de perro puede ayudar a su caso<\/h2>\n<p style=\"text-align: center;\">Un abogado de mordedura de perro de Los Angeles de The Capital Law Firm jugara un papel importante en asegurar que su caso sea manejado eficientemente y efectivamente. Comenzamos por investigar a fondo el incidente, la recopilaci\u00f3n de pruebas esenciales, tales como declaraciones de testigos, registros m\u00e9dicos y fotograf\u00edas de la lesi\u00f3n.Con nuestra experiencia, trabajamos directamente con las compa\u00f1\u00edas de seguros, utilizando nuestras habilidades de negociaci\u00f3n para asegurar un acuerdo justo en su nombre. Si es necesario, le representaremos en los tribunales para asegurar que reciba la compensaci\u00f3n total que se merece por las facturas m\u00e9dicas, salarios perdidos, dolor y sufrimiento, y otros da\u00f1os. Nuestro equipo proporciona apoyo legal completo durante todo el proceso, lo que le permite centrarse en la recuperaci\u00f3n, mientras que nosotros nos encargamos de todos los detalles de su caso. Ll\u00e1menos al (213) 818-7232 o cont\u00e1ctenos en l\u00ednea para solicitar una consulta gratuita ahora.<\/p>\n<p style=\"text-align: center;\"><a class=\"btn-bt default\" href=\"\/es\/pongase-en-contacto-con\/\">Consulta gratuita<\/a><\/p>\n\n\t\t<\/div>\n\t<\/div>\n<\/div><\/div><\/div><\/div><\/div><section id=\"Reviews\" class=\"vc_section gradient2 vc_custom_1765342344233 vc_section-has-fill\"><div class=\"vc_row wpb_row reverse\"><div class=\"container\"><div class=\"vertical-align wpb_column vc_column_container vc_col-sm-8\"><div class=\"vc_column-inner\"><div class=\"wpb_wrapper\">\n\t<div class=\"wpb_text_column wpb_content_element\" >\n\t\t<div class=\"wpb_wrapper\">\n\t\t\t\n\n\t\t<\/div>\n\t<\/div>\n<\/div><\/div><\/div><div class=\"vertical-align wpb_column vc_column_container vc_col-sm-4\"><div class=\"vc_column-inner\"><div class=\"wpb_wrapper\">\n\t<div class=\"wpb_text_column wpb_content_element  wpb_animate_when_almost_visible wpb_slideInRight slideInRight mb0\" >\n\t\t<div class=\"wpb_wrapper\">\n\t\t\t<p><img loading=\"lazy\" decoding=\"async\" class=\"alignnone wp-image-2759\" src=\"\/wp-content\/uploads\/2025\/10\/the-caplaw-icon-91p.png\" alt=\"el icono de la mand\u00edbula 91p\" width=\"50\" height=\"52\" \/><\/p>\n<h3>TESTIMONIOS DE CLIENTES<\/h3>\n<h2>Donde nuestras victorias hablan m\u00e1s alto<\/h2>\n\n\t\t<\/div>\n\t<\/div>\n<\/div><\/div><\/div><\/div><\/div><\/section><div class=\"vc_row wpb_row slider-arrows-lt\"><div class=\"container\"><div class=\"wpb_column vc_column_container vc_col-sm-12\"><div class=\"vc_column-inner\"><div class=\"wpb_wrapper\">\n\t<div class=\"wpb_text_column wpb_content_element  mb0\" >\n\t\t<div class=\"wpb_wrapper\">\n\t\t\t\n\n\t\t<\/div>\n\t<\/div>\n<\/div><\/div><\/div><\/div><\/div><style>@media(max-width:480px){.vc-boptions-69e84a6a28c6f{background-image:url('https:\/\/capfirmstg.webteam.ai\/wp-content\/uploads\/2025\/10\/Bottom-CTA-man-working-at-desk-mobile@2x.jpg')!important;background-size:cover!important;background-position:center top!important;}}@media(min-width:481px){.vc-boptions-69e84a6a28c6f{background-position:center top!important;}}.vc-boptions-69e84a6a28c6f{background-size:cover!important;}<\/style><div id=\"ContactRow\" class=\"vc_row wpb_row bottom-cta form-bottom-cta inline-fifty fifty-fifty vc_custom_1765342412122 vc_row-has-fill vc-boptions-69e84a6a28c6f\"><div class=\"container\"><div class=\"vertical-align wpb_column vc_column_container vc_col-sm-6\"><div class=\"vc_column-inner\"><div class=\"wpb_wrapper\">\n\t<div class=\"wpb_text_column wpb_content_element  mb0-desktop\" >\n\t\t<div class=\"wpb_wrapper\">\n\t\t\t<h3>P\u00d3NGASE EN CONTACTO CON EL BUFETE CAPITAL LAW HOY MISMO<\/h3>\n<h2>ESTAMOS AQU\u00cd<br \/>\nPARA GUIARTE<\/h2>\n<p><strong>Servimos en\u00e9rgicamente a las comunidades de toda el \u00e1rea metropolitana de Los \u00c1ngeles, incluidos el condado de Los \u00c1ngeles y el condado de Orange, as\u00ed como las zonas circundantes.<\/strong><\/p>\n\n\t\t<\/div>\n\t<\/div>\n<\/div><\/div><\/div><div class=\"wpb_column vc_column_container vc_col-sm-6\"><div class=\"vc_column-inner\"><div class=\"wpb_wrapper\">\n\t<div class=\"wpb_raw_code wpb_content_element wpb_raw_html mb0\" >\n\t\t<div class=\"wpb_wrapper\">\n\t\t\t <script charset=\"utf-8\" type=\"text\/javascript\" src=\"\/\/js-na2.hsforms.net\/forms\/embed\/v2.js\"><\/script>\n<script>\n  hbspt.forms.create({\n    portalId: \"48855741\",\n    formId: \"d6ab3eea-eb20-4032-bc22-40679e6f2e02\",\n    region: \"na2\"\n  });\n<\/script>\n\t\t<\/div>\n\t<\/div>\n<\/div><\/div><\/div><\/div><\/div>\n<\/div>","protected":false},"excerpt":{"rendered":"Dog Bite Injury Attorney in Los Angeles, CA WHEN WE FIGHT FOR YOU, IT\u2019S PERSONAL. Were you injured by a dog bite? Did you require medical care? Do you have physical scars? Emotional trauma? Dog bites take a physical and emotional toll. The fear and trauma from the experience may make you feel unsafe. At [...]","protected":false},"author":1,"featured_media":0,"parent":0,"menu_order":0,"comment_status":"closed","ping_status":"closed","template":"","meta":{"_acf_changed":false,"footnotes":""},"class_list":["post-7892","page","type-page","status-publish"],"acf":[],"aioseo_notices":[],"_links":{"self":[{"href":"https:\/\/capfirmstg.webteam.ai\/es\/wp-json\/wp\/v2\/pages\/7892","targetHints":{"allow":["GET"]}}],"collection":[{"href":"https:\/\/capfirmstg.webteam.ai\/es\/wp-json\/wp\/v2\/pages"}],"about":[{"href":"https:\/\/capfirmstg.webteam.ai\/es\/wp-json\/wp\/v2\/types\/page"}],"author":[{"embeddable":true,"href":"https:\/\/capfirmstg.webteam.ai\/es\/wp-json\/wp\/v2\/users\/1"}],"replies":[{"embeddable":true,"href":"https:\/\/capfirmstg.webteam.ai\/es\/wp-json\/wp\/v2\/comments?post=7892"}],"version-history":[{"count":7,"href":"https:\/\/capfirmstg.webteam.ai\/es\/wp-json\/wp\/v2\/pages\/7892\/revisions"}],"predecessor-version":[{"id":7933,"href":"https:\/\/capfirmstg.webteam.ai\/es\/wp-json\/wp\/v2\/pages\/7892\/revisions\/7933"}],"wp:attachment":[{"href":"https:\/\/capfirmstg.webteam.ai\/es\/wp-json\/wp\/v2\/media?parent=7892"}],"curies":[{"name":"wp","href":"https:\/\/api.w.org\/{rel}","templated":true}]}}