{"id":7883,"date":"2026-02-06T10:18:16","date_gmt":"2026-02-06T17:18:16","guid":{"rendered":"https:\/\/capfirm.com\/?page_id=7883"},"modified":"2026-02-10T08:39:03","modified_gmt":"2026-02-10T15:39:03","slug":"abogado-de-accidentes-de-camiones","status":"publish","type":"page","link":"https:\/\/capfirmstg.webteam.ai\/es\/truck-accidents-lawyer\/","title":{"rendered":"Abogado de accidentes de cami\u00f3n"},"content":{"rendered":"<div class=\"wpb-content-wrapper\"><div class=\"vc_row wpb_row hero-lg1 vc_custom_1765343039358 vc_row-has-fill\"><div class=\"container\"><div class=\"vertical-align wpb_column vc_column_container vc_col-sm-6\"><div class=\"vc_column-inner\"><div class=\"wpb_wrapper\">\n\t<div class=\"wpb_text_column wpb_content_element  vc_custom_1770398338948\" >\n\t\t<div class=\"wpb_wrapper\">\n\t\t\t<h1>Abogados de Accidentes de Cami\u00f3nes en Los Angeles, CA<\/h1>\n<h3>CUANDO LUCHAMOS POR TI, ES PERSONAL.<\/h3>\n<p>Nadie nos prepara para estas situaciones, por lo que llevar por tu cuenta la parte legal no deber\u00eda ser una carga adicional para ti o tus seres queridos. Desde una lesi\u00f3n hasta la muerte, estamos para guiarte y acompa\u00f1arte en este proceso, buscando justicia y un poco de tranquilidad.<\/p>\n<h4>Expertos en accidentes de camiones en The Capital Law Firm:<\/h4>\n<p><strong><img loading=\"lazy\" decoding=\"async\" class=\"alignnone wp-image-2832\" style=\"margin-bottom: -4px;\" src=\"https:\/\/capfirmstg.webteam.ai\/wp-content\/uploads\/2025\/11\/tab-icon-CAPFIRM@2x-White.png\" alt=\"tab-icon-CAPFIRM@2x Blanco\" width=\"20\" height=\"20\" \/> Resultados basados en la integridad<\/strong><\/p>\n<p><strong><img loading=\"lazy\" decoding=\"async\" class=\"alignnone wp-image-2832\" style=\"margin-bottom: -4px;\" src=\"https:\/\/capfirmstg.webteam.ai\/wp-content\/uploads\/2025\/11\/tab-icon-CAPFIRM@2x-White.png\" alt=\"tab-icon-CAPFIRM@2x Blanco\" width=\"20\" height=\"20\" \/> Campe\u00f3n de Compensaci\u00f3n<\/strong><\/p>\n\n\t\t<\/div>\n\t<\/div>\n<\/div><\/div><\/div><div class=\"vertical-align wpb_column vc_column_container vc_col-sm-6\"><div class=\"vc_column-inner vc_custom_1764091331250\"><div class=\"wpb_wrapper\">\n\t<div class=\"wpb_raw_code wpb_content_element wpb_raw_html mb0\" >\n\t\t<div class=\"wpb_wrapper\">\n\t\t\t <script charset=\"utf-8\" type=\"text\/javascript\" src=\"\/\/js-na2.hsforms.net\/forms\/embed\/v2.js\"><\/script>\n<script>\n  hbspt.forms.create({\n    portalId: \"48855741\",\n    formId: \"d6ab3eea-eb20-4032-bc22-40679e6f2e02\",\n    region: \"na2\"\n  });\n<\/script>\n\t\t<\/div>\n\t<\/div>\n<\/div><\/div><\/div><\/div><\/div><section class=\"vc_section gradient1 small-height\"><div class=\"vc_row wpb_row gradient1 faq\"><div class=\"container\"><div class=\"wpb_column vc_column_container vc_col-sm-12\"><div class=\"vc_column-inner\"><div class=\"wpb_wrapper\">\n\t<div class=\"wpb_text_column wpb_content_element\" >\n\t\t<div class=\"wpb_wrapper\">\n\t\t\t<h2 style=\"text-align: center;\">Accidentes de camiones en LA<\/h2>\n<p style=\"text-align: center;\">The Capital Law Firm es el nombre oficial de nuestra firma de abogados, pero no dejes  que la formalidad del nombre te intimide. S\u00ed, somos profesionales expertos para defenderte, pero tambi\u00e9n somos personas que al igual que t\u00fa buscan que se respeten nuestros derechos y se nos trate con respeto. Nuestro equipo busca que cada uno de nuestros clientes obtenga la atenci\u00f3n y la compensaci\u00f3n que se merece. Puedes preguntar por nuestro historial de \u00e9xito en casos de lesiones personales.<\/p>\n\n\t\t<\/div>\n\t<\/div>\n<\/div><\/div><\/div><\/div><\/div><\/section><div class=\"vc_row wpb_row inline-fifty vc_custom_1770399276748 vc_row-has-fill\"><div class=\"container\"><div class=\"vertical-align wpb_column vc_column_container vc_col-sm-6\"><div class=\"vc_column-inner\"><div class=\"wpb_wrapper\">\n\t<div class=\"wpb_text_column wpb_content_element  mb0-desktop\" >\n\t\t<div class=\"wpb_wrapper\">\n\t\t\t<h2>Causas principales de los accidentes de cami\u00f3n<\/h2>\n<p>Los accidentes de cami\u00f3n en Los \u00c1ngeles suelen estar relacionados con:<\/p>\n<ul>\n<li>La fatiga y el cansancio como uno de los principales factores, ya que los camioneros pasan muchas horas manejando<\/li>\n<li>Las malas condiciones meteorol\u00f3gicas<\/li>\n<li>La conducci\u00f3n distra\u00edda<\/li>\n<li>Otras causas son el exceso de velocidad, la carga inadecuada y problemas mec\u00e1nicos.<\/li>\n<\/ul>\n<p>Adem\u00e1s de la causa, un abogado experto puede ayudar a identificar los detalles clave y hacer que los responsables rindan cuentas.<\/p>\n\n\t\t<\/div>\n\t<\/div>\n<\/div><\/div><\/div><div class=\"vertical-align wpb_column vc_column_container vc_col-sm-6\"><div class=\"vc_column-inner\"><div class=\"wpb_wrapper\">\n\t<div class=\"wpb_text_column wpb_content_element  mb0-desktop\" >\n\t\t<div class=\"wpb_wrapper\">\n\t\t\t<p><img loading=\"lazy\" decoding=\"async\" class=\"aligncenter size-full wp-image-7919\" src=\"https:\/\/capfirmstg.webteam.ai\/wp-content\/uploads\/2026\/02\/meeting-with-client.jpg\" alt=\"reuni\u00f3n con el cliente\" width=\"700\" height=\"590\" srcset=\"https:\/\/capfirmstg.webteam.ai\/wp-content\/uploads\/2026\/02\/meeting-with-client.jpg 700w, https:\/\/capfirmstg.webteam.ai\/wp-content\/uploads\/2026\/02\/meeting-with-client-300x253.jpg 300w, https:\/\/capfirmstg.webteam.ai\/wp-content\/uploads\/2026\/02\/meeting-with-client-14x12.jpg 14w\" sizes=\"auto, (max-width: 700px) 100vw, 700px\" \/><\/p>\n\n\t\t<\/div>\n\t<\/div>\n<\/div><\/div><\/div><\/div><\/div><div class=\"vc_row wpb_row cta-row accent3 vc_custom_1763574042870\"><div class=\"container\"><div class=\"wpb_column vc_column_container vc_col-sm-12\"><div class=\"vc_column-inner\"><div class=\"wpb_wrapper\">\n\t<div class=\"wpb_text_column wpb_content_element  wpb_animate_when_almost_visible wpb_slideInLeft slideInLeft mb0\" >\n\t\t<div class=\"wpb_wrapper\">\n\t\t\t<h2>Cada caso es nuestra misi\u00f3n personal<\/h2>\n<p><a class=\"btn-bt alternate\" href=\"\/es\/pongase-en-contacto-con\/\">Consulta gratuita<\/a><\/p>\n\n\t\t<\/div>\n\t<\/div>\n<\/div><\/div><\/div><\/div><\/div><div class=\"vc_row wpb_row blurb-row light2\"><div class=\"container\"><div class=\"wpb_column vc_column_container vc_col-sm-12\"><div class=\"vc_column-inner\"><div class=\"wpb_wrapper\">\n\t<div class=\"wpb_text_column wpb_content_element\" >\n\t\t<div class=\"wpb_wrapper\">\n\t\t\t<h2 style=\"text-align: center;\">Lesiones comunes causadas por accidentes de semirremolque<\/h2>\n<p style=\"text-align: center;\">Estas lesiones pueden ser graves, debido al tama\u00f1o y peso de los camiones comerciales y los veh\u00edculos de pasajeros convencionales, y pueden incluir:<\/p>\n<hr \/>\n<p style=\"text-align: center;\"><strong>Lesiones cerebrales traum\u00e1ticas<\/strong><\/p>\n<hr \/>\n<p style=\"text-align: center;\"><strong>Da\u00f1os en la m\u00e9dula espinal<\/strong><\/p>\n<hr \/>\n<p style=\"text-align: center;\"><strong>Huesos rotos<\/strong><\/p>\n<hr \/>\n<p style=\"text-align: center;\"><strong>Lesiones internas<\/strong><\/p>\n<p style=\"text-align: center;\">Es com\u00fan que los afectados acudan a un hospital y se enfrenten a estancias largas y costosas, se les recomiende rehabilitaci\u00f3n continua, o incluso se diagnostique incapacidad permanente. Nuestro equipo te acompa\u00f1a en esto.<\/p>\n\n\t\t<\/div>\n\t<\/div>\n<\/div><\/div><\/div><\/div><\/div><div class=\"vc_row wpb_row inline-fifty light1 vc_custom_1770399244664 vc_row-has-fill\"><div class=\"container\"><div class=\"vertical-align wpb_column vc_column_container vc_col-sm-6\"><div class=\"vc_column-inner\"><div class=\"wpb_wrapper\">\n\t<div class=\"wpb_text_column wpb_content_element  mb0-desktop\" >\n\t\t<div class=\"wpb_wrapper\">\n\t\t\t<p><img loading=\"lazy\" decoding=\"async\" class=\"aligncenter size-full wp-image-7920\" src=\"https:\/\/capfirmstg.webteam.ai\/wp-content\/uploads\/2026\/02\/the-capital-law-firm-team.jpg\" alt=\"el equipo del bufete capital\" width=\"700\" height=\"590\" srcset=\"https:\/\/capfirmstg.webteam.ai\/wp-content\/uploads\/2026\/02\/the-capital-law-firm-team.jpg 700w, https:\/\/capfirmstg.webteam.ai\/wp-content\/uploads\/2026\/02\/the-capital-law-firm-team-300x253.jpg 300w, https:\/\/capfirmstg.webteam.ai\/wp-content\/uploads\/2026\/02\/the-capital-law-firm-team-14x12.jpg 14w\" sizes=\"auto, (max-width: 700px) 100vw, 700px\" \/><\/p>\n\n\t\t<\/div>\n\t<\/div>\n<\/div><\/div><\/div><div class=\"vertical-align wpb_column vc_column_container vc_col-sm-6\"><div class=\"vc_column-inner\"><div class=\"wpb_wrapper\">\n\t<div class=\"wpb_text_column wpb_content_element  mb0\" >\n\t\t<div class=\"wpb_wrapper\">\n\t\t\t<h2>\u00bfQUI\u00c9N ES RESPONSABLE EN UN ACCIDENTE DE CAMI\u00d3N?<\/h2>\n<p>Determinar qui\u00e9n es el responsable no es tan sencillo como se piensa, por lo que es fundamental que cuentes con un abogado con experiencia a tu lado.<\/p>\n<p>El conductor del cami\u00f3n puede ser el culpable, pero la empresa de transporte o incluso el fabricante del veh\u00edculo tambi\u00e9n podr\u00edan compartir la responsabilidad.<\/p>\n<p>Un abogado de accidentes de veh\u00edculos comerciales investigar\u00e1 todos los aspectos del caso para asegurarse de que todas las partes culpables sean identificadas y consideradas responsables.<\/p>\n\n\t\t<\/div>\n\t<\/div>\n<\/div><\/div><\/div><\/div><\/div><section class=\"vc_section gradient2\"><div class=\"vc_row wpb_row gradient1 faq\"><div class=\"container\"><div class=\"wpb_column vc_column_container vc_col-sm-12\"><div class=\"vc_column-inner\"><div class=\"wpb_wrapper\">\n\t<div class=\"wpb_text_column wpb_content_element\" >\n\t\t<div class=\"wpb_wrapper\">\n\t\t\t<h2 style=\"text-align: center;\">\u00bfC\u00f3mo prueba la responsabilidad el abogado de accidentes?<\/h2>\n<p style=\"text-align: center;\">Probar la responsabilidad en caso de accidente requiere un enfoque experto y minucioso. El abogado reunir\u00e1 pruebas de la escena, tales como declaraciones de testigos y fotos, y revisar\u00e1 las im\u00e1genes de las c\u00e1maras de tr\u00e1fico si est\u00e1n disponibles. Tambi\u00e9n examinar\u00e1 los registros del conductor del cami\u00f3n, los registros de mantenimiento y cualquier historial de infracciones de seguridad tanto en Los \u00c1ngeles como en otras ciudades.<\/p>\n<p style=\"text-align: center;\">Al trabajar con un abogado experto en accidentes de camiones, el afectado obtiene mayores beneficios y un acuerdo justo. Adem\u00e1s, el abogado tratar\u00e1 con las compa\u00f1\u00edas de seguros hasta garantizar el cumplimiento de los plazos legales, y en caso de que no se llegue a un acuerdo justo, llevar\u00e1 el caso a los tribunales, luchando por el derecho a una indemnizaci\u00f3n.<\/p>\n\n\t\t<\/div>\n\t<\/div>\n<\/div><\/div><\/div><\/div><\/div><\/section><div class=\"vc_row wpb_row inline-fifty vc_custom_1770331011369 vc_row-has-fill\"><div class=\"container\"><div class=\"vertical-align wpb_column vc_column_container vc_col-sm-6\"><div class=\"vc_column-inner\"><div class=\"wpb_wrapper\">\n\t<div class=\"wpb_text_column wpb_content_element  mb0-desktop\" >\n\t\t<div class=\"wpb_wrapper\">\n\t\t\t<h2>INDEMNIZACI\u00d3N EN CASO DE ACCIDENTE EN LOS \u00c1NGELES<\/h2>\n<p>Si resultaste herido en un accidente de cami\u00f3n comercial en California, tienes derecho a compensaci\u00f3n. Esto incluye la cobertura de pagos por atenci\u00f3n m\u00e9dica, salarios perdidos, dolor y sufrimiento. En casos de negligencia extrema, puede aplicar da\u00f1os punitivos.<\/p>\n<p>Con la ayuda de un abogado con experiencia en accidentes de camiones, puedes estar seguro de que no s\u00f3lo ser\u00e1s compensado por los costos inmediatos del accidente, sino tambi\u00e9n por el impacto a largo plazo en tu vida. En The Capital Law Firm, estamos comprometidos a luchar por cada d\u00f3lar que mereces.<\/p>\n\n\t\t<\/div>\n\t<\/div>\n<\/div><\/div><\/div><div class=\"vertical-align wpb_column vc_column_container vc_col-sm-6\"><div class=\"vc_column-inner\"><div class=\"wpb_wrapper\">\n\t<div class=\"wpb_text_column wpb_content_element  mb0-desktop\" >\n\t\t<div class=\"wpb_wrapper\">\n\t\t\t<p><img loading=\"lazy\" decoding=\"async\" class=\"aligncenter wp-image-3038 size-full\" src=\"https:\/\/capfirmstg.webteam.ai\/wp-content\/uploads\/2025\/11\/Boat-Accidents-the-Capfirm-law-team-group-photo.jpg\" alt=\"Accidentes de barco foto de grupo del equipo de abogados de Capfirm\" width=\"700\" height=\"469\" srcset=\"https:\/\/capfirmstg.webteam.ai\/wp-content\/uploads\/2025\/11\/Boat-Accidents-the-Capfirm-law-team-group-photo.jpg 700w, https:\/\/capfirmstg.webteam.ai\/wp-content\/uploads\/2025\/11\/Boat-Accidents-the-Capfirm-law-team-group-photo-300x201.jpg 300w\" sizes=\"auto, (max-width: 700px) 100vw, 700px\" \/><\/p>\n\n\t\t<\/div>\n\t<\/div>\n<\/div><\/div><\/div><\/div><\/div><div class=\"vc_row wpb_row cta-row accent3 vc_custom_1763574042870\"><div class=\"container\"><div class=\"wpb_column vc_column_container vc_col-sm-12\"><div class=\"vc_column-inner\"><div class=\"wpb_wrapper\">\n\t<div class=\"wpb_text_column wpb_content_element  wpb_animate_when_almost_visible wpb_slideInLeft slideInLeft mb0\" >\n\t\t<div class=\"wpb_wrapper\">\n\t\t\t<h2>Cada caso es nuestra misi\u00f3n personal<\/h2>\n<p><a class=\"btn-bt alternate\" href=\"\/es\/pongase-en-contacto-con\/\">Consulta gratuita<\/a><\/p>\n\n\t\t<\/div>\n\t<\/div>\n<\/div><\/div><\/div><\/div><\/div><div class=\"vc_row wpb_row blurb-row light1\"><div class=\"container\"><div class=\"wpb_column vc_column_container vc_col-sm-12\"><div class=\"vc_column-inner\"><div class=\"wpb_wrapper\">\n\t<div class=\"wpb_text_column wpb_content_element\" >\n\t\t<div class=\"wpb_wrapper\">\n\t\t\t<h2 style=\"text-align: center;\">Presentar una reclamaci\u00f3n legal por un accidente de semirremolque<\/h2>\n<p style=\"text-align: center;\">La presentaci\u00f3n de una demanda legal por un accidente de cami\u00f3n en California implica varios pasos cr\u00edticos:<\/p>\n<hr \/>\n<p style=\"text-align: center;\">Su abogado comenzar\u00e1 por reunir pruebas y determinar qui\u00e9n es el responsable del accidente.<\/p>\n<hr \/>\n<p style=\"text-align: center;\">Se encargar\u00e1n de todos los aspectos de la reclamaci\u00f3n, desde tratar con las compa\u00f1\u00edas de seguros hasta garantizar el cumplimiento de los plazos legales.<\/p>\n<hr \/>\n<p style=\"text-align: center;\">Si no se puede llegar a un acuerdo justo, llevar\u00e1n el caso a los tribunales, luchando por su derecho a una indemnizaci\u00f3n.<\/p>\n\n\t\t<\/div>\n\t<\/div>\n<\/div><\/div><\/div><\/div><\/div><div class=\"vc_row wpb_row blurb-row dark1\"><div class=\"container\"><div class=\"wpb_column vc_column_container vc_col-sm-12\"><div class=\"vc_column-inner\"><div class=\"wpb_wrapper\">\n\t<div class=\"wpb_text_column wpb_content_element  mb0\" >\n\t\t<div class=\"wpb_wrapper\">\n\t\t\t<h2 style=\"text-align: center;\">Elija los mejores abogados de accidentes de camiones en Los Angeles, CA<\/h2>\n<p style=\"text-align: center;\">En The Capital Law Firm, nuestro equipo de abogados est\u00e1 m\u00e1s que listo para luchar por tus derechos. Ofrecemos atenci\u00f3n personalizada y es parte de nuestro compromiso hacer m\u00e1s ligero el complejo proceso de recuperaci\u00f3n de la compensaci\u00f3n. Nos tomamos muy en serio nuestro trabajo, y es importante hacerte sentir en confianza. Para ponerte en contacto con nosotros puedes llamar al (213) 818-7232 para una consulta gratuita con un miembro de nuestro equipo con la capacidad y experiencia para ser tu abogado.<\/p>\n<p style=\"text-align: center;\"><a class=\"btn-bt default\" href=\"\/es\/pongase-en-contacto-con\/\">Consulta gratuita<\/a><\/p>\n\n\t\t<\/div>\n\t<\/div>\n<\/div><\/div><\/div><\/div><\/div><section id=\"Reviews\" class=\"vc_section gradient2 vc_custom_1765342344233 vc_section-has-fill\"><div class=\"vc_row wpb_row reverse\"><div class=\"container\"><div class=\"vertical-align wpb_column vc_column_container vc_col-sm-8\"><div class=\"vc_column-inner\"><div class=\"wpb_wrapper\">\n\t<div class=\"wpb_text_column wpb_content_element\" >\n\t\t<div class=\"wpb_wrapper\">\n\t\t\t\n\n\t\t<\/div>\n\t<\/div>\n<\/div><\/div><\/div><div class=\"vertical-align wpb_column vc_column_container vc_col-sm-4\"><div class=\"vc_column-inner\"><div class=\"wpb_wrapper\">\n\t<div class=\"wpb_text_column wpb_content_element  wpb_animate_when_almost_visible wpb_slideInRight slideInRight mb0\" >\n\t\t<div class=\"wpb_wrapper\">\n\t\t\t<p><img loading=\"lazy\" decoding=\"async\" class=\"alignnone wp-image-2759\" src=\"\/wp-content\/uploads\/2025\/10\/the-caplaw-icon-91p.png\" alt=\"el icono de la mand\u00edbula 91p\" width=\"50\" height=\"52\" \/><\/p>\n<h3>TESTIMONIOS DE CLIENTES<\/h3>\n<h2>Donde nuestras victorias hablan m\u00e1s alto<\/h2>\n\n\t\t<\/div>\n\t<\/div>\n<\/div><\/div><\/div><\/div><\/div><\/section><div class=\"vc_row wpb_row slider-arrows-lt\"><div class=\"container\"><div class=\"wpb_column vc_column_container vc_col-sm-12\"><div class=\"vc_column-inner\"><div class=\"wpb_wrapper\">\n\t<div class=\"wpb_text_column wpb_content_element  mb0\" >\n\t\t<div class=\"wpb_wrapper\">\n\t\t\t\n\n\t\t<\/div>\n\t<\/div>\n<\/div><\/div><\/div><\/div><\/div><style>@media(max-width:480px){.vc-boptions-69e84a70a43f0{background-image:url('https:\/\/capfirmstg.webteam.ai\/wp-content\/uploads\/2025\/10\/Bottom-CTA-man-working-at-desk-mobile@2x.jpg')!important;background-size:cover!important;background-position:center top!important;}}@media(min-width:481px){.vc-boptions-69e84a70a43f0{background-position:center top!important;}}.vc-boptions-69e84a70a43f0{background-size:cover!important;}<\/style><div id=\"ContactRow\" class=\"vc_row wpb_row bottom-cta form-bottom-cta inline-fifty fifty-fifty vc_custom_1765342412122 vc_row-has-fill vc-boptions-69e84a70a43f0\"><div class=\"container\"><div class=\"vertical-align wpb_column vc_column_container vc_col-sm-6\"><div class=\"vc_column-inner\"><div class=\"wpb_wrapper\">\n\t<div class=\"wpb_text_column wpb_content_element  mb0-desktop\" >\n\t\t<div class=\"wpb_wrapper\">\n\t\t\t<h3>P\u00d3NGASE EN CONTACTO CON EL BUFETE CAPITAL LAW HOY MISMO<\/h3>\n<h2>ESTAMOS AQU\u00cd<br \/>\nPARA GUIARTE<\/h2>\n<p><strong>Servimos en\u00e9rgicamente a las comunidades de toda el \u00e1rea metropolitana de Los \u00c1ngeles, incluidos el condado de Los \u00c1ngeles y el condado de Orange, as\u00ed como las zonas circundantes.<\/strong><\/p>\n\n\t\t<\/div>\n\t<\/div>\n<\/div><\/div><\/div><div class=\"wpb_column vc_column_container vc_col-sm-6\"><div class=\"vc_column-inner\"><div class=\"wpb_wrapper\">\n\t<div class=\"wpb_raw_code wpb_content_element wpb_raw_html mb0\" >\n\t\t<div class=\"wpb_wrapper\">\n\t\t\t <script charset=\"utf-8\" type=\"text\/javascript\" src=\"\/\/js-na2.hsforms.net\/forms\/embed\/v2.js\"><\/script>\n<script>\n  hbspt.forms.create({\n    portalId: \"48855741\",\n    formId: \"d6ab3eea-eb20-4032-bc22-40679e6f2e02\",\n    region: \"na2\"\n  });\n<\/script>\n\t\t<\/div>\n\t<\/div>\n<\/div><\/div><\/div><\/div><\/div>\n<\/div>","protected":false},"excerpt":{"rendered":"Truck Accident Lawyer in Los Angeles, CA WHEN WE FIGHT FOR YOU, IT\u2019S PERSONAL. If you\u2019ve been involved in a truck accident in Los Angeles, you understand the toll it can take. The death of a loved one or a life-altering injury can be devastating. It is critical to seek help from truck accident lawyers. [...]","protected":false},"author":1,"featured_media":0,"parent":0,"menu_order":0,"comment_status":"closed","ping_status":"closed","template":"","meta":{"_acf_changed":false,"footnotes":""},"class_list":["post-7883","page","type-page","status-publish"],"acf":[],"aioseo_notices":[],"_links":{"self":[{"href":"https:\/\/capfirmstg.webteam.ai\/es\/wp-json\/wp\/v2\/pages\/7883","targetHints":{"allow":["GET"]}}],"collection":[{"href":"https:\/\/capfirmstg.webteam.ai\/es\/wp-json\/wp\/v2\/pages"}],"about":[{"href":"https:\/\/capfirmstg.webteam.ai\/es\/wp-json\/wp\/v2\/types\/page"}],"author":[{"embeddable":true,"href":"https:\/\/capfirmstg.webteam.ai\/es\/wp-json\/wp\/v2\/users\/1"}],"replies":[{"embeddable":true,"href":"https:\/\/capfirmstg.webteam.ai\/es\/wp-json\/wp\/v2\/comments?post=7883"}],"version-history":[{"count":7,"href":"https:\/\/capfirmstg.webteam.ai\/es\/wp-json\/wp\/v2\/pages\/7883\/revisions"}],"predecessor-version":[{"id":7921,"href":"https:\/\/capfirmstg.webteam.ai\/es\/wp-json\/wp\/v2\/pages\/7883\/revisions\/7921"}],"wp:attachment":[{"href":"https:\/\/capfirmstg.webteam.ai\/es\/wp-json\/wp\/v2\/media?parent=7883"}],"curies":[{"name":"wp","href":"https:\/\/api.w.org\/{rel}","templated":true}]}}