{"id":7876,"date":"2026-02-06T09:51:51","date_gmt":"2026-02-06T16:51:51","guid":{"rendered":"https:\/\/capfirm.com\/?page_id=7876"},"modified":"2026-02-10T08:36:43","modified_gmt":"2026-02-10T15:36:43","slug":"abogado-especializado-en-accidentes-ferroviarios","status":"publish","type":"page","link":"https:\/\/capfirmstg.webteam.ai\/es\/train-accident-lawyer\/","title":{"rendered":"Abogado especializado en accidentes ferroviarios en Los \u00c1ngeles, California"},"content":{"rendered":"<div class=\"wpb-content-wrapper\"><div class=\"vc_row wpb_row hero-lg1 vc_custom_1765343039358 vc_row-has-fill\"><div class=\"container\"><div class=\"vertical-align wpb_column vc_column_container vc_col-sm-6\"><div class=\"vc_column-inner\"><div class=\"wpb_wrapper\">\n\t<div class=\"wpb_text_column wpb_content_element  vc_custom_1770396762985\" >\n\t\t<div class=\"wpb_wrapper\">\n\t\t\t<h1>Abogado especializado en accidentes ferroviarios en Los \u00c1ngeles, California<\/h1>\n<h3>CUANDO LUCHAMOS POR TI, ES PERSONAL.<\/h3>\n<p>Los accidentes de tren pueden trastornar la vida de una persona, y los gastos m\u00e9dicos pueden provocar un gran d\u00e9ficit econ\u00f3mico. Por eso es una excelente idea contratar a un abogado especializado en accidentes de tren en Los \u00c1ngeles. En The Capital Law Firm, contamos con un equipo de abogados que pueden representar su caso y ayudarle a completar la documentaci\u00f3n, hablar en su nombre ante el tribunal y negociar con la compa\u00f1\u00eda de seguros. Puede dejarnos todo a nosotros si ha sufrido un accidente de tren. De esta manera, podr\u00e1 descansar y tener la tranquilidad de que recibir\u00e1 la indemnizaci\u00f3n que se merece.<\/p>\n<h4>Abogados especializados en accidentes ferroviarios de The Capital Law Firm:<\/h4>\n<p><strong><img loading=\"lazy\" decoding=\"async\" class=\"alignnone wp-image-2832\" style=\"margin-bottom: -4px;\" src=\"https:\/\/capfirmstg.webteam.ai\/wp-content\/uploads\/2025\/11\/tab-icon-CAPFIRM@2x-White.png\" alt=\"tab-icon-CAPFIRM@2x Blanco\" width=\"20\" height=\"20\" \/> Resultados basados en la integridad<\/strong><\/p>\n<p><strong><img loading=\"lazy\" decoding=\"async\" class=\"alignnone wp-image-2832\" style=\"margin-bottom: -4px;\" src=\"https:\/\/capfirmstg.webteam.ai\/wp-content\/uploads\/2025\/11\/tab-icon-CAPFIRM@2x-White.png\" alt=\"tab-icon-CAPFIRM@2x Blanco\" width=\"20\" height=\"20\" \/> Campe\u00f3n de Compensaci\u00f3n<\/strong><\/p>\n\n\t\t<\/div>\n\t<\/div>\n<\/div><\/div><\/div><div class=\"vertical-align wpb_column vc_column_container vc_col-sm-6\"><div class=\"vc_column-inner vc_custom_1764091331250\"><div class=\"wpb_wrapper\">\n\t<div class=\"wpb_raw_code wpb_content_element wpb_raw_html mb0\" >\n\t\t<div class=\"wpb_wrapper\">\n\t\t\t <script charset=\"utf-8\" type=\"text\/javascript\" src=\"\/\/js-na2.hsforms.net\/forms\/embed\/v2.js\"><\/script>\n<script>\n  hbspt.forms.create({\n    portalId: \"48855741\",\n    formId: \"d6ab3eea-eb20-4032-bc22-40679e6f2e02\",\n    region: \"na2\"\n  });\n<\/script>\n\t\t<\/div>\n\t<\/div>\n<\/div><\/div><\/div><\/div><\/div><section class=\"vc_section gradient1 small-height\"><div class=\"vc_row wpb_row gradient1 faq\"><div class=\"container\"><div class=\"wpb_column vc_column_container vc_col-sm-12\"><div class=\"vc_column-inner\"><div class=\"wpb_wrapper\">\n\t<div class=\"wpb_text_column wpb_content_element\" >\n\t\t<div class=\"wpb_wrapper\">\n\t\t\t<h2 style=\"text-align: center;\">Accidentes ferroviarios en Los \u00c1ngeles<\/h2>\n<p style=\"text-align: center;\">\u00a1Podemos ayudarte, sin importar lo grande o peque\u00f1o que sea tu caso! Llevamos m\u00e1s de 50 a\u00f1os representando a clientes en la zona, y estaremos encantados de repasar los distintos casos que hemos llevado para que tengas la tranquilidad de saber que est\u00e1s contratando al equipo adecuado. Ll\u00e1manos hoy mismo para empezar a hablar de tu caso.<\/p>\n\n\t\t<\/div>\n\t<\/div>\n<\/div><\/div><\/div><\/div><\/div><\/section><div class=\"vc_row wpb_row inline-fifty vc_custom_1770397868697 vc_row-has-fill\"><div class=\"container\"><div class=\"vertical-align wpb_column vc_column_container vc_col-sm-12\"><div class=\"vc_column-inner\"><div class=\"wpb_wrapper\">\n\t<div class=\"wpb_text_column wpb_content_element  mb0-desktop\" >\n\t\t<div class=\"wpb_wrapper\">\n\t\t\t<h2 style=\"text-align: center;\">Las leyes que protegen la seguridad de los pasajeros en los trenes<\/h2>\n<p style=\"text-align: center;\">En California, los pasajeros de tren est\u00e1n protegidos por diversas normas de seguridad destinadas a garantizar su bienestar durante el viaje. Las leyes federales y estatales exigen que los operadores y las empresas ferroviarias mantengan un entorno seguro, capaciten adecuadamente a sus empleados e inspeccionen peri\u00f3dicamente el equipo.<\/p>\n<p style=\"text-align: center;\">La Administraci\u00f3n Federal de Ferrocarriles (FRA) supervisa estas normas de seguridad, mientras que la Comisi\u00f3n de Servicios P\u00fablicos de California (CPUC) se encarga de hacer cumplir las regulaciones espec\u00edficas sobre los ferrocarriles dentro del estado. Si se produce un accidente ferroviario debido al incumplimiento de estas leyes, los responsables pueden ser considerados culpables. Un abogado especializado en accidentes ferroviarios puede ayudarte a comprender tus derechos y a reclamar una indemnizaci\u00f3n.<\/p>\n<p style=\"text-align: center;\"><strong>C\u00f3mo se determina la responsabilidad en los accidentes ferroviarios<\/strong><br \/>\nLa responsabilidad en los accidentes ferroviarios suele ser compleja. Pueden existir varias partes responsables, entre ellas:<\/p>\n<hr \/>\n<p style=\"text-align: center;\"><strong>El operador ferroviario:<\/strong> Si el accidente fue causado por la negligencia del conductor, como el exceso de velocidad o el incumplimiento de las se\u00f1ales de tr\u00e1nsito.<\/p>\n<hr \/>\n<p style=\"text-align: center;\"><strong>La empresa ferroviaria:<\/strong> Si no mantuvieron adecuadamente el tren o las v\u00edas.<\/p>\n<hr \/>\n<p style=\"text-align: center;\"><strong>Terceros:<\/strong> Los contratistas, las empresas de mantenimiento o incluso los organismos gubernamentales podr\u00edan ser responsables de los accidentes causados por equipos o infraestructuras defectuosos.<\/p>\n<p style=\"text-align: center;\">Un abogado con experiencia en accidentes ferroviarios le ayudar\u00e1 a determinar qui\u00e9n es el responsable y se encargar\u00e1 de que rinda cuentas por sus lesiones.<\/p>\n\n\t\t<\/div>\n\t<\/div>\n<\/div><\/div><\/div><\/div><\/div><section class=\"vc_section small-height light2\"><div class=\"vc_row wpb_row blurb-row\"><div class=\"container\"><div class=\"wpb_column vc_column_container vc_col-sm-12\"><div class=\"vc_column-inner\"><div class=\"wpb_wrapper\">\n\t<div class=\"wpb_text_column wpb_content_element  mb0\" >\n\t\t<div class=\"wpb_wrapper\">\n\t\t\t<h2 style=\"text-align: center;\">Lesiones habituales derivadas de accidentes ferroviarios<\/h2>\n<p style=\"text-align: center; margin-bottom: 20px;\">Los accidentes ferroviarios pueden provocar diversos tipos de lesiones, desde leves hasta potencialmente mortales:<\/p>\n\n\t\t<\/div>\n\t<\/div>\n<div class=\"vc_row wpb_row vc_inner vc_row-fluid expandable-grid-C1\"><div class=\"wpb_column vc_column_container vc_col-sm-3\"><div class=\"vc_column-inner\"><div class=\"wpb_wrapper\">\n\t<div class=\"wpb_text_column wpb_content_element  expand-bottom-C1 accent3\" >\n\t\t<div class=\"wpb_wrapper\">\n\t\t\t<div class=\"text-wrap\">\n<h4 style=\"text-align: center;\"><strong>Lesiones en la cabeza y el cuello<\/strong><\/h4>\n<div class=\"hider-text\">\n<p style=\"text-align: center;\">Conmociones cerebrales, lesiones cerebrales traum\u00e1ticas (LCT) y lesiones de la m\u00e9dula espinal.<\/p>\n<\/div>\n<p class=\"hider-toggle\" style=\"text-align: center;\">Pulsa para ampliar<\/p>\n<\/div>\n\n\t\t<\/div>\n\t<\/div>\n<\/div><\/div><\/div><div class=\"wpb_column vc_column_container vc_col-sm-3\"><div class=\"vc_column-inner\"><div class=\"wpb_wrapper\">\n\t<div class=\"wpb_text_column wpb_content_element  expand-bottom-C1 accent3\" >\n\t\t<div class=\"wpb_wrapper\">\n\t\t\t<div class=\"text-wrap\">\n<h4 style=\"text-align: center;\"><strong>Huesos rotos<\/strong><\/h4>\n<div class=\"hider-text\">\n<p style=\"text-align: center;\">Fracturas provocadas por impactos repentinos o por haber sido lanzado durante el accidente.<\/p>\n<\/div>\n<p class=\"hider-toggle\" style=\"text-align: center;\">Pulsa para ampliar<\/p>\n<\/div>\n\n\t\t<\/div>\n\t<\/div>\n<\/div><\/div><\/div><div class=\"wpb_column vc_column_container vc_col-sm-3\"><div class=\"vc_column-inner\"><div class=\"wpb_wrapper\">\n\t<div class=\"wpb_text_column wpb_content_element  vc_custom_1770397160339 expand-bottom-C1 accent3\" >\n\t\t<div class=\"wpb_wrapper\">\n\t\t\t<div class=\"text-wrap\">\n<h4 style=\"text-align: center;\"><strong>Lesiones internas<\/strong><\/h4>\n<div class=\"hider-text\">\n<p style=\"text-align: center;\">Lesiones en los \u00f3rganos causadas por un traumatismo contuso.<\/p>\n<\/div>\n<p class=\"hider-toggle\" style=\"text-align: center;\">Pulsa para ampliar<\/p>\n<\/div>\n\n\t\t<\/div>\n\t<\/div>\n<\/div><\/div><\/div><div class=\"wpb_column vc_column_container vc_col-sm-3\"><div class=\"vc_column-inner\"><div class=\"wpb_wrapper\">\n\t<div class=\"wpb_text_column wpb_content_element  expand-bottom-C1 accent3\" >\n\t\t<div class=\"wpb_wrapper\">\n\t\t\t<div class=\"text-wrap\">\n<h4 style=\"text-align: center;\"><strong>Trauma psicol\u00f3gico<\/strong><\/h4>\n<div class=\"hider-text\">\n<p style=\"text-align: center;\">Trastorno por estr\u00e9s postraum\u00e1tico, ansiedad y depresi\u00f3n derivadas del evento traum\u00e1tico.<\/p>\n<\/div>\n<p class=\"hider-toggle\" style=\"text-align: center;\">Pulsa para ampliar<\/p>\n<\/div>\n\n\t\t<\/div>\n\t<\/div>\n<\/div><\/div><\/div><\/div>\n\t<div class=\"wpb_text_column wpb_content_element  mb0\" >\n\t\t<div class=\"wpb_wrapper\">\n\t\t\t<p style=\"text-align: center; margin-top: 20px;\">Si ha sufrido alguna de estas lesiones, es fundamental que consulte a un abogado especializado en accidentes ferroviarios que pueda ayudarle a obtener la indemnizaci\u00f3n que necesita para cubrir los gastos m\u00e9dicos y su recuperaci\u00f3n emocional.<\/p>\n\n\t\t<\/div>\n\t<\/div>\n<\/div><\/div><\/div><\/div><\/div><\/section><div class=\"vc_row wpb_row blurb-row light1\"><div class=\"container\"><div class=\"wpb_column vc_column_container vc_col-sm-12\"><div class=\"vc_column-inner\"><div class=\"wpb_wrapper\">\n\t<div class=\"wpb_text_column wpb_content_element\" >\n\t\t<div class=\"wpb_wrapper\">\n\t\t\t<h2 style=\"text-align: center;\">La importancia de contar con abogados con experiencia en accidentes ferroviarios<\/h2>\n<p style=\"text-align: center;\">Tras un accidente ferroviario, lidiar con las reclamaciones al seguro y los tr\u00e1mites legales puede resultar abrumador. Un abogado con experiencia en accidentes ferroviarios en Los \u00c1ngeles le ayudar\u00e1 a:<\/p>\n<hr \/>\n<p style=\"text-align: center;\"><strong>Investigaci\u00f3n del incidente:<\/strong> Identificar la causa y cualquier negligencia que pueda haber.<\/p>\n<hr \/>\n<p style=\"text-align: center;\"><strong>Trabajar con expertos:<\/strong> Colaborar con ingenieros, m\u00e9dicos y otros especialistas para armar un caso s\u00f3lido.<\/p>\n<hr \/>\n<p style=\"text-align: center;\"><strong>Negociaci\u00f3n de acuerdos:<\/strong> Nos aseguramos de que recibas una indemnizaci\u00f3n justa por los gastos m\u00e9dicos, los salarios perdidos, el da\u00f1o moral y mucho m\u00e1s.<\/p>\n<p style=\"text-align: center;\">En The Capital Law Firm, ofrecemos una representaci\u00f3n personalizada y cercana, adaptada a tus necesidades espec\u00edficas, para que puedas centrarte en tu recuperaci\u00f3n. Puedes llamarnos al (213) 818-7232 o contactarnos en l\u00ednea para una consulta sin compromiso y obtener m\u00e1s informaci\u00f3n sobre qu\u00e9 hacer si has resultado lesionado en un accidente de tren.<\/p>\n<p style=\"text-align: center;\"><a class=\"btn-bt alternate-blue\" href=\"\/es\/pongase-en-contacto-con\/\">Consulta gratuita<\/a><\/p>\n\n\t\t<\/div>\n\t<\/div>\n<\/div><\/div><\/div><\/div><\/div><div class=\"vc_row wpb_row inline-fifty light2 vc_custom_1770397913056 vc_row-has-fill\"><div class=\"container\"><div class=\"vertical-align wpb_column vc_column_container vc_col-sm-6\"><div class=\"vc_column-inner\"><div class=\"wpb_wrapper\">\n\t<div class=\"wpb_text_column wpb_content_element  mb0-desktop\" >\n\t\t<div class=\"wpb_wrapper\">\n\t\t\t<p><img loading=\"lazy\" decoding=\"async\" class=\"aligncenter wp-image-3021 size-full\" src=\"https:\/\/capfirmstg.webteam.ai\/wp-content\/uploads\/2025\/11\/Bicycle-Accidents-professional-woman-at-desk.jpg\" alt=\"Accidentes de bicicleta - mujer profesional en el escritorio\" width=\"700\" height=\"590\" srcset=\"https:\/\/capfirmstg.webteam.ai\/wp-content\/uploads\/2025\/11\/Bicycle-Accidents-professional-woman-at-desk.jpg 700w, https:\/\/capfirmstg.webteam.ai\/wp-content\/uploads\/2025\/11\/Bicycle-Accidents-professional-woman-at-desk-300x253.jpg 300w\" sizes=\"auto, (max-width: 700px) 100vw, 700px\" \/><\/p>\n\n\t\t<\/div>\n\t<\/div>\n<\/div><\/div><\/div><div class=\"vertical-align wpb_column vc_column_container vc_col-sm-6\"><div class=\"vc_column-inner\"><div class=\"wpb_wrapper\">\n\t<div class=\"wpb_text_column wpb_content_element  mb0\" >\n\t\t<div class=\"wpb_wrapper\">\n\t\t\t<h2>\u00bfC\u00f3mo ocurren los accidentes ferroviarios?<\/h2>\n<p>Los accidentes ferroviarios en Los \u00c1ngeles pueden producirse por diversas razones:<\/p>\n<hr \/>\n<p><strong>Error del operador:<\/strong> Fatiga, distracci\u00f3n o negligencia por parte del maquinista.<\/p>\n<hr \/>\n<p><strong>Fallo mec\u00e1nico:<\/strong> Problemas con el tren, como fallos en los frenos o piezas defectuosas.<\/p>\n<hr \/>\n<p><strong>Problemas con la pista:<\/strong> V\u00edas o sistemas de se\u00f1alizaci\u00f3n en mal estado.<\/p>\n<hr \/>\n<p><strong>Negligencia del pasajero:<\/strong> A veces, los pasajeros pueden no seguir las normas de seguridad, lo que contribuye a que se produzcan accidentes.<\/p>\n<p>Comprender la causa del accidente es fundamental para determinar la responsabilidad, y un abogado especializado en accidentes ferroviarios investigar\u00e1 a fondo todos los aspectos del caso.<\/p>\n\n\t\t<\/div>\n\t<\/div>\n<\/div><\/div><\/div><\/div><\/div><section class=\"vc_section small-height\"><div class=\"vc_row wpb_row blurb-row\"><div class=\"container\"><div class=\"wpb_column vc_column_container vc_col-sm-12\"><div class=\"vc_column-inner\"><div class=\"wpb_wrapper\">\n\t<div class=\"wpb_text_column wpb_content_element  mb0\" >\n\t\t<div class=\"wpb_wrapper\">\n\t\t\t<h2 style=\"text-align: center;\">Da\u00f1os y perjuicios y indemnizaciones en casos de accidentes ferroviarios<\/h2>\n<p style=\"text-align: center; margin-bottom: 20px;\">Las v\u00edctimas de accidentes ferroviarios pueden tener derecho a una indemnizaci\u00f3n por:<\/p>\n\n\t\t<\/div>\n\t<\/div>\n<div class=\"vc_row wpb_row vc_inner vc_row-fluid expandable-grid-C1\"><div class=\"wpb_column vc_column_container vc_col-sm-3\"><div class=\"vc_column-inner\"><div class=\"wpb_wrapper\">\n\t<div class=\"wpb_text_column wpb_content_element  expand-bottom-C1 accent3\" >\n\t\t<div class=\"wpb_wrapper\">\n\t\t\t<div class=\"text-wrap\">\n<h4 style=\"text-align: center;\"><strong>Gastos m\u00e9dicos<\/strong><\/h4>\n<div class=\"hider-text\">\n<p style=\"text-align: center;\">Cubriendo las necesidades de atenci\u00f3n m\u00e9dica inmediatas y a largo plazo.<\/p>\n<\/div>\n<p class=\"hider-toggle\" style=\"text-align: center;\">Pulsa para ampliar<\/p>\n<\/div>\n\n\t\t<\/div>\n\t<\/div>\n<\/div><\/div><\/div><div class=\"wpb_column vc_column_container vc_col-sm-3\"><div class=\"vc_column-inner\"><div class=\"wpb_wrapper\">\n\t<div class=\"wpb_text_column wpb_content_element  expand-bottom-C1 accent3\" >\n\t\t<div class=\"wpb_wrapper\">\n\t\t\t<div class=\"text-wrap\">\n<h4 style=\"text-align: center;\"><strong>Salarios no percibidos<\/strong><\/h4>\n<div class=\"hider-text\">\n<p style=\"text-align: center;\">Indemnizaci\u00f3n por la p\u00e9rdida de ingresos debida a una lesi\u00f3n o al tiempo de recuperaci\u00f3n.<\/p>\n<\/div>\n<p class=\"hider-toggle\" style=\"text-align: center;\">Pulsa para ampliar<\/p>\n<\/div>\n\n\t\t<\/div>\n\t<\/div>\n<\/div><\/div><\/div><div class=\"wpb_column vc_column_container vc_col-sm-3\"><div class=\"vc_column-inner\"><div class=\"wpb_wrapper\">\n\t<div class=\"wpb_text_column wpb_content_element  vc_custom_1770397727243 expand-bottom-C1 accent3\" >\n\t\t<div class=\"wpb_wrapper\">\n\t\t\t<div class=\"text-wrap\">\n<h4 style=\"text-align: center;\"><strong>Dolor y sufrimiento<\/strong><\/h4>\n<div class=\"hider-text\">\n<p style=\"text-align: center;\">Por el dolor f\u00edsico y el sufrimiento emocional causados por el accidente.<\/p>\n<\/div>\n<p class=\"hider-toggle\" style=\"text-align: center;\">Pulsa para ampliar<\/p>\n<\/div>\n\n\t\t<\/div>\n\t<\/div>\n<\/div><\/div><\/div><div class=\"wpb_column vc_column_container vc_col-sm-3\"><div class=\"vc_column-inner\"><div class=\"wpb_wrapper\">\n\t<div class=\"wpb_text_column wpb_content_element  expand-bottom-C1 accent3\" >\n\t\t<div class=\"wpb_wrapper\">\n\t\t\t<div class=\"text-wrap\">\n<h4 style=\"text-align: center;\"><strong>Da\u00f1os materiales<\/strong><\/h4>\n<div class=\"hider-text\">\n<p style=\"text-align: center;\">Reembolso por art\u00edculos personales da\u00f1ados.<\/p>\n<\/div>\n<p class=\"hider-toggle\" style=\"text-align: center;\">Pulsa para ampliar<\/p>\n<\/div>\n\n\t\t<\/div>\n\t<\/div>\n<\/div><\/div><\/div><\/div>\n\t<div class=\"wpb_text_column wpb_content_element  mb0\" >\n\t\t<div class=\"wpb_wrapper\">\n\t\t\t<p style=\"text-align: center; margin-top: 20px;\">El bufete Capital Law Firm trabaja sin descanso para garantizar que cada v\u00edctima reciba la indemnizaci\u00f3n completa que se merece, teniendo en cuenta tanto los da\u00f1os econ\u00f3micos como los no econ\u00f3micos.<\/p>\n\n\t\t<\/div>\n\t<\/div>\n<\/div><\/div><\/div><\/div><\/div><\/section><div class=\"vc_row wpb_row cta-row accent3 vc_custom_1763574042870\"><div class=\"container\"><div class=\"wpb_column vc_column_container vc_col-sm-12\"><div class=\"vc_column-inner\"><div class=\"wpb_wrapper\">\n\t<div class=\"wpb_text_column wpb_content_element  wpb_animate_when_almost_visible wpb_slideInLeft slideInLeft mb0\" >\n\t\t<div class=\"wpb_wrapper\">\n\t\t\t<h2>Cada caso es nuestra misi\u00f3n personal<\/h2>\n<p><a class=\"btn-bt alternate\" href=\"\/es\/pongase-en-contacto-con\/\">Consulta gratuita<\/a><\/p>\n\n\t\t<\/div>\n\t<\/div>\n<\/div><\/div><\/div><\/div><\/div><section id=\"Reviews\" class=\"vc_section gradient2 vc_custom_1765342344233 vc_section-has-fill\"><div class=\"vc_row wpb_row reverse\"><div class=\"container\"><div class=\"vertical-align wpb_column vc_column_container vc_col-sm-8\"><div class=\"vc_column-inner\"><div class=\"wpb_wrapper\">\n\t<div class=\"wpb_text_column wpb_content_element\" >\n\t\t<div class=\"wpb_wrapper\">\n\t\t\t\n\n\t\t<\/div>\n\t<\/div>\n<\/div><\/div><\/div><div class=\"vertical-align wpb_column vc_column_container vc_col-sm-4\"><div class=\"vc_column-inner\"><div class=\"wpb_wrapper\">\n\t<div class=\"wpb_text_column wpb_content_element  wpb_animate_when_almost_visible wpb_slideInRight slideInRight mb0\" >\n\t\t<div class=\"wpb_wrapper\">\n\t\t\t<p><img loading=\"lazy\" decoding=\"async\" class=\"alignnone wp-image-2759\" src=\"\/wp-content\/uploads\/2025\/10\/the-caplaw-icon-91p.png\" alt=\"el icono de la mand\u00edbula 91p\" width=\"50\" height=\"52\" \/><\/p>\n<h3>TESTIMONIOS DE CLIENTES<\/h3>\n<h2>Donde nuestras victorias hablan m\u00e1s alto<\/h2>\n\n\t\t<\/div>\n\t<\/div>\n<\/div><\/div><\/div><\/div><\/div><\/section><div class=\"vc_row wpb_row slider-arrows-lt\"><div class=\"container\"><div class=\"wpb_column vc_column_container vc_col-sm-12\"><div class=\"vc_column-inner\"><div class=\"wpb_wrapper\">\n\t<div class=\"wpb_text_column wpb_content_element  mb0\" >\n\t\t<div class=\"wpb_wrapper\">\n\t\t\t\n\n\t\t<\/div>\n\t<\/div>\n<\/div><\/div><\/div><\/div><\/div><style>@media(max-width:480px){.vc-boptions-69e84a37d714d{background-image:url('https:\/\/capfirmstg.webteam.ai\/wp-content\/uploads\/2025\/10\/Bottom-CTA-man-working-at-desk-mobile@2x.jpg')!important;background-size:cover!important;background-position:center top!important;}}@media(min-width:481px){.vc-boptions-69e84a37d714d{background-position:center top!important;}}.vc-boptions-69e84a37d714d{background-size:cover!important;}<\/style><div id=\"ContactRow\" class=\"vc_row wpb_row bottom-cta form-bottom-cta inline-fifty fifty-fifty vc_custom_1765342412122 vc_row-has-fill vc-boptions-69e84a37d714d\"><div class=\"container\"><div class=\"vertical-align wpb_column vc_column_container vc_col-sm-6\"><div class=\"vc_column-inner\"><div class=\"wpb_wrapper\">\n\t<div class=\"wpb_text_column wpb_content_element  mb0-desktop\" >\n\t\t<div class=\"wpb_wrapper\">\n\t\t\t<h3>P\u00d3NGASE EN CONTACTO CON EL BUFETE CAPITAL LAW HOY MISMO<\/h3>\n<h2>ESTAMOS AQU\u00cd<br \/>\nPARA GUIARTE<\/h2>\n<p><strong>Servimos en\u00e9rgicamente a las comunidades de toda el \u00e1rea metropolitana de Los \u00c1ngeles, incluidos el condado de Los \u00c1ngeles y el condado de Orange, as\u00ed como las zonas circundantes.<\/strong><\/p>\n\n\t\t<\/div>\n\t<\/div>\n<\/div><\/div><\/div><div class=\"wpb_column vc_column_container vc_col-sm-6\"><div class=\"vc_column-inner\"><div class=\"wpb_wrapper\">\n\t<div class=\"wpb_raw_code wpb_content_element wpb_raw_html mb0\" >\n\t\t<div class=\"wpb_wrapper\">\n\t\t\t <script charset=\"utf-8\" type=\"text\/javascript\" src=\"\/\/js-na2.hsforms.net\/forms\/embed\/v2.js\"><\/script>\n<script>\n  hbspt.forms.create({\n    portalId: \"48855741\",\n    formId: \"d6ab3eea-eb20-4032-bc22-40679e6f2e02\",\n    region: \"na2\"\n  });\n<\/script>\n\t\t<\/div>\n\t<\/div>\n<\/div><\/div><\/div><\/div><\/div>\n<\/div>","protected":false},"excerpt":{"rendered":"Train Accident Lawyer in Los Angeles, CA WHEN WE FIGHT FOR YOU, IT\u2019S PERSONAL. Train accidents can put a halt on someone\u2019s life, and the medical bills can cause a great deal of revenue deficit. That\u2019s why it\u2019s a great idea to hire a train accident lawyer in Los Angeles. At The Capital Law Firm, [...]","protected":false},"author":1,"featured_media":0,"parent":0,"menu_order":0,"comment_status":"closed","ping_status":"closed","template":"","meta":{"_acf_changed":false,"footnotes":""},"class_list":["post-7876","page","type-page","status-publish"],"acf":[],"aioseo_notices":[],"_links":{"self":[{"href":"https:\/\/capfirmstg.webteam.ai\/es\/wp-json\/wp\/v2\/pages\/7876","targetHints":{"allow":["GET"]}}],"collection":[{"href":"https:\/\/capfirmstg.webteam.ai\/es\/wp-json\/wp\/v2\/pages"}],"about":[{"href":"https:\/\/capfirmstg.webteam.ai\/es\/wp-json\/wp\/v2\/types\/page"}],"author":[{"embeddable":true,"href":"https:\/\/capfirmstg.webteam.ai\/es\/wp-json\/wp\/v2\/users\/1"}],"replies":[{"embeddable":true,"href":"https:\/\/capfirmstg.webteam.ai\/es\/wp-json\/wp\/v2\/comments?post=7876"}],"version-history":[{"count":6,"href":"https:\/\/capfirmstg.webteam.ai\/es\/wp-json\/wp\/v2\/pages\/7876\/revisions"}],"predecessor-version":[{"id":7918,"href":"https:\/\/capfirmstg.webteam.ai\/es\/wp-json\/wp\/v2\/pages\/7876\/revisions\/7918"}],"wp:attachment":[{"href":"https:\/\/capfirmstg.webteam.ai\/es\/wp-json\/wp\/v2\/media?parent=7876"}],"curies":[{"name":"wp","href":"https:\/\/api.w.org\/{rel}","templated":true}]}}