{"id":7846,"date":"2026-02-05T12:51:55","date_gmt":"2026-02-05T19:51:55","guid":{"rendered":"https:\/\/capfirm.com\/?page_id=7846"},"modified":"2026-02-10T13:58:28","modified_gmt":"2026-02-10T20:58:28","slug":"ciudades-en-las-que-prestamos-servicio","status":"publish","type":"page","link":"https:\/\/capfirmstg.webteam.ai\/es\/cities-we-serve\/","title":{"rendered":"Ciudades a las que servimos"},"content":{"rendered":"<div class=\"wpb-content-wrapper\"><div class=\"vc_row wpb_row hero-lg1 vc_custom_1765324929404 vc_row-has-fill\"><div class=\"container\"><div class=\"wpb_column vc_column_container vc_col-sm-6\"><div class=\"vc_column-inner\"><div class=\"wpb_wrapper\">\n\t<div class=\"wpb_text_column wpb_content_element  wpb_animate_when_almost_visible wpb_fadeIn fadeIn\" >\n\t\t<div class=\"wpb_wrapper\">\n\t\t\t<p><img loading=\"lazy\" decoding=\"async\" class=\"aligncenter size-full wp-image-2868\" src=\"https:\/\/capfirmstg.webteam.ai\/wp-content\/uploads\/2025\/11\/hero-overlay.png\" alt=\"hero-overlay\" width=\"452\" height=\"550\" srcset=\"https:\/\/capfirmstg.webteam.ai\/wp-content\/uploads\/2025\/11\/hero-overlay.png 452w, https:\/\/capfirmstg.webteam.ai\/wp-content\/uploads\/2025\/11\/hero-overlay-247x300.png 247w\" sizes=\"auto, (max-width: 452px) 100vw, 452px\" \/><\/p>\n\n\t\t<\/div>\n\t<\/div>\n<\/div><\/div><\/div><div class=\"vertical-align wpb_column vc_column_container vc_col-sm-6\"><div class=\"vc_column-inner\"><div class=\"wpb_wrapper\">\n\t<div class=\"wpb_text_column wpb_content_element  vc_custom_1770321619592\" >\n\t\t<div class=\"wpb_wrapper\">\n\t\t\t<h1>Encuentre un abogado especializado en lesiones personales en California cerca de usted<\/h1>\n<p>El bufete de abogados Capital Law Firm representa a personas en todo el estado de California. Nuestro equipo legal protege sus derechos despu\u00e9s de un accidente. Trabajamos para v\u00edctimas de muchos tipos de incidentes. Usted necesita un abogado para su reclamaci\u00f3n. Le brindamos apoyo en su comunidad local. Los accidentes cambian su vida en un segundo. Las facturas m\u00e9dicas aumentan r\u00e1pidamente. Usted necesita un plan para su recuperaci\u00f3n. Nuestro bufete le ofrece un camino claro. Contamos con oficinas en varios lugares. Nos desplazamos para reunirnos con nuestros clientes. Usted se merece un defensor s\u00f3lido a su lado. Nuestro personal conoce las leyes de este estado. Utilizamos estos conocimientos para su caso. Contamos con m\u00e1s de 50 a\u00f1os de experiencia combinada en este campo.<\/p>\n\n\t\t<\/div>\n\t<\/div>\n<div class=\"vc_row wpb_row vc_inner vc_row-fluid vc_custom_1763498693357\"><div class=\"wpb_column vc_column_container vc_col-sm-6\"><div class=\"vc_column-inner\"><div class=\"wpb_wrapper\">\n\t<div class=\"wpb_text_column wpb_content_element  wpb_animate_when_almost_visible wpb_slideInLeft slideInLeft\" >\n\t\t<div class=\"wpb_wrapper\">\n\t\t\t<p><a class=\"shift-icon scale\" href=\"#\"><span class=\"shift-icon-text\">Resultados basados en la integridad<\/span><\/a><\/p>\n\n\t\t<\/div>\n\t<\/div>\n<\/div><\/div><\/div><div class=\"wpb_column vc_column_container vc_col-sm-6\"><div class=\"vc_column-inner\"><div class=\"wpb_wrapper\">\n\t<div class=\"wpb_text_column wpb_content_element  wpb_animate_when_almost_visible wpb_slideInLeft slideInLeft\" >\n\t\t<div class=\"wpb_wrapper\">\n\t\t\t<p><a class=\"shift-icon ribbon\" href=\"#\"><span class=\"shift-icon-text\">Campeones de la compensaci\u00f3n<\/span><\/a><\/p>\n\n\t\t<\/div>\n\t<\/div>\n<\/div><\/div><\/div><\/div><\/div><\/div><\/div><\/div><\/div><section class=\"vc_section gradient1 vc_custom_1764632508134\"><div class=\"vc_row wpb_row blurb-row slider-arrows-lt\"><div class=\"container\"><div class=\"wpb_column vc_column_container vc_col-sm-12\"><div class=\"vc_column-inner\"><div class=\"wpb_wrapper\">\n\t<div class=\"wpb_text_column wpb_content_element  vc_custom_1770322497786 mb0\" >\n\t\t<div class=\"wpb_wrapper\">\n\t\t\t<h2 style=\"text-align: center;\">Ciudades de California en las que prestamos servicio<\/h2>\n<p style=\"text-align: center;\">Nuestra firma presta servicios en todo el estado de California. Ayudamos a personas en muchas \u00e1reas diferentes.<\/p>\n\n\t\t<\/div>\n\t<\/div>\n\n\t<div class=\"wpb_text_column wpb_content_element  mb0\" >\n\t\t<div class=\"wpb_wrapper\">\n\t\t\t\n\n\t\t<\/div>\n\t<\/div>\n<\/div><\/div><\/div><\/div><\/div><\/section><div class=\"vc_row wpb_row cta-row accent3 vc_custom_1763574042870\"><div class=\"container\"><div class=\"wpb_column vc_column_container vc_col-sm-12\"><div class=\"vc_column-inner\"><div class=\"wpb_wrapper\">\n\t<div class=\"wpb_text_column wpb_content_element  wpb_animate_when_almost_visible wpb_slideInLeft slideInLeft mb0\" >\n\t\t<div class=\"wpb_wrapper\">\n\t\t\t<h2>Su caso es nuestra misi\u00f3n personal<\/h2>\n<p><a class=\"btn-bt alternate\" href=\"\/es\/pongase-en-contacto-con\/\">Consulta gratuita<\/a><\/p>\n\n\t\t<\/div>\n\t<\/div>\n<\/div><\/div><\/div><\/div><\/div><div class=\"vc_row wpb_row inline-fifty vc_custom_1763494004668 vc_row-has-fill\"><div class=\"container\"><div class=\"vertical-align wpb_column vc_column_container vc_col-sm-6\"><div class=\"vc_column-inner\"><div class=\"wpb_wrapper\">\n\t<div class=\"wpb_text_column wpb_content_element  mb0\" >\n\t\t<div class=\"wpb_wrapper\">\n\t\t\t<h2>Cuando luchamos por usted, es algo personal<\/h2>\n<p>Joshua J. Zokaeem es el director general y socio gerente de The Capital Law Firm. Dirige un equipo de abogados especializados en lesiones personales y expertos en casos que luchan por sus derechos. Nuestro equipo incluye al abogado litigante Isahak Khachatryan y a los abogados litigantes Giorgio Asatrian y Melanie Tahmasian. Henrik Sardarbegian es nuestro abogado precontencioso. Nuestros abogados trabajaron anteriormente en la defensa de compa\u00f1\u00edas de seguros. Conocemos las t\u00e1cticas que estas empresas utilizan para evitar pagos. \u00bfHa sufrido una lesi\u00f3n en un accidente? No espere m\u00e1s. Act\u00fae r\u00e1pido. Nuestro grupo de abogados especializados en lesiones de California est\u00e1 listo para revisar su caso. Le proporcionamos informaci\u00f3n clara sobre sus opciones legales. Nos enfrentamos a las grandes compa\u00f1\u00edas de seguros para proteger sus intereses.<\/p>\n<p><a class=\"btn-bt alternate-blue\" href=\"\/es\/pongase-en-contacto-con\/\">Consulta gratuita<\/a><\/p>\n\n\t\t<\/div>\n\t<\/div>\n<\/div><\/div><\/div><div class=\"wpb_column vc_column_container vc_col-sm-6\"><div class=\"vc_column-inner\"><div class=\"wpb_wrapper\">\n\t<div class=\"wpb_text_column wpb_content_element  mb0-desktop\" >\n\t\t<div class=\"wpb_wrapper\">\n\t\t\t<p><img loading=\"lazy\" decoding=\"async\" class=\"aligncenter size-full wp-image-2872\" src=\"https:\/\/capfirmstg.webteam.ai\/wp-content\/uploads\/2025\/11\/Candid-photo-of-lawyer-and-client-Comprehensive-Personal-Injury-Representation.jpg\" alt=\"Foto c\u00e1ndida de abogado y cliente Representaci\u00f3n integral de lesiones personales\" width=\"700\" height=\"602\" srcset=\"https:\/\/capfirmstg.webteam.ai\/wp-content\/uploads\/2025\/11\/Candid-photo-of-lawyer-and-client-Comprehensive-Personal-Injury-Representation.jpg 700w, https:\/\/capfirmstg.webteam.ai\/wp-content\/uploads\/2025\/11\/Candid-photo-of-lawyer-and-client-Comprehensive-Personal-Injury-Representation-300x258.jpg 300w\" sizes=\"auto, (max-width: 700px) 100vw, 700px\" \/><\/p>\n\n\t\t<\/div>\n\t<\/div>\n<\/div><\/div><\/div><\/div><\/div><div class=\"vc_row wpb_row inline-fifty light2 vc_custom_1763500725596 vc_row-has-fill\"><div class=\"container\"><div class=\"vertical-align wpb_column vc_column_container vc_col-sm-6\"><div class=\"vc_column-inner\"><div class=\"wpb_wrapper\">\n\t<div class=\"wpb_text_column wpb_content_element  mb0-desktop\" >\n\t\t<div class=\"wpb_wrapper\">\n\t\t\t<p><img loading=\"lazy\" decoding=\"async\" class=\"aligncenter size-full wp-image-7517\" src=\"https:\/\/capfirmstg.webteam.ai\/wp-content\/uploads\/2025\/12\/Group_photo-of-3-lawyers-in-front-of-window-1.jpg\" alt=\"Foto_grupo de 3 abogados delante de una ventana (1)\" width=\"700\" height=\"510\" srcset=\"https:\/\/capfirmstg.webteam.ai\/wp-content\/uploads\/2025\/12\/Group_photo-of-3-lawyers-in-front-of-window-1.jpg 700w, https:\/\/capfirmstg.webteam.ai\/wp-content\/uploads\/2025\/12\/Group_photo-of-3-lawyers-in-front-of-window-1-300x219.jpg 300w\" sizes=\"auto, (max-width: 700px) 100vw, 700px\" \/><\/p>\n\n\t\t<\/div>\n\t<\/div>\n<\/div><\/div><\/div><div class=\"vertical-align wpb_column vc_column_container vc_col-sm-6\"><div class=\"vc_column-inner\"><div class=\"wpb_wrapper\">\n\t<div class=\"wpb_text_column wpb_content_element  mb0\" >\n\t\t<div class=\"wpb_wrapper\">\n\t\t\t<h2>Nuestro compromiso con la excelencia<\/h2>\n<p>Nuestro objetivo es obtener los mejores resultados para nuestros clientes. Nuestros abogados tienen un historial de \u00e9xitos. Luchamos contra las compa\u00f1\u00edas de seguros por usted. Estas compa\u00f1\u00edas quieren ahorrar dinero. Nosotros queremos que usted tenga dinero para los gastos m\u00e9dicos. Recopilamos pruebas para la reclamaci\u00f3n. Hablamos con las personas que estuvieron en el lugar del accidente. Nuestro equipo examina las fotos del accidente. Leemos los informes policiales. Construimos un caso s\u00f3lido para usted. Acudimos a los tribunales en nombre de nuestros clientes. No tememos los juicios. Trabajamos duro cada d\u00eda. Nuestro equipo prepara todos los expedientes para el juez. Este trabajo ayuda en las negociaciones para llegar a un acuerdo. No aceptamos ofertas bajas. Presionamos para obtener el valor total de su reclamaci\u00f3n. Actuamos como defensores de su indemnizaci\u00f3n.<\/p>\n\n\t\t<\/div>\n\t<\/div>\n<\/div><\/div><\/div><\/div><\/div><div class=\"vc_row wpb_row blurb-row dark1\"><div class=\"container\"><div class=\"wpb_column vc_column_container vc_col-sm-12\"><div class=\"vc_column-inner\"><div class=\"wpb_wrapper\">\n\t<div class=\"wpb_text_column wpb_content_element  mb0\" >\n\t\t<div class=\"wpb_wrapper\">\n\t\t\t<h2 style=\"text-align: center;\">\u00bfPor qu\u00e9 contratar a un abogado especializado en lesiones personales en California?<\/h2>\n<p style=\"text-align: center;\">Los casos legales implican muchos pasos. Debe presentar documentos. Los tribunales tienen muchas reglas. Necesita a un profesional para estas tareas. Entendemos el sistema legal. Nuestro equipo conoce el valor de su reclamaci\u00f3n. Calculamos sus costos. Incluimos los honorarios de su m\u00e9dico. Incluimos su salario perdido por no poder trabajar. Los ajustadores de seguros intentan pagar menos. Nosotros impedimos que hagan ofertas bajas. Nuestra presencia cambia la negociaci\u00f3n. Obtendr\u00e1 un mejor resultado con un abogado. Protegemos sus derechos legales. Nos encargamos del papeleo por usted. Tratamos con los agentes de seguros. Usted tendr\u00e1 tiempo para recuperarse. Su estr\u00e9s disminuir\u00e1. Nuestra firma trabaj\u00f3 en su d\u00eda para compa\u00f1\u00edas de seguros. Conocemos sus secretos. Utilizamos esa experiencia para ayudarle ahora.<\/p>\n\n\t\t<\/div>\n\t<\/div>\n<\/div><\/div><\/div><\/div><\/div><style>@media(max-width:480px){.vc-boptions-69e84a82b8b06{background-image:url('https:\/\/capfirmstg.webteam.ai\/wp-content\/uploads\/2025\/10\/Bottom-CTA-man-working-at-desk-mobile@2x.jpg')!important;background-size:cover!important;background-position:center top!important;}}@media(min-width:481px){.vc-boptions-69e84a82b8b06{background-position:center top!important;}}.vc-boptions-69e84a82b8b06{background-size:cover!important;}<\/style><div id=\"ContactRow\" class=\"vc_row wpb_row bottom-cta form-bottom-cta inline-fifty fifty-fifty vc_custom_1765326510918 vc_row-has-fill vc-boptions-69e84a82b8b06\"><div class=\"container\"><div class=\"vertical-align wpb_column vc_column_container vc_col-sm-6\"><div class=\"vc_column-inner\"><div class=\"wpb_wrapper\">\n\t<div class=\"wpb_text_column wpb_content_element  mb0\" >\n\t\t<div class=\"wpb_wrapper\">\n\t\t\t<h3>P\u00f3ngase en contacto hoy mismo con un abogado especializado en lesiones personales de Los \u00c1ngeles<\/h3>\n<h2>ESTAMOS AQU\u00cd<br \/>\nPARA GUIARTE<\/h2>\n<p><strong>Llame al bufete de abogados The Capital Law Firm para hablar con nosotros. Le ofrecemos una revisi\u00f3n gratuita de su caso. No tiene que pagarnos nada ahora. Cobramos nuestros honorarios si ganamos el caso. As\u00ed, sus costos ser\u00e1n bajos. Puede llamar a nuestro n\u00famero de oficina o rellenar nuestro formulario web. Escucharemos los hechos y le daremos un plan con los siguientes pasos a seguir. No espere para pedir ayuda. La ley establece plazos para los casos de lesiones. Queremos empezar a trabajar en su expediente hoy mismo. Nuestro equipo est\u00e1 listo para atender su llamada. Queremos ayudarle a obtener justicia. Su recuperaci\u00f3n comienza con una llamada. P\u00f3ngase en contacto con nuestro equipo ahora mismo.<\/strong><\/p>\n\n\t\t<\/div>\n\t<\/div>\n<\/div><\/div><\/div><div class=\"wpb_column vc_column_container vc_col-sm-6\"><div class=\"vc_column-inner\"><div class=\"wpb_wrapper\">\n\t<div class=\"wpb_raw_code wpb_content_element wpb_raw_html\" >\n\t\t<div class=\"wpb_wrapper\">\n\t\t\t <script charset=\"utf-8\" type=\"text\/javascript\" src=\"\/\/js-na2.hsforms.net\/forms\/embed\/v2.js\"><\/script>\n<script>\n  hbspt.forms.create({\n    portalId: \"48855741\",\n    formId: \"d6ab3eea-eb20-4032-bc22-40679e6f2e02\",\n    region: \"na2\"\n  });\n<\/script>\n\t\t<\/div>\n\t<\/div>\n<\/div><\/div><\/div><\/div><\/div>\n<\/div>","protected":false},"excerpt":{"rendered":"Find A California Personal Injury Attorney Near You The Capital Law Firm represents people throughout the state of California. Our legal team protects your rights after an accident. We work for victims of many types of incidents. You need a lawyer for your claim. We provide support in your local community. Accidents change your life [...]","protected":false},"author":1,"featured_media":0,"parent":0,"menu_order":0,"comment_status":"closed","ping_status":"closed","template":"","meta":{"_acf_changed":false,"footnotes":""},"class_list":["post-7846","page","type-page","status-publish"],"acf":[],"aioseo_notices":[],"_links":{"self":[{"href":"https:\/\/capfirmstg.webteam.ai\/es\/wp-json\/wp\/v2\/pages\/7846","targetHints":{"allow":["GET"]}}],"collection":[{"href":"https:\/\/capfirmstg.webteam.ai\/es\/wp-json\/wp\/v2\/pages"}],"about":[{"href":"https:\/\/capfirmstg.webteam.ai\/es\/wp-json\/wp\/v2\/types\/page"}],"author":[{"embeddable":true,"href":"https:\/\/capfirmstg.webteam.ai\/es\/wp-json\/wp\/v2\/users\/1"}],"replies":[{"embeddable":true,"href":"https:\/\/capfirmstg.webteam.ai\/es\/wp-json\/wp\/v2\/comments?post=7846"}],"version-history":[{"count":8,"href":"https:\/\/capfirmstg.webteam.ai\/es\/wp-json\/wp\/v2\/pages\/7846\/revisions"}],"predecessor-version":[{"id":7857,"href":"https:\/\/capfirmstg.webteam.ai\/es\/wp-json\/wp\/v2\/pages\/7846\/revisions\/7857"}],"wp:attachment":[{"href":"https:\/\/capfirmstg.webteam.ai\/es\/wp-json\/wp\/v2\/media?parent=7846"}],"curies":[{"name":"wp","href":"https:\/\/api.w.org\/{rel}","templated":true}]}}