{"id":7791,"date":"2026-02-03T12:49:28","date_gmt":"2026-02-03T19:49:28","guid":{"rendered":"https:\/\/capfirm.com\/?page_id=7791"},"modified":"2026-02-05T14:07:39","modified_gmt":"2026-02-05T21:07:39","slug":"abogado-especializado-en-lesiones-personales-en-san-bernardino-california","status":"publish","type":"page","link":"https:\/\/capfirmstg.webteam.ai\/es\/cities-we-serve\/san-bernardino-ca-personal-injury-lawyer\/","title":{"rendered":"Abogado especializado en lesiones personales en San Bernardino, California"},"content":{"rendered":"<div class=\"wpb-content-wrapper\"><div class=\"vc_row wpb_row hero-lg1 single-city vc_custom_1764962482107 vc_row-has-fill\"><div class=\"container\"><div class=\"vertical-align wpb_column vc_column_container vc_col-sm-12\"><div class=\"vc_column-inner\"><div class=\"wpb_wrapper\">\n\t<div class=\"wpb_text_column wpb_content_element  vc_custom_1770147636674\" >\n\t\t<div class=\"wpb_wrapper\">\n\t\t\t<h1 style=\"text-align: center;\">Abogado especializado en lesiones personales en San Bernardino, California<\/h1>\n<p style=\"text-align: center; margin: 20px 0px;\">Cuando la negligencia de otra persona te cambia la vida por completo, el dolor f\u00edsico es solo una parte del problema. Las facturas m\u00e9dicas, las bajas laborales y la incertidumbre constante sobre lo que vendr\u00e1 despu\u00e9s pueden hacer que las secuelas resulten abrumadoras. El bufete Capital Law Firm ayuda a las v\u00edctimas de lesiones en San Bernardino a superar este dif\u00edcil per\u00edodo con asesoramiento legal experto, apoyo paso a paso y la firme defensa necesaria para reconstruir sus vidas.<\/p>\n<p style=\"text-align: center;\"><a class=\"btn-bt alternate\" href=\"\/es\/pongase-en-contacto-con\/\">Consulta gratuita<\/a><\/p>\n\n\t\t<\/div>\n\t<\/div>\n<\/div><\/div><\/div><\/div><\/div><section class=\"vc_section gradient1 small-height\"><div class=\"vc_row wpb_row gradient1 faq\"><div class=\"container\"><div class=\"wpb_column vc_column_container vc_col-sm-12\"><div class=\"vc_column-inner\"><div class=\"wpb_wrapper\">\n\t<div class=\"wpb_text_column wpb_content_element  mb0-desktop\" >\n\t\t<div class=\"wpb_wrapper\">\n\t\t\t<h2 style=\"text-align: center;\">Comprender la legislaci\u00f3n sobre lesiones personales en San Bernardino, California<\/h2>\n<p style=\"text-align: center;\">El derecho de da\u00f1os personales otorga a las personas lesionadas el derecho a reclamar una indemnizaci\u00f3n cuando las acciones negligentes o imprudentes de otra persona les causan un da\u00f1o. En California, esto suele abarcar incidentes que van desde accidentes de tr\u00e1nsito hasta condiciones inseguras en propiedades y negligencia profesional.<\/p>\n<p style=\"text-align: center;\">Dado que cada caso presenta hechos, lesiones y retos legales distintos, contar con alguien que pueda evaluar tu situaci\u00f3n con claridad y experiencia es de un valor incalculable, especialmente cuando te enfrentas a compa\u00f1\u00edas de seguros decididas a proteger sus ganancias.<\/p>\n\n\t\t<\/div>\n\t<\/div>\n<\/div><\/div><\/div><\/div><\/div><\/section><div class=\"vc_row wpb_row inline-fifty vc_custom_1764952314635 vc_row-has-fill\"><div class=\"container\"><div class=\"vertical-align wpb_column vc_column_container vc_col-sm-6\"><div class=\"vc_column-inner\"><div class=\"wpb_wrapper\">\n\t<div class=\"wpb_text_column wpb_content_element\" >\n\t\t<div class=\"wpb_wrapper\">\n\t\t\t<h2 style=\"text-align: left;\">Tipos habituales de casos de lesiones personales que tramitamos en San Bernardino<\/h2>\n<p>Nuestro bufete representa a clientes en una amplia variedad de casos de lesiones graves, entre los que se incluyen:<\/p>\n<ul>\n<li>Accidentes de tr\u00e1fico<\/li>\n<li>Accidentes de moto<\/li>\n<li>Accidentes de camiones y autobuses<\/li>\n<li>Accidentes de peatones<\/li>\n<li>Accidentes de bicicleta y patinete<\/li>\n<li>Accidentes de veh\u00edculos de transporte compartido (Uber\/Lyft)<\/li>\n<li>Lesiones cerebrales traum\u00e1ticas (LCT)<\/li>\n<li>Muerte por negligencia<\/li>\n<li>Accidentes laborales en la construcci\u00f3n<\/li>\n<li>Accidentes por resbalones y ca\u00eddas<\/li>\n<li>Mordeduras de perro y ataques de animales<\/li>\n<li>Negligencia escolar<\/li>\n<li>Abuso o agresi\u00f3n<\/li>\n<\/ul>\n<p><a class=\"btn-bt alternate-blue\" href=\"\/es\/descripcion-general-de-la-empresa\/\">Qui\u00e9nes somos<\/a><\/p>\n\n\t\t<\/div>\n\t<\/div>\n<\/div><\/div><\/div><div class=\"vertical-align wpb_column vc_column_container vc_col-sm-6\"><div class=\"vc_column-inner\"><div class=\"wpb_wrapper\">\n\t<div class=\"wpb_text_column wpb_content_element\" >\n\t\t<div class=\"wpb_wrapper\">\n\t\t\t<p><img loading=\"lazy\" decoding=\"async\" class=\"aligncenter size-full wp-image-7245\" src=\"https:\/\/capfirmstg.webteam.ai\/wp-content\/uploads\/2025\/12\/a-group-photo-of-the-CAP-law-team-standing-in-front-of-a-window.jpg\" alt=\"Una foto grupal del equipo legal de CAP posando frente a una ventana.\" width=\"700\" height=\"590\" srcset=\"https:\/\/capfirmstg.webteam.ai\/wp-content\/uploads\/2025\/12\/a-group-photo-of-the-CAP-law-team-standing-in-front-of-a-window.jpg 700w, https:\/\/capfirmstg.webteam.ai\/wp-content\/uploads\/2025\/12\/a-group-photo-of-the-CAP-law-team-standing-in-front-of-a-window-300x253.jpg 300w\" sizes=\"auto, (max-width: 700px) 100vw, 700px\" \/><\/p>\n\n\t\t<\/div>\n\t<\/div>\n<\/div><\/div><\/div><\/div><\/div><section class=\"vc_section gradient1 small-height\"><div class=\"vc_row wpb_row gradient1 faq\"><div class=\"container\"><div class=\"wpb_column vc_column_container vc_col-sm-12\"><div class=\"vc_column-inner\"><div class=\"wpb_wrapper\">\n\t<div class=\"wpb_text_column wpb_content_element  mb0-desktop\" >\n\t\t<div class=\"wpb_wrapper\">\n\t\t\t<h2 style=\"text-align: center;\">\u00bfPor qu\u00e9 elegir The Capital Law Firm como su abogado especializado en lesiones personales en San Bernardino?<\/h2>\n<p style=\"text-align: center;\">Contar con el abogado adecuado puede influir de manera significativa en el resultado de su caso. En The Capital Law Firm, los clientes se benefician de una combinaci\u00f3n de cualidades que muchos bufetes simplemente no ofrecen.<\/p>\n<p style=\"text-align: center;\">Nuestro equipo est\u00e1 disponible para atender su llamada las 24 horas del d\u00eda, los 7 d\u00edas de la semana, ofrece servicios en ingl\u00e9s y espa\u00f1ol, y brinda atenci\u00f3n personalizada de principio a fin. Nuestros abogados cuentan con una amplia experiencia en el \u00e1mbito de las compa\u00f1\u00edas de seguros, tienen acceso a los mejores m\u00e9dicos para documentar minuciosamente las lesiones y son capaces de tramitar los casos de manera eficiente gracias a nuestros sistemas de vanguardia.<\/p>\n<p style=\"text-align: center;\">Cuando necesite asesoramiento experto y un defensor firme, nuestro equipo est\u00e1 listo para ayudarle.<\/p>\n\n\t\t<\/div>\n\t<\/div>\n<\/div><\/div><\/div><\/div><\/div><\/section><section class=\"vc_section small-height\"><div class=\"vc_row wpb_row blurb-row\"><div class=\"container\"><div class=\"wpb_column vc_column_container vc_col-sm-12\"><div class=\"vc_column-inner\"><div class=\"wpb_wrapper\">\n\t<div class=\"wpb_text_column wpb_content_element  mb0\" >\n\t\t<div class=\"wpb_wrapper\">\n\t\t\t<h2 style=\"text-align: center;\">Qu\u00e9 hacer tras sufrir un accidente con lesiones personales en San Bernardino<\/h2>\n\n\t\t<\/div>\n\t<\/div>\n<div class=\"vc_row wpb_row vc_inner vc_row-fluid expandable-grid-C1\"><div class=\"wpb_column vc_column_container vc_col-sm-6\"><div class=\"vc_column-inner\"><div class=\"wpb_wrapper\">\n\t<div class=\"wpb_text_column wpb_content_element  expand-bottom-C1 accent3\" >\n\t\t<div class=\"wpb_wrapper\">\n\t\t\t<div class=\"text-wrap\">\n<h4 style=\"text-align: center;\">Busque atenci\u00f3n m\u00e9dica de inmediato<\/h4>\n<div class=\"hider-text\">\n<p style=\"text-align: center;\">por muy leves que parezcan tus lesiones.<\/p>\n<\/div>\n<p class=\"hider-toggle\" style=\"text-align: center;\">Pulsa para ampliar<\/p>\n<\/div>\n\n\t\t<\/div>\n\t<\/div>\n<\/div><\/div><\/div><div class=\"wpb_column vc_column_container vc_col-sm-6\"><div class=\"vc_column-inner\"><div class=\"wpb_wrapper\">\n\t<div class=\"wpb_text_column wpb_content_element  expand-bottom-C1 accent3\" >\n\t\t<div class=\"wpb_wrapper\">\n\t\t\t<div class=\"text-wrap\">\n<h4 style=\"text-align: center;\">Notificar el accidente<\/h4>\n<div class=\"hider-text\">\n<p style=\"text-align: center;\">a la autoridad competente, como la polic\u00eda, la administraci\u00f3n de la propiedad o su empleador.<\/p>\n<\/div>\n<p class=\"hider-toggle\" style=\"text-align: center;\">Pulsa para ampliar<\/p>\n<\/div>\n\n\t\t<\/div>\n\t<\/div>\n<\/div><\/div><\/div><\/div><div class=\"vc_row wpb_row vc_inner vc_row-fluid expandable-grid-C1\"><div class=\"wpb_column vc_column_container vc_col-sm-4\"><div class=\"vc_column-inner\"><div class=\"wpb_wrapper\">\n\t<div class=\"wpb_text_column wpb_content_element  expand-bottom-C1 accent3\" >\n\t\t<div class=\"wpb_wrapper\">\n\t\t\t<div class=\"text-wrap\">\n<h4 style=\"text-align: center;\">Documenta todo<\/h4>\n<div class=\"hider-text\">\n<p style=\"text-align: center;\">Incluya fotos, los nombres de los testigos y los detalles del incidente.<\/p>\n<\/div>\n<p class=\"hider-toggle\" style=\"text-align: center;\">Pulsa para ampliar<\/p>\n<\/div>\n\n\t\t<\/div>\n\t<\/div>\n<\/div><\/div><\/div><div class=\"wpb_column vc_column_container vc_col-sm-4\"><div class=\"vc_column-inner\"><div class=\"wpb_wrapper\">\n\t<div class=\"wpb_text_column wpb_content_element  expand-bottom-C1 accent3\" >\n\t\t<div class=\"wpb_wrapper\">\n\t\t\t<div class=\"text-wrap\">\n<h4 style=\"text-align: center;\">Evita prestar declaraci\u00f3n grabada<\/h4>\n<div class=\"hider-text\">\n<p style=\"text-align: center;\">a los peritos de seguros antes de hablar con un abogado.<\/p>\n<\/div>\n<p class=\"hider-toggle\" style=\"text-align: center;\">Pulsa para ampliar<\/p>\n<\/div>\n\n\t\t<\/div>\n\t<\/div>\n<\/div><\/div><\/div><div class=\"wpb_column vc_column_container vc_col-sm-4\"><div class=\"vc_column-inner\"><div class=\"wpb_wrapper\">\n\t<div class=\"wpb_text_column wpb_content_element  expand-bottom-C1 accent3\" >\n\t\t<div class=\"wpb_wrapper\">\n\t\t\t<div class=\"text-wrap\">\n<h4 style=\"text-align: center;\">P\u00f3ngase en contacto con un abogado<\/h4>\n<div class=\"hider-text\">\n<p style=\"text-align: center;\">para analizar sus opciones legales y evitar errores que puedan perjudicar su caso.<\/p>\n<\/div>\n<p class=\"hider-toggle\" style=\"text-align: center;\">Pulsa para ampliar<\/p>\n<\/div>\n\n\t\t<\/div>\n\t<\/div>\n<\/div><\/div><\/div><\/div><\/div><\/div><\/div><\/div><\/div><\/section><div class=\"vc_row wpb_row cta-row accent3 vc_custom_1763574042870\"><div class=\"container\"><div class=\"wpb_column vc_column_container vc_col-sm-12\"><div class=\"vc_column-inner\"><div class=\"wpb_wrapper\">\n\t<div class=\"wpb_text_column wpb_content_element  wpb_animate_when_almost_visible wpb_slideInLeft slideInLeft mb0\" >\n\t\t<div class=\"wpb_wrapper\">\n\t\t\t<h2>Cada caso es nuestra misi\u00f3n personal<\/h2>\n<p><a class=\"btn-bt alternate\" href=\"\/es\/pongase-en-contacto-con\/\">Consulta gratuita<\/a><\/p>\n\n\t\t<\/div>\n\t<\/div>\n<\/div><\/div><\/div><\/div><\/div><div class=\"vc_row wpb_row inline-fifty reverse light2 vc_custom_1764955731271 vc_row-has-fill\"><div class=\"container\"><div class=\"vertical-align wpb_column vc_column_container vc_col-sm-6\"><div class=\"vc_column-inner\"><div class=\"wpb_wrapper\">\n\t<div class=\"wpb_text_column wpb_content_element  mb0-desktop\" >\n\t\t<div class=\"wpb_wrapper\">\n\t\t\t<p><img loading=\"lazy\" decoding=\"async\" class=\"aligncenter size-full wp-image-7626\" src=\"https:\/\/capfirmstg.webteam.ai\/wp-content\/uploads\/2025\/12\/CAP_client-and-lawyer-in-San-Diego.jpg\" alt=\"CAP_cliente y abogado en San Diego\" width=\"700\" height=\"590\" srcset=\"https:\/\/capfirmstg.webteam.ai\/wp-content\/uploads\/2025\/12\/CAP_client-and-lawyer-in-San-Diego.jpg 700w, https:\/\/capfirmstg.webteam.ai\/wp-content\/uploads\/2025\/12\/CAP_client-and-lawyer-in-San-Diego-300x253.jpg 300w\" sizes=\"auto, (max-width: 700px) 100vw, 700px\" \/><\/p>\n\n\t\t<\/div>\n\t<\/div>\n<\/div><\/div><\/div><div class=\"vertical-align wpb_column vc_column_container vc_col-sm-6\"><div class=\"vc_column-inner\"><div class=\"wpb_wrapper\">\n\t<div class=\"wpb_text_column wpb_content_element\" >\n\t\t<div class=\"wpb_wrapper\">\n\t\t\t<h2>El proceso de reclamaci\u00f3n por lesiones personales: desde la consulta hasta la indemnizaci\u00f3n<\/h2>\n<ol>\n<li><strong>Primera consulta:<\/strong> Te re\u00fanes con un abogado para hablar de lo que pas\u00f3 y analizar tus opciones legales.<\/li>\n<li><strong>Investigaci\u00f3n:<\/strong> Tu abogado recopila pruebas, habla con los testigos y revisa los informes.<\/li>\n<li><strong>Tratamiento m\u00e9dico:<\/strong> Usted recibe atenci\u00f3n m\u00e9dica mientras su abogado supervisa su evoluci\u00f3n y documenta sus lesiones.<\/li>\n<li><strong>Demanda y negociaci\u00f3n:<\/strong> Una vez que tu estado se estabilice, tu abogado enviar\u00e1 una reclamaci\u00f3n a la compa\u00f1\u00eda de seguros y negociar\u00e1 un acuerdo justo.<\/li>\n<li><strong>Acci\u00f3n judicial si fuera necesario:<\/strong> Si las negociaciones se estancan, su abogado podr\u00eda presentar una demanda y seguir luchando por conseguir el mejor resultado posible.<\/li>\n<\/ol>\n\n\t\t<\/div>\n\t<\/div>\n<\/div><\/div><\/div><\/div><\/div><section class=\"vc_section gradient1 small-height\"><div class=\"vc_row wpb_row gradient1 faq\"><div class=\"container\"><div class=\"wpb_column vc_column_container vc_col-sm-12\"><div class=\"vc_column-inner\"><div class=\"wpb_wrapper\">\n\t<div class=\"wpb_text_column wpb_content_element  mb0-desktop\" >\n\t\t<div class=\"wpb_wrapper\">\n\t\t\t<h2 style=\"text-align: center;\">Estatuto de limitaciones para reclamaciones por lesiones personales en California<\/h2>\n<p style=\"text-align: center;\">La mayor\u00eda de los casos de lesiones personales en California deben presentarse en un plazo de <strong>Si<\/strong> a partir de la fecha del accidente. Las reclamaciones que involucran a organismos gubernamentales tienen plazos a\u00fan m\u00e1s cortos. No respetar estos plazos puede impedir que obtenga una indemnizaci\u00f3n por da\u00f1os y perjuicios, por lo que es fundamental contar con asesoramiento legal desde el principio.<\/p>\n\n\t\t<\/div>\n\t<\/div>\n<\/div><\/div><\/div><\/div><\/div><\/section><div class=\"vc_row wpb_row blurb-row dark1\"><div class=\"container\"><div class=\"wpb_column vc_column_container vc_col-sm-12\"><div class=\"vc_column-inner\"><div class=\"wpb_wrapper\">\n\t<div class=\"wpb_text_column wpb_content_element  mb0\" >\n\t\t<div class=\"wpb_wrapper\">\n\t\t\t<h2 style=\"text-align: center;\">P\u00f3ngase en contacto hoy mismo con un abogado con experiencia en lesiones personales en San Bernardino<\/h2>\n<p style=\"text-align: center;\">Si ha sufrido lesiones debido a la negligencia de otra persona, merece contar con un abogado especializado en lesiones personales en San Bernardino que luche por usted. El bufete Capital Law Firm se enorgullece de prestar sus servicios a comunidades de todo el sur de California y est\u00e1 listo para ayudarle a seguir adelante con confianza.<\/p>\n<p style=\"text-align: center;\">Llame al (213) 818-7232 para hablar con un abogado especializado en lesiones personales en quien conf\u00edan los residentes de San Bernardino: \u00a1programe hoy mismo una consulta gratuita!<\/p>\n\n\t\t<\/div>\n\t<\/div>\n<\/div><\/div><\/div><\/div><\/div><style>@media(max-width:480px){.vc-boptions-69e84a87282ad{background-image:url('https:\/\/capfirmstg.webteam.ai\/wp-content\/uploads\/2025\/10\/Bottom-CTA-man-working-at-desk-mobile@2x.jpg')!important;background-size:cover!important;background-position:center top!important;}}@media(min-width:481px){.vc-boptions-69e84a87282ad{background-position:center top!important;}}.vc-boptions-69e84a87282ad{background-size:cover!important;}<\/style><div id=\"ContactRow\" class=\"vc_row wpb_row bottom-cta form-bottom-cta inline-fifty fifty-fifty vc_custom_1764953194297 vc_row-has-fill vc-boptions-69e84a87282ad\"><div class=\"container\"><div class=\"vertical-align wpb_column vc_column_container vc_col-sm-6\"><div class=\"vc_column-inner\"><div class=\"wpb_wrapper\">\n\t<div class=\"wpb_text_column wpb_content_element  mb0\" >\n\t\t<div class=\"wpb_wrapper\">\n\t\t\t<h3>P\u00d3NGASE EN CONTACTO CON EL BUFETE CAPITAL LAW HOY MISMO<\/h3>\n<h2>ESTAMOS AQU\u00cd<br \/>\nPARA GUIARTE<\/h2>\n<p><strong>Servimos en\u00e9rgicamente a las comunidades de toda el \u00e1rea metropolitana de Los \u00c1ngeles, incluidos el condado de Los \u00c1ngeles y el condado de Orange, as\u00ed como las zonas circundantes.<\/strong><\/p>\n\n\t\t<\/div>\n\t<\/div>\n<\/div><\/div><\/div><div class=\"wpb_column vc_column_container vc_col-sm-6\"><div class=\"vc_column-inner\"><div class=\"wpb_wrapper\">\n\t<div class=\"wpb_raw_code wpb_content_element wpb_raw_html\" >\n\t\t<div class=\"wpb_wrapper\">\n\t\t\t <script charset=\"utf-8\" type=\"text\/javascript\" src=\"\/\/js-na2.hsforms.net\/forms\/embed\/v2.js\"><\/script>\n<script>\n  hbspt.forms.create({\n    portalId: \"48855741\",\n    formId: \"d6ab3eea-eb20-4032-bc22-40679e6f2e02\",\n    region: \"na2\"\n  });\n<\/script>\n\t\t<\/div>\n\t<\/div>\n<\/div><\/div><\/div><\/div><\/div>\n<\/div>","protected":false},"excerpt":{"rendered":"Personal Injury Attorney in San Bernardino, CA When someone\u2019s negligence turns your life upside down, the physical pain is only part of the struggle. Medical bills, missed work, and constant uncertainty about what comes next can make the aftermath overwhelming. The Capital Law Firm helps injury victims in San Bernardino navigate this difficult period with [...]","protected":false},"author":3,"featured_media":0,"parent":7846,"menu_order":0,"comment_status":"closed","ping_status":"closed","template":"","meta":{"_acf_changed":false,"footnotes":""},"class_list":["post-7791","page","type-page","status-publish"],"acf":[],"aioseo_notices":[],"_links":{"self":[{"href":"https:\/\/capfirmstg.webteam.ai\/es\/wp-json\/wp\/v2\/pages\/7791","targetHints":{"allow":["GET"]}}],"collection":[{"href":"https:\/\/capfirmstg.webteam.ai\/es\/wp-json\/wp\/v2\/pages"}],"about":[{"href":"https:\/\/capfirmstg.webteam.ai\/es\/wp-json\/wp\/v2\/types\/page"}],"author":[{"embeddable":true,"href":"https:\/\/capfirmstg.webteam.ai\/es\/wp-json\/wp\/v2\/users\/3"}],"replies":[{"embeddable":true,"href":"https:\/\/capfirmstg.webteam.ai\/es\/wp-json\/wp\/v2\/comments?post=7791"}],"version-history":[{"count":3,"href":"https:\/\/capfirmstg.webteam.ai\/es\/wp-json\/wp\/v2\/pages\/7791\/revisions"}],"predecessor-version":[{"id":7794,"href":"https:\/\/capfirmstg.webteam.ai\/es\/wp-json\/wp\/v2\/pages\/7791\/revisions\/7794"}],"up":[{"embeddable":true,"href":"https:\/\/capfirmstg.webteam.ai\/es\/wp-json\/wp\/v2\/pages\/7846"}],"wp:attachment":[{"href":"https:\/\/capfirmstg.webteam.ai\/es\/wp-json\/wp\/v2\/media?parent=7791"}],"curies":[{"name":"wp","href":"https:\/\/api.w.org\/{rel}","templated":true}]}}