{"id":7654,"date":"2025-12-10T16:55:48","date_gmt":"2025-12-10T23:55:48","guid":{"rendered":"https:\/\/capfirm.com\/?page_id=7654"},"modified":"2026-02-05T14:05:05","modified_gmt":"2026-02-05T21:05:05","slug":"abogado-especializado-en-lesiones-personales-en-long-beach-california","status":"publish","type":"page","link":"https:\/\/capfirmstg.webteam.ai\/es\/cities-we-serve\/long-beach-ca-personal-injury-lawyer\/","title":{"rendered":"Abogado especializado en lesiones personales en Long Beach, California"},"content":{"rendered":"<div class=\"wpb-content-wrapper\"><div class=\"vc_row wpb_row hero-lg1 single-city vc_custom_1764962482107 vc_row-has-fill\"><div class=\"container\"><div class=\"vertical-align wpb_column vc_column_container vc_col-sm-12\"><div class=\"vc_column-inner\"><div class=\"wpb_wrapper\">\n\t<div class=\"wpb_text_column wpb_content_element  vc_custom_1770136560665\" >\n\t\t<div class=\"wpb_wrapper\">\n\t\t\t<h1 style=\"text-align: center;\">Abogado especializado en lesiones personales en Long Beach, California<\/h1>\n<p style=\"text-align: center; margin: 20px 0px;\">Cuando un accidente inesperado te cambia la vida, el camino hacia la recuperaci\u00f3n puede parecer incierto. Desde el bullicioso puerto de Long Beach hasta los tramos m\u00e1s transitados de la 405, los accidentes ocurren todos los d\u00edas, a menudo cuando menos te lo esperas. Si has resultado herido por la negligencia de otra persona, te mereces algo m\u00e1s que una disculpa. Te mereces justicia.<\/p>\n<p style=\"text-align: center; margin: 20px 0px;\">En The Capital Law Firm, nuestro equipo de profesionales ayuda a las v\u00edctimas de lesiones en todo el sur de California a obtener la indemnizaci\u00f3n que necesitan para recuperarse y seguir adelante con confianza.<\/p>\n<p style=\"text-align: center;\"><a class=\"btn-bt alternate\" href=\"\/es\/pongase-en-contacto-con\/\">Consulta gratuita<\/a><\/p>\n\n\t\t<\/div>\n\t<\/div>\n<\/div><\/div><\/div><\/div><\/div><section class=\"vc_section gradient1 small-height\"><div class=\"vc_row wpb_row gradient1 faq\"><div class=\"container\"><div class=\"wpb_column vc_column_container vc_col-sm-12\"><div class=\"vc_column-inner\"><div class=\"wpb_wrapper\">\n\t<div class=\"wpb_text_column wpb_content_element  mb0-desktop\" >\n\t\t<div class=\"wpb_wrapper\">\n\t\t\t<h2 style=\"text-align: center;\">Comprender la legislaci\u00f3n sobre lesiones personales en Long Beach, California<\/h2>\n<p style=\"text-align: center;\">El derecho de da\u00f1os personales abarca aquellas situaciones en las que una persona sufre da\u00f1os debido a la negligencia o la conducta indebida de otra persona. Ya sea un conductor que se salta un sem\u00e1foro en rojo, el propietario de un inmueble que no repara un peligro o un empleador que ignora las normas de seguridad, estas acciones pueden tener consecuencias devastadoras.<\/p>\n<p style=\"text-align: center;\">Un abogado con experiencia en lesiones personales en Long Beach puede ayudarte a comprender tus derechos legales, reunir las pruebas que necesitas y hacer que la parte culpable rinda cuentas conforme a la legislaci\u00f3n de California.<\/p>\n\n\t\t<\/div>\n\t<\/div>\n<\/div><\/div><\/div><\/div><\/div><\/section><div class=\"vc_row wpb_row inline-fifty vc_custom_1764952314635 vc_row-has-fill\"><div class=\"container\"><div class=\"vertical-align wpb_column vc_column_container vc_col-sm-6\"><div class=\"vc_column-inner\"><div class=\"wpb_wrapper\">\n\t<div class=\"wpb_text_column wpb_content_element\" >\n\t\t<div class=\"wpb_wrapper\">\n\t\t\t<h2 style=\"text-align: left;\">Tipos comunes de casos de lesiones personales que manejamos en Long Beach<\/h2>\n<p>No hay dos accidentes exactamente iguales, pero nuestro bufete cuenta con una amplia experiencia en una gran variedad de casos, entre los que se incluyen:<\/p>\n<hr \/>\n<p><strong>Accidentes entre autom\u00f3viles y camiones:<\/strong> Causados por conductores distra\u00eddos o imprudentes<\/p>\n<hr \/>\n<p><strong>Accidentes de motocicleta y bicicleta:<\/strong> Que impliquen lesiones graves.<\/p>\n<hr \/>\n<p><strong>Lesiones de peatones:<\/strong> En las concurridas calles y cruces peatonales de Long Beach.<\/p>\n<hr \/>\n<p><strong>Accidentes por resbalones, tropiezos y ca\u00eddas:<\/strong> Debido a las condiciones inseguras del inmueble.<\/p>\n<hr \/>\n<p><strong>Lesiones en el lugar de trabajo y en las obras de construcci\u00f3n:<\/strong> Incluida la negligencia de terceros.<\/p>\n<hr \/>\n<p><strong>Demandas por homicidio culposo:<\/strong> en nombre de las familias en duelo.<\/p>\n<hr \/>\n<p><a class=\"btn-bt alternate-blue\" href=\"\/es\/descripcion-general-de-la-empresa\/\">Qui\u00e9nes somos<\/a><\/p>\n\n\t\t<\/div>\n\t<\/div>\n<\/div><\/div><\/div><div class=\"vertical-align wpb_column vc_column_container vc_col-sm-6\"><div class=\"vc_column-inner\"><div class=\"wpb_wrapper\">\n\t<div class=\"wpb_text_column wpb_content_element\" >\n\t\t<div class=\"wpb_wrapper\">\n\t\t\t<p><img loading=\"lazy\" decoding=\"async\" class=\"aligncenter size-full wp-image-7245\" src=\"https:\/\/capfirmstg.webteam.ai\/wp-content\/uploads\/2025\/12\/a-group-photo-of-the-CAP-law-team-standing-in-front-of-a-window.jpg\" alt=\"Una foto grupal del equipo legal de CAP posando frente a una ventana.\" width=\"700\" height=\"590\" srcset=\"https:\/\/capfirmstg.webteam.ai\/wp-content\/uploads\/2025\/12\/a-group-photo-of-the-CAP-law-team-standing-in-front-of-a-window.jpg 700w, https:\/\/capfirmstg.webteam.ai\/wp-content\/uploads\/2025\/12\/a-group-photo-of-the-CAP-law-team-standing-in-front-of-a-window-300x253.jpg 300w\" sizes=\"auto, (max-width: 700px) 100vw, 700px\" \/><\/p>\n\n\t\t<\/div>\n\t<\/div>\n<\/div><\/div><\/div><\/div><\/div><section class=\"vc_section gradient1 small-height\"><div class=\"vc_row wpb_row gradient1 faq\"><div class=\"container\"><div class=\"wpb_column vc_column_container vc_col-sm-12\"><div class=\"vc_column-inner\"><div class=\"wpb_wrapper\">\n\t<div class=\"wpb_text_column wpb_content_element  mb0-desktop\" >\n\t\t<div class=\"wpb_wrapper\">\n\t\t\t<h2 style=\"text-align: center;\">\u00bfPor qu\u00e9 elegir The Capital Law Firm como su abogado especializado en lesiones personales en Long Beach?<\/h2>\n<p style=\"text-align: center;\">Elegir al abogado adecuado puede marcar la diferencia en tu indemnizaci\u00f3n. En The Capital Law Firm, los clientes trabajan directamente con profesionales que se preocupan de verdad por ellos. Ofrecemos:<\/p>\n<hr \/>\n<p style=\"text-align: center;\"><strong>Atenci\u00f3n personalizada y comunicaci\u00f3n clara durante todo el proceso<\/strong><\/p>\n<hr \/>\n<p style=\"text-align: center;\"><strong>Informaci\u00f3n privilegiada sobre las t\u00e1cticas de las compa\u00f1\u00edas de seguros para proteger tus derechos<\/strong><\/p>\n<hr \/>\n<p style=\"text-align: center;\"><strong>Acceso a m\u00e9dicos de primer nivel para un diagn\u00f3stico y un tratamiento precisos<\/strong><\/p>\n<hr \/>\n<p style=\"text-align: center;\"><strong>Resoluci\u00f3n m\u00e1s r\u00e1pida de los casos, gracias a un sistema jur\u00eddico a la vanguardia de la tecnolog\u00eda que garantiza un funcionamiento eficiente<\/strong><\/p>\n<hr \/>\n<p style=\"text-align: center;\">Atendemos a nuestros clientes tanto en ingl\u00e9s como en espa\u00f1ol y estamos disponibles las 24 horas del d\u00eda, los 7 d\u00edas de la semana, para atender su llamada.<\/p>\n\n\t\t<\/div>\n\t<\/div>\n<\/div><\/div><\/div><\/div><\/div><\/section><section class=\"vc_section small-height\"><div class=\"vc_row wpb_row blurb-row\"><div class=\"container\"><div class=\"wpb_column vc_column_container vc_col-sm-12\"><div class=\"vc_column-inner\"><div class=\"wpb_wrapper\">\n\t<div class=\"wpb_text_column wpb_content_element  mb0\" >\n\t\t<div class=\"wpb_wrapper\">\n\t\t\t<h2 style=\"text-align: center;\">Qu\u00e9 hacer tras un accidente con lesiones personales en Long Beach<\/h2>\n\n\t\t<\/div>\n\t<\/div>\n<div class=\"vc_row wpb_row vc_inner vc_row-fluid expandable-grid-C1\"><div class=\"wpb_column vc_column_container vc_col-sm-4\"><div class=\"vc_column-inner\"><div class=\"wpb_wrapper\">\n\t<div class=\"wpb_text_column wpb_content_element  expand-bottom-C1 accent3\" >\n\t\t<div class=\"wpb_wrapper\">\n\t\t\t<div class=\"text-wrap\">\n<h4 style=\"text-align: center;\"><strong>Busque atenci\u00f3n m\u00e9dica de inmediato<\/strong><\/h4>\n<div class=\"hider-text\">\n<p style=\"text-align: center;\">Aunque te sientas bien, lo mejor es que te examine un profesional.<\/p>\n<\/div>\n<p class=\"hider-toggle\" style=\"text-align: center;\">Pulsa para ampliar<\/p>\n<\/div>\n\n\t\t<\/div>\n\t<\/div>\n<\/div><\/div><\/div><div class=\"wpb_column vc_column_container vc_col-sm-4\"><div class=\"vc_column-inner\"><div class=\"wpb_wrapper\">\n\t<div class=\"wpb_text_column wpb_content_element  expand-bottom-C1 accent3\" >\n\t\t<div class=\"wpb_wrapper\">\n\t\t\t<div class=\"text-wrap\">\n<h4 style=\"text-align: center;\"><strong>Documenta todo<\/strong><\/h4>\n<div class=\"hider-text\">\n<p style=\"text-align: center;\">Toma fotos, anota los datos de contacto de los testigos y guarda tu historial m\u00e9dico.<\/p>\n<\/div>\n<p class=\"hider-toggle\" style=\"text-align: center;\">Pulsa para ampliar<\/p>\n<\/div>\n\n\t\t<\/div>\n\t<\/div>\n<\/div><\/div><\/div><div class=\"wpb_column vc_column_container vc_col-sm-4\"><div class=\"vc_column-inner\"><div class=\"wpb_wrapper\">\n\t<div class=\"wpb_text_column wpb_content_element  expand-bottom-C1 accent3\" >\n\t\t<div class=\"wpb_wrapper\">\n\t\t\t<div class=\"text-wrap\">\n<h4 style=\"text-align: center;\"><strong>Notificar el accidente<\/strong><\/h4>\n<div class=\"hider-text\">\n<p style=\"text-align: center;\">Avisa a la polic\u00eda, a tu empleador o al propietario, seg\u00fan la situaci\u00f3n.<\/p>\n<\/div>\n<p class=\"hider-toggle\" style=\"text-align: center;\">Pulsa para ampliar<\/p>\n<\/div>\n\n\t\t<\/div>\n\t<\/div>\n<\/div><\/div><\/div><\/div><div class=\"vc_row wpb_row vc_inner vc_row-fluid expandable-grid-C1\"><div class=\"wpb_column vc_column_container vc_col-sm-6\"><div class=\"vc_column-inner\"><div class=\"wpb_wrapper\">\n\t<div class=\"wpb_text_column wpb_content_element  expand-bottom-C1 accent3\" >\n\t\t<div class=\"wpb_wrapper\">\n\t\t\t<div class=\"text-wrap\">\n<h4 style=\"text-align: center;\"><strong>Evita hablar con la compa\u00f1\u00eda de seguros<\/strong><\/h4>\n<div class=\"hider-text\">\n<p style=\"text-align: center;\">Antes de contratar a un abogado.<\/p>\n<\/div>\n<p class=\"hider-toggle\" style=\"text-align: center;\">Pulsa para ampliar<\/p>\n<\/div>\n\n\t\t<\/div>\n\t<\/div>\n<\/div><\/div><\/div><div class=\"wpb_column vc_column_container vc_col-sm-6\"><div class=\"vc_column-inner\"><div class=\"wpb_wrapper\">\n\t<div class=\"wpb_text_column wpb_content_element  expand-bottom-C1 accent3\" >\n\t\t<div class=\"wpb_wrapper\">\n\t\t\t<div class=\"text-wrap\">\n<h4 style=\"text-align: center;\"><strong>Llame al bufete de abogados The Capital<\/strong><\/h4>\n<div class=\"hider-text\">\n<p style=\"text-align: center;\">Nuestros abogados pueden intervenir de inmediato para proteger su reclamaci\u00f3n.<\/p>\n<\/div>\n<p class=\"hider-toggle\" style=\"text-align: center;\">Pulsa para ampliar<\/p>\n<\/div>\n\n\t\t<\/div>\n\t<\/div>\n<\/div><\/div><\/div><\/div><\/div><\/div><\/div><\/div><\/div><\/section><div class=\"vc_row wpb_row cta-row accent3 vc_custom_1763574042870\"><div class=\"container\"><div class=\"wpb_column vc_column_container vc_col-sm-12\"><div class=\"vc_column-inner\"><div class=\"wpb_wrapper\">\n\t<div class=\"wpb_text_column wpb_content_element  wpb_animate_when_almost_visible wpb_slideInLeft slideInLeft mb0\" >\n\t\t<div class=\"wpb_wrapper\">\n\t\t\t<h2>Cada caso es nuestra misi\u00f3n personal<\/h2>\n<p><a class=\"btn-bt alternate\" href=\"\/es\/pongase-en-contacto-con\/\">Consulta gratuita<\/a><\/p>\n\n\t\t<\/div>\n\t<\/div>\n<\/div><\/div><\/div><\/div><\/div><div class=\"vc_row wpb_row inline-fifty reverse light2 vc_custom_1764955731271 vc_row-has-fill\"><div class=\"container\"><div class=\"vertical-align wpb_column vc_column_container vc_col-sm-6\"><div class=\"vc_column-inner\"><div class=\"wpb_wrapper\">\n\t<div class=\"wpb_text_column wpb_content_element  mb0-desktop\" >\n\t\t<div class=\"wpb_wrapper\">\n\t\t\t<p><img loading=\"lazy\" decoding=\"async\" class=\"aligncenter size-full wp-image-7661\" src=\"https:\/\/capfirmstg.webteam.ai\/wp-content\/uploads\/2025\/12\/CAP_professional-woman-at-desk-in-Long-Beach.jpg\" alt=\"CAP_mujer profesional en su escritorio en Long Beach\" width=\"700\" height=\"590\" srcset=\"https:\/\/capfirmstg.webteam.ai\/wp-content\/uploads\/2025\/12\/CAP_professional-woman-at-desk-in-Long-Beach.jpg 700w, https:\/\/capfirmstg.webteam.ai\/wp-content\/uploads\/2025\/12\/CAP_professional-woman-at-desk-in-Long-Beach-300x253.jpg 300w\" sizes=\"auto, (max-width: 700px) 100vw, 700px\" \/><\/p>\n\n\t\t<\/div>\n\t<\/div>\n<\/div><\/div><\/div><div class=\"vertical-align wpb_column vc_column_container vc_col-sm-6\"><div class=\"vc_column-inner\"><div class=\"wpb_wrapper\">\n\t<div class=\"wpb_text_column wpb_content_element\" >\n\t\t<div class=\"wpb_wrapper\">\n\t\t\t<h2>El proceso de reclamaci\u00f3n por lesiones personales: desde la consulta hasta la indemnizaci\u00f3n<\/h2>\n<p>Tras su consulta gratuita, nuestro equipo investiga el accidente, colabora con expertos para determinar la responsabilidad y calcula el valor total de sus da\u00f1os, desde los gastos m\u00e9dicos hasta la p\u00e9rdida de ingresos y el da\u00f1o moral. Nos encargamos de las negociaciones con las aseguradoras y, si es necesario, iniciamos acciones legales para conseguir el resultado que usted se merece.<\/p>\n\n\t\t<\/div>\n\t<\/div>\n<\/div><\/div><\/div><\/div><\/div><section class=\"vc_section gradient1 small-height\"><div class=\"vc_row wpb_row gradient1 faq\"><div class=\"container\"><div class=\"wpb_column vc_column_container vc_col-sm-12\"><div class=\"vc_column-inner\"><div class=\"wpb_wrapper\">\n\t<div class=\"wpb_text_column wpb_content_element  mb0-desktop\" >\n\t\t<div class=\"wpb_wrapper\">\n\t\t\t<h2 style=\"text-align: center;\">Estatuto de limitaciones para reclamaciones por lesiones personales en California<\/h2>\n<p style=\"text-align: center;\">En la mayor\u00eda de los casos en California, tienes dos a\u00f1os a partir de la fecha de la lesi\u00f3n para presentar una demanda. Sin embargo, las demandas que involucran a entidades gubernamentales, como bienes p\u00fablicos o veh\u00edculos municipales, deben presentarse en un plazo de seis meses. Actuar con rapidez garantiza que se protejan tus derechos y se conserven las pruebas.<\/p>\n\n\t\t<\/div>\n\t<\/div>\n<\/div><\/div><\/div><\/div><\/div><\/section><div class=\"vc_row wpb_row blurb-row dark1\"><div class=\"container\"><div class=\"wpb_column vc_column_container vc_col-sm-12\"><div class=\"vc_column-inner\"><div class=\"wpb_wrapper\">\n\t<div class=\"wpb_text_column wpb_content_element  mb0\" >\n\t\t<div class=\"wpb_wrapper\">\n\t\t\t<h2 style=\"text-align: center;\">P\u00f3ngase en contacto hoy mismo con un abogado con experiencia en lesiones personales en Long Beach<\/h2>\n<p style=\"text-align: center;\">Si ha sufrido una lesi\u00f3n en Long Beach, no se enfrente solo a las compa\u00f1\u00edas de seguros. Deje que The Capital Law Firm luche por usted. Nuestros abogados se enorgullecen de representar a clientes de toda California, logrando resultados con integridad, compasi\u00f3n y compromiso.<\/p>\n<p style=\"text-align: center;\">Llame hoy mismo al (213) 818-7232 para una consulta gratuita y confidencial.<\/p>\n\n\t\t<\/div>\n\t<\/div>\n<\/div><\/div><\/div><\/div><\/div><style>@media(max-width:480px){.vc-boptions-69e84a90715ab{background-image:url('https:\/\/capfirmstg.webteam.ai\/wp-content\/uploads\/2025\/10\/Bottom-CTA-man-working-at-desk-mobile@2x.jpg')!important;background-size:cover!important;background-position:center top!important;}}@media(min-width:481px){.vc-boptions-69e84a90715ab{background-position:center top!important;}}.vc-boptions-69e84a90715ab{background-size:cover!important;}<\/style><div id=\"ContactRow\" class=\"vc_row wpb_row bottom-cta form-bottom-cta inline-fifty fifty-fifty vc_custom_1764953194297 vc_row-has-fill vc-boptions-69e84a90715ab\"><div class=\"container\"><div class=\"vertical-align wpb_column vc_column_container vc_col-sm-6\"><div class=\"vc_column-inner\"><div class=\"wpb_wrapper\">\n\t<div class=\"wpb_text_column wpb_content_element  mb0\" >\n\t\t<div class=\"wpb_wrapper\">\n\t\t\t<h3>P\u00d3NGASE EN CONTACTO CON EL BUFETE CAPITAL LAW HOY MISMO<\/h3>\n<h2>ESTAMOS AQU\u00cd<br \/>\nPARA GUIARTE<\/h2>\n<p><strong>Servimos en\u00e9rgicamente a las comunidades de toda el \u00e1rea metropolitana de Los \u00c1ngeles, incluidos el condado de Los \u00c1ngeles y el condado de Orange, as\u00ed como las zonas circundantes.<\/strong><\/p>\n\n\t\t<\/div>\n\t<\/div>\n<\/div><\/div><\/div><div class=\"wpb_column vc_column_container vc_col-sm-6\"><div class=\"vc_column-inner\"><div class=\"wpb_wrapper\">\n\t<div class=\"wpb_raw_code wpb_content_element wpb_raw_html\" >\n\t\t<div class=\"wpb_wrapper\">\n\t\t\t <script charset=\"utf-8\" type=\"text\/javascript\" src=\"\/\/js-na2.hsforms.net\/forms\/embed\/v2.js\"><\/script>\n<script>\n  hbspt.forms.create({\n    portalId: \"48855741\",\n    formId: \"d6ab3eea-eb20-4032-bc22-40679e6f2e02\",\n    region: \"na2\"\n  });\n<\/script>\n\t\t<\/div>\n\t<\/div>\n<\/div><\/div><\/div><\/div><\/div>\n<\/div>","protected":false},"excerpt":{"rendered":"Personal Injury Attorney in Long Beach, CA When an unexpected accident changes your life, the road to recovery can feel uncertain. From the bustling Port of Long Beach to busy stretches of the 405, accidents happen every day, often when you least expect them. If you\u2019ve been hurt because someone else was careless, you deserve [...]","protected":false},"author":1,"featured_media":0,"parent":7846,"menu_order":0,"comment_status":"closed","ping_status":"closed","template":"","meta":{"_acf_changed":false,"footnotes":""},"class_list":["post-7654","page","type-page","status-publish"],"acf":[],"aioseo_notices":[],"_links":{"self":[{"href":"https:\/\/capfirmstg.webteam.ai\/es\/wp-json\/wp\/v2\/pages\/7654","targetHints":{"allow":["GET"]}}],"collection":[{"href":"https:\/\/capfirmstg.webteam.ai\/es\/wp-json\/wp\/v2\/pages"}],"about":[{"href":"https:\/\/capfirmstg.webteam.ai\/es\/wp-json\/wp\/v2\/types\/page"}],"author":[{"embeddable":true,"href":"https:\/\/capfirmstg.webteam.ai\/es\/wp-json\/wp\/v2\/users\/1"}],"replies":[{"embeddable":true,"href":"https:\/\/capfirmstg.webteam.ai\/es\/wp-json\/wp\/v2\/comments?post=7654"}],"version-history":[{"count":11,"href":"https:\/\/capfirmstg.webteam.ai\/es\/wp-json\/wp\/v2\/pages\/7654\/revisions"}],"predecessor-version":[{"id":7776,"href":"https:\/\/capfirmstg.webteam.ai\/es\/wp-json\/wp\/v2\/pages\/7654\/revisions\/7776"}],"up":[{"embeddable":true,"href":"https:\/\/capfirmstg.webteam.ai\/es\/wp-json\/wp\/v2\/pages\/7846"}],"wp:attachment":[{"href":"https:\/\/capfirmstg.webteam.ai\/es\/wp-json\/wp\/v2\/media?parent=7654"}],"curies":[{"name":"wp","href":"https:\/\/api.w.org\/{rel}","templated":true}]}}