{"id":7641,"date":"2025-12-10T16:24:20","date_gmt":"2025-12-10T23:24:20","guid":{"rendered":"https:\/\/capfirm.com\/?page_id=7641"},"modified":"2026-02-05T14:03:17","modified_gmt":"2026-02-05T21:03:17","slug":"abogado-especializado-en-lesiones-personales-en-riverside-california","status":"publish","type":"page","link":"https:\/\/capfirmstg.webteam.ai\/es\/cities-we-serve\/riverside-ca-personal-injury-lawyer\/","title":{"rendered":"Abogado especializado en lesiones personales en Riverside, California"},"content":{"rendered":"<div class=\"wpb-content-wrapper\"><div class=\"vc_row wpb_row hero-lg1 single-city vc_custom_1764962482107 vc_row-has-fill\"><div class=\"container\"><div class=\"vertical-align wpb_column vc_column_container vc_col-sm-12\"><div class=\"vc_column-inner\"><div class=\"wpb_wrapper\">\n\t<div class=\"wpb_text_column wpb_content_element  vc_custom_1770135882335\" >\n\t\t<div class=\"wpb_wrapper\">\n\t\t\t<h1 style=\"text-align: center;\">Abogado especializado en lesiones personales en Riverside, California<\/h1>\n<p style=\"text-align: center; margin: 20px 0px;\">Si ha sufrido lesiones en un accidente en Riverside, California, es posible que se enfrente a gastos m\u00e9dicos, a la p\u00e9rdida de ingresos por no poder trabajar y a un dolor persistente que le impide llevar una vida normal. En estos momentos tan dif\u00edciles, se merece algo m\u00e1s que la oferta a la baja de una compa\u00f1\u00eda de seguros: se merece un defensor que conozca el sistema y luche por su recuperaci\u00f3n.<\/p>\n<p style=\"text-align: center;\"><a class=\"btn-bt alternate\" href=\"\/es\/pongase-en-contacto-con\/\">Consulta gratuita<\/a><\/p>\n\n\t\t<\/div>\n\t<\/div>\n<\/div><\/div><\/div><\/div><\/div><section class=\"vc_section gradient1 small-height\"><div class=\"vc_row wpb_row gradient1 faq\"><div class=\"container\"><div class=\"wpb_column vc_column_container vc_col-sm-12\"><div class=\"vc_column-inner\"><div class=\"wpb_wrapper\">\n\t<div class=\"wpb_text_column wpb_content_element  mb0-desktop\" >\n\t\t<div class=\"wpb_wrapper\">\n\t\t\t<h2 style=\"text-align: center;\">Comprender la legislaci\u00f3n sobre lesiones personales en Riverside, California<\/h2>\n<p style=\"text-align: center;\">La legislaci\u00f3n sobre lesiones personales permite a las v\u00edctimas reclamar una indemnizaci\u00f3n cuando la negligencia o las acciones il\u00edcitas de otra persona les causan da\u00f1os. Ya sea por un accidente automovil\u00edstico, un resbal\u00f3n y ca\u00edda o un accidente laboral, la ley de California le otorga el derecho a obtener una indemnizaci\u00f3n por las p\u00e9rdidas tanto econ\u00f3micas como emocionales. Dado que cada caso es diferente, es importante contar con un abogado con experiencia en lesiones personales en Riverside, California, que sepa c\u00f3mo demostrar la culpa y maximizar su reclamaci\u00f3n de acuerdo con la legislaci\u00f3n estatal.<\/p>\n\n\t\t<\/div>\n\t<\/div>\n<\/div><\/div><\/div><\/div><\/div><\/section><div class=\"vc_row wpb_row inline-fifty vc_custom_1764952314635 vc_row-has-fill\"><div class=\"container\"><div class=\"vertical-align wpb_column vc_column_container vc_col-sm-6\"><div class=\"vc_column-inner\"><div class=\"wpb_wrapper\">\n\t<div class=\"wpb_text_column wpb_content_element\" >\n\t\t<div class=\"wpb_wrapper\">\n\t\t\t<h2 style=\"text-align: left;\">Tipos comunes de casos de lesiones personales que manejamos en Riverside<\/h2>\n<p>Nuestro equipo se encarga de una amplia variedad de casos de lesiones personales en Riverside, entre los que se incluyen:<\/p>\n<hr \/>\n<p><strong>Accidentes de autom\u00f3vil y motocicleta:<\/strong> Causados por conductores distra\u00eddos o imprudentes.<\/p>\n<hr \/>\n<p><strong>Accidentes entre camiones y veh\u00edculos de transporte compartido:<\/strong> Incluidos los accidentes de Uber, Lyft y veh\u00edculos de reparto.<\/p>\n<hr \/>\n<p><strong>Lesiones de peatones y ciclistas:<\/strong> en las que est\u00e1n implicados conductores negligentes.<\/p>\n<hr \/>\n<p><strong>Casos de resbalones y ca\u00eddas o de responsabilidad civil por las instalaciones:<\/strong> Debido a las condiciones inseguras del inmueble.<\/p>\n<hr \/>\n<p><strong>Lesiones en el lugar de trabajo y en las obras de construcci\u00f3n:<\/strong> Incluidas las reclamaciones de terceros.<\/p>\n<hr \/>\n<p><strong>Demandas por homicidio culposo:<\/strong> En nombre de las familias que han perdido a sus seres queridos.<\/p>\n<hr \/>\n<p>Desde el centro de Riverside hasta las comunidades vecinas, nuestro bufete se dedica a ayudar a las v\u00edctimas a reconstruir sus vidas tras sufrir lesiones graves.<br \/>\n<a class=\"btn-bt alternate-blue\" href=\"\/es\/descripcion-general-de-la-empresa\/\">Qui\u00e9nes somos<\/a><\/p>\n\n\t\t<\/div>\n\t<\/div>\n<\/div><\/div><\/div><div class=\"vertical-align wpb_column vc_column_container vc_col-sm-6\"><div class=\"vc_column-inner\"><div class=\"wpb_wrapper\">\n\t<div class=\"wpb_text_column wpb_content_element\" >\n\t\t<div class=\"wpb_wrapper\">\n\t\t\t<p><img loading=\"lazy\" decoding=\"async\" class=\"aligncenter size-full wp-image-7245\" src=\"https:\/\/capfirmstg.webteam.ai\/wp-content\/uploads\/2025\/12\/a-group-photo-of-the-CAP-law-team-standing-in-front-of-a-window.jpg\" alt=\"Una foto grupal del equipo legal de CAP posando frente a una ventana.\" width=\"700\" height=\"590\" srcset=\"https:\/\/capfirmstg.webteam.ai\/wp-content\/uploads\/2025\/12\/a-group-photo-of-the-CAP-law-team-standing-in-front-of-a-window.jpg 700w, https:\/\/capfirmstg.webteam.ai\/wp-content\/uploads\/2025\/12\/a-group-photo-of-the-CAP-law-team-standing-in-front-of-a-window-300x253.jpg 300w\" sizes=\"auto, (max-width: 700px) 100vw, 700px\" \/><\/p>\n\n\t\t<\/div>\n\t<\/div>\n<\/div><\/div><\/div><\/div><\/div><section class=\"vc_section gradient1 small-height\"><div class=\"vc_row wpb_row gradient1 faq\"><div class=\"container\"><div class=\"wpb_column vc_column_container vc_col-sm-12\"><div class=\"vc_column-inner\"><div class=\"wpb_wrapper\">\n\t<div class=\"wpb_text_column wpb_content_element  mb0-desktop\" >\n\t\t<div class=\"wpb_wrapper\">\n\t\t\t<h2 style=\"text-align: center;\">\u00bfPor qu\u00e9 elegir The Capital Law Firm como su bufete de abogados especializado en lesiones personales en Riverside?<\/h2>\n<p style=\"text-align: center;\">Al elegir The Capital Law Firm, est\u00e1 eligiendo un equipo reconocido por sus resultados. Ofrecemos:<\/p>\n<hr \/>\n<p style=\"text-align: center;\"><strong>Atenci\u00f3n personalizada por parte de abogados que se toman el tiempo necesario para comprender su situaci\u00f3n<\/strong><\/p>\n<hr \/>\n<p style=\"text-align: center;\"><strong>Informaci\u00f3n privilegiada sobre las t\u00e1cticas de las compa\u00f1\u00edas de seguros para contrarrestar los acuerdos por importes bajos<\/strong><\/p>\n<hr \/>\n<p style=\"text-align: center;\"><strong>Acceso a m\u00e9dicos de primer nivel para la evaluaci\u00f3n y documentaci\u00f3n de lesiones<\/strong><\/p>\n<hr \/>\n<p style=\"text-align: center;\"><strong>Plazos de resoluci\u00f3n de casos m\u00e1s cortos, gracias a una gesti\u00f3n de casos eficiente y con tecnolog\u00eda de vanguardia<\/strong><\/p>\n<hr \/>\n<p style=\"text-align: center;\">Nuestro objetivo es sencillo: ocuparnos de todos los detalles para que usted pueda centrarse en su recuperaci\u00f3n mientras nosotros luchamos por conseguir la indemnizaci\u00f3n que se merece.<\/p>\n\n\t\t<\/div>\n\t<\/div>\n<\/div><\/div><\/div><\/div><\/div><\/section><section class=\"vc_section small-height\"><div class=\"vc_row wpb_row blurb-row\"><div class=\"container\"><div class=\"wpb_column vc_column_container vc_col-sm-12\"><div class=\"vc_column-inner\"><div class=\"wpb_wrapper\">\n\t<div class=\"wpb_text_column wpb_content_element  wpb_animate_when_almost_visible wpb_slideInUp slideInUp mb0\" >\n\t\t<div class=\"wpb_wrapper\">\n\t\t\t<h2 style=\"text-align: center;\">Qu\u00e9 hacer tras sufrir un accidente con lesiones personales en Riverside<\/h2>\n\n\t\t<\/div>\n\t<\/div>\n<div class=\"vc_row wpb_row vc_inner vc_row-fluid expandable-grid-C1\"><div class=\"wpb_column vc_column_container vc_col-sm-4\"><div class=\"vc_column-inner\"><div class=\"wpb_wrapper\">\n\t<div class=\"wpb_text_column wpb_content_element  expand-bottom-C1 accent3\" >\n\t\t<div class=\"wpb_wrapper\">\n\t\t\t<div class=\"text-wrap\">\n<h4 style=\"text-align: center;\"><strong>Busque atenci\u00f3n m\u00e9dica de inmediato<\/strong><\/h4>\n<div class=\"hider-text\">\n<p style=\"text-align: center;\">Incluso un dolor leve puede indicar una lesi\u00f3n grave.<\/p>\n<\/div>\n<p class=\"hider-toggle\" style=\"text-align: center;\">Pulsa para ampliar<\/p>\n<\/div>\n\n\t\t<\/div>\n\t<\/div>\n<\/div><\/div><\/div><div class=\"wpb_column vc_column_container vc_col-sm-4\"><div class=\"vc_column-inner\"><div class=\"wpb_wrapper\">\n\t<div class=\"wpb_text_column wpb_content_element  expand-bottom-C1 accent3\" >\n\t\t<div class=\"wpb_wrapper\">\n\t\t\t<div class=\"text-wrap\">\n<h4 style=\"text-align: center;\"><strong>Informar del incidente<\/strong><\/h4>\n<div class=\"hider-text\">\n<p style=\"text-align: center;\">Ya sea a la polic\u00eda, a tu empleador o al propietario.<\/p>\n<\/div>\n<p class=\"hider-toggle\" style=\"text-align: center;\">Pulsa para ampliar<\/p>\n<\/div>\n\n\t\t<\/div>\n\t<\/div>\n<\/div><\/div><\/div><div class=\"wpb_column vc_column_container vc_col-sm-4\"><div class=\"vc_column-inner\"><div class=\"wpb_wrapper\">\n\t<div class=\"wpb_text_column wpb_content_element  expand-bottom-C1 accent3\" >\n\t\t<div class=\"wpb_wrapper\">\n\t\t\t<div class=\"text-wrap\">\n<h4 style=\"text-align: center;\"><strong>Pruebas documentales<\/strong><\/h4>\n<div class=\"hider-text\">\n<p style=\"text-align: center;\">Toma fotos, anota los nombres de los testigos y guarda todos los documentos relacionados.<\/p>\n<\/div>\n<p class=\"hider-toggle\" style=\"text-align: center;\">Pulsa para ampliar<\/p>\n<\/div>\n\n\t\t<\/div>\n\t<\/div>\n<\/div><\/div><\/div><\/div><div class=\"vc_row wpb_row vc_inner vc_row-fluid expandable-grid-C1\"><div class=\"wpb_column vc_column_container vc_col-sm-6\"><div class=\"vc_column-inner\"><div class=\"wpb_wrapper\">\n\t<div class=\"wpb_text_column wpb_content_element  expand-bottom-C1 accent3\" >\n\t\t<div class=\"wpb_wrapper\">\n\t\t\t<div class=\"text-wrap\">\n<h4 style=\"text-align: center;\"><strong>Evita hablar con las aseguradoras<\/strong><\/h4>\n<div class=\"hider-text\">\n<p style=\"text-align: center;\">Antes de consultar a un abogado.<\/p>\n<\/div>\n<p class=\"hider-toggle\" style=\"text-align: center;\">Pulsa para ampliar<\/p>\n<\/div>\n\n\t\t<\/div>\n\t<\/div>\n<\/div><\/div><\/div><div class=\"wpb_column vc_column_container vc_col-sm-6\"><div class=\"vc_column-inner\"><div class=\"wpb_wrapper\">\n\t<div class=\"wpb_text_column wpb_content_element  expand-bottom-C1 accent3\" >\n\t\t<div class=\"wpb_wrapper\">\n\t\t\t<div class=\"text-wrap\">\n<h4 style=\"text-align: center;\"><strong>Llame al bufete de abogados The Capital <\/strong><\/h4>\n<div class=\"hider-text\">\n<p style=\"text-align: center;\">Para una consulta gratuita en la que podamos analizar los pr\u00f3ximos pasos a seguir.<\/p>\n<\/div>\n<p class=\"hider-toggle\" style=\"text-align: center;\">Pulsa para ampliar<\/p>\n<\/div>\n\n\t\t<\/div>\n\t<\/div>\n<\/div><\/div><\/div><\/div><\/div><\/div><\/div><\/div><\/div><\/section><div class=\"vc_row wpb_row cta-row accent3 vc_custom_1763574042870\"><div class=\"container\"><div class=\"wpb_column vc_column_container vc_col-sm-12\"><div class=\"vc_column-inner\"><div class=\"wpb_wrapper\">\n\t<div class=\"wpb_text_column wpb_content_element  wpb_animate_when_almost_visible wpb_slideInLeft slideInLeft mb0\" >\n\t\t<div class=\"wpb_wrapper\">\n\t\t\t<h2>Cada caso es nuestra misi\u00f3n personal<\/h2>\n<p><a class=\"btn-bt alternate\" href=\"\/es\/pongase-en-contacto-con\/\">Consulta gratuita<\/a><\/p>\n\n\t\t<\/div>\n\t<\/div>\n<\/div><\/div><\/div><\/div><\/div><div class=\"vc_row wpb_row inline-fifty reverse light2 vc_custom_1764955731271 vc_row-has-fill\"><div class=\"container\"><div class=\"vertical-align wpb_column vc_column_container vc_col-sm-6\"><div class=\"vc_column-inner\"><div class=\"wpb_wrapper\">\n\t<div class=\"wpb_text_column wpb_content_element  mb0-desktop\" >\n\t\t<div class=\"wpb_wrapper\">\n\t\t\t<p><img loading=\"lazy\" decoding=\"async\" class=\"aligncenter size-full wp-image-7651\" src=\"https:\/\/capfirmstg.webteam.ai\/wp-content\/uploads\/2025\/12\/CAP_Candid_professional-woman-at-desk-Riverside.jpg\" alt=\"CAP_Mujer profesional sentada en su escritorio en Riverside\" width=\"700\" height=\"590\" srcset=\"https:\/\/capfirmstg.webteam.ai\/wp-content\/uploads\/2025\/12\/CAP_Candid_professional-woman-at-desk-Riverside.jpg 700w, https:\/\/capfirmstg.webteam.ai\/wp-content\/uploads\/2025\/12\/CAP_Candid_professional-woman-at-desk-Riverside-300x253.jpg 300w\" sizes=\"auto, (max-width: 700px) 100vw, 700px\" \/><\/p>\n\n\t\t<\/div>\n\t<\/div>\n<\/div><\/div><\/div><div class=\"vertical-align wpb_column vc_column_container vc_col-sm-6\"><div class=\"vc_column-inner\"><div class=\"wpb_wrapper\">\n\t<div class=\"wpb_text_column wpb_content_element\" >\n\t\t<div class=\"wpb_wrapper\">\n\t\t\t<h2>El proceso de reclamaci\u00f3n por lesiones personales: desde la consulta hasta la indemnizaci\u00f3n<\/h2>\n<p>Tras la evaluaci\u00f3n gratuita de su caso, nuestro equipo investiga el accidente, recopila pruebas, consulta a expertos m\u00e9dicos y calcula el valor total de su reclamaci\u00f3n. Nos encargamos de las negociaciones con las compa\u00f1\u00edas de seguros y, si estas se niegan a ofrecer un acuerdo justo, estamos preparados para llevar su caso a los tribunales.<\/p>\n<p>A lo largo de todo el proceso, estar\u00e1s informado, recibir\u00e1s apoyo y estar\u00e1s protegido en cada paso del camino.<\/p>\n\n\t\t<\/div>\n\t<\/div>\n<\/div><\/div><\/div><\/div><\/div><section class=\"vc_section gradient1 small-height\"><div class=\"vc_row wpb_row gradient1 faq\"><div class=\"container\"><div class=\"wpb_column vc_column_container vc_col-sm-12\"><div class=\"vc_column-inner\"><div class=\"wpb_wrapper\">\n\t<div class=\"wpb_text_column wpb_content_element  mb0-desktop\" >\n\t\t<div class=\"wpb_wrapper\">\n\t\t\t<h2 style=\"text-align: center;\">Estatuto de limitaciones para reclamaciones por lesiones personales en California<\/h2>\n<p style=\"text-align: center;\">En la mayor\u00eda de los casos de lesiones personales en California, usted tiene <strong>Si<\/strong> a partir de la fecha de la lesi\u00f3n para presentar una reclamaci\u00f3n. Si la reclamaci\u00f3n involucra a una entidad gubernamental (como una propiedad p\u00fablica o un veh\u00edculo municipal), el plazo puede ser de tan solo <strong>seis meses<\/strong>. Si no respeta estos plazos, podr\u00eda perder para siempre su derecho a una indemnizaci\u00f3n, por lo que es fundamental que se ponga en contacto con un abogado lo antes posible.<\/p>\n\n\t\t<\/div>\n\t<\/div>\n<\/div><\/div><\/div><\/div><\/div><\/section><div class=\"vc_row wpb_row blurb-row dark1\"><div class=\"container\"><div class=\"wpb_column vc_column_container vc_col-sm-12\"><div class=\"vc_column-inner\"><div class=\"wpb_wrapper\">\n\t<div class=\"wpb_text_column wpb_content_element  mb0\" >\n\t\t<div class=\"wpb_wrapper\">\n\t\t\t<h2 style=\"text-align: center;\">P\u00f3ngase en contacto hoy mismo con un abogado con experiencia en lesiones personales en Riverside<\/h2>\n<p style=\"text-align: center;\">Si ha sufrido lesiones debido a la negligencia de otra persona, no tiene por qu\u00e9 enfrentarse solo al sistema legal. El bufete Capital Law Firm se enorgullece de prestar sus servicios en Riverside y a clientes de toda California, ofreciendo una orientaci\u00f3n comprensiva y una representaci\u00f3n en\u00e9rgica.<\/p>\n<p style=\"text-align: center;\">Llame a nuestra oficina al <a href=\"tel:213-818-7232\">(213) 818-7232<\/a> o cont\u00e1ctenos en l\u00ednea para una consulta gratuita con nuestros abogados de confianza especializados en lesiones personales en Riverside y d\u00e9 el primer paso para obtener la indemnizaci\u00f3n que se merece.<\/p>\n\n\t\t<\/div>\n\t<\/div>\n<\/div><\/div><\/div><\/div><\/div><style>@media(max-width:480px){.vc-boptions-69e84a8e49e17{background-image:url('https:\/\/capfirmstg.webteam.ai\/wp-content\/uploads\/2025\/10\/Bottom-CTA-man-working-at-desk-mobile@2x.jpg')!important;background-size:cover!important;background-position:center top!important;}}@media(min-width:481px){.vc-boptions-69e84a8e49e17{background-position:center top!important;}}.vc-boptions-69e84a8e49e17{background-size:cover!important;}<\/style><div id=\"ContactRow\" class=\"vc_row wpb_row bottom-cta form-bottom-cta inline-fifty fifty-fifty vc_custom_1764953194297 vc_row-has-fill vc-boptions-69e84a8e49e17\"><div class=\"container\"><div class=\"vertical-align wpb_column vc_column_container vc_col-sm-6\"><div class=\"vc_column-inner\"><div class=\"wpb_wrapper\">\n\t<div class=\"wpb_text_column wpb_content_element  mb0\" >\n\t\t<div class=\"wpb_wrapper\">\n\t\t\t<h3>P\u00d3NGASE EN CONTACTO CON EL BUFETE CAPITAL LAW HOY MISMO<\/h3>\n<h2>ESTAMOS AQU\u00cd<br \/>\nPARA GUIARTE<\/h2>\n<p><strong>Servimos en\u00e9rgicamente a las comunidades de toda el \u00e1rea metropolitana de Los \u00c1ngeles, incluidos el condado de Los \u00c1ngeles y el condado de Orange, as\u00ed como las zonas circundantes.<\/strong><\/p>\n\n\t\t<\/div>\n\t<\/div>\n<\/div><\/div><\/div><div class=\"wpb_column vc_column_container vc_col-sm-6\"><div class=\"vc_column-inner\"><div class=\"wpb_wrapper\">\n\t<div class=\"wpb_raw_code wpb_content_element wpb_raw_html\" >\n\t\t<div class=\"wpb_wrapper\">\n\t\t\t <script charset=\"utf-8\" type=\"text\/javascript\" src=\"\/\/js-na2.hsforms.net\/forms\/embed\/v2.js\"><\/script>\n<script>\n  hbspt.forms.create({\n    portalId: \"48855741\",\n    formId: \"d6ab3eea-eb20-4032-bc22-40679e6f2e02\",\n    region: \"na2\"\n  });\n<\/script>\n\t\t<\/div>\n\t<\/div>\n<\/div><\/div><\/div><\/div><\/div>\n<\/div>","protected":false},"excerpt":{"rendered":"Personal Injury Attorney in Riverside, CA If you\u2019ve been injured in an accident in Riverside, California, you may be facing medical bills, missed work, and ongoing pain that disrupts your daily life. During this stressful time, you deserve more than an insurance company\u2019s low offer - you deserve an advocate who understands the system and [...]","protected":false},"author":1,"featured_media":0,"parent":7846,"menu_order":0,"comment_status":"closed","ping_status":"closed","template":"","meta":{"_acf_changed":false,"footnotes":""},"class_list":["post-7641","page","type-page","status-publish"],"acf":[],"aioseo_notices":[],"_links":{"self":[{"href":"https:\/\/capfirmstg.webteam.ai\/es\/wp-json\/wp\/v2\/pages\/7641","targetHints":{"allow":["GET"]}}],"collection":[{"href":"https:\/\/capfirmstg.webteam.ai\/es\/wp-json\/wp\/v2\/pages"}],"about":[{"href":"https:\/\/capfirmstg.webteam.ai\/es\/wp-json\/wp\/v2\/types\/page"}],"author":[{"embeddable":true,"href":"https:\/\/capfirmstg.webteam.ai\/es\/wp-json\/wp\/v2\/users\/1"}],"replies":[{"embeddable":true,"href":"https:\/\/capfirmstg.webteam.ai\/es\/wp-json\/wp\/v2\/comments?post=7641"}],"version-history":[{"count":12,"href":"https:\/\/capfirmstg.webteam.ai\/es\/wp-json\/wp\/v2\/pages\/7641\/revisions"}],"predecessor-version":[{"id":7773,"href":"https:\/\/capfirmstg.webteam.ai\/es\/wp-json\/wp\/v2\/pages\/7641\/revisions\/7773"}],"up":[{"embeddable":true,"href":"https:\/\/capfirmstg.webteam.ai\/es\/wp-json\/wp\/v2\/pages\/7846"}],"wp:attachment":[{"href":"https:\/\/capfirmstg.webteam.ai\/es\/wp-json\/wp\/v2\/media?parent=7641"}],"curies":[{"name":"wp","href":"https:\/\/api.w.org\/{rel}","templated":true}]}}