{"id":7628,"date":"2025-12-10T14:27:28","date_gmt":"2025-12-10T21:27:28","guid":{"rendered":"https:\/\/capfirm.com\/?page_id=7628"},"modified":"2026-02-05T14:02:19","modified_gmt":"2026-02-05T21:02:19","slug":"abogado-especializado-en-lesiones-personales-en-irvine-california","status":"publish","type":"page","link":"https:\/\/capfirmstg.webteam.ai\/es\/cities-we-serve\/irvine-ca-personal-injury-lawyer\/","title":{"rendered":"Abogado especializado en lesiones personales en Irvine, California"},"content":{"rendered":"<div class=\"wpb-content-wrapper\"><div class=\"vc_row wpb_row hero-lg1 single-city vc_custom_1764962482107 vc_row-has-fill\"><div class=\"container\"><div class=\"vertical-align wpb_column vc_column_container vc_col-sm-12\"><div class=\"vc_column-inner\"><div class=\"wpb_wrapper\">\n\t<div class=\"wpb_text_column wpb_content_element  vc_custom_1770133290005\" >\n\t\t<div class=\"wpb_wrapper\">\n\t\t\t<h1 style=\"text-align: center;\">Abogado especializado en lesiones personales en Irvine, California<\/h1>\n<p style=\"text-align: center; margin: 20px 0px;\">Ya sea por un accidente automovil\u00edstico, un resbal\u00f3n y ca\u00edda o un incidente laboral, las secuelas de una lesi\u00f3n grave suelen traer consigo dolor f\u00edsico, estr\u00e9s emocional y cargas econ\u00f3micas inesperadas. Contar con un defensor legal de confianza de tu lado puede marcar la diferencia a la hora de obtener la indemnizaci\u00f3n que te mereces. Un abogado especializado en lesiones personales en Irvine, California, puede guiarte a trav\u00e9s del complejo proceso legal, proteger tus derechos y ayudarte a garantizar que tu reclamaci\u00f3n refleje el impacto total de tus lesiones.<\/p>\n<p style=\"text-align: center;\"><a class=\"btn-bt alternate\" href=\"\/es\/pongase-en-contacto-con\/\">Consulta gratuita<\/a><\/p>\n\n\t\t<\/div>\n\t<\/div>\n<\/div><\/div><\/div><\/div><\/div><section class=\"vc_section gradient1 small-height\"><div class=\"vc_row wpb_row gradient1 faq\"><div class=\"container\"><div class=\"wpb_column vc_column_container vc_col-sm-12\"><div class=\"vc_column-inner\"><div class=\"wpb_wrapper\">\n\t<div class=\"wpb_text_column wpb_content_element  mb0-desktop\" >\n\t\t<div class=\"wpb_wrapper\">\n\t\t\t<h2 style=\"text-align: center;\">Comprender la legislaci\u00f3n sobre lesiones personales en Irvine, California<\/h2>\n<p style=\"text-align: center;\">La legislaci\u00f3n sobre lesiones personales tiene por objeto proteger a las personas que han sufrido da\u00f1os como consecuencia de la negligencia, la imprudencia o los actos intencionales de otra persona. En California, una demanda por lesiones personales le permite reclamar una indemnizaci\u00f3n por los gastos m\u00e9dicos, la p\u00e9rdida de ingresos, el dolor y el sufrimiento, y otros da\u00f1os causados por el incidente.<\/p>\n<p style=\"text-align: center;\">Para gestionar estas reclamaciones es necesario comprender bien tanto las leyes estatales como los procedimientos de las aseguradoras, \u00e1mbitos en los que un abogado con experiencia ofrece una orientaci\u00f3n inestimable.<\/p>\n\n\t\t<\/div>\n\t<\/div>\n<\/div><\/div><\/div><\/div><\/div><\/section><div class=\"vc_row wpb_row inline-fifty vc_custom_1764952314635 vc_row-has-fill\"><div class=\"container\"><div class=\"vertical-align wpb_column vc_column_container vc_col-sm-6\"><div class=\"vc_column-inner\"><div class=\"wpb_wrapper\">\n\t<div class=\"wpb_text_column wpb_content_element\" >\n\t\t<div class=\"wpb_wrapper\">\n\t\t\t<h2 style=\"text-align: left;\">Tipos comunes de casos de lesiones personales que manejamos en Irvine<\/h2>\n<p>En Irvine, los casos de lesiones personales suelen referirse a situaciones como:<\/p>\n<hr \/>\n<p><strong>Accidentes automovil\u00edsticos:<\/strong> Choques con otros veh\u00edculos, incidentes relacionados con el transporte compartido o accidentes con peatones.<\/p>\n<hr \/>\n<p><strong>Accidentes por resbalones y ca\u00eddas:<\/strong> Lesiones causadas por condiciones inseguras en tiendas, oficinas o espacios p\u00fablicos.<\/p>\n<hr \/>\n<p><strong>Accidentes laborales:<\/strong> Accidentes laborales en los que influyen la negligencia del empleador o condiciones inseguras.<\/p>\n<hr \/>\n<p><strong>Negligencia m\u00e9dica:<\/strong> Da\u00f1os derivados de una atenci\u00f3n m\u00e9dica inadecuada o de errores m\u00e9dicos.<\/p>\n<hr \/>\n<p><strong>Responsabilidad por productos defectuosos:<\/strong> Lesiones causadas por productos defectuosos o inseguros.<\/p>\n<hr \/>\n<p>Cada caso es \u00fanico, y adaptamos nuestro enfoque para maximizar los resultados y minimizar el estr\u00e9s de nuestros clientes.<br \/>\n<a class=\"btn-bt alternate-blue\" href=\"\/es\/descripcion-general-de-la-empresa\/\">Qui\u00e9nes somos<\/a><\/p>\n\n\t\t<\/div>\n\t<\/div>\n<\/div><\/div><\/div><div class=\"vertical-align wpb_column vc_column_container vc_col-sm-6\"><div class=\"vc_column-inner\"><div class=\"wpb_wrapper\">\n\t<div class=\"wpb_text_column wpb_content_element\" >\n\t\t<div class=\"wpb_wrapper\">\n\t\t\t<p><img loading=\"lazy\" decoding=\"async\" class=\"aligncenter size-full wp-image-7245\" src=\"https:\/\/capfirmstg.webteam.ai\/wp-content\/uploads\/2025\/12\/a-group-photo-of-the-CAP-law-team-standing-in-front-of-a-window.jpg\" alt=\"Una foto grupal del equipo legal de CAP posando frente a una ventana.\" width=\"700\" height=\"590\" srcset=\"https:\/\/capfirmstg.webteam.ai\/wp-content\/uploads\/2025\/12\/a-group-photo-of-the-CAP-law-team-standing-in-front-of-a-window.jpg 700w, https:\/\/capfirmstg.webteam.ai\/wp-content\/uploads\/2025\/12\/a-group-photo-of-the-CAP-law-team-standing-in-front-of-a-window-300x253.jpg 300w\" sizes=\"auto, (max-width: 700px) 100vw, 700px\" \/><\/p>\n\n\t\t<\/div>\n\t<\/div>\n<\/div><\/div><\/div><\/div><\/div><section class=\"vc_section gradient1 small-height\"><div class=\"vc_row wpb_row gradient1 faq\"><div class=\"container\"><div class=\"wpb_column vc_column_container vc_col-sm-12\"><div class=\"vc_column-inner\"><div class=\"wpb_wrapper\">\n\t<div class=\"wpb_text_column wpb_content_element  mb0-desktop\" >\n\t\t<div class=\"wpb_wrapper\">\n\t\t\t<h2 style=\"text-align: center;\">\u00bfPor qu\u00e9 elegir un abogado especializado en lesiones personales en Irvine?<\/h2>\n<p style=\"text-align: center;\">Llevar adelante una demanda por lesiones personales por tu cuenta puede resultar abrumador. Las compa\u00f1\u00edas de seguros suelen intentar minimizar los pagos o cuestionar la legitimidad de las reclamaciones. Un abogado especializado en lesiones personales en Irvine te brinda un apoyo esencial al analizar tu caso, reunir pruebas, coordinarse con expertos m\u00e9dicos y negociar con las aseguradoras.<\/p>\n\n\t\t<\/div>\n\t<\/div>\n<\/div><\/div><\/div><\/div><\/div><\/section><section class=\"vc_section small-height\"><div class=\"vc_row wpb_row blurb-row\"><div class=\"container\"><div class=\"wpb_column vc_column_container vc_col-sm-12\"><div class=\"vc_column-inner\"><div class=\"wpb_wrapper\">\n\t<div class=\"wpb_text_column wpb_content_element  mb0\" >\n\t\t<div class=\"wpb_wrapper\">\n\t\t\t<h2 style=\"text-align: center;\">Qu\u00e9 hacer tras sufrir un accidente con lesiones personales en Irvine<\/h2>\n\n\t\t<\/div>\n\t<\/div>\n<div class=\"vc_row wpb_row vc_inner vc_row-fluid expandable-grid-C1\"><div class=\"wpb_column vc_column_container vc_col-sm-6\"><div class=\"vc_column-inner\"><div class=\"wpb_wrapper\">\n\t<div class=\"wpb_text_column wpb_content_element  expand-bottom-C1 accent3\" >\n\t\t<div class=\"wpb_wrapper\">\n\t\t\t<div class=\"text-wrap\">\n<h4 style=\"text-align: center;\"><strong>Inmediatamente despu\u00e9s de un accidente<\/strong><\/h4>\n<div class=\"hider-text\">\n<p style=\"text-align: center;\">Es importante que antepongas tu salud y tu seguridad. Busca atenci\u00f3n m\u00e9dica, documenta lo ocurrido y denuncia el incidente a las autoridades competentes si es necesario.<\/p>\n<\/div>\n<p class=\"hider-toggle\" style=\"text-align: center;\">Pulsa para ampliar<\/p>\n<\/div>\n\n\t\t<\/div>\n\t<\/div>\n<\/div><\/div><\/div><div class=\"wpb_column vc_column_container vc_col-sm-6\"><div class=\"vc_column-inner\"><div class=\"wpb_wrapper\">\n\t<div class=\"wpb_text_column wpb_content_element  expand-bottom-C1 accent3\" >\n\t\t<div class=\"wpb_wrapper\">\n\t\t\t<div class=\"text-wrap\">\n<h4 style=\"text-align: center;\"><strong>Evite hablar de su reclamaci\u00f3n con los representantes de la aseguradora antes de consultar a un abogado<\/strong><\/h4>\n<div class=\"hider-text\">\n<p style=\"text-align: center;\">Las declaraciones realizadas demasiado pronto pueden afectar involuntariamente a tu indemnizaci\u00f3n. Contar con asesoramiento legal desde el principio ayuda a proteger tus derechos y garantiza que tu caso se gestione correctamente desde el inicio.<\/p>\n<\/div>\n<p class=\"hider-toggle\" style=\"text-align: center;\">Pulsa para ampliar<\/p>\n<\/div>\n\n\t\t<\/div>\n\t<\/div>\n<\/div><\/div><\/div><\/div><\/div><\/div><\/div><\/div><\/div><\/section><div class=\"vc_row wpb_row cta-row accent3 vc_custom_1763574042870\"><div class=\"container\"><div class=\"wpb_column vc_column_container vc_col-sm-12\"><div class=\"vc_column-inner\"><div class=\"wpb_wrapper\">\n\t<div class=\"wpb_text_column wpb_content_element  wpb_animate_when_almost_visible wpb_slideInLeft slideInLeft mb0\" >\n\t\t<div class=\"wpb_wrapper\">\n\t\t\t<h2>Cada caso es nuestra misi\u00f3n personal<\/h2>\n<p><a class=\"btn-bt alternate\" href=\"\/es\/pongase-en-contacto-con\/\">Consulta gratuita<\/a><\/p>\n\n\t\t<\/div>\n\t<\/div>\n<\/div><\/div><\/div><\/div><\/div><div class=\"vc_row wpb_row inline-fifty reverse light2 vc_custom_1764955731271 vc_row-has-fill\"><div class=\"container\"><div class=\"vertical-align wpb_column vc_column_container vc_col-sm-6\"><div class=\"vc_column-inner\"><div class=\"wpb_wrapper\">\n\t<div class=\"wpb_text_column wpb_content_element  mb0-desktop\" >\n\t\t<div class=\"wpb_wrapper\">\n\t\t\t<p><img loading=\"lazy\" decoding=\"async\" class=\"aligncenter size-full wp-image-7626\" src=\"https:\/\/capfirmstg.webteam.ai\/wp-content\/uploads\/2025\/12\/CAP_client-and-lawyer-in-San-Diego.jpg\" alt=\"CAP_cliente y abogado en San Diego\" width=\"700\" height=\"590\" srcset=\"https:\/\/capfirmstg.webteam.ai\/wp-content\/uploads\/2025\/12\/CAP_client-and-lawyer-in-San-Diego.jpg 700w, https:\/\/capfirmstg.webteam.ai\/wp-content\/uploads\/2025\/12\/CAP_client-and-lawyer-in-San-Diego-300x253.jpg 300w\" sizes=\"auto, (max-width: 700px) 100vw, 700px\" \/><\/p>\n\n\t\t<\/div>\n\t<\/div>\n<\/div><\/div><\/div><div class=\"vertical-align wpb_column vc_column_container vc_col-sm-6\"><div class=\"vc_column-inner\"><div class=\"wpb_wrapper\">\n\t<div class=\"wpb_text_column wpb_content_element\" >\n\t\t<div class=\"wpb_wrapper\">\n\t\t\t<h2>El proceso de reclamaci\u00f3n por lesiones personales: desde la consulta hasta la indemnizaci\u00f3n<\/h2>\n<h4>Al asociarse con The Capital Law Firm, esto es lo que puede esperar:<\/h4>\n<ol>\n<li>Una demanda t\u00edpica por lesiones personales comienza con una consulta confidencial, en la que un abogado analiza los hechos de su caso y le explica sus opciones.<\/li>\n<li>A continuaci\u00f3n, recopilaremos historiales m\u00e9dicos, informes policiales, declaraciones de testigos y otras pruebas de respaldo.<\/li>\n<li>Es posible que se entablen negociaciones con las aseguradoras o, si fuera necesario, que el caso llegue a los tribunales.<\/li>\n<\/ol>\n\n\t\t<\/div>\n\t<\/div>\n<\/div><\/div><\/div><\/div><\/div><section class=\"vc_section gradient1 small-height\"><div class=\"vc_row wpb_row gradient1 faq\"><div class=\"container\"><div class=\"wpb_column vc_column_container vc_col-sm-12\"><div class=\"vc_column-inner\"><div class=\"wpb_wrapper\">\n\t<div class=\"wpb_text_column wpb_content_element  mb0-desktop\" >\n\t\t<div class=\"wpb_wrapper\">\n\t\t\t<h2 style=\"text-align: center;\">Estatuto de limitaciones para reclamaciones por lesiones personales en California<\/h2>\n<p style=\"text-align: center;\">Por lo general, la legislaci\u00f3n de California concede a las partes perjudicadas un plazo de dos a\u00f1os a partir de la fecha del accidente para presentar una demanda por da\u00f1os personales. Si no se respeta este plazo, es posible que no pueda reclamar una indemnizaci\u00f3n, por lo que es fundamental buscar asesoramiento legal a tiempo. Un abogado con experiencia se asegurar\u00e1 de que su caso se presente correctamente y dentro del plazo establecido, protegiendo as\u00ed su derecho a obtener una indemnizaci\u00f3n por da\u00f1os y perjuicios.<\/p>\n\n\t\t<\/div>\n\t<\/div>\n<\/div><\/div><\/div><\/div><\/div><\/section><div class=\"vc_row wpb_row blurb-row dark1\"><div class=\"container\"><div class=\"wpb_column vc_column_container vc_col-sm-12\"><div class=\"vc_column-inner\"><div class=\"wpb_wrapper\">\n\t<div class=\"wpb_text_column wpb_content_element  mb0\" >\n\t\t<div class=\"wpb_wrapper\">\n\t\t\t<h2 style=\"text-align: center;\">P\u00f3ngase en contacto hoy mismo con un abogado con experiencia en lesiones personales en Irvine<\/h2>\n<p style=\"text-align: center;\">Si ha sufrido una lesi\u00f3n en Irvine o sus alrededores, buscar el asesoramiento de un abogado especializado en lesiones personales en Irvine, California, es un primer paso fundamental. Con una atenci\u00f3n personalizada, experiencia en la negociaci\u00f3n con las aseguradoras, acceso a m\u00e9dicos de primer nivel y un enfoque de vanguardia en la gesti\u00f3n de casos, The Capital Law Firm puede ayudarle a superar este momento dif\u00edcil y trabajar para lograr una resoluci\u00f3n justa.<\/p>\n<p style=\"text-align: center;\">Llame a nuestra oficina al <a href=\"tel:213-818-7232\">(213) 818-7232<\/a> o cont\u00e1ctenos en l\u00ednea para una consulta gratuita con nuestros abogados de confianza especializados en lesiones personales en Irvine y d\u00e9 el primer paso para obtener la indemnizaci\u00f3n que se merece.<\/p>\n\n\t\t<\/div>\n\t<\/div>\n<\/div><\/div><\/div><\/div><\/div><style>@media(max-width:480px){.vc-boptions-69e84a3bb6907{background-image:url('https:\/\/capfirmstg.webteam.ai\/wp-content\/uploads\/2025\/10\/Bottom-CTA-man-working-at-desk-mobile@2x.jpg')!important;background-size:cover!important;background-position:center top!important;}}@media(min-width:481px){.vc-boptions-69e84a3bb6907{background-position:center top!important;}}.vc-boptions-69e84a3bb6907{background-size:cover!important;}<\/style><div id=\"ContactRow\" class=\"vc_row wpb_row bottom-cta form-bottom-cta inline-fifty fifty-fifty vc_custom_1764953194297 vc_row-has-fill vc-boptions-69e84a3bb6907\"><div class=\"container\"><div class=\"vertical-align wpb_column vc_column_container vc_col-sm-6\"><div class=\"vc_column-inner\"><div class=\"wpb_wrapper\">\n\t<div class=\"wpb_text_column wpb_content_element  mb0\" >\n\t\t<div class=\"wpb_wrapper\">\n\t\t\t<h3>P\u00d3NGASE EN CONTACTO CON EL BUFETE CAPITAL LAW HOY MISMO<\/h3>\n<h2>ESTAMOS AQU\u00cd<br \/>\nPARA GUIARTE<\/h2>\n<p><strong>Servimos en\u00e9rgicamente a las comunidades de toda el \u00e1rea metropolitana de Los \u00c1ngeles, incluidos el condado de Los \u00c1ngeles y el condado de Orange, as\u00ed como las zonas circundantes.<\/strong><\/p>\n\n\t\t<\/div>\n\t<\/div>\n<\/div><\/div><\/div><div class=\"wpb_column vc_column_container vc_col-sm-6\"><div class=\"vc_column-inner\"><div class=\"wpb_wrapper\">\n\t<div class=\"wpb_raw_code wpb_content_element wpb_raw_html\" >\n\t\t<div class=\"wpb_wrapper\">\n\t\t\t <script charset=\"utf-8\" type=\"text\/javascript\" src=\"\/\/js-na2.hsforms.net\/forms\/embed\/v2.js\"><\/script>\n<script>\n  hbspt.forms.create({\n    portalId: \"48855741\",\n    formId: \"d6ab3eea-eb20-4032-bc22-40679e6f2e02\",\n    region: \"na2\"\n  });\n<\/script>\n\t\t<\/div>\n\t<\/div>\n<\/div><\/div><\/div><\/div><\/div>\n<\/div>","protected":false},"excerpt":{"rendered":"Personal Injury Attorney in Irvine, CA Whether it\u2019s a car accident, slip and fall, or workplace incident, the aftermath of a serious injury often brings physical pain, emotional stress, and unexpected financial burdens. Having a trusted legal advocate in your corner can make all the difference in securing the compensation you deserve. A personal injury [...]","protected":false},"author":1,"featured_media":0,"parent":7846,"menu_order":0,"comment_status":"closed","ping_status":"closed","template":"","meta":{"_acf_changed":false,"footnotes":""},"class_list":["post-7628","page","type-page","status-publish"],"acf":[],"aioseo_notices":[],"_links":{"self":[{"href":"https:\/\/capfirmstg.webteam.ai\/es\/wp-json\/wp\/v2\/pages\/7628","targetHints":{"allow":["GET"]}}],"collection":[{"href":"https:\/\/capfirmstg.webteam.ai\/es\/wp-json\/wp\/v2\/pages"}],"about":[{"href":"https:\/\/capfirmstg.webteam.ai\/es\/wp-json\/wp\/v2\/types\/page"}],"author":[{"embeddable":true,"href":"https:\/\/capfirmstg.webteam.ai\/es\/wp-json\/wp\/v2\/users\/1"}],"replies":[{"embeddable":true,"href":"https:\/\/capfirmstg.webteam.ai\/es\/wp-json\/wp\/v2\/comments?post=7628"}],"version-history":[{"count":6,"href":"https:\/\/capfirmstg.webteam.ai\/es\/wp-json\/wp\/v2\/pages\/7628\/revisions"}],"predecessor-version":[{"id":7768,"href":"https:\/\/capfirmstg.webteam.ai\/es\/wp-json\/wp\/v2\/pages\/7628\/revisions\/7768"}],"up":[{"embeddable":true,"href":"https:\/\/capfirmstg.webteam.ai\/es\/wp-json\/wp\/v2\/pages\/7846"}],"wp:attachment":[{"href":"https:\/\/capfirmstg.webteam.ai\/es\/wp-json\/wp\/v2\/media?parent=7628"}],"curies":[{"name":"wp","href":"https:\/\/api.w.org\/{rel}","templated":true}]}}