{"id":7616,"date":"2025-12-10T13:18:57","date_gmt":"2025-12-10T20:18:57","guid":{"rendered":"https:\/\/capfirm.com\/?page_id=7616"},"modified":"2026-02-05T14:00:59","modified_gmt":"2026-02-05T21:00:59","slug":"abogado-especializado-en-lesiones-personales-en-san-diego-california","status":"publish","type":"page","link":"https:\/\/capfirmstg.webteam.ai\/es\/cities-we-serve\/san-diego-ca-personal-injury-lawyer\/","title":{"rendered":"Abogado especializado en lesiones personales en San Diego, California"},"content":{"rendered":"<div class=\"wpb-content-wrapper\"><div class=\"vc_row wpb_row hero-lg1 single-city vc_custom_1764962482107 vc_row-has-fill\"><div class=\"container\"><div class=\"vertical-align wpb_column vc_column_container vc_col-sm-12\"><div class=\"vc_column-inner\"><div class=\"wpb_wrapper\">\n\t<div class=\"wpb_text_column wpb_content_element  vc_custom_1770134124551\" >\n\t\t<div class=\"wpb_wrapper\">\n\t\t\t<h1 style=\"text-align: center;\">Abogado especializado en lesiones personales en San Diego, California<\/h1>\n<p style=\"text-align: center; margin: 20px 0px;\">Cuando sufres lesiones por la negligencia de otra persona, el impacto f\u00edsico y emocional puede ser abrumador. Un abogado especializado en lesiones personales en San Diego puede guiarte a lo largo del proceso legal, proteger tus derechos y ayudarte a garantizar que recibas una indemnizaci\u00f3n justa por los gastos m\u00e9dicos, los salarios perdidos y otros da\u00f1os.<\/p>\n<p style=\"text-align: center; margin: 20px 0px;\">En The Capital Law Firm, combinamos una atenci\u00f3n personalizada con una amplia experiencia en el trato con las compa\u00f1\u00edas de seguros, brindando a los residentes de San Diego el apoyo que necesitan en momentos dif\u00edciles.<\/p>\n<p style=\"text-align: center;\"><a class=\"btn-bt alternate\" href=\"\/es\/pongase-en-contacto-con\/\">Consulta gratuita<\/a><\/p>\n\n\t\t<\/div>\n\t<\/div>\n<\/div><\/div><\/div><\/div><\/div><section class=\"vc_section gradient1 small-height\"><div class=\"vc_row wpb_row gradient1 faq\"><div class=\"container\"><div class=\"wpb_column vc_column_container vc_col-sm-12\"><div class=\"vc_column-inner\"><div class=\"wpb_wrapper\">\n\t<div class=\"wpb_text_column wpb_content_element  mb0-desktop\" >\n\t\t<div class=\"wpb_wrapper\">\n\t\t\t<h2 style=\"text-align: center;\">Comprender la legislaci\u00f3n sobre lesiones personales en San Diego, California<\/h2>\n<p style=\"text-align: center;\">El derecho de da\u00f1os personales existe para exigir responsabilidades a las partes negligentes que causan da\u00f1os. En California, estos casos abarcan una amplia gama de incidentes, desde accidentes automovil\u00edsticos y lesiones por resbalones y ca\u00eddas hasta reclamaciones m\u00e1s complejas relacionadas con productos defectuosos o accidentes laborales.<\/p>\n<p style=\"text-align: center;\">Para que una demanda tenga \u00e9xito, es necesario demostrar la responsabilidad, documentar los da\u00f1os y demostrar el impacto total de la lesi\u00f3n en su vida. Un abogado experto en lesiones personales en San Diego puede simplificar este proceso, asegur\u00e1ndose de que usted comprenda sus opciones y evite los errores m\u00e1s comunes.<\/p>\n\n\t\t<\/div>\n\t<\/div>\n<\/div><\/div><\/div><\/div><\/div><\/section><div class=\"vc_row wpb_row inline-fifty vc_custom_1764952314635 vc_row-has-fill\"><div class=\"container\"><div class=\"vertical-align wpb_column vc_column_container vc_col-sm-6\"><div class=\"vc_column-inner\"><div class=\"wpb_wrapper\">\n\t<div class=\"wpb_text_column wpb_content_element\" >\n\t\t<div class=\"wpb_wrapper\">\n\t\t\t<h2 style=\"text-align: left;\">Tipos comunes de casos de lesiones personales que manejamos en San Diego<\/h2>\n<p>Nuestro equipo se encarga de una amplia variedad de casos de lesiones personales, entre los que se incluyen:<\/p>\n<hr \/>\n<p><strong>Accidentes de autom\u00f3vil y motocicleta:<\/strong> Accidentes que provocan lesiones graves o da\u00f1os materiales.<\/p>\n<hr \/>\n<p><strong>Accidentes por resbalones y ca\u00eddas:<\/strong> Lesiones causadas por condiciones peligrosas en propiedades privadas o p\u00fablicas.<\/p>\n<hr \/>\n<p><strong>Accidentes laborales:<\/strong> Reclamaciones relacionadas con la negligencia del empleador o con entornos de trabajo inseguros.<\/p>\n<hr \/>\n<p>Cada caso es \u00fanico, y adaptamos nuestro enfoque para maximizar los resultados y minimizar el estr\u00e9s de nuestros clientes.<br \/>\n<a class=\"btn-bt alternate-blue\" href=\"\/es\/descripcion-general-de-la-empresa\/\">Qui\u00e9nes somos<\/a><\/p>\n\n\t\t<\/div>\n\t<\/div>\n<\/div><\/div><\/div><div class=\"vertical-align wpb_column vc_column_container vc_col-sm-6\"><div class=\"vc_column-inner\"><div class=\"wpb_wrapper\">\n\t<div class=\"wpb_text_column wpb_content_element\" >\n\t\t<div class=\"wpb_wrapper\">\n\t\t\t<p><img loading=\"lazy\" decoding=\"async\" class=\"aligncenter size-full wp-image-7245\" src=\"https:\/\/capfirmstg.webteam.ai\/wp-content\/uploads\/2025\/12\/a-group-photo-of-the-CAP-law-team-standing-in-front-of-a-window.jpg\" alt=\"Una foto grupal del equipo legal de CAP posando frente a una ventana.\" width=\"700\" height=\"590\" srcset=\"https:\/\/capfirmstg.webteam.ai\/wp-content\/uploads\/2025\/12\/a-group-photo-of-the-CAP-law-team-standing-in-front-of-a-window.jpg 700w, https:\/\/capfirmstg.webteam.ai\/wp-content\/uploads\/2025\/12\/a-group-photo-of-the-CAP-law-team-standing-in-front-of-a-window-300x253.jpg 300w\" sizes=\"auto, (max-width: 700px) 100vw, 700px\" \/><\/p>\n\n\t\t<\/div>\n\t<\/div>\n<\/div><\/div><\/div><\/div><\/div><section class=\"vc_section gradient1 small-height\"><div class=\"vc_row wpb_row gradient1 faq\"><div class=\"container\"><div class=\"wpb_column vc_column_container vc_col-sm-12\"><div class=\"vc_column-inner\"><div class=\"wpb_wrapper\">\n\t<div class=\"wpb_text_column wpb_content_element  mb0-desktop\" >\n\t\t<div class=\"wpb_wrapper\">\n\t\t\t<h2 style=\"text-align: center;\">\u00bfPor qu\u00e9 elegir The Capital Law Firm como su bufete de abogados especializado en lesiones personales en San Diego?<\/h2>\n<p style=\"text-align: center;\">Entendemos que cada caso de lesiones es \u00fanico, por lo que ofrecemos una atenci\u00f3n personalizada de principio a fin. Nuestro equipo cuenta con una amplia experiencia en el \u00e1mbito de las compa\u00f1\u00edas de seguros, acceso a m\u00e9dicos de primer nivel y tecnolog\u00eda de vanguardia para resolver los casos de manera eficiente. Los clientes se benefician de una resoluci\u00f3n m\u00e1s r\u00e1pida de sus casos y de un proceso transparente que prioriza sus necesidades y su bienestar a largo plazo.<\/p>\n\n\t\t<\/div>\n\t<\/div>\n<\/div><\/div><\/div><\/div><\/div><\/section><section class=\"vc_section small-height\"><div class=\"vc_row wpb_row blurb-row\"><div class=\"container\"><div class=\"wpb_column vc_column_container vc_col-sm-12\"><div class=\"vc_column-inner\"><div class=\"wpb_wrapper\">\n\t<div class=\"wpb_text_column wpb_content_element  mb0\" >\n\t\t<div class=\"wpb_wrapper\">\n\t\t\t<h2 style=\"text-align: center;\">Qu\u00e9 hacer tras sufrir un accidente con lesiones personales en San Diego<\/h2>\n\n\t\t<\/div>\n\t<\/div>\n<div class=\"vc_row wpb_row vc_inner vc_row-fluid expandable-grid-C1\"><div class=\"wpb_column vc_column_container vc_col-sm-4\"><div class=\"vc_column-inner\"><div class=\"wpb_wrapper\">\n\t<div class=\"wpb_text_column wpb_content_element  expand-bottom-C1 accent3\" >\n\t\t<div class=\"wpb_wrapper\">\n\t\t\t<div class=\"text-wrap\">\n<h4 style=\"text-align: center;\"><strong>Garantice la seguridad y busque atenci\u00f3n m\u00e9dica<\/strong><\/h4>\n<div class=\"hider-text\">\n<p style=\"text-align: center;\">Rev\u00edsate a ti mismo y a los dem\u00e1s, y haz que te examinen incluso si se trata de lesiones leves.<\/p>\n<\/div>\n<p class=\"hider-toggle\" style=\"text-align: center;\">Pulsa para ampliar<\/p>\n<\/div>\n\n\t\t<\/div>\n\t<\/div>\n<\/div><\/div><\/div><div class=\"wpb_column vc_column_container vc_col-sm-4\"><div class=\"vc_column-inner\"><div class=\"wpb_wrapper\">\n\t<div class=\"wpb_text_column wpb_content_element  expand-bottom-C1 accent3\" >\n\t\t<div class=\"wpb_wrapper\">\n\t\t\t<div class=\"text-wrap\">\n<h4 style=\"text-align: center;\"><strong>Denunciar el accidente<\/strong><\/h4>\n<div class=\"hider-text\">\n<p style=\"text-align: center;\">Notifique a las autoridades o a los propietarios seg\u00fan sea necesario.<\/p>\n<\/div>\n<p class=\"hider-toggle\" style=\"text-align: center;\">Pulsa para ampliar<\/p>\n<\/div>\n\n\t\t<\/div>\n\t<\/div>\n<\/div><\/div><\/div><div class=\"wpb_column vc_column_container vc_col-sm-4\"><div class=\"vc_column-inner\"><div class=\"wpb_wrapper\">\n\t<div class=\"wpb_text_column wpb_content_element  expand-bottom-C1 accent3\" >\n\t\t<div class=\"wpb_wrapper\">\n\t\t\t<div class=\"text-wrap\">\n<h4 style=\"text-align: center;\"><strong>Pruebas documentales<\/strong><\/h4>\n<div class=\"hider-text\">\n<p style=\"text-align: center;\">Toma fotos, recopila informaci\u00f3n de los testigos y lleva un registro de los da\u00f1os y las visitas m\u00e9dicas.<\/p>\n<\/div>\n<p class=\"hider-toggle\" style=\"text-align: center;\">Pulsa para ampliar<\/p>\n<\/div>\n\n\t\t<\/div>\n\t<\/div>\n<\/div><\/div><\/div><\/div><div class=\"vc_row wpb_row vc_inner vc_row-fluid expandable-grid-C1\"><div class=\"wpb_column vc_column_container vc_col-sm-6\"><div class=\"vc_column-inner\"><div class=\"wpb_wrapper\">\n\t<div class=\"wpb_text_column wpb_content_element  expand-bottom-C1 accent3\" >\n\t\t<div class=\"wpb_wrapper\">\n\t\t\t<div class=\"text-wrap\">\n<h4 style=\"text-align: center;\"><strong>Evite las declaraciones anticipadas al seguro <\/strong><\/h4>\n<div class=\"hider-text\">\n<p style=\"text-align: center;\">No facilite datos sin antes consultar con un abogado.<\/p>\n<\/div>\n<p class=\"hider-toggle\" style=\"text-align: center;\">Pulsa para ampliar<\/p>\n<\/div>\n\n\t\t<\/div>\n\t<\/div>\n<\/div><\/div><\/div><div class=\"wpb_column vc_column_container vc_col-sm-6\"><div class=\"vc_column-inner\"><div class=\"wpb_wrapper\">\n\t<div class=\"wpb_text_column wpb_content_element  expand-bottom-C1 accent3\" >\n\t\t<div class=\"wpb_wrapper\">\n\t\t\t<div class=\"text-wrap\">\n<h4 style=\"text-align: center;\"><strong>P\u00f3ngase en contacto con un abogado especializado en lesiones personales en San Diego<\/strong><\/h4>\n<div class=\"hider-text\">\n<p style=\"text-align: center;\">Proteja sus derechos y respete los plazos poni\u00e9ndose en contacto con un abogado lo antes posible.<\/p>\n<\/div>\n<p class=\"hider-toggle\" style=\"text-align: center;\">Pulsa para ampliar<\/p>\n<\/div>\n\n\t\t<\/div>\n\t<\/div>\n<\/div><\/div><\/div><\/div><\/div><\/div><\/div><\/div><\/div><\/section><div class=\"vc_row wpb_row cta-row accent3 vc_custom_1763574042870\"><div class=\"container\"><div class=\"wpb_column vc_column_container vc_col-sm-12\"><div class=\"vc_column-inner\"><div class=\"wpb_wrapper\">\n\t<div class=\"wpb_text_column wpb_content_element  wpb_animate_when_almost_visible wpb_slideInLeft slideInLeft mb0\" >\n\t\t<div class=\"wpb_wrapper\">\n\t\t\t<h2>Cada caso es nuestra misi\u00f3n personal<\/h2>\n<p><a class=\"btn-bt alternate\" href=\"\/es\/pongase-en-contacto-con\/\">Consulta gratuita<\/a><\/p>\n\n\t\t<\/div>\n\t<\/div>\n<\/div><\/div><\/div><\/div><\/div><div class=\"vc_row wpb_row inline-fifty reverse light2 vc_custom_1764955731271 vc_row-has-fill\"><div class=\"container\"><div class=\"vertical-align wpb_column vc_column_container vc_col-sm-6\"><div class=\"vc_column-inner\"><div class=\"wpb_wrapper\">\n\t<div class=\"wpb_text_column wpb_content_element  mb0-desktop\" >\n\t\t<div class=\"wpb_wrapper\">\n\t\t\t<p><img loading=\"lazy\" decoding=\"async\" class=\"aligncenter size-full wp-image-7626\" src=\"https:\/\/capfirmstg.webteam.ai\/wp-content\/uploads\/2025\/12\/CAP_client-and-lawyer-in-San-Diego.jpg\" alt=\"CAP_cliente y abogado en San Diego\" width=\"700\" height=\"590\" srcset=\"https:\/\/capfirmstg.webteam.ai\/wp-content\/uploads\/2025\/12\/CAP_client-and-lawyer-in-San-Diego.jpg 700w, https:\/\/capfirmstg.webteam.ai\/wp-content\/uploads\/2025\/12\/CAP_client-and-lawyer-in-San-Diego-300x253.jpg 300w\" sizes=\"auto, (max-width: 700px) 100vw, 700px\" \/><\/p>\n\n\t\t<\/div>\n\t<\/div>\n<\/div><\/div><\/div><div class=\"vertical-align wpb_column vc_column_container vc_col-sm-6\"><div class=\"vc_column-inner\"><div class=\"wpb_wrapper\">\n\t<div class=\"wpb_text_column wpb_content_element\" >\n\t\t<div class=\"wpb_wrapper\">\n\t\t\t<h2>El proceso de reclamaci\u00f3n por lesiones personales: desde la consulta hasta la indemnizaci\u00f3n<\/h2>\n<p>Tras una consulta gratuita, nuestros abogados investigan su caso, recopilan pruebas y consultan a expertos m\u00e9dicos para evaluar los da\u00f1os. Negociamos con las aseguradoras o, cuando es necesario, nos preparamos para llevar su caso a los tribunales. Nuestro objetivo es conseguir una indemnizaci\u00f3n justa y, al mismo tiempo, reducir el estr\u00e9s y la incertidumbre que suelen acompa\u00f1ar a las demandas por lesiones personales.<\/p>\n\n\t\t<\/div>\n\t<\/div>\n<\/div><\/div><\/div><\/div><\/div><section class=\"vc_section gradient1 small-height\"><div class=\"vc_row wpb_row gradient1 faq\"><div class=\"container\"><div class=\"wpb_column vc_column_container vc_col-sm-12\"><div class=\"vc_column-inner\"><div class=\"wpb_wrapper\">\n\t<div class=\"wpb_text_column wpb_content_element  mb0-desktop\" >\n\t\t<div class=\"wpb_wrapper\">\n\t\t\t<h2 style=\"text-align: center;\">Estatuto de limitaciones para reclamaciones por lesiones personales en California<\/h2>\n<p style=\"text-align: center;\">La legislaci\u00f3n de California exige que la mayor\u00eda de las demandas por lesiones personales se presenten en un plazo de dos a\u00f1os a partir del accidente. Algunas demandas, como las que involucran a entidades gubernamentales, tienen plazos m\u00e1s cortos y requisitos de notificaci\u00f3n adicionales. Actuar con rapidez garantiza que se conserven las pruebas fundamentales y que su demanda siga siendo legalmente v\u00e1lida.<\/p>\n\n\t\t<\/div>\n\t<\/div>\n<\/div><\/div><\/div><\/div><\/div><\/section><div class=\"vc_row wpb_row blurb-row dark1\"><div class=\"container\"><div class=\"wpb_column vc_column_container vc_col-sm-12\"><div class=\"vc_column-inner\"><div class=\"wpb_wrapper\">\n\t<div class=\"wpb_text_column wpb_content_element  mb0\" >\n\t\t<div class=\"wpb_wrapper\">\n\t\t\t<h2 style=\"text-align: center;\">P\u00f3ngase en contacto hoy mismo con un abogado con experiencia en lesiones personales en San Diego<\/h2>\n<p style=\"text-align: center;\">Si ha sufrido una lesi\u00f3n en San Diego, no intente lidiar solo con el complejo sistema legal. P\u00f3ngase en contacto con The Capital Law Firm para una consulta gratuita y sin compromiso. Nuestro equipo especializado de abogados de lesiones personales en San Diego escuchar\u00e1 su caso, responder\u00e1 a sus preguntas y le ayudar\u00e1 a obtener la indemnizaci\u00f3n que se merece.<\/p>\n<p style=\"text-align: center;\">Llame a nuestra oficina al <a href=\"tel:213-818-7232\">(213) 818-7232<\/a> o cont\u00e1ctenos en l\u00ednea para una consulta gratuita con nuestros abogados de confianza especializados en lesiones personales en San Diego y d\u00e9 el primer paso para obtener la indemnizaci\u00f3n que se merece.<\/p>\n\n\t\t<\/div>\n\t<\/div>\n<\/div><\/div><\/div><\/div><\/div><style>@media(max-width:480px){.vc-boptions-69e84a37f3a3f{background-image:url('https:\/\/capfirmstg.webteam.ai\/wp-content\/uploads\/2025\/10\/Bottom-CTA-man-working-at-desk-mobile@2x.jpg')!important;background-size:cover!important;background-position:center top!important;}}@media(min-width:481px){.vc-boptions-69e84a37f3a3f{background-position:center top!important;}}.vc-boptions-69e84a37f3a3f{background-size:cover!important;}<\/style><div id=\"ContactRow\" class=\"vc_row wpb_row bottom-cta form-bottom-cta inline-fifty fifty-fifty vc_custom_1764953194297 vc_row-has-fill vc-boptions-69e84a37f3a3f\"><div class=\"container\"><div class=\"vertical-align wpb_column vc_column_container vc_col-sm-6\"><div class=\"vc_column-inner\"><div class=\"wpb_wrapper\">\n\t<div class=\"wpb_text_column wpb_content_element  mb0\" >\n\t\t<div class=\"wpb_wrapper\">\n\t\t\t<h3>P\u00d3NGASE EN CONTACTO CON EL BUFETE CAPITAL LAW HOY MISMO<\/h3>\n<h2>ESTAMOS AQU\u00cd<br \/>\nPARA GUIARTE<\/h2>\n<p><strong>Servimos en\u00e9rgicamente a las comunidades de toda el \u00e1rea metropolitana de Los \u00c1ngeles, incluidos el condado de Los \u00c1ngeles y el condado de Orange, as\u00ed como las zonas circundantes.<\/strong><\/p>\n\n\t\t<\/div>\n\t<\/div>\n<\/div><\/div><\/div><div class=\"wpb_column vc_column_container vc_col-sm-6\"><div class=\"vc_column-inner\"><div class=\"wpb_wrapper\">\n\t<div class=\"wpb_raw_code wpb_content_element wpb_raw_html\" >\n\t\t<div class=\"wpb_wrapper\">\n\t\t\t <script charset=\"utf-8\" type=\"text\/javascript\" src=\"\/\/js-na2.hsforms.net\/forms\/embed\/v2.js\"><\/script>\n<script>\n  hbspt.forms.create({\n    portalId: \"48855741\",\n    formId: \"d6ab3eea-eb20-4032-bc22-40679e6f2e02\",\n    region: \"na2\"\n  });\n<\/script>\n\t\t<\/div>\n\t<\/div>\n<\/div><\/div><\/div><\/div><\/div>\n<\/div>","protected":false},"excerpt":{"rendered":"Personal Injury Attorney in San Diego, CA When you\u2019ve been hurt due to someone else\u2019s negligence, the physical and emotional toll can be overwhelming. A personal injury attorney in San Diego can guide you through the legal process, protect your rights, and help ensure you receive fair compensation for medical bills, lost wages, and other [...]","protected":false},"author":1,"featured_media":0,"parent":7846,"menu_order":0,"comment_status":"closed","ping_status":"closed","template":"","meta":{"_acf_changed":false,"footnotes":""},"class_list":["post-7616","page","type-page","status-publish"],"acf":[],"aioseo_notices":[],"_links":{"self":[{"href":"https:\/\/capfirmstg.webteam.ai\/es\/wp-json\/wp\/v2\/pages\/7616","targetHints":{"allow":["GET"]}}],"collection":[{"href":"https:\/\/capfirmstg.webteam.ai\/es\/wp-json\/wp\/v2\/pages"}],"about":[{"href":"https:\/\/capfirmstg.webteam.ai\/es\/wp-json\/wp\/v2\/types\/page"}],"author":[{"embeddable":true,"href":"https:\/\/capfirmstg.webteam.ai\/es\/wp-json\/wp\/v2\/users\/1"}],"replies":[{"embeddable":true,"href":"https:\/\/capfirmstg.webteam.ai\/es\/wp-json\/wp\/v2\/comments?post=7616"}],"version-history":[{"count":10,"href":"https:\/\/capfirmstg.webteam.ai\/es\/wp-json\/wp\/v2\/pages\/7616\/revisions"}],"predecessor-version":[{"id":7769,"href":"https:\/\/capfirmstg.webteam.ai\/es\/wp-json\/wp\/v2\/pages\/7616\/revisions\/7769"}],"up":[{"embeddable":true,"href":"https:\/\/capfirmstg.webteam.ai\/es\/wp-json\/wp\/v2\/pages\/7846"}],"wp:attachment":[{"href":"https:\/\/capfirmstg.webteam.ai\/es\/wp-json\/wp\/v2\/media?parent=7616"}],"curies":[{"name":"wp","href":"https:\/\/api.w.org\/{rel}","templated":true}]}}