{"id":7328,"date":"2025-12-08T09:48:50","date_gmt":"2025-12-08T16:48:50","guid":{"rendered":"https:\/\/capfirm.com\/?page_id=7328"},"modified":"2025-12-12T09:53:50","modified_gmt":"2025-12-12T16:53:50","slug":"empleo","status":"publish","type":"page","link":"https:\/\/capfirmstg.webteam.ai\/es\/careers\/","title":{"rendered":"Carreras profesionales"},"content":{"rendered":"<div class=\"wpb-content-wrapper\"><div class=\"vc_row wpb_row hero-lg1 default-hero vc_custom_1764966368599 vc_row-has-fill\"><div class=\"container\"><div class=\"wpb_column vc_column_container vc_col-sm-12\"><div class=\"vc_column-inner\"><div class=\"wpb_wrapper\">\n\t<div class=\"wpb_text_column wpb_content_element  vc_custom_1765212522577\" >\n\t\t<div class=\"wpb_wrapper\">\n\t\t\t<h1 style=\"text-align: center;\">Oportunidades profesionales en el bufete de abogados The Capital<\/h1>\n\n\t\t<\/div>\n\t<\/div>\n<\/div><\/div><\/div><\/div><\/div><div class=\"vc_row wpb_row blurb-row\"><div class=\"container\"><div class=\"wpb_column vc_column_container vc_col-sm-12\"><div class=\"vc_column-inner\"><div class=\"wpb_wrapper\">\n\t<div class=\"wpb_text_column wpb_content_element  mb0\" >\n\t\t<div class=\"wpb_wrapper\">\n\t\t\t<h2 style=\"text-align: center;\">Declaraci\u00f3n de misi\u00f3n<\/h2>\n<p style=\"text-align: center;\">El bufete Capital Law Firm se compromete a brindar una representaci\u00f3n legal excepcional a las personas y familias que han sufrido lesiones graves debido a la negligencia de terceros. Nuestra misi\u00f3n se basa en la convicci\u00f3n de que cada cliente merece ser escuchado, apoyado y empoderado a lo largo de todo el proceso legal. Combinamos una amplia experiencia jur\u00eddica con un enfoque centrado en el cliente: defendemos con firmeza en los tribunales y, al mismo tiempo, ofrecemos un servicio emp\u00e1tico y atento en cada etapa del proceso.<\/p>\n<p style=\"text-align: center;\">Nos regimos por los m\u00e1s altos est\u00e1ndares de profesionalismo, integridad y responsabilidad. Nuestro equipo trabaja con determinaci\u00f3n y sentido de urgencia, impulsado por un compromiso com\u00fan de garantizar la justicia, restaurar la dignidad y generar un impacto duradero en las vidas de quienes representamos. Como bufete, no solo nos ocupamos de los casos: defendemos a las personas cuando m\u00e1s lo necesitan.<\/p>\n\n\t\t<\/div>\n\t<\/div>\n<\/div><\/div><\/div><\/div><\/div><div class=\"vc_row wpb_row inline-fifty light2 vc_custom_1765222643173 vc_row-has-fill\"><div class=\"container\"><div class=\"vertical-align wpb_column vc_column_container vc_col-sm-6\"><div class=\"vc_column-inner\"><div class=\"wpb_wrapper\">\n\t<div class=\"wpb_text_column wpb_content_element  mb0\" >\n\t\t<div class=\"wpb_wrapper\">\n\t\t\t<h2>Declaraci\u00f3n de la empresa<\/h2>\n<p>El bufete Capital Law Firm es un despacho l\u00edder especializado en lesiones personales con sede en Los \u00c1ngeles, fundado sobre los principios de integridad, empat\u00eda y excelencia jur\u00eddica. Representamos a personas y familias que han sufrido lesiones graves, acompa\u00f1\u00e1ndolas en algunos de los momentos m\u00e1s dif\u00edciles de sus vidas con empat\u00eda, experiencia y determinaci\u00f3n.<\/p>\n<p>Nuestro bufete se ha ganado una reputaci\u00f3n por asumir casos complejos y de gran importancia, y por obtener resultados. Nos caracterizamos por nuestra cultura de colaboraci\u00f3n, nuestro profundo conocimiento del derecho de da\u00f1os personales y nuestra capacidad para manejar cada caso con precisi\u00f3n estrat\u00e9gica y sensibilidad humana. En todos los niveles, actuamos con integridad, sentido de urgencia y la convicci\u00f3n compartida de marcar una diferencia significativa para los clientes y las comunidades a las que servimos.<\/p>\n\n\t\t<\/div>\n\t<\/div>\n<\/div><\/div><\/div><div class=\"wpb_column vc_column_container vc_col-sm-6\"><div class=\"vc_column-inner\"><div class=\"wpb_wrapper\">\n\t<div class=\"wpb_text_column wpb_content_element  mb0-desktop\" >\n\t\t<div class=\"wpb_wrapper\">\n\t\t\t<p><img loading=\"lazy\" decoding=\"async\" class=\"aligncenter wp-image-7343 size-full\" src=\"https:\/\/capfirmstg.webteam.ai\/wp-content\/uploads\/2025\/12\/group-portrait-of-CAPFIRM-team-in-front-of-office-window.jpg\" alt=\"Foto de grupo del equipo de CAPFIRM frente a la ventana de la oficina\" width=\"1610\" height=\"1342\" srcset=\"https:\/\/capfirmstg.webteam.ai\/wp-content\/uploads\/2025\/12\/group-portrait-of-CAPFIRM-team-in-front-of-office-window.jpg 1610w, https:\/\/capfirmstg.webteam.ai\/wp-content\/uploads\/2025\/12\/group-portrait-of-CAPFIRM-team-in-front-of-office-window-300x250.jpg 300w, https:\/\/capfirmstg.webteam.ai\/wp-content\/uploads\/2025\/12\/group-portrait-of-CAPFIRM-team-in-front-of-office-window-1024x854.jpg 1024w, https:\/\/capfirmstg.webteam.ai\/wp-content\/uploads\/2025\/12\/group-portrait-of-CAPFIRM-team-in-front-of-office-window-768x640.jpg 768w, https:\/\/capfirmstg.webteam.ai\/wp-content\/uploads\/2025\/12\/group-portrait-of-CAPFIRM-team-in-front-of-office-window-1536x1280.jpg 1536w, https:\/\/capfirmstg.webteam.ai\/wp-content\/uploads\/2025\/12\/group-portrait-of-CAPFIRM-team-in-front-of-office-window-14x12.jpg 14w\" sizes=\"auto, (max-width: 1610px) 100vw, 1610px\" \/><\/p>\n\n\t\t<\/div>\n\t<\/div>\n<\/div><\/div><\/div><\/div><\/div><section class=\"vc_section gradient1 small-height\"><div class=\"vc_row wpb_row vc_custom_1765222628723 vc_row-has-fill\"><div class=\"container\"><div class=\"wpb_column vc_column_container vc_col-sm-12\"><div class=\"vc_column-inner\"><div class=\"wpb_wrapper\">\n\t<div class=\"wpb_text_column wpb_content_element  vc_custom_1765221808928\" >\n\t\t<div class=\"wpb_wrapper\">\n\t\t\t<h2 style=\"text-align: center;\">Qu\u00e9 esperar<\/h2>\n<p style=\"text-align: center;\">Creemos en la transparencia, el respeto y un proceso de selecci\u00f3n cuidadoso. A continuaci\u00f3n te explicamos paso a paso qu\u00e9 puedes esperar cuando solicites un puesto en nuestro equipo:<\/p>\n\n\t\t<\/div>\n\t<\/div>\n<div class=\"vc_row wpb_row vc_inner vc_row-fluid four-icon-row vc_custom_1763748445124\"><div class=\"wpb_column vc_column_container vc_col-sm-3\"><div class=\"vc_column-inner\"><div class=\"wpb_wrapper\">\n\t<div class=\"wpb_text_column wpb_content_element  wpb_animate_when_almost_visible wpb_slideInLeft slideInLeft\" >\n\t\t<div class=\"wpb_wrapper\">\n\t\t\t<p><a class=\"shift-icon apply\" href=\"#\"><span class=\"shift-icon-text\">1. Solicitar<\/span><\/a><\/p>\n\n\t\t<\/div>\n\t<\/div>\n\n\t<div class=\"wpb_text_column wpb_content_element  vc_custom_1765222199057\" >\n\t\t<div class=\"wpb_wrapper\">\n\t\t\t<p>Nuestro proceso de selecci\u00f3n se gestiona de forma digital. Una vez que recibamos tu solicitud, un miembro de nuestro equipo revisar\u00e1 tu curr\u00edculum. Si cumples con los requisitos, nos pondremos en contacto contigo para concertar una primera entrevista.<\/p>\n\n\t\t<\/div>\n\t<\/div>\n<\/div><\/div><\/div><div class=\"wpb_column vc_column_container vc_col-sm-3\"><div class=\"vc_column-inner\"><div class=\"wpb_wrapper\">\n\t<div class=\"wpb_text_column wpb_content_element  wpb_animate_when_almost_visible wpb_slideInLeft slideInLeft\" >\n\t\t<div class=\"wpb_wrapper\">\n\t\t\t<p><a class=\"shift-icon phone-interview\" href=\"#\"><span class=\"shift-icon-text\">2. Entrevista telef\u00f3nica<\/span><\/a><\/p>\n\n\t\t<\/div>\n\t<\/div>\n\n\t<div class=\"wpb_text_column wpb_content_element  vc_custom_1765222271640\" >\n\t\t<div class=\"wpb_wrapper\">\n\t\t\t<p>Nuestro equipo de selecci\u00f3n de personal se pondr\u00e1 en contacto contigo para concertar una breve entrevista telef\u00f3nica. Hablaremos sobre las funciones del puesto, las prestaciones y la remuneraci\u00f3n, y responderemos a cualquier pregunta que puedas tener.<\/p>\n\n\t\t<\/div>\n\t<\/div>\n<\/div><\/div><\/div><div class=\"wpb_column vc_column_container vc_col-sm-3\"><div class=\"vc_column-inner\"><div class=\"wpb_wrapper\">\n\t<div class=\"wpb_text_column wpb_content_element  wpb_animate_when_almost_visible wpb_slideInLeft slideInLeft\" >\n\t\t<div class=\"wpb_wrapper\">\n\t\t\t<p><a class=\"shift-icon final-interview\" href=\"#\"><span class=\"shift-icon-text\">3. Entrevista final<\/span><\/a><\/p>\n\n\t\t<\/div>\n\t<\/div>\n\n\t<div class=\"wpb_text_column wpb_content_element  vc_custom_1765222368786\" >\n\t\t<div class=\"wpb_wrapper\">\n\t\t\t<p>Esta es nuestra oportunidad para conocerte m\u00e1s all\u00e1 de tu curr\u00edculum. Te reunir\u00e1s con el responsable de contrataci\u00f3n para una entrevista m\u00e1s detallada. Es una oportunidad para conectar con el equipo, conocer mejor el departamento y la empresa, y ver si encajas en el puesto. Te responderemos independientemente del resultado.<\/p>\n\n\t\t<\/div>\n\t<\/div>\n<\/div><\/div><\/div><div class=\"wpb_column vc_column_container vc_col-sm-3\"><div class=\"vc_column-inner\"><div class=\"wpb_wrapper\">\n\t<div class=\"wpb_text_column wpb_content_element  wpb_animate_when_almost_visible wpb_slideInLeft slideInLeft\" >\n\t\t<div class=\"wpb_wrapper\">\n\t\t\t<p><a class=\"shift-icon offer\" href=\"#\"><span class=\"shift-icon-text\">4. Oferta e incorporaci\u00f3n<\/span><\/a><\/p>\n\n\t\t<\/div>\n\t<\/div>\n\n\t<div class=\"wpb_text_column wpb_content_element  vc_custom_1765222452908\" >\n\t\t<div class=\"wpb_wrapper\">\n\t\t\t<p>Si resultas seleccionado, recibir\u00e1s una carta de oferta por v\u00eda electr\u00f3nica. Te guiaremos a trav\u00e9s de un proceso de incorporaci\u00f3n estructurado, que incluye capacitaci\u00f3n espec\u00edfica y reuniones con miembros clave del equipo, para que te sientas respaldado, capacitado y listo para destacar desde el primer d\u00eda.<\/p>\n\n\t\t<\/div>\n\t<\/div>\n<\/div><\/div><\/div><\/div><\/div><\/div><\/div><\/div><\/div><\/section><div class=\"vc_row wpb_row blurb-row slider-arrows-lt\"><div class=\"container\"><div class=\"wpb_column vc_column_container vc_col-sm-12\"><div class=\"vc_column-inner\"><div class=\"wpb_wrapper\">\n\t<div class=\"wpb_text_column wpb_content_element  mb0\" >\n\t\t<div class=\"wpb_wrapper\">\n\t\t\t<h2 style=\"text-align: center;\">Una cultura solidaria: #CAPCares<\/h2>\n<p style=\"text-align: center;\">Unirse a The Capital Law Firm significa formar parte de un equipo que se preocupa por nuestros clientes, por nosotros mismos y por la comunidad de Los \u00c1ngeles en general. Nuestro <strong>#CAPCares<\/strong> Esta iniciativa ofrece a los miembros de nuestro equipo oportunidades significativas para participar, contribuir a la comunidad y establecer v\u00ednculos m\u00e1s all\u00e1 del \u00e1mbito laboral.<\/p>\n<p style=\"text-align: center;\">Desde preparar comidas para familias en situaci\u00f3n de inseguridad alimentaria hasta echar una mano en organizaciones sin fines de lucro locales, nos enorgullece la diferencia que marca nuestro equipo fuera de la oficina. El compromiso con la comunidad no es solo algo que hacemos, sino que forma parte de lo que somos.<\/p>\n<p style=\"text-align: center;\">Si buscas un lugar de trabajo donde tus valores sean importantes y tu influencia vaya m\u00e1s all\u00e1 de tu escritorio, aqu\u00ed lo encontrar\u00e1s.<\/p>\n<p style=\"text-align: center; margin-top: 20px;\"><\/p>\n\n\t\t<\/div>\n\t<\/div>\n<\/div><\/div><\/div><\/div><\/div><style>@media(max-width:480px){.vc-boptions-69e84a70661ed{background-image:url('https:\/\/capfirmstg.webteam.ai\/wp-content\/uploads\/2025\/11\/hero-default-mobile.jpg')!important;background-size:cover!important;background-position:center center!important;}}.vc-boptions-69e84a70661ed{background-size:cover!important;}<\/style><div class=\"vc_row wpb_row blurb-row slider-arrows dark vc_custom_1765323656582 vc_row-has-fill vc-boptions-69e84a70661ed\"><div class=\"container\"><div class=\"wpb_column vc_column_container vc_col-sm-12\"><div class=\"vc_column-inner\"><div class=\"wpb_wrapper\">\n\t<div class=\"wpb_text_column wpb_content_element  mb0\" >\n\t\t<div class=\"wpb_wrapper\">\n\t\t\t<h2 style=\"text-align: center; margin-bottom: 30px !important;\">Paquete integral de prestaciones para empleados<\/h2>\n\n\n\t\t<\/div>\n\t<\/div>\n<\/div><\/div><\/div><\/div><\/div><div class=\"vc_row wpb_row blurb-row slider-arrows\"><div class=\"container\"><div class=\"wpb_column vc_column_container vc_col-sm-12\"><div class=\"vc_column-inner\"><div class=\"wpb_wrapper\">\n\t<div class=\"wpb_text_column wpb_content_element  vc_custom_1765305850303 mb0\" >\n\t\t<div class=\"wpb_wrapper\">\n\t\t\t<h2 style=\"text-align: center; margin-bottom: -30px;\">Puestos vacantes<\/h2>\n\n\t\t<\/div>\n\t<\/div>\n\n\t<div class=\"wpb_raw_code wpb_content_element wpb_raw_html vc_custom_1765305961120\" >\n\t\t<div class=\"wpb_wrapper\">\n\t\t\t<iframe src='https:\/\/widgets.sociablekit.com\/linkedin-page-jobs\/iframe\/25570756' frameborder='0' width='100%' height='400'><\/iframe>\n\t\t<\/div>\n\t<\/div>\n<\/div><\/div><\/div><\/div><\/div><style>@media(min-width:481px){.vc-boptions-69e84a706750f{background-position:center top!important;}}.vc-boptions-69e84a706750f{background-size:cover!important;}<\/style><div id=\"ContactRow\" class=\"vc_row wpb_row bottom-cta form-bottom-cta inline-fifty fifty-fifty vc_custom_1765490833483 vc_row-has-fill vc-boptions-69e84a706750f\"><div class=\"container\"><div class=\"vertical-align wpb_column vc_column_container vc_col-sm-12\"><div class=\"vc_column-inner\"><div class=\"wpb_wrapper\">\n\t<div class=\"wpb_text_column wpb_content_element  mb0\" >\n\t\t<div class=\"wpb_wrapper\">\n\t\t\t<h3 style=\"text-align: center; margin-top: 0px !important;\">The Capital Law Firm<\/h3>\n<h2 style=\"text-align: center; margin-bottom: 150px !important;\">ACERCA DE NUESTRA EMPRESA<\/h2>\n<p style=\"text-align: center;\"><a class=\"btn-bt default\" href=\"\/es\/about\/\">M\u00c1S INFORMACI\u00d3N<\/a><\/p>\n\n\t\t<\/div>\n\t<\/div>\n<\/div><\/div><\/div><\/div><\/div>\n<\/div>","protected":false},"excerpt":{"rendered":"Careers At The Capital Law Firm Mission Statement The Capital Law Firm is committed to delivering exceptional legal representation to individuals and families who have suffered serious injuries due to the negligence of others. Our mission is rooted in the belief that every client deserves to be heard, supported, and empowered throughout the legal process. [...]","protected":false},"author":1,"featured_media":0,"parent":0,"menu_order":0,"comment_status":"closed","ping_status":"closed","template":"","meta":{"_acf_changed":false,"footnotes":""},"class_list":["post-7328","page","type-page","status-publish"],"acf":[],"aioseo_notices":[],"_links":{"self":[{"href":"https:\/\/capfirmstg.webteam.ai\/es\/wp-json\/wp\/v2\/pages\/7328","targetHints":{"allow":["GET"]}}],"collection":[{"href":"https:\/\/capfirmstg.webteam.ai\/es\/wp-json\/wp\/v2\/pages"}],"about":[{"href":"https:\/\/capfirmstg.webteam.ai\/es\/wp-json\/wp\/v2\/types\/page"}],"author":[{"embeddable":true,"href":"https:\/\/capfirmstg.webteam.ai\/es\/wp-json\/wp\/v2\/users\/1"}],"replies":[{"embeddable":true,"href":"https:\/\/capfirmstg.webteam.ai\/es\/wp-json\/wp\/v2\/comments?post=7328"}],"version-history":[{"count":37,"href":"https:\/\/capfirmstg.webteam.ai\/es\/wp-json\/wp\/v2\/pages\/7328\/revisions"}],"predecessor-version":[{"id":7729,"href":"https:\/\/capfirmstg.webteam.ai\/es\/wp-json\/wp\/v2\/pages\/7328\/revisions\/7729"}],"wp:attachment":[{"href":"https:\/\/capfirmstg.webteam.ai\/es\/wp-json\/wp\/v2\/media?parent=7328"}],"curies":[{"name":"wp","href":"https:\/\/api.w.org\/{rel}","templated":true}]}}