{"id":7318,"date":"2025-12-08T08:54:39","date_gmt":"2025-12-08T15:54:39","guid":{"rendered":"https:\/\/capfirm.com\/?page_id=7318"},"modified":"2025-12-08T13:56:13","modified_gmt":"2025-12-08T20:56:13","slug":"giorgio-asatrian","status":"publish","type":"page","link":"https:\/\/capfirmstg.webteam.ai\/es\/giorgio-asatrian\/","title":{"rendered":"Giorgio Asatrian, Esq."},"content":{"rendered":"<div class=\"wpb-content-wrapper\"><div class=\"vc_row wpb_row hero-lg1 default-hero vc_custom_1764966368599 vc_row-has-fill\"><div class=\"container\"><div class=\"wpb_column vc_column_container vc_col-sm-12\"><div class=\"vc_column-inner\"><div class=\"wpb_wrapper\">\n\t<div class=\"wpb_text_column wpb_content_element  vc_custom_1765209268478\" >\n\t\t<div class=\"wpb_wrapper\">\n\t\t\t<h1 style=\"text-align: center;\">Giorgio Asatrian, Esq.<\/h1>\n<h3 style=\"text-align: center;\">Abogado con experiencia en lesiones personales en California<\/h3>\n\n\t\t<\/div>\n\t<\/div>\n<\/div><\/div><\/div><\/div><\/div><div class=\"vc_row wpb_row inline-fifty vc_custom_1763494004668 vc_row-has-fill\"><div class=\"container\"><div class=\"vertical-align wpb_column vc_column_container vc_col-sm-6\"><div class=\"vc_column-inner\"><div class=\"wpb_wrapper\">\n\t<div class=\"wpb_text_column wpb_content_element  mb0\" >\n\t\t<div class=\"wpb_wrapper\">\n\t\t\t<h2>Abogado<\/h2>\n<p>Giorgio Asatrian es abogado litigante en The Capital Law Firm, donde representa a personas que han sufrido lesiones graves. Desde su temprana carrera en servicios legales hasta su experiencia pr\u00e1ctica asistiendo a v\u00edctimas de lesiones personales durante sus estudios de derecho, Giorgio ha cultivado una profunda comprensi\u00f3n de lo que necesitan los clientes lesionados.<\/p>\n<p>Giorgio es un litigante orientado a objetivos y compasivo que mantiene el bienestar de sus clientes a la vanguardia de cada caso. \u00c9l es impulsado por un fuerte deseo de responsabilizar a los malhechores y ha puesto sus miras en unirse a la Junta Americana de Abogados Litigantes (ABOTA) para promover su compromiso con la excelencia de juicio. En The Capital Law Firm, Giorgio trae una \u00e9tica de trabajo implacable y dedicaci\u00f3n inquebrantable para asegurar la justicia para sus clientes merecedores.<\/p>\n<p>Fuera de los tribunales, Giorgio disfruta viajando y pasando tiempo con su familia y amigos.<\/p>\n\n\t\t<\/div>\n\t<\/div>\n<\/div><\/div><\/div><div class=\"wpb_column vc_column_container vc_col-sm-6\"><div class=\"vc_column-inner\"><div class=\"wpb_wrapper\">\n\t<div class=\"wpb_text_column wpb_content_element  mb0-desktop\" >\n\t\t<div class=\"wpb_wrapper\">\n\t\t\t<p><img loading=\"lazy\" decoding=\"async\" class=\"aligncenter wp-image-7267 size-full\" src=\"https:\/\/capfirmstg.webteam.ai\/wp-content\/uploads\/2025\/12\/GIORGIO-ASATRIAN.jpg\" alt=\"GIORGIO ASATRIAN\" width=\"879\" height=\"1015\" srcset=\"https:\/\/capfirmstg.webteam.ai\/wp-content\/uploads\/2025\/12\/GIORGIO-ASATRIAN.jpg 879w, https:\/\/capfirmstg.webteam.ai\/wp-content\/uploads\/2025\/12\/GIORGIO-ASATRIAN-260x300.jpg 260w, https:\/\/capfirmstg.webteam.ai\/wp-content\/uploads\/2025\/12\/GIORGIO-ASATRIAN-768x887.jpg 768w\" sizes=\"auto, (max-width: 879px) 100vw, 879px\" \/><\/p>\n\n\t\t<\/div>\n\t<\/div>\n<\/div><\/div><\/div><\/div><\/div><div class=\"vc_row wpb_row blurb-row vc_custom_1764982577357\"><div class=\"container\"><div class=\"wpb_column vc_column_container vc_col-sm-12\"><div class=\"vc_column-inner\"><div class=\"wpb_wrapper\"><div class=\"vc_row wpb_row vc_inner vc_row-fluid vertical-align-top\"><div class=\"vertical-align-top wpb_column vc_column_container vc_col-sm-4\"><div class=\"vc_column-inner vc_custom_1765208876184\"><div class=\"wpb_wrapper\">\n\t<div class=\"wpb_text_column wpb_content_element  mb0\" >\n\t\t<div class=\"wpb_wrapper\">\n\t\t\t<h3>EDUCACI\u00d3N<\/h3>\n<hr \/>\n<p><a href=\"https:\/\/www.uwla.edu\/\" target=\"_blank\" rel=\"noopener\"><strong>Universidad de Los \u00c1ngeles Oeste<\/strong><\/a><\/p>\n<hr \/>\n\n\t\t<\/div>\n\t<\/div>\n<\/div><\/div><\/div><div class=\"vertical-align-top wpb_column vc_column_container vc_col-sm-4\"><div class=\"vc_column-inner vc_custom_1763504341413\"><div class=\"wpb_wrapper\">\n\t<div class=\"wpb_text_column wpb_content_element  mb0\" >\n\t\t<div class=\"wpb_wrapper\">\n\t\t\t<h3>ADMISI\u00d3N<\/h3>\n<hr \/>\n<p><a href=\"https:\/\/www.caed.uscourts.gov\/caednew\/\" target=\"_blank\" rel=\"noopener\"><strong>Tribunal de Distrito de EE.UU., Distrito Este de California<\/strong><\/a><\/p>\n<hr \/>\n\n\t\t<\/div>\n\t<\/div>\n<\/div><\/div><\/div><div class=\"vertical-align-top wpb_column vc_column_container vc_col-sm-4\"><div class=\"vc_column-inner vc_custom_1763504345058\"><div class=\"wpb_wrapper\">\n\t<div class=\"wpb_text_column wpb_content_element  mb0\" >\n\t\t<div class=\"wpb_wrapper\">\n\t\t\t<h3>ASOCIACI\u00d3N<\/h3>\n<hr \/>\n<p><strong><a href=\"https:\/\/www.caala.org\/\" target=\"_blank\" rel=\"noopener\">Asociaci\u00f3n de Abogados del Consumidor de Los \u00c1ngeles (CAALA)<\/a><\/strong><\/p>\n<hr \/>\n<p><strong>Colegio de Abogados del Estado de California# <a href=\"https:\/\/apps.calbar.ca.gov\/attorney\/Licensee\/Detail\/357562\" target=\"_blank\" rel=\"noopener\">357562<\/a><\/strong><\/p>\n<hr \/>\n<p><strong>Idiomas: <\/strong>Armenio<\/p>\n<hr \/>\n\n\t\t<\/div>\n\t<\/div>\n<\/div><\/div><\/div><\/div><\/div><\/div><\/div><\/div><\/div><div class=\"vc_row wpb_row blurb-row dark vc_custom_1764980297515 vc_row-has-fill\"><div class=\"container\"><div class=\"wpb_column vc_column_container vc_col-sm-12\"><div class=\"vc_column-inner\"><div class=\"wpb_wrapper\">\n\t<div class=\"wpb_text_column wpb_content_element  mb0\" >\n\t\t<div class=\"wpb_wrapper\">\n\t\t\t<h2 style=\"text-align: center;\">Nuestro equipo<\/h2>\n<p style=\"text-align: center;\">Cada miembro de nuestra firma es altamente experimentado en la ley de lesiones personales y con ganas de ayudar a nuestros clientes a volver sobre sus pies. A cada cliente se le garantiza una experiencia personalizada junto con la m\u00e1xima profesionalidad de nuestros experimentados abogados de lesiones personales a lo largo de la representaci\u00f3n de su demanda por lesiones.<\/p>\n<p style=\"text-align: center;\"><a class=\"btn-bt default\" href=\"\/es\/pongase-en-contacto-con\/\">Consulta gratuita<\/a><\/p>\n\n\t\t<\/div>\n\t<\/div>\n<\/div><\/div><\/div><\/div><\/div><section id=\"Reviews\" class=\"vc_section gradient2 vc_custom_1764981116811 vc_section-has-fill\"><div class=\"vc_row wpb_row reverse\"><div class=\"container\"><div class=\"vertical-align wpb_column vc_column_container vc_col-sm-8\"><div class=\"vc_column-inner\"><div class=\"wpb_wrapper\">\n\t<div class=\"wpb_text_column wpb_content_element\" >\n\t\t<div class=\"wpb_wrapper\">\n\t\t\t\n\n\t\t<\/div>\n\t<\/div>\n<\/div><\/div><\/div><div class=\"vertical-align wpb_column vc_column_container vc_col-sm-4\"><div class=\"vc_column-inner\"><div class=\"wpb_wrapper\">\n\t<div class=\"wpb_text_column wpb_content_element  wpb_animate_when_almost_visible wpb_slideInRight slideInRight mb0\" >\n\t\t<div class=\"wpb_wrapper\">\n\t\t\t<p><img loading=\"lazy\" decoding=\"async\" class=\"alignnone wp-image-2759\" src=\"\/wp-content\/uploads\/2025\/10\/the-caplaw-icon-91p.png\" alt=\"el icono de la mand\u00edbula 91p\" width=\"50\" height=\"52\" \/><\/p>\n<h3>TESTIMONIOS DE CLIENTES<\/h3>\n<h2>Donde nuestras victorias hablan m\u00e1s alto<\/h2>\n\n\t\t<\/div>\n\t<\/div>\n<\/div><\/div><\/div><\/div><\/div><\/section><style>@media(max-width:480px){.vc-boptions-69e84a80e33fd{background-image:url('https:\/\/capfirmstg.webteam.ai\/wp-content\/uploads\/2025\/10\/Bottom-CTA-man-working-at-desk-mobile@2x.jpg')!important;background-size:cover!important;background-position:center top!important;}}@media(min-width:481px){.vc-boptions-69e84a80e33fd{background-position:center top!important;}}.vc-boptions-69e84a80e33fd{background-size:cover!important;}<\/style><div id=\"ContactRow\" class=\"vc_row wpb_row bottom-cta form-bottom-cta inline-fifty fifty-fifty vc_custom_1764981183940 vc_row-has-fill vc-boptions-69e84a80e33fd\"><div class=\"container\"><div class=\"vertical-align wpb_column vc_column_container vc_col-sm-6\"><div class=\"vc_column-inner\"><div class=\"wpb_wrapper\">\n\t<div class=\"wpb_text_column wpb_content_element  mb0\" >\n\t\t<div class=\"wpb_wrapper\">\n\t\t\t<h3>P\u00f3ngase en contacto hoy mismo con un abogado especializado en lesiones personales de Los \u00c1ngeles<\/h3>\n<h2>ESTAMOS AQU\u00cd<br \/>\nPARA GUIARTE<\/h2>\n<p><strong>Si usted ha sido lesionado en un accidente, necesita ayuda legal ahora - y The Capital Law Firm est\u00e1 aqu\u00ed para usted. Nuestros abogados de lesiones personales en Los \u00c1ngeles est\u00e1n listos para discutir su caso, responder a sus preguntas, y ayudarle a tomar los pr\u00f3ximos pasos hacia la recuperaci\u00f3n. P\u00f3ngase en contacto con The Capital Law Firm o ll\u00e1menos al <a href=\"tel:2138187232\">(213) 818-7232<\/a> para una consulta gratuita y confidencial hoy mismo.<\/strong><\/p>\n\n\t\t<\/div>\n\t<\/div>\n<\/div><\/div><\/div><div class=\"wpb_column vc_column_container vc_col-sm-6\"><div class=\"vc_column-inner\"><div class=\"wpb_wrapper\">\n\t<div class=\"wpb_raw_code wpb_content_element wpb_raw_html\" >\n\t\t<div class=\"wpb_wrapper\">\n\t\t\t <script charset=\"utf-8\" type=\"text\/javascript\" src=\"\/\/js-na2.hsforms.net\/forms\/embed\/v2.js\"><\/script>\n<script>\n  hbspt.forms.create({\n    portalId: \"48855741\",\n    formId: \"d6ab3eea-eb20-4032-bc22-40679e6f2e02\",\n    region: \"na2\"\n  });\n<\/script>\n\t\t<\/div>\n\t<\/div>\n<\/div><\/div><\/div><\/div><\/div>\n<\/div>","protected":false},"excerpt":{"rendered":"Giorgio Asatrian, Esq. Experienced California Personal Injury Attorney Attorney At Law Giorgio Asatrian is a Litigation Attorney at The Capital Law Firm, where he represents individuals who have suffered serious injuries. From his early career in legal services to his hands-on experience assisting personal injury victims during law school, Giorgio has cultivated a deep understanding [...]","protected":false},"author":1,"featured_media":0,"parent":0,"menu_order":0,"comment_status":"closed","ping_status":"closed","template":"","meta":{"_acf_changed":false,"footnotes":""},"class_list":["post-7318","page","type-page","status-publish"],"acf":[],"aioseo_notices":[],"_links":{"self":[{"href":"https:\/\/capfirmstg.webteam.ai\/es\/wp-json\/wp\/v2\/pages\/7318","targetHints":{"allow":["GET"]}}],"collection":[{"href":"https:\/\/capfirmstg.webteam.ai\/es\/wp-json\/wp\/v2\/pages"}],"about":[{"href":"https:\/\/capfirmstg.webteam.ai\/es\/wp-json\/wp\/v2\/types\/page"}],"author":[{"embeddable":true,"href":"https:\/\/capfirmstg.webteam.ai\/es\/wp-json\/wp\/v2\/users\/1"}],"replies":[{"embeddable":true,"href":"https:\/\/capfirmstg.webteam.ai\/es\/wp-json\/wp\/v2\/comments?post=7318"}],"version-history":[{"count":3,"href":"https:\/\/capfirmstg.webteam.ai\/es\/wp-json\/wp\/v2\/pages\/7318\/revisions"}],"predecessor-version":[{"id":7321,"href":"https:\/\/capfirmstg.webteam.ai\/es\/wp-json\/wp\/v2\/pages\/7318\/revisions\/7321"}],"wp:attachment":[{"href":"https:\/\/capfirmstg.webteam.ai\/es\/wp-json\/wp\/v2\/media?parent=7318"}],"curies":[{"name":"wp","href":"https:\/\/api.w.org\/{rel}","templated":true}]}}