{"id":7293,"date":"2025-12-05T17:15:18","date_gmt":"2025-12-06T00:15:18","guid":{"rendered":"https:\/\/capfirm.com\/?page_id=7293"},"modified":"2025-12-05T17:38:17","modified_gmt":"2025-12-06T00:38:17","slug":"joshua-j-zokaeem","status":"publish","type":"page","link":"https:\/\/capfirmstg.webteam.ai\/es\/joshua-j-zokaeem\/","title":{"rendered":"Joshua J. Zokaeem, Esq."},"content":{"rendered":"<div class=\"wpb-content-wrapper\"><div class=\"vc_row wpb_row hero-lg1 default-hero vc_custom_1764966368599 vc_row-has-fill\"><div class=\"container\"><div class=\"wpb_column vc_column_container vc_col-sm-12\"><div class=\"vc_column-inner\"><div class=\"wpb_wrapper\">\n\t<div class=\"wpb_text_column wpb_content_element  vc_custom_1764979222704\" >\n\t\t<div class=\"wpb_wrapper\">\n\t\t\t<h1 style=\"text-align: center;\">Joshua J. Zokaeem, Esq.<\/h1>\n<h3 style=\"text-align: center;\">Abogado con experiencia en lesiones personales en California<\/h3>\n\n\t\t<\/div>\n\t<\/div>\n<\/div><\/div><\/div><\/div><\/div><div class=\"vc_row wpb_row inline-fifty vc_custom_1763494004668 vc_row-has-fill\"><div class=\"container\"><div class=\"vertical-align wpb_column vc_column_container vc_col-sm-6\"><div class=\"vc_column-inner\"><div class=\"wpb_wrapper\">\n\t<div class=\"wpb_text_column wpb_content_element  mb0\" >\n\t\t<div class=\"wpb_wrapper\">\n\t\t\t<h2>Abogado<\/h2>\n<p>Joshua J. Zokaeem es el fundador y socio director de <a href=\"https:\/\/capfirmstg.webteam.ai\/es\/\">The Capital Law Firm<\/a>, donde dirige un <a href=\"\/es\/abogados\/\">equipo de abogados especializados en lesiones personales<\/a> en la defensa en\u00e9rgica de la justicia para quienes han sufrido da\u00f1os por negligencia. Con una amplia experiencia en <a href=\"\/es\/practice-areas\/\">Derecho de da\u00f1os personales<\/a> En el \u00e1mbito de los litigios mercantiles, el Sr. Zokaeem se ha labrado una reputaci\u00f3n como defensor estrat\u00e9gico e incansable de las v\u00edctimas de accidentes en toda California.<\/p>\n<p>Antes de fundar el bufete, trabaj\u00f3 en varios bufetes de litigios de renombre en Beverly Hills y Los \u00c1ngeles, especializ\u00e1ndose en lesiones personales y litigios complejos. Es conocido por su dominio de la estrategia procesal, su presencia en la sala del tribunal y su inquebrantable dedicaci\u00f3n a conseguir la m\u00e1xima indemnizaci\u00f3n para sus clientes. El Sr. Zokaeem se gradu\u00f3 en <a href=\"https:\/\/law.ucla.edu\/\" target=\"_blank\" rel=\"noopener\">UCLA<\/a> con una licenciatura y obtuvo su t\u00edtulo de Doctor en Derecho en <a href=\"https:\/\/www.swlaw.edu\/\" target=\"_blank\" rel=\"noopener\">Facultad de Derecho de Southwestern<\/a>, donde fue galardonado con varios <a href=\"https:\/\/www.cali.org\/awards\" target=\"_blank\" rel=\"noopener\">Premios a la Excelencia CALI<\/a> y reconocido por sus habilidades de mediaci\u00f3n y negociaci\u00f3n.<\/p>\n<p>Es miembro activo de <a href=\"https:\/\/www.caala.org\/\" target=\"_blank\" rel=\"noopener\">CAALA<\/a>, <a href=\"https:\/\/www.justice.org\/\" target=\"_blank\" rel=\"noopener\">AAJ<\/a>, el <a href=\"https:\/\/lacba.org\/\" target=\"_blank\" rel=\"noopener\">Colegio de Abogados del Condado de Los \u00c1ngeles<\/a>, y el <a href=\"https:\/\/bhba.org\/\" target=\"_blank\" rel=\"noopener\">Colegio de Abogados de Beverly Hills<\/a>. El Sr. Zokaeem est\u00e1 habilitado para ejercer en todos los tribunales estatales de California y en el Tribunal de Distrito de los Estados Unidos para el Distrito Central de California.<\/p>\n\n\t\t<\/div>\n\t<\/div>\n<\/div><\/div><\/div><div class=\"wpb_column vc_column_container vc_col-sm-6\"><div class=\"vc_column-inner\"><div class=\"wpb_wrapper\">\n\t<div class=\"wpb_text_column wpb_content_element  mb0-desktop\" >\n\t\t<div class=\"wpb_wrapper\">\n\t\t\t<p><img loading=\"lazy\" decoding=\"async\" class=\"aligncenter wp-image-7265 size-full\" src=\"https:\/\/capfirmstg.webteam.ai\/wp-content\/uploads\/2025\/12\/JOSHUA-J.-ZOKAEEM.jpg\" alt=\"JOSHUA J. ZOKAEEM\" width=\"879\" height=\"1015\" srcset=\"https:\/\/capfirmstg.webteam.ai\/wp-content\/uploads\/2025\/12\/JOSHUA-J.-ZOKAEEM.jpg 879w, https:\/\/capfirmstg.webteam.ai\/wp-content\/uploads\/2025\/12\/JOSHUA-J.-ZOKAEEM-260x300.jpg 260w, https:\/\/capfirmstg.webteam.ai\/wp-content\/uploads\/2025\/12\/JOSHUA-J.-ZOKAEEM-768x887.jpg 768w\" sizes=\"auto, (max-width: 879px) 100vw, 879px\" \/><\/p>\n\n\t\t<\/div>\n\t<\/div>\n<\/div><\/div><\/div><\/div><\/div><div class=\"vc_row wpb_row inline-fifty light2 vc_custom_1763500725596 vc_row-has-fill\"><div class=\"container\"><div class=\"vertical-align wpb_column vc_column_container vc_col-sm-6\"><div class=\"vc_column-inner\"><div class=\"wpb_wrapper\">\n\t<div class=\"wpb_text_column wpb_content_element  mb0-desktop\" >\n\t\t<div class=\"wpb_wrapper\">\n\t\t\t<p><img loading=\"lazy\" decoding=\"async\" class=\"aligncenter wp-image-7268 size-full\" src=\"https:\/\/capfirmstg.webteam.ai\/wp-content\/uploads\/2025\/12\/informal-portrait-of-Joshua-Zokaeem-working-at-his-desk.jpg\" alt=\"Retrato informal de Joshua Zokaeem trabajando en su escritorio\" width=\"700\" height=\"700\" srcset=\"https:\/\/capfirmstg.webteam.ai\/wp-content\/uploads\/2025\/12\/informal-portrait-of-Joshua-Zokaeem-working-at-his-desk.jpg 700w, https:\/\/capfirmstg.webteam.ai\/wp-content\/uploads\/2025\/12\/informal-portrait-of-Joshua-Zokaeem-working-at-his-desk-300x300.jpg 300w, https:\/\/capfirmstg.webteam.ai\/wp-content\/uploads\/2025\/12\/informal-portrait-of-Joshua-Zokaeem-working-at-his-desk-150x150.jpg 150w\" sizes=\"auto, (max-width: 700px) 100vw, 700px\" \/><\/p>\n\n\t\t<\/div>\n\t<\/div>\n<\/div><\/div><\/div><div class=\"vertical-align wpb_column vc_column_container vc_col-sm-6\"><div class=\"vc_column-inner\"><div class=\"wpb_wrapper\">\n\t<div class=\"wpb_text_column wpb_content_element  mb0\" >\n\t\t<div class=\"wpb_wrapper\">\n\t\t\t<h2>Educaci\u00f3n<\/h2>\n<p><a href=\"https:\/\/www.swlaw.edu\/\" target=\"_blank\" rel=\"noopener\"><strong>Facultad de Derecho Southwestern, Los \u00c1ngeles<\/strong><\/a><\/p>\n<hr \/>\n<p><a href=\"https:\/\/www.ucla.edu\/\" target=\"_blank\" rel=\"noopener\"><strong>Universidad de California, Los \u00c1ngeles<\/strong><\/a><\/p>\n<hr \/>\n<p>El Sr. Zokaeem se gradu\u00f3 con una licenciatura de la Universidad de California en Los \u00c1ngeles. Posteriormente, curs\u00f3 el doctorado en Derecho en la Facultad de Derecho Southwestern de Los \u00c1ngeles, California. Se present\u00f3 al examen del Colegio de Abogados de California y lo aprob\u00f3 en su primer intento.<\/p>\n<p>Durante sus estudios en la Facultad de Derecho de Southwestern, el Sr. Zokaeem recibi\u00f3 el premio CALI \u201cExcelencia para el futuro\u201d en la asignatura de An\u00e1lisis, Redacci\u00f3n y Habilidades Jur\u00eddicas.<\/p>\n<p>El Sr. Zokaeem tambi\u00e9n recibi\u00f3 el premio CALI \u201cExcelencia para el futuro\u201d en Derecho Migratorio.<\/p>\n<p>Adem\u00e1s de sus logros acad\u00e9micos, el Sr. Zokaeem form\u00f3 parte del Programa de Excelencia en Negociaci\u00f3n. Como miembro del equipo, el Sr. Zokaeem particip\u00f3 en el Torneo Internacional de Mediaci\u00f3n para Facultades de Derecho celebrado en Chicago, Illinois, donde qued\u00f3 entre los semifinalistas en la categor\u00eda de mediadores.<\/p>\n<p>Colegio de Abogados del Estado de California# <a href=\"https:\/\/apps.calbar.ca.gov\/attorney\/Licensee\/Detail\/299388\" target=\"_blank\" rel=\"noopener\">299388<\/a><\/p>\n\n\t\t<\/div>\n\t<\/div>\n<\/div><\/div><\/div><\/div><\/div><div class=\"vc_row wpb_row blurb-row light2 vc_custom_1764981494738\"><div class=\"container\"><div class=\"wpb_column vc_column_container vc_col-sm-12\"><div class=\"vc_column-inner\"><div class=\"wpb_wrapper\"><div class=\"vc_row wpb_row vc_inner vc_row-fluid vertical-align-top\"><div class=\"vertical-align-top wpb_column vc_column_container vc_col-sm-6\"><div class=\"vc_column-inner vc_custom_1763504337159\"><div class=\"wpb_wrapper\">\n\t<div class=\"wpb_text_column wpb_content_element  mb0\" >\n\t\t<div class=\"wpb_wrapper\">\n\t\t\t<h3>ASOCIACI\u00d3N<\/h3>\n<hr \/>\n<p><strong><a href=\"https:\/\/www.caala.org\/\" target=\"_blank\" rel=\"noopener\">Asociaci\u00f3n de Abogados del Consumidor de Los \u00c1ngeles (CAALA)<\/a><\/strong><\/p>\n<hr \/>\n<p><strong><a href=\"https:\/\/www.justice.org\/\" target=\"_blank\" rel=\"noopener\">Asociaci\u00f3n Estadounidense para la Justicia (AAJ)<\/a><\/strong><\/p>\n<hr \/>\n<p><strong><a href=\"https:\/\/lacba.org\/\" target=\"_blank\" rel=\"noopener\">Colegio de Abogados del Condado de Los \u00c1ngeles<\/a><\/strong><\/p>\n<hr \/>\n<p><strong><a href=\"https:\/\/bhba.org\/\" target=\"_blank\" rel=\"noopener\">Colegio de Abogados de Beverly Hills<\/a><\/strong><\/p>\n<hr \/>\n\n\t\t<\/div>\n\t<\/div>\n<\/div><\/div><\/div><div class=\"vertical-align-top wpb_column vc_column_container vc_col-sm-6\"><div class=\"vc_column-inner vc_custom_1763504341413\"><div class=\"wpb_wrapper\">\n\t<div class=\"wpb_text_column wpb_content_element  mb0\" >\n\t\t<div class=\"wpb_wrapper\">\n\t\t\t<h3>ADMISI\u00d3N<\/h3>\n<hr \/>\n<p><strong><a href=\"https:\/\/www.cacd.uscourts.gov\/\" target=\"_blank\" rel=\"noopener\">Tribunal de Distrito de los Estados Unidos, Distrito Central de California<\/a><\/strong><\/p>\n<hr \/>\n<p><strong><a href=\"https:\/\/www.caed.uscourts.gov\/caednew\/\" target=\"_blank\" rel=\"noopener\">Tribunal de Distrito de EE.UU., Distrito Este de California<\/a><\/strong><\/p>\n<hr \/>\n\n\t\t<\/div>\n\t<\/div>\n<\/div><\/div><\/div><\/div><\/div><\/div><\/div><\/div><\/div><div class=\"vc_row wpb_row blurb-row dark vc_custom_1764980297515 vc_row-has-fill\"><div class=\"container\"><div class=\"wpb_column vc_column_container vc_col-sm-12\"><div class=\"vc_column-inner\"><div class=\"wpb_wrapper\">\n\t<div class=\"wpb_text_column wpb_content_element  mb0\" >\n\t\t<div class=\"wpb_wrapper\">\n\t\t\t<h2 style=\"text-align: center;\">Nuestro equipo<\/h2>\n<p style=\"text-align: center;\">Cada miembro de nuestra firma es altamente experimentado en la ley de lesiones personales y con ganas de ayudar a nuestros clientes a volver sobre sus pies. A cada cliente se le garantiza una experiencia personalizada junto con la m\u00e1xima profesionalidad de nuestros experimentados abogados de lesiones personales a lo largo de la representaci\u00f3n de su demanda por lesiones.<\/p>\n<p style=\"text-align: center;\"><a class=\"btn-bt default\" href=\"\/es\/pongase-en-contacto-con\/\">Consulta gratuita<\/a><\/p>\n\n\t\t<\/div>\n\t<\/div>\n<\/div><\/div><\/div><\/div><\/div><section id=\"Reviews\" class=\"vc_section gradient2 vc_custom_1764981116811 vc_section-has-fill\"><div class=\"vc_row wpb_row reverse\"><div class=\"container\"><div class=\"vertical-align wpb_column vc_column_container vc_col-sm-8\"><div class=\"vc_column-inner\"><div class=\"wpb_wrapper\">\n\t<div class=\"wpb_text_column wpb_content_element\" >\n\t\t<div class=\"wpb_wrapper\">\n\t\t\t\n\n\t\t<\/div>\n\t<\/div>\n<\/div><\/div><\/div><div class=\"vertical-align wpb_column vc_column_container vc_col-sm-4\"><div class=\"vc_column-inner\"><div class=\"wpb_wrapper\">\n\t<div class=\"wpb_text_column wpb_content_element  wpb_animate_when_almost_visible wpb_slideInRight slideInRight mb0\" >\n\t\t<div class=\"wpb_wrapper\">\n\t\t\t<p><img loading=\"lazy\" decoding=\"async\" class=\"alignnone wp-image-2759\" src=\"\/wp-content\/uploads\/2025\/10\/the-caplaw-icon-91p.png\" alt=\"el icono de la mand\u00edbula 91p\" width=\"50\" height=\"52\" \/><\/p>\n<h3>TESTIMONIOS DE CLIENTES<\/h3>\n<h2>Donde nuestras victorias hablan m\u00e1s alto<\/h2>\n\n\t\t<\/div>\n\t<\/div>\n<\/div><\/div><\/div><\/div><\/div><\/section><style>@media(max-width:480px){.vc-boptions-69e84a8a7cddf{background-image:url('https:\/\/capfirmstg.webteam.ai\/wp-content\/uploads\/2025\/10\/Bottom-CTA-man-working-at-desk-mobile@2x.jpg')!important;background-size:cover!important;background-position:center top!important;}}@media(min-width:481px){.vc-boptions-69e84a8a7cddf{background-position:center top!important;}}.vc-boptions-69e84a8a7cddf{background-size:cover!important;}<\/style><div id=\"ContactRow\" class=\"vc_row wpb_row bottom-cta form-bottom-cta inline-fifty fifty-fifty vc_custom_1764981183940 vc_row-has-fill vc-boptions-69e84a8a7cddf\"><div class=\"container\"><div class=\"vertical-align wpb_column vc_column_container vc_col-sm-6\"><div class=\"vc_column-inner\"><div class=\"wpb_wrapper\">\n\t<div class=\"wpb_text_column wpb_content_element  mb0\" >\n\t\t<div class=\"wpb_wrapper\">\n\t\t\t<h3>P\u00f3ngase en contacto hoy mismo con un abogado especializado en lesiones personales de Los \u00c1ngeles<\/h3>\n<h2>ESTAMOS AQU\u00cd<br \/>\nPARA GUIARTE<\/h2>\n<p><strong>Si usted ha sido lesionado en un accidente, necesita ayuda legal ahora - y The Capital Law Firm est\u00e1 aqu\u00ed para usted. Nuestros abogados de lesiones personales en Los \u00c1ngeles est\u00e1n listos para discutir su caso, responder a sus preguntas, y ayudarle a tomar los pr\u00f3ximos pasos hacia la recuperaci\u00f3n. P\u00f3ngase en contacto con The Capital Law Firm o ll\u00e1menos al <a href=\"tel:2138187232\">(213) 818-7232<\/a> para una consulta gratuita y confidencial hoy mismo.<\/strong><\/p>\n\n\t\t<\/div>\n\t<\/div>\n<\/div><\/div><\/div><div class=\"wpb_column vc_column_container vc_col-sm-6\"><div class=\"vc_column-inner\"><div class=\"wpb_wrapper\">\n\t<div class=\"wpb_raw_code wpb_content_element wpb_raw_html\" >\n\t\t<div class=\"wpb_wrapper\">\n\t\t\t <script charset=\"utf-8\" type=\"text\/javascript\" src=\"\/\/js-na2.hsforms.net\/forms\/embed\/v2.js\"><\/script>\n<script>\n  hbspt.forms.create({\n    portalId: \"48855741\",\n    formId: \"d6ab3eea-eb20-4032-bc22-40679e6f2e02\",\n    region: \"na2\"\n  });\n<\/script>\n\t\t<\/div>\n\t<\/div>\n<\/div><\/div><\/div><\/div><\/div>\n<\/div>","protected":false},"excerpt":{"rendered":"Joshua J. Zokaeem, Esq. Experienced California Personal Injury Attorney Attorney At Law Joshua J. Zokaeem is the Founder and Managing Partner of The Capital Law Firm, where he leads a team of dedicated personal injury attorneys in aggressively pursuing justice for those harmed by negligence. With deep experience in personal injury law and business litigation, [...]","protected":false},"author":1,"featured_media":0,"parent":0,"menu_order":0,"comment_status":"closed","ping_status":"closed","template":"","meta":{"_acf_changed":false,"footnotes":""},"class_list":["post-7293","page","type-page","status-publish"],"acf":[],"aioseo_notices":[],"_links":{"self":[{"href":"https:\/\/capfirmstg.webteam.ai\/es\/wp-json\/wp\/v2\/pages\/7293","targetHints":{"allow":["GET"]}}],"collection":[{"href":"https:\/\/capfirmstg.webteam.ai\/es\/wp-json\/wp\/v2\/pages"}],"about":[{"href":"https:\/\/capfirmstg.webteam.ai\/es\/wp-json\/wp\/v2\/types\/page"}],"author":[{"embeddable":true,"href":"https:\/\/capfirmstg.webteam.ai\/es\/wp-json\/wp\/v2\/users\/1"}],"replies":[{"embeddable":true,"href":"https:\/\/capfirmstg.webteam.ai\/es\/wp-json\/wp\/v2\/comments?post=7293"}],"version-history":[{"count":6,"href":"https:\/\/capfirmstg.webteam.ai\/es\/wp-json\/wp\/v2\/pages\/7293\/revisions"}],"predecessor-version":[{"id":7302,"href":"https:\/\/capfirmstg.webteam.ai\/es\/wp-json\/wp\/v2\/pages\/7293\/revisions\/7302"}],"wp:attachment":[{"href":"https:\/\/capfirmstg.webteam.ai\/es\/wp-json\/wp\/v2\/media?parent=7293"}],"curies":[{"name":"wp","href":"https:\/\/api.w.org\/{rel}","templated":true}]}}