{"id":7260,"date":"2025-12-05T13:08:17","date_gmt":"2025-12-05T20:08:17","guid":{"rendered":"https:\/\/capfirm.com\/?page_id=7260"},"modified":"2026-02-10T12:37:33","modified_gmt":"2026-02-10T19:37:33","slug":"abogados","status":"publish","type":"page","link":"https:\/\/capfirmstg.webteam.ai\/es\/attorneys\/","title":{"rendered":"Abogados"},"content":{"rendered":"<div class=\"wpb-content-wrapper\"><div class=\"vc_row wpb_row hero-lg1 default-hero vc_custom_1764966368599 vc_row-has-fill\"><div class=\"container\"><div class=\"wpb_column vc_column_container vc_col-sm-12\"><div class=\"vc_column-inner\"><div class=\"wpb_wrapper\">\n\t<div class=\"wpb_text_column wpb_content_element  vc_custom_1764980935688\" >\n\t\t<div class=\"wpb_wrapper\">\n\t\t\t<h1 style=\"text-align: center;\">Conozca a los abogados de The Capital Law Firm<\/h1>\n<h3 style=\"text-align: center;\">Cuando luchamos por ti, es algo personal<\/h3>\n\n\t\t<\/div>\n\t<\/div>\n<\/div><\/div><\/div><\/div><\/div><section class=\"vc_section gradient1 small-height\"><div class=\"vc_row wpb_row blurb-row\"><div class=\"container\"><div class=\"wpb_column vc_column_container vc_col-sm-12\"><div class=\"vc_column-inner\"><div class=\"wpb_wrapper\">\n\t<div class=\"wpb_text_column wpb_content_element  mb0\" >\n\t\t<div class=\"wpb_wrapper\">\n\t\t\t<h2 style=\"text-align: center;\">Abogados estrat\u00e9gicos y orientados a los resultados en los que puedes confiar<\/h2>\n<p style=\"text-align: center;\">En The Capital Law Firm, nuestros abogados son m\u00e1s que simples profesionales del derecho: son defensores de confianza, litigantes con experiencia en los tribunales y defensores incansables de las personas lesionadas. Cada miembro de nuestro equipo aporta una combinaci\u00f3n \u00fanica de experiencia, visi\u00f3n estrat\u00e9gica y compasi\u00f3n a cada caso que manejamos. Cuando eliges nuestro bufete, cuentas con el respaldo de un equipo tan comprometido con tu resultado como t\u00fa mismo.<\/p>\n<p style=\"text-align: center;\"><a class=\"btn-bt alternate-blue\" href=\"\/es\/pongase-en-contacto-con\/\">Consulta gratuita<\/a><\/p>\n\n\t\t<\/div>\n\t<\/div>\n<\/div><\/div><\/div><\/div><\/div><\/section><div class=\"vc_row wpb_row team-row\"><div class=\"container\"><div class=\"team-column wpb_column vc_column_container vc_col-sm-6\"><div class=\"vc_column-inner\"><div class=\"wpb_wrapper\">\n\t<div class=\"wpb_text_column wpb_content_element  vc_custom_1765491386268\" >\n\t\t<div class=\"wpb_wrapper\">\n\t\t\t<p><img loading=\"lazy\" decoding=\"async\" class=\"aligncenter wp-image-7265 size-full\" src=\"https:\/\/capfirmstg.webteam.ai\/wp-content\/uploads\/2025\/12\/JOSHUA-J.-ZOKAEEM.jpg\" alt=\"JOSHUA J. ZOKAEEM\" width=\"879\" height=\"1015\" srcset=\"https:\/\/capfirmstg.webteam.ai\/wp-content\/uploads\/2025\/12\/JOSHUA-J.-ZOKAEEM.jpg 879w, https:\/\/capfirmstg.webteam.ai\/wp-content\/uploads\/2025\/12\/JOSHUA-J.-ZOKAEEM-260x300.jpg 260w, https:\/\/capfirmstg.webteam.ai\/wp-content\/uploads\/2025\/12\/JOSHUA-J.-ZOKAEEM-768x887.jpg 768w\" sizes=\"auto, (max-width: 879px) 100vw, 879px\" \/><\/p>\n\n\t\t<\/div>\n\t<\/div>\n\n\t<div class=\"wpb_text_column wpb_content_element  team-txt\" >\n\t\t<div class=\"wpb_wrapper\">\n\t\t\t<h3>Joshua J. Zokaeem<\/h3>\n<p>Director general y socio gerente<\/p>\n<h4 class=\"link-circle\" style=\"text-align: center;\"><a href=\"\/es\/joshua-j-zokaeem\/\">Perfil del abogado<\/a><\/h4>\n\n\t\t<\/div>\n\t<\/div>\n<\/div><\/div><\/div><div class=\"team-column wpb_column vc_column_container vc_col-sm-6\"><div class=\"vc_column-inner\"><div class=\"wpb_wrapper\">\n\t<div class=\"wpb_text_column wpb_content_element\" >\n\t\t<div class=\"wpb_wrapper\">\n\t\t\t<p><img loading=\"lazy\" decoding=\"async\" class=\"aligncenter wp-image-7266 size-full\" src=\"https:\/\/capfirmstg.webteam.ai\/wp-content\/uploads\/2025\/12\/ISAHAK-KACHATRYAN.jpg\" alt=\"ISAHAK KACHATRYAN\" width=\"879\" height=\"1015\" srcset=\"https:\/\/capfirmstg.webteam.ai\/wp-content\/uploads\/2025\/12\/ISAHAK-KACHATRYAN.jpg 879w, https:\/\/capfirmstg.webteam.ai\/wp-content\/uploads\/2025\/12\/ISAHAK-KACHATRYAN-260x300.jpg 260w, https:\/\/capfirmstg.webteam.ai\/wp-content\/uploads\/2025\/12\/ISAHAK-KACHATRYAN-768x887.jpg 768w\" sizes=\"auto, (max-width: 879px) 100vw, 879px\" \/><\/p>\n\n\t\t<\/div>\n\t<\/div>\n\n\t<div class=\"wpb_text_column wpb_content_element  team-txt\" >\n\t\t<div class=\"wpb_wrapper\">\n\t\t\t<h3>Isahak Khachatryan<\/h3>\n<p>ABOGADO LITIGANTE<\/p>\n<h4 class=\"link-circle\" style=\"text-align: center;\"><a href=\"\/es\/isahak-khachatryan\/\">Perfil del abogado<\/a><\/h4>\n\n\t\t<\/div>\n\t<\/div>\n<\/div><\/div><\/div><\/div><\/div><div class=\"vc_row wpb_row team-row\"><div class=\"container\"><div class=\"team-column wpb_column vc_column_container vc_col-sm-6\"><div class=\"vc_column-inner\"><div class=\"wpb_wrapper\">\n\t<div class=\"wpb_text_column wpb_content_element\" >\n\t\t<div class=\"wpb_wrapper\">\n\t\t\t<p><img loading=\"lazy\" decoding=\"async\" class=\"aligncenter wp-image-7267 size-full\" src=\"https:\/\/capfirmstg.webteam.ai\/wp-content\/uploads\/2025\/12\/GIORGIO-ASATRIAN.jpg\" alt=\"GIORGIO ASATRIAN\" width=\"879\" height=\"1015\" srcset=\"https:\/\/capfirmstg.webteam.ai\/wp-content\/uploads\/2025\/12\/GIORGIO-ASATRIAN.jpg 879w, https:\/\/capfirmstg.webteam.ai\/wp-content\/uploads\/2025\/12\/GIORGIO-ASATRIAN-260x300.jpg 260w, https:\/\/capfirmstg.webteam.ai\/wp-content\/uploads\/2025\/12\/GIORGIO-ASATRIAN-768x887.jpg 768w\" sizes=\"auto, (max-width: 879px) 100vw, 879px\" \/><\/p>\n\n\t\t<\/div>\n\t<\/div>\n\n\t<div class=\"wpb_text_column wpb_content_element  team-txt\" >\n\t\t<div class=\"wpb_wrapper\">\n\t\t\t<h3>Giorgio Asatrian<\/h3>\n<p>ABOGADO LITIGANTE<\/p>\n<h4 class=\"link-circle\" style=\"text-align: center;\"><a href=\"\/es\/giorgio-asatrian\/\">Perfil del abogado<\/a><\/h4>\n\n\t\t<\/div>\n\t<\/div>\n<\/div><\/div><\/div><div class=\"team-column wpb_column vc_column_container vc_col-sm-6\"><div class=\"vc_column-inner\"><div class=\"wpb_wrapper\">\n\t<div class=\"wpb_text_column wpb_content_element\" >\n\t\t<div class=\"wpb_wrapper\">\n\t\t\t<p><img loading=\"lazy\" decoding=\"async\" class=\"aligncenter wp-image-7264 size-full\" src=\"https:\/\/capfirmstg.webteam.ai\/wp-content\/uploads\/2025\/12\/MELANIE-TAHMASIAN.jpg\" alt=\"MELANIE TAHMASIAN\" width=\"879\" height=\"1015\" srcset=\"https:\/\/capfirmstg.webteam.ai\/wp-content\/uploads\/2025\/12\/MELANIE-TAHMASIAN.jpg 879w, https:\/\/capfirmstg.webteam.ai\/wp-content\/uploads\/2025\/12\/MELANIE-TAHMASIAN-260x300.jpg 260w, https:\/\/capfirmstg.webteam.ai\/wp-content\/uploads\/2025\/12\/MELANIE-TAHMASIAN-768x887.jpg 768w\" sizes=\"auto, (max-width: 879px) 100vw, 879px\" \/><\/p>\n\n\t\t<\/div>\n\t<\/div>\n\n\t<div class=\"wpb_text_column wpb_content_element  team-txt\" >\n\t\t<div class=\"wpb_wrapper\">\n\t\t\t<h3>Melanie Tahmasian<\/h3>\n<p>ABOGADO LITIGANTE<\/p>\n<h4 class=\"link-circle\" style=\"text-align: center;\"><a href=\"\/es\/melanie-tahmasian\/\">Perfil del abogado<\/a><\/h4>\n\n\t\t<\/div>\n\t<\/div>\n<\/div><\/div><\/div><\/div><\/div><div class=\"vc_row wpb_row team-row\"><div class=\"container\"><div class=\"team-column wpb_column vc_column_container vc_col-sm-3\"><div class=\"vc_column-inner\"><div class=\"wpb_wrapper\"><\/div><\/div><\/div><div class=\"team-column wpb_column vc_column_container vc_col-sm-6\"><div class=\"vc_column-inner\"><div class=\"wpb_wrapper\">\n\t<div class=\"wpb_text_column wpb_content_element\" >\n\t\t<div class=\"wpb_wrapper\">\n\t\t\t<p><img loading=\"lazy\" decoding=\"async\" class=\"aligncenter size-full wp-image-7925\" src=\"https:\/\/capfirmstg.webteam.ai\/wp-content\/uploads\/2026\/02\/Henrik-Sardarbegian-1920-x-1920-solid-background.png\" alt=\"Henrik-Sardarbegian-1920-x-1920-solid-background\" width=\"1920\" height=\"1920\" srcset=\"https:\/\/capfirmstg.webteam.ai\/wp-content\/uploads\/2026\/02\/Henrik-Sardarbegian-1920-x-1920-solid-background.png 1920w, https:\/\/capfirmstg.webteam.ai\/wp-content\/uploads\/2026\/02\/Henrik-Sardarbegian-1920-x-1920-solid-background-300x300.png 300w, https:\/\/capfirmstg.webteam.ai\/wp-content\/uploads\/2026\/02\/Henrik-Sardarbegian-1920-x-1920-solid-background-1024x1024.png 1024w, https:\/\/capfirmstg.webteam.ai\/wp-content\/uploads\/2026\/02\/Henrik-Sardarbegian-1920-x-1920-solid-background-150x150.png 150w, https:\/\/capfirmstg.webteam.ai\/wp-content\/uploads\/2026\/02\/Henrik-Sardarbegian-1920-x-1920-solid-background-768x768.png 768w, https:\/\/capfirmstg.webteam.ai\/wp-content\/uploads\/2026\/02\/Henrik-Sardarbegian-1920-x-1920-solid-background-1536x1536.png 1536w, https:\/\/capfirmstg.webteam.ai\/wp-content\/uploads\/2026\/02\/Henrik-Sardarbegian-1920-x-1920-solid-background-12x12.png 12w\" sizes=\"auto, (max-width: 1920px) 100vw, 1920px\" \/><\/p>\n\n\t\t<\/div>\n\t<\/div>\n\n\t<div class=\"wpb_text_column wpb_content_element  team-txt\" >\n\t\t<div class=\"wpb_wrapper\">\n\t\t\t<h3>Henrik Sardarbegian, Esq.<\/h3>\n<p>ABOGADO ESPECIALIZADO EN LESIONES PERSONALES<\/p>\n<h4 class=\"link-circle\" style=\"text-align: center;\"><a href=\"\/es\/henrik-sardarbegian\/\">Perfil del abogado<\/a><\/h4>\n\n\t\t<\/div>\n\t<\/div>\n<\/div><\/div><\/div><div class=\"wpb_column vc_column_container vc_col-sm-3\"><div class=\"vc_column-inner\"><div class=\"wpb_wrapper\"><\/div><\/div><\/div><\/div><\/div><style>@media(max-width:480px){.vc-boptions-69e84a6dcddf4{background-image:url('https:\/\/capfirmstg.webteam.ai\/wp-content\/uploads\/2025\/10\/Bottom-CTA-man-working-at-desk-mobile@2x.jpg')!important;background-size:cover!important;background-position:center top!important;}}@media(min-width:481px){.vc-boptions-69e84a6dcddf4{background-position:center top!important;}}.vc-boptions-69e84a6dcddf4{background-size:cover!important;}<\/style><div id=\"ContactRow\" class=\"vc_row wpb_row bottom-cta form-bottom-cta inline-fifty fifty-fifty vc_custom_1764963270858 vc_row-has-fill vc-boptions-69e84a6dcddf4\"><div class=\"container\"><div class=\"vertical-align wpb_column vc_column_container vc_col-sm-6\"><div class=\"vc_column-inner\"><div class=\"wpb_wrapper\">\n\t<div class=\"wpb_text_column wpb_content_element  mb0\" >\n\t\t<div class=\"wpb_wrapper\">\n\t\t\t<h3>P\u00d3NGASE EN CONTACTO CON EL BUFETE CAPITAL LAW HOY MISMO<\/h3>\n<h2>ESTAMOS AQU\u00cd<br \/>\nPARA GUIARTE<\/h2>\n<p><strong>Servimos en\u00e9rgicamente a las comunidades de toda el \u00e1rea metropolitana de Los \u00c1ngeles, incluidos el condado de Los \u00c1ngeles y el condado de Orange, as\u00ed como las zonas circundantes.<\/strong><\/p>\n\n\t\t<\/div>\n\t<\/div>\n<\/div><\/div><\/div><div class=\"wpb_column vc_column_container vc_col-sm-6\"><div class=\"vc_column-inner\"><div class=\"wpb_wrapper\">\n\t<div class=\"wpb_raw_code wpb_content_element wpb_raw_html\" >\n\t\t<div class=\"wpb_wrapper\">\n\t\t\t <script charset=\"utf-8\" type=\"text\/javascript\" src=\"\/\/js-na2.hsforms.net\/forms\/embed\/v2.js\"><\/script>\n<script>\n  hbspt.forms.create({\n    portalId: \"48855741\",\n    formId: \"d6ab3eea-eb20-4032-bc22-40679e6f2e02\",\n    region: \"na2\"\n  });\n<\/script>\n\t\t<\/div>\n\t<\/div>\n<\/div><\/div><\/div><\/div><\/div>\n<\/div>","protected":false},"excerpt":{"rendered":"Meet the Attorneys Behind The Capital Law Firm When We Fight For You, It's Personal Strategic, Results-Driven Advocates You Can Trust At The Capital Law Firm, our attorneys are more than just legal professionals \u2014 they\u2019re trusted advocates, trial-tested litigators, and relentless defenders of the injured. Every member of our team brings a unique blend [...]","protected":false},"author":1,"featured_media":0,"parent":0,"menu_order":0,"comment_status":"closed","ping_status":"closed","template":"","meta":{"_acf_changed":false,"footnotes":""},"class_list":["post-7260","page","type-page","status-publish"],"acf":[],"aioseo_notices":[],"_links":{"self":[{"href":"https:\/\/capfirmstg.webteam.ai\/es\/wp-json\/wp\/v2\/pages\/7260","targetHints":{"allow":["GET"]}}],"collection":[{"href":"https:\/\/capfirmstg.webteam.ai\/es\/wp-json\/wp\/v2\/pages"}],"about":[{"href":"https:\/\/capfirmstg.webteam.ai\/es\/wp-json\/wp\/v2\/types\/page"}],"author":[{"embeddable":true,"href":"https:\/\/capfirmstg.webteam.ai\/es\/wp-json\/wp\/v2\/users\/1"}],"replies":[{"embeddable":true,"href":"https:\/\/capfirmstg.webteam.ai\/es\/wp-json\/wp\/v2\/comments?post=7260"}],"version-history":[{"count":17,"href":"https:\/\/capfirmstg.webteam.ai\/es\/wp-json\/wp\/v2\/pages\/7260\/revisions"}],"predecessor-version":[{"id":7929,"href":"https:\/\/capfirmstg.webteam.ai\/es\/wp-json\/wp\/v2\/pages\/7260\/revisions\/7929"}],"wp:attachment":[{"href":"https:\/\/capfirmstg.webteam.ai\/es\/wp-json\/wp\/v2\/media?parent=7260"}],"curies":[{"name":"wp","href":"https:\/\/api.w.org\/{rel}","templated":true}]}}