{"id":7242,"date":"2025-12-05T12:46:46","date_gmt":"2025-12-05T19:46:46","guid":{"rendered":"https:\/\/capfirm.com\/?page_id=7242"},"modified":"2026-02-05T14:00:15","modified_gmt":"2026-02-05T21:00:15","slug":"abogado-especializado-en-lesiones-personales-en-los-angeles-california","status":"publish","type":"page","link":"https:\/\/capfirmstg.webteam.ai\/es\/cities-we-serve\/los-angeles-ca-personal-injury-lawyer\/","title":{"rendered":"Abogado especializado en lesiones personales en Los \u00c1ngeles, California"},"content":{"rendered":"<div class=\"wpb-content-wrapper\"><div class=\"vc_row wpb_row hero-lg1 single-city vc_custom_1764962482107 vc_row-has-fill\"><div class=\"container\"><div class=\"vertical-align wpb_column vc_column_container vc_col-sm-12\"><div class=\"vc_column-inner\"><div class=\"wpb_wrapper\">\n\t<div class=\"wpb_text_column wpb_content_element  vc_custom_1770134863687\" >\n\t\t<div class=\"wpb_wrapper\">\n\t\t\t<h1 style=\"text-align: center;\">Abogado especializado en lesiones personales en Los \u00c1ngeles, California<\/h1>\n<p style=\"text-align: center; margin: 20px 0px;\">Cuando un accidente altera su vida, contar con el apoyo legal adecuado puede marcar la diferencia. En The Capital Law Firm, nuestros abogados especializados en lesiones personales en Los \u00c1ngeles le ofrecen asesoramiento personalizado y una representaci\u00f3n agresiva para ayudarle a obtener la indemnizaci\u00f3n que se merece.<\/p>\n<p style=\"text-align: center;\"><a class=\"btn-bt alternate\" href=\"\/es\/pongase-en-contacto-con\/\">Consulta gratuita<\/a><\/p>\n\n\t\t<\/div>\n\t<\/div>\n<\/div><\/div><\/div><\/div><\/div><section class=\"vc_section gradient1 small-height\"><div class=\"vc_row wpb_row gradient1 faq\"><div class=\"container\"><div class=\"wpb_column vc_column_container vc_col-sm-12\"><div class=\"vc_column-inner\"><div class=\"wpb_wrapper\">\n\t<div class=\"wpb_text_column wpb_content_element  mb0-desktop\" >\n\t\t<div class=\"wpb_wrapper\">\n\t\t\t<h2 style=\"text-align: center;\">Comprender la legislaci\u00f3n sobre lesiones personales en Los \u00c1ngeles, California<\/h2>\n<p style=\"text-align: center;\">La ley de lesiones personales en California existe para proteger a las personas que han sufrido da\u00f1os debido a la negligencia o las acciones intencionales de otra parte. Esta \u00e1rea del derecho abarca los accidentes que provocan da\u00f1os f\u00edsicos, emocionales o econ\u00f3micos. En Los \u00c1ngeles, los casos suelen involucrar a m\u00faltiples partes, desde conductores y propietarios de inmuebles hasta empresas y entidades gubernamentales.<\/p>\n<p style=\"text-align: center;\">Nuestros abogados ayudan a los clientes a comprender sus derechos, les explican c\u00f3mo se determina la responsabilidad y se aseguran de que no se pase por alto ning\u00fan aspecto de la reclamaci\u00f3n.<\/p>\n\n\t\t<\/div>\n\t<\/div>\n<\/div><\/div><\/div><\/div><\/div><\/section><div class=\"vc_row wpb_row inline-fifty vc_custom_1764952314635 vc_row-has-fill\"><div class=\"container\"><div class=\"vertical-align wpb_column vc_column_container vc_col-sm-6\"><div class=\"vc_column-inner\"><div class=\"wpb_wrapper\">\n\t<div class=\"wpb_text_column wpb_content_element\" >\n\t\t<div class=\"wpb_wrapper\">\n\t\t\t<h2 style=\"text-align: left;\">Tipos comunes de casos de lesiones personales que manejamos en Los \u00c1ngeles<\/h2>\n<p>Nuestro equipo representa una amplia gama de asuntos relacionados con lesiones personales en Los \u00c1ngeles, entre los que se incluyen:<\/p>\n<hr \/>\n<p><strong>Accidentes de veh\u00edculos:<\/strong> Colisiones de autom\u00f3viles, motocicletas, camiones y bicicletas.<\/p>\n<hr \/>\n<p><strong>Responsabilidad civil por las instalaciones:<\/strong> Incidentes por resbalones y ca\u00eddas en tiendas, oficinas o complejos de apartamentos.<\/p>\n<hr \/>\n<p><strong>Accidentes laborales:<\/strong> Los accidentes laborales no est\u00e1n totalmente cubiertos por la indemnizaci\u00f3n por accidente laboral.<\/p>\n<hr \/>\n<p><strong>Responsabilidad por productos defectuosos:<\/strong> Lesiones causadas por productos defectuosos o inseguros.<\/p>\n<hr \/>\n<p><strong>Lesiones catastr\u00f3ficas:<\/strong> Lesiones en la m\u00e9dula espinal, traumatismos cerebrales y quemaduras graves.<\/p>\n<hr \/>\n<p>Cada caso se aborda con atenci\u00f3n personalizada, asegur\u00e1ndonos de que sus circunstancias particulares gu\u00eden nuestra estrategia legal.<br \/>\n<a class=\"btn-bt alternate-blue\" href=\"\/es\/descripcion-general-de-la-empresa\/\">Qui\u00e9nes somos<\/a><\/p>\n\n\t\t<\/div>\n\t<\/div>\n<\/div><\/div><\/div><div class=\"vertical-align wpb_column vc_column_container vc_col-sm-6\"><div class=\"vc_column-inner\"><div class=\"wpb_wrapper\">\n\t<div class=\"wpb_text_column wpb_content_element\" >\n\t\t<div class=\"wpb_wrapper\">\n\t\t\t<p><img loading=\"lazy\" decoding=\"async\" class=\"aligncenter size-full wp-image-7245\" src=\"https:\/\/capfirmstg.webteam.ai\/wp-content\/uploads\/2025\/12\/a-group-photo-of-the-CAP-law-team-standing-in-front-of-a-window.jpg\" alt=\"Una foto grupal del equipo legal de CAP posando frente a una ventana.\" width=\"700\" height=\"590\" srcset=\"https:\/\/capfirmstg.webteam.ai\/wp-content\/uploads\/2025\/12\/a-group-photo-of-the-CAP-law-team-standing-in-front-of-a-window.jpg 700w, https:\/\/capfirmstg.webteam.ai\/wp-content\/uploads\/2025\/12\/a-group-photo-of-the-CAP-law-team-standing-in-front-of-a-window-300x253.jpg 300w\" sizes=\"auto, (max-width: 700px) 100vw, 700px\" \/><\/p>\n\n\t\t<\/div>\n\t<\/div>\n<\/div><\/div><\/div><\/div><\/div><section class=\"vc_section gradient1 small-height\"><div class=\"vc_row wpb_row gradient1 faq\"><div class=\"container\"><div class=\"wpb_column vc_column_container vc_col-sm-12\"><div class=\"vc_column-inner\"><div class=\"wpb_wrapper\">\n\t<div class=\"wpb_text_column wpb_content_element  mb0-desktop\" >\n\t\t<div class=\"wpb_wrapper\">\n\t\t\t<h2 style=\"text-align: center;\">\u00bfPor qu\u00e9 elegir The Capital Law Firm como su abogado especializado en lesiones personales en Los \u00c1ngeles?<\/h2>\n<p style=\"text-align: center;\">Elegir al abogado adecuado puede influir significativamente en el resultado de su reclamaci\u00f3n. Nuestros abogados especializados en lesiones personales en Los \u00c1ngeles combinan una atenci\u00f3n personalizada con una amplia experiencia en el trato con compa\u00f1\u00edas de seguros, lo que ayuda a los clientes a acceder r\u00e1pidamente a una atenci\u00f3n m\u00e9dica de la m\u00e1xima calidad.<\/p>\n<p style=\"text-align: center;\">Al aprovechar la tecnolog\u00eda legal avanzada, optimizamos la comunicaci\u00f3n y la gesti\u00f3n de casos, lo que a menudo nos permite resolver los asuntos m\u00e1s r\u00e1pidamente sin comprometer los resultados. Nuestro objetivo es proteger sus derechos y, al mismo tiempo, mantener el proceso claro y manejable durante un momento estresante.<\/p>\n\n\t\t<\/div>\n\t<\/div>\n<\/div><\/div><\/div><\/div><\/div><\/section><section class=\"vc_section small-height\"><div class=\"vc_row wpb_row blurb-row\"><div class=\"container\"><div class=\"wpb_column vc_column_container vc_col-sm-12\"><div class=\"vc_column-inner\"><div class=\"wpb_wrapper\">\n\t<div class=\"wpb_text_column wpb_content_element  mb0\" >\n\t\t<div class=\"wpb_wrapper\">\n\t\t\t<h2 style=\"text-align: center;\">Qu\u00e9 hacer despu\u00e9s de un accidente con lesiones personales en Los \u00c1ngeles<\/h2>\n\n\t\t<\/div>\n\t<\/div>\n<div class=\"vc_row wpb_row vc_inner vc_row-fluid expandable-grid-C1\"><div class=\"wpb_column vc_column_container vc_col-sm-4\"><div class=\"vc_column-inner\"><div class=\"wpb_wrapper\">\n\t<div class=\"wpb_text_column wpb_content_element  expand-bottom-C1 accent3\" >\n\t\t<div class=\"wpb_wrapper\">\n\t\t\t<div class=\"text-wrap\">\n<h4 style=\"text-align: center;\"><strong>Priorice su seguridad y salud<\/strong><\/h4>\n<div class=\"hider-text\">\n<p style=\"text-align: center;\">Busque atenci\u00f3n m\u00e9dica inmediata, incluso si las lesiones parecen leves.<\/p>\n<\/div>\n<p class=\"hider-toggle\" style=\"text-align: center;\">Pulsa para ampliar<\/p>\n<\/div>\n\n\t\t<\/div>\n\t<\/div>\n<\/div><\/div><\/div><div class=\"wpb_column vc_column_container vc_col-sm-4\"><div class=\"vc_column-inner\"><div class=\"wpb_wrapper\">\n\t<div class=\"wpb_text_column wpb_content_element  expand-bottom-C1 accent3\" >\n\t\t<div class=\"wpb_wrapper\">\n\t\t\t<div class=\"text-wrap\">\n<h4 style=\"text-align: center;\"><strong>Documentar el incidente<\/strong><\/h4>\n<div class=\"hider-text\">\n<p style=\"text-align: center;\">Tome fotos, recopile informaci\u00f3n de los testigos y mantenga registros de las visitas m\u00e9dicas y los da\u00f1os materiales.<\/p>\n<\/div>\n<p class=\"hider-toggle\" style=\"text-align: center;\">Pulsa para ampliar<\/p>\n<\/div>\n\n\t\t<\/div>\n\t<\/div>\n<\/div><\/div><\/div><div class=\"wpb_column vc_column_container vc_col-sm-4\"><div class=\"vc_column-inner\"><div class=\"wpb_wrapper\">\n\t<div class=\"wpb_text_column wpb_content_element  expand-bottom-C1 accent3\" >\n\t\t<div class=\"wpb_wrapper\">\n\t\t\t<div class=\"text-wrap\">\n<h4 style=\"text-align: center;\"><strong>Denunciar el accidente<\/strong><\/h4>\n<div class=\"hider-text\">\n<p style=\"text-align: center;\">Notifique a las autoridades o a los administradores de la propiedad cuando sea necesario.<\/p>\n<\/div>\n<p class=\"hider-toggle\" style=\"text-align: center;\">Pulsa para ampliar<\/p>\n<\/div>\n\n\t\t<\/div>\n\t<\/div>\n<\/div><\/div><\/div><\/div><div class=\"vc_row wpb_row vc_inner vc_row-fluid expandable-grid-C1\"><div class=\"wpb_column vc_column_container vc_col-sm-6\"><div class=\"vc_column-inner\"><div class=\"wpb_wrapper\">\n\t<div class=\"wpb_text_column wpb_content_element  expand-bottom-C1 accent3\" >\n\t\t<div class=\"wpb_wrapper\">\n\t\t\t<div class=\"text-wrap\">\n<h4 style=\"text-align: center;\"><strong>Evite hacer declaraciones prematuras a las aseguradoras.<\/strong><\/h4>\n<div class=\"hider-text\">\n<p style=\"text-align: center;\">Proteja su reclamaci\u00f3n hasta que reciba asesoramiento legal.<\/p>\n<\/div>\n<p class=\"hider-toggle\" style=\"text-align: center;\">Pulsa para ampliar<\/p>\n<\/div>\n\n\t\t<\/div>\n\t<\/div>\n<\/div><\/div><\/div><div class=\"wpb_column vc_column_container vc_col-sm-6\"><div class=\"vc_column-inner\"><div class=\"wpb_wrapper\">\n\t<div class=\"wpb_text_column wpb_content_element  expand-bottom-C1 accent3\" >\n\t\t<div class=\"wpb_wrapper\">\n\t\t\t<div class=\"text-wrap\">\n<h4 style=\"text-align: center;\"><strong>P\u00f3ngase en contacto con un abogado especializado en lesiones personales en Los \u00c1ngeles.<\/strong><\/h4>\n<div class=\"hider-text\">\n<p style=\"text-align: center;\">Una intervenci\u00f3n temprana garantiza que se cumplan los plazos y que sus derechos est\u00e9n plenamente protegidos.<\/p>\n<\/div>\n<p class=\"hider-toggle\" style=\"text-align: center;\">Pulsa para ampliar<\/p>\n<\/div>\n\n\t\t<\/div>\n\t<\/div>\n<\/div><\/div><\/div><\/div><\/div><\/div><\/div><\/div><\/div><\/section><div class=\"vc_row wpb_row cta-row accent3 vc_custom_1763574042870\"><div class=\"container\"><div class=\"wpb_column vc_column_container vc_col-sm-12\"><div class=\"vc_column-inner\"><div class=\"wpb_wrapper\">\n\t<div class=\"wpb_text_column wpb_content_element  wpb_animate_when_almost_visible wpb_slideInLeft slideInLeft mb0\" >\n\t\t<div class=\"wpb_wrapper\">\n\t\t\t<h2>Cada caso es nuestra misi\u00f3n personal<\/h2>\n<p><a class=\"btn-bt alternate\" href=\"\/es\/pongase-en-contacto-con\/\">Consulta gratuita<\/a><\/p>\n\n\t\t<\/div>\n\t<\/div>\n<\/div><\/div><\/div><\/div><\/div><div class=\"vc_row wpb_row inline-fifty reverse light2 vc_custom_1764955731271 vc_row-has-fill\"><div class=\"container\"><div class=\"vertical-align wpb_column vc_column_container vc_col-sm-6\"><div class=\"vc_column-inner\"><div class=\"wpb_wrapper\">\n\t<div class=\"wpb_text_column wpb_content_element  mb0-desktop\" >\n\t\t<div class=\"wpb_wrapper\">\n\t\t\t<p><img loading=\"lazy\" decoding=\"async\" class=\"aligncenter size-full wp-image-7222\" src=\"https:\/\/capfirmstg.webteam.ai\/wp-content\/uploads\/2025\/12\/Spinal-Cord-Injury-man-at-his-desk.jpg\" alt=\"Hombre con lesi\u00f3n medular en su escritorio\" width=\"700\" height=\"590\" srcset=\"https:\/\/capfirmstg.webteam.ai\/wp-content\/uploads\/2025\/12\/Spinal-Cord-Injury-man-at-his-desk.jpg 700w, https:\/\/capfirmstg.webteam.ai\/wp-content\/uploads\/2025\/12\/Spinal-Cord-Injury-man-at-his-desk-300x253.jpg 300w\" sizes=\"auto, (max-width: 700px) 100vw, 700px\" \/><\/p>\n\n\t\t<\/div>\n\t<\/div>\n<\/div><\/div><\/div><div class=\"vertical-align wpb_column vc_column_container vc_col-sm-6\"><div class=\"vc_column-inner\"><div class=\"wpb_wrapper\">\n\t<div class=\"wpb_text_column wpb_content_element\" >\n\t\t<div class=\"wpb_wrapper\">\n\t\t\t<h2>El proceso de reclamaci\u00f3n por lesiones personales: desde la consulta hasta la indemnizaci\u00f3n<\/h2>\n<p>Despu\u00e9s de su consulta inicial, nuestro equipo investiga su caso, recopila pruebas, consulta a expertos m\u00e9dicos y negocia con las compa\u00f1\u00edas de seguros. Si es necesario, nos preparamos para el litigio, asegur\u00e1ndonos de que cada argumento est\u00e9 respaldado por una documentaci\u00f3n exhaustiva.<\/p>\n<p>A lo largo de todo el proceso, le mantenemos informado, proporcion\u00e1ndole explicaciones claras sobre las opciones y los posibles resultados. Nuestro objetivo es conseguir la m\u00e1xima indemnizaci\u00f3n de manera eficiente, minimizando al mismo tiempo el estr\u00e9s para usted y su familia.<\/p>\n\n\t\t<\/div>\n\t<\/div>\n<\/div><\/div><\/div><\/div><\/div><section class=\"vc_section gradient1 small-height\"><div class=\"vc_row wpb_row gradient1 faq\"><div class=\"container\"><div class=\"wpb_column vc_column_container vc_col-sm-12\"><div class=\"vc_column-inner\"><div class=\"wpb_wrapper\">\n\t<div class=\"wpb_text_column wpb_content_element  mb0-desktop\" >\n\t\t<div class=\"wpb_wrapper\">\n\t\t\t<h2 style=\"text-align: center;\">Estatuto de limitaciones para reclamaciones por lesiones personales en California<\/h2>\n<p style=\"text-align: center;\">En California, el plazo de prescripci\u00f3n est\u00e1ndar para las demandas por lesiones personales es generalmente de dos a\u00f1os a partir de la fecha del accidente. Ciertos casos, como los que involucran a entidades gubernamentales, tienen plazos m\u00e1s cortos y requisitos procesales adicionales. Es esencial ponerse en contacto con un abogado experto en lesiones personales de Los \u00c1ngeles lo antes posible para garantizar que su demanda se presente correctamente y a tiempo.<\/p>\n\n\t\t<\/div>\n\t<\/div>\n<\/div><\/div><\/div><\/div><\/div><\/section><div class=\"vc_row wpb_row blurb-row dark1\"><div class=\"container\"><div class=\"wpb_column vc_column_container vc_col-sm-12\"><div class=\"vc_column-inner\"><div class=\"wpb_wrapper\">\n\t<div class=\"wpb_text_column wpb_content_element  mb0\" >\n\t\t<div class=\"wpb_wrapper\">\n\t\t\t<h2 style=\"text-align: center;\">P\u00f3ngase en contacto hoy mismo con un abogado con experiencia en lesiones personales en Los \u00c1ngeles.<\/h2>\n<p style=\"text-align: center;\">Si ha sufrido una lesi\u00f3n, no espere m\u00e1s para proteger sus derechos. El bufete Capital Law Firm est\u00e1 listo para brindarle asesoramiento personalizado y una representaci\u00f3n agresiva adaptada a su situaci\u00f3n.<\/p>\n<p style=\"text-align: center;\">Llame a nuestra oficina al <a href=\"tel:213-818-7232\">(213) 818-7232<\/a> o cont\u00e1ctenos en l\u00ednea para una consulta gratuita con nuestros abogados de confianza especializados en lesiones personales en Los \u00c1ngeles y d\u00e9 el primer paso para obtener la indemnizaci\u00f3n que se merece.<\/p>\n\n\t\t<\/div>\n\t<\/div>\n<\/div><\/div><\/div><\/div><\/div><style>@media(max-width:480px){.vc-boptions-69e84a39f0d9c{background-image:url('https:\/\/capfirmstg.webteam.ai\/wp-content\/uploads\/2025\/10\/Bottom-CTA-man-working-at-desk-mobile@2x.jpg')!important;background-size:cover!important;background-position:center top!important;}}@media(min-width:481px){.vc-boptions-69e84a39f0d9c{background-position:center top!important;}}.vc-boptions-69e84a39f0d9c{background-size:cover!important;}<\/style><div id=\"ContactRow\" class=\"vc_row wpb_row bottom-cta form-bottom-cta inline-fifty fifty-fifty vc_custom_1764953194297 vc_row-has-fill vc-boptions-69e84a39f0d9c\"><div class=\"container\"><div class=\"vertical-align wpb_column vc_column_container vc_col-sm-6\"><div class=\"vc_column-inner\"><div class=\"wpb_wrapper\">\n\t<div class=\"wpb_text_column wpb_content_element  mb0\" >\n\t\t<div class=\"wpb_wrapper\">\n\t\t\t<h3>P\u00d3NGASE EN CONTACTO CON EL BUFETE CAPITAL LAW HOY MISMO<\/h3>\n<h2>ESTAMOS AQU\u00cd<br \/>\nPARA GUIARTE<\/h2>\n<p><strong>Servimos en\u00e9rgicamente a las comunidades de toda el \u00e1rea metropolitana de Los \u00c1ngeles, incluidos el condado de Los \u00c1ngeles y el condado de Orange, as\u00ed como las zonas circundantes.<\/strong><\/p>\n\n\t\t<\/div>\n\t<\/div>\n<\/div><\/div><\/div><div class=\"wpb_column vc_column_container vc_col-sm-6\"><div class=\"vc_column-inner\"><div class=\"wpb_wrapper\">\n\t<div class=\"wpb_raw_code wpb_content_element wpb_raw_html\" >\n\t\t<div class=\"wpb_wrapper\">\n\t\t\t <script charset=\"utf-8\" type=\"text\/javascript\" src=\"\/\/js-na2.hsforms.net\/forms\/embed\/v2.js\"><\/script>\n<script>\n  hbspt.forms.create({\n    portalId: \"48855741\",\n    formId: \"d6ab3eea-eb20-4032-bc22-40679e6f2e02\",\n    region: \"na2\"\n  });\n<\/script>\n\t\t<\/div>\n\t<\/div>\n<\/div><\/div><\/div><\/div><\/div>\n<\/div>","protected":false},"excerpt":{"rendered":"Personal Injury Attorney in Los Angeles, CA When an accident disrupts your life, having the right legal support can make all the difference. At The Capital Law Firm, our Los Angeles personal injury lawyers provide personalized guidance and aggressive representation to help you secure the compensation you deserve. Free Consultation Understanding Personal Injury Law in [...]","protected":false},"author":1,"featured_media":0,"parent":7846,"menu_order":0,"comment_status":"closed","ping_status":"closed","template":"","meta":{"_acf_changed":false,"footnotes":""},"class_list":["post-7242","page","type-page","status-publish"],"acf":[],"aioseo_notices":[],"_links":{"self":[{"href":"https:\/\/capfirmstg.webteam.ai\/es\/wp-json\/wp\/v2\/pages\/7242","targetHints":{"allow":["GET"]}}],"collection":[{"href":"https:\/\/capfirmstg.webteam.ai\/es\/wp-json\/wp\/v2\/pages"}],"about":[{"href":"https:\/\/capfirmstg.webteam.ai\/es\/wp-json\/wp\/v2\/types\/page"}],"author":[{"embeddable":true,"href":"https:\/\/capfirmstg.webteam.ai\/es\/wp-json\/wp\/v2\/users\/1"}],"replies":[{"embeddable":true,"href":"https:\/\/capfirmstg.webteam.ai\/es\/wp-json\/wp\/v2\/comments?post=7242"}],"version-history":[{"count":10,"href":"https:\/\/capfirmstg.webteam.ai\/es\/wp-json\/wp\/v2\/pages\/7242\/revisions"}],"predecessor-version":[{"id":7771,"href":"https:\/\/capfirmstg.webteam.ai\/es\/wp-json\/wp\/v2\/pages\/7242\/revisions\/7771"}],"up":[{"embeddable":true,"href":"https:\/\/capfirmstg.webteam.ai\/es\/wp-json\/wp\/v2\/pages\/7846"}],"wp:attachment":[{"href":"https:\/\/capfirmstg.webteam.ai\/es\/wp-json\/wp\/v2\/media?parent=7242"}],"curies":[{"name":"wp","href":"https:\/\/api.w.org\/{rel}","templated":true}]}}