{"id":7233,"date":"2025-12-05T11:55:36","date_gmt":"2025-12-05T18:55:36","guid":{"rendered":"https:\/\/capfirm.com\/?page_id=7233"},"modified":"2025-12-12T15:05:05","modified_gmt":"2025-12-12T22:05:05","slug":"abogado-especializado-en-lesiones-cerebrales-traumaticas","status":"publish","type":"page","link":"https:\/\/capfirmstg.webteam.ai\/es\/traumatic-brain-injury-lawyer\/","title":{"rendered":"Abogado especializado en lesiones cerebrales traum\u00e1ticas"},"content":{"rendered":"<div class=\"wpb-content-wrapper\"><div class=\"vc_row wpb_row hero-lg1 vc_custom_1764951453144 vc_row-has-fill\"><div class=\"container\"><div class=\"vertical-align wpb_column vc_column_container vc_col-sm-6\"><div class=\"vc_column-inner\"><div class=\"wpb_wrapper\">\n\t<div class=\"wpb_text_column wpb_content_element  vc_custom_1765577102809\" >\n\t\t<div class=\"wpb_wrapper\">\n\t\t\t<h1>Abogado especializado en lesiones cerebrales traum\u00e1ticas (TBI) en Los \u00c1ngeles, California<\/h1>\n<h3>CUANDO LUCHAMOS POR TI, ES PERSONAL.<\/h3>\n<p>Si alguien actu\u00f3 con negligencia y provoc\u00f3 que usted o un ser querido sufriera una lesi\u00f3n cerebral traum\u00e1tica, puede contar con asistencia legal. Puede reclamar la justicia y la indemnizaci\u00f3n que se merece.<\/p>\n<h4>Abogados especializados en lesiones cerebrales traum\u00e1ticas de The Capital Law Firm:<\/h4>\n<p><strong><img loading=\"lazy\" decoding=\"async\" class=\"alignnone wp-image-2832\" style=\"margin-bottom: -4px;\" src=\"https:\/\/capfirmstg.webteam.ai\/wp-content\/uploads\/2025\/11\/tab-icon-CAPFIRM@2x-White.png\" alt=\"tab-icon-CAPFIRM@2x Blanco\" width=\"20\" height=\"20\" \/> Resultados basados en la integridad<\/strong><\/p>\n<p><strong><img loading=\"lazy\" decoding=\"async\" class=\"alignnone wp-image-2832\" style=\"margin-bottom: -4px;\" src=\"https:\/\/capfirmstg.webteam.ai\/wp-content\/uploads\/2025\/11\/tab-icon-CAPFIRM@2x-White.png\" alt=\"tab-icon-CAPFIRM@2x Blanco\" width=\"20\" height=\"20\" \/> Campe\u00f3n de Compensaci\u00f3n<\/strong><\/p>\n\n\t\t<\/div>\n\t<\/div>\n<\/div><\/div><\/div><div class=\"vertical-align wpb_column vc_column_container vc_col-sm-6\"><div class=\"vc_column-inner vc_custom_1764111156265\"><div class=\"wpb_wrapper\">\n\t<div class=\"wpb_raw_code wpb_content_element wpb_raw_html\" >\n\t\t<div class=\"wpb_wrapper\">\n\t\t\t <script charset=\"utf-8\" type=\"text\/javascript\" src=\"\/\/js-na2.hsforms.net\/forms\/embed\/v2.js\"><\/script>\n<script>\n  hbspt.forms.create({\n    portalId: \"48855741\",\n    formId: \"d6ab3eea-eb20-4032-bc22-40679e6f2e02\",\n    region: \"na2\"\n  });\n<\/script>\n\t\t<\/div>\n\t<\/div>\n<\/div><\/div><\/div><\/div><\/div><section class=\"vc_section gradient1 small-height\"><div class=\"vc_row wpb_row gradient1 faq\"><div class=\"container\"><div class=\"wpb_column vc_column_container vc_col-sm-12\"><div class=\"vc_column-inner\"><div class=\"wpb_wrapper\">\n\t<div class=\"wpb_text_column wpb_content_element  mb0-desktop\" >\n\t\t<div class=\"wpb_wrapper\">\n\t\t\t<h2 style=\"text-align: center;\">Da\u00f1o cerebral traum\u00e1tico<\/h2>\n<p style=\"text-align: center;\">Una lesi\u00f3n cerebral traum\u00e1tica (LCT) puede ser una experiencia que te cambia la vida. Tanto las v\u00edctimas como sus seres queridos sufren. Este tipo de lesi\u00f3n puede ser causada por muchos tipos de accidentes diferentes.\u00a0<a href=\"\/es\/abogado-de-accidentes-de-coche\/\">Accidentes de tr\u00e1fico<\/a>, incidentes laborales y\u00a0<a href=\"\/es\/responsabilidad-de-las-premisas-resbalon-y-caida-abogado\/\">resbalones y ca\u00eddas<\/a>\u00a0Se sabe que todos ellos pueden provocar lesiones cerebrales traum\u00e1ticas. Lamentablemente, las lesiones cerebrales traum\u00e1ticas suelen acarrear problemas f\u00edsicos, emocionales y econ\u00f3micos de larga duraci\u00f3n.<\/p>\n<p style=\"text-align: center;\"><a href=\"\/es\/\">The Capital Law Firm<\/a>\u00a0est\u00e1 aqu\u00ed para ayudarte a entender la compleja legislaci\u00f3n que rige los casos de lesiones cerebrales traum\u00e1ticas. Contamos con abogados expertos en lesiones cerebrales traum\u00e1ticas en Los \u00c1ngeles, listos para trabajar contigo. Nuestros abogados te ofrecen informaci\u00f3n valiosa. Sabemos que conseguir veredictos favorables significa hacer justicia. Adem\u00e1s, te ayuda en tu recuperaci\u00f3n. Tu caso nos importa, y cuando luchamos por ti, \u00a1es algo personal!<\/p>\n<p style=\"text-align: center;\"><a class=\"btn-bt alternate-blue\" href=\"\/es\/pongase-en-contacto-con\/\">Consulta gratuita<\/a><\/p>\n\n\t\t<\/div>\n\t<\/div>\n<\/div><\/div><\/div><\/div><\/div><\/section><div class=\"vc_row wpb_row inline-fifty vc_custom_1764952314635 vc_row-has-fill\"><div class=\"container\"><div class=\"vertical-align wpb_column vc_column_container vc_col-sm-6\"><div class=\"vc_column-inner\"><div class=\"wpb_wrapper\">\n\t<div class=\"wpb_text_column wpb_content_element\" >\n\t\t<div class=\"wpb_wrapper\">\n\t\t\t<h2 style=\"text-align: left;\">Definici\u00f3n de lesi\u00f3n cerebral traum\u00e1tica (LCT)<\/h2>\n<p>Una lesi\u00f3n cerebral traum\u00e1tica (LCT) se produce cuando un golpe o una sacudida en la cabeza altera el funcionamiento normal del cerebro. Las LCT pueden variar desde conmociones cerebrales leves hasta da\u00f1os cerebrales graves, y a menudo provocan problemas f\u00edsicos, cognitivos y emocionales a largo plazo. Reconocer los s\u00edntomas y buscar atenci\u00f3n m\u00e9dica inmediata son pasos fundamentales para prevenir da\u00f1os mayores.<\/p>\n<p>Si ha sufrido una lesi\u00f3n cerebral traum\u00e1tica en California, consultar con un abogado especializado en este tipo de lesiones puede ayudarle a garantizar que reciba la indemnizaci\u00f3n que se merece. Nuestro bufete de Los \u00c1ngeles est\u00e1 aqu\u00ed para apoyarle durante todo el proceso, defendiendo sus intereses y ayud\u00e1ndole a alcanzar una resoluci\u00f3n justa.<\/p>\n\n\t\t<\/div>\n\t<\/div>\n<\/div><\/div><\/div><div class=\"vertical-align wpb_column vc_column_container vc_col-sm-6\"><div class=\"vc_column-inner\"><div class=\"wpb_wrapper\">\n\t<div class=\"wpb_text_column wpb_content_element\" >\n\t\t<div class=\"wpb_wrapper\">\n\t\t\t<p><img loading=\"lazy\" decoding=\"async\" class=\"aligncenter size-full wp-image-7223\" src=\"https:\/\/capfirmstg.webteam.ai\/wp-content\/uploads\/2025\/12\/Spinal-Cord-Injury-team-meeting.jpg\" alt=\"Reuni\u00f3n del equipo de lesiones medulares\" width=\"700\" height=\"590\" srcset=\"https:\/\/capfirmstg.webteam.ai\/wp-content\/uploads\/2025\/12\/Spinal-Cord-Injury-team-meeting.jpg 700w, https:\/\/capfirmstg.webteam.ai\/wp-content\/uploads\/2025\/12\/Spinal-Cord-Injury-team-meeting-300x253.jpg 300w\" sizes=\"auto, (max-width: 700px) 100vw, 700px\" \/><\/p>\n\n\t\t<\/div>\n\t<\/div>\n<\/div><\/div><\/div><\/div><\/div><section class=\"vc_section light2\"><div class=\"vc_row wpb_row gradient1 faq\"><div class=\"container\"><div class=\"wpb_column vc_column_container vc_col-sm-12\"><div class=\"vc_column-inner\"><div class=\"wpb_wrapper\">\n\t<div class=\"wpb_text_column wpb_content_element\" >\n\t\t<div class=\"wpb_wrapper\">\n\t\t\t<h2 style=\"text-align: center;\">Causas comunes de las lesiones cerebrales<\/h2>\n<p style=\"text-align: center;\">Las lesiones cerebrales traum\u00e1ticas pueden ser consecuencia de diversos incidentes, entre ellos los accidentes automovil\u00edsticos, los accidentes por resbalones y ca\u00eddas,\u00a0<a href=\"\/es\/construccion-lesiones-abogado\/\">accidentes laborales<\/a>, o actos violentos. En Los \u00c1ngeles, los accidentes de tr\u00e1fico son una de las causas m\u00e1s frecuentes de traumatismo craneoencef\u00e1lico. Otras causas comunes son las lesiones deportivas, las ca\u00eddas desde altura o los accidentes laborales.<\/p>\n<p style=\"text-align: center;\">\u00bfHa estado buscando en Internet un abogado especializado en lesiones cerebrales traum\u00e1ticas cerca de usted? Nos alegra que nos haya encontrado; estamos aqu\u00ed para ayudarle a comprender sus derechos y opciones.<\/p>\n\n\t\t<\/div>\n\t<\/div>\n<\/div><\/div><\/div><\/div><\/div><\/section><div class=\"vc_row wpb_row cta-row accent3 vc_custom_1763574042870\"><div class=\"container\"><div class=\"wpb_column vc_column_container vc_col-sm-12\"><div class=\"vc_column-inner\"><div class=\"wpb_wrapper\">\n\t<div class=\"wpb_text_column wpb_content_element  wpb_animate_when_almost_visible wpb_slideInLeft slideInLeft mb0\" >\n\t\t<div class=\"wpb_wrapper\">\n\t\t\t<h2>Cada caso es nuestra misi\u00f3n personal<\/h2>\n<p><a class=\"btn-bt alternate\" href=\"\/es\/pongase-en-contacto-con\/\">Consulta gratuita<\/a><\/p>\n\n\t\t<\/div>\n\t<\/div>\n<\/div><\/div><\/div><\/div><\/div><section class=\"vc_section small-height\"><div class=\"vc_row wpb_row blurb-row\"><div class=\"container\"><div class=\"wpb_column vc_column_container vc_col-sm-12\"><div class=\"vc_column-inner\"><div class=\"wpb_wrapper\">\n\t<div class=\"wpb_text_column wpb_content_element  mb0\" >\n\t\t<div class=\"wpb_wrapper\">\n\t\t\t<h2 style=\"text-align: center;\">Tipos de lesiones cerebrales traum\u00e1ticas: leves, moderadas y graves<\/h2>\n<p style=\"text-align: center; margin-bottom: 20px;\">Las lesiones cerebrales traum\u00e1ticas (LCT) se clasifican en tres categor\u00edas principales: leves, moderadas y graves. Cada tipo puede afectar significativamente a tu vida, pero reconocer las diferencias es fundamental para un diagn\u00f3stico precoz y un tratamiento adecuado.<\/p>\n\n\t\t<\/div>\n\t<\/div>\n<div class=\"vc_row wpb_row vc_inner vc_row-fluid expandable-grid-C1\"><div class=\"wpb_column vc_column_container vc_col-sm-4\"><div class=\"vc_column-inner\"><div class=\"wpb_wrapper\">\n\t<div class=\"wpb_text_column wpb_content_element  expand-bottom-C1 accent3\" >\n\t\t<div class=\"wpb_wrapper\">\n\t\t\t<div class=\"text-wrap\">\n<h4 style=\"text-align: center;\"><strong>Traumatismo craneoencef\u00e1lico leve (conmoci\u00f3n cerebral):<\/strong><\/h4>\n<div class=\"hider-text\">\n<p style=\"text-align: center;\">Las lesiones cerebrales traum\u00e1ticas leves, que suelen estar causadas por un golpe o un impacto en la cabeza, se conocen com\u00fanmente como conmociones cerebrales. Los s\u00edntomas pueden incluir dolores de cabeza, mareos, confusi\u00f3n, problemas de memoria, n\u00e1useas o sensibilidad a la luz y al sonido. Aunque se consideran \u201cleves\u201d, estas lesiones pueden tener efectos duraderos y nunca deben ignorarse.<\/p>\n<\/div>\n<p class=\"hider-toggle\" style=\"text-align: center;\">Pulsa para ampliar<\/p>\n<\/div>\n\n\t\t<\/div>\n\t<\/div>\n<\/div><\/div><\/div><div class=\"wpb_column vc_column_container vc_col-sm-4\"><div class=\"vc_column-inner\"><div class=\"wpb_wrapper\">\n\t<div class=\"wpb_text_column wpb_content_element  expand-bottom-C1 accent3\" >\n\t\t<div class=\"wpb_wrapper\">\n\t\t\t<div class=\"text-wrap\">\n<h4 style=\"text-align: center;\"><strong>Traumatismo craneoencef\u00e1lico moderado:<\/strong><\/h4>\n<div class=\"hider-text\">\n<p style=\"text-align: center;\">Los traumatismos craneoencef\u00e1licos moderados pueden provocar una p\u00e9rdida de conciencia que dura desde unos minutos hasta varias horas. Las personas afectadas pueden sufrir dolores de cabeza persistentes, dificultad para pensar con claridad, cambios de humor, fatiga y problemas del habla o de coordinaci\u00f3n. Estas lesiones suelen requerir una atenci\u00f3n m\u00e9dica y un seguimiento m\u00e1s intensivos.<\/p>\n<\/div>\n<p class=\"hider-toggle\" style=\"text-align: center;\">Pulsa para ampliar<\/p>\n<\/div>\n\n\t\t<\/div>\n\t<\/div>\n<\/div><\/div><\/div><div class=\"wpb_column vc_column_container vc_col-sm-4\"><div class=\"vc_column-inner\"><div class=\"wpb_wrapper\">\n\t<div class=\"wpb_text_column wpb_content_element  expand-bottom-C1 accent3\" >\n\t\t<div class=\"wpb_wrapper\">\n\t\t\t<div class=\"text-wrap\">\n<h4 style=\"text-align: center;\"><strong>Traumatismo craneoencef\u00e1lico grave:<\/strong><\/h4>\n<div class=\"hider-text\">\n<p style=\"text-align: center;\">Los traumatismos craneoencef\u00e1licos graves son el resultado de un impacto violento o una lesi\u00f3n penetrante en el cerebro. Las v\u00edctimas pueden permanecer inconscientes durante un per\u00edodo prolongado o entrar en coma. Los s\u00edntomas incluyen un deterioro cognitivo profundo, disfunci\u00f3n motora, cambios de personalidad y un alto riesgo de discapacidad a largo plazo. A menudo es necesario recibir atenci\u00f3n de emergencia inmediata y rehabilitaci\u00f3n a largo plazo.<\/p>\n<p style=\"text-align: center;\">Reconocer los s\u00edntomas a tiempo y buscar atenci\u00f3n m\u00e9dica puede salvar vidas. Nuestro bufete cuenta con una amplia experiencia en la representaci\u00f3n de v\u00edctimas con todo tipo de lesiones cerebrales. Ya sea que se trate de una conmoci\u00f3n cerebral leve o de una lesi\u00f3n cerebral traum\u00e1tica grave, nuestros abogados especializados en lesiones cerebrales traum\u00e1ticas est\u00e1n listos para ayudarte a obtener la atenci\u00f3n m\u00e9dica y la indemnizaci\u00f3n que mereces.<\/p>\n<\/div>\n<p class=\"hider-toggle\" style=\"text-align: center;\">Pulsa para ampliar<\/p>\n<\/div>\n\n\t\t<\/div>\n\t<\/div>\n<\/div><\/div><\/div><\/div><\/div><\/div><\/div><\/div><\/div><\/section><section class=\"vc_section gradient1 small-height\"><div class=\"vc_row wpb_row gradient1 faq\"><div class=\"container\"><div class=\"wpb_column vc_column_container vc_col-sm-12\"><div class=\"vc_column-inner\"><div class=\"wpb_wrapper\">\n\t<div class=\"wpb_text_column wpb_content_element  mb0\" >\n\t\t<div class=\"wpb_wrapper\">\n\t\t\t<h2 style=\"text-align: center;\">\u00bfQui\u00e9nes pueden ser considerados responsables en los casos de traumatismo craneoencef\u00e1lico?<\/h2>\n<p style=\"text-align: center; margin-bottom: 20px;\">En un caso de lesi\u00f3n cerebral traum\u00e1tica, la responsabilidad puede recaer en varias partes. Entre ellas pueden figurar conductores negligentes en accidentes automovil\u00edsticos, propietarios de inmuebles en incidentes de resbalones y ca\u00eddas, o empleadores en accidentes laborales. En Los \u00c1ngeles, tambi\u00e9n pueden incluirse los fabricantes de productos defectuosos o incluso los profesionales m\u00e9dicos cuya negligencia haya provocado lesiones adicionales. Un abogado especializado en lesiones cerebrales traum\u00e1ticas puede ayudarle a identificar a las partes responsables y a reclamar una indemnizaci\u00f3n en su nombre.<\/p>\n\n\t\t<\/div>\n\t<\/div>\n<div class=\"vc_tta-container\" data-vc-action=\"collapse\"><div class=\"vc_general vc_tta vc_tta-accordion vc_tta-color-grey vc_tta-style-modern vc_tta-shape-rounded vc_tta-o-shape-group vc_tta-controls-align-default  faq faq\"><div class=\"vc_tta-panels-container\"><div class=\"vc_tta-panels\"><div class=\"vc_tta-panel vc_active\" id=\"1763504481240-6a687d6a-744d\" data-vc-content=\".vc_tta-panel-body\"><div class=\"vc_tta-panel-heading\"><h4 class=\"vc_tta-panel-title vc_tta-controls-icon-position-right\"><a href=\"#1763504481240-6a687d6a-744d\" data-vc-accordion data-vc-container=\".vc_tta-container\"><span class=\"vc_tta-title-text\">Legislaci\u00f3n y plazos de prescripci\u00f3n en los casos de traumatismo craneoencef\u00e1lico<\/span><i class=\"vc_tta-controls-icon vc_tta-controls-icon-chevron\"><\/i><\/a><\/h4><\/div><div class=\"vc_tta-panel-body\">\n\t<div class=\"wpb_text_column wpb_content_element\" >\n\t\t<div class=\"wpb_wrapper\">\n\t\t\t<p>En California, los casos de lesiones personales, incluidas las lesiones cerebrales traum\u00e1ticas, deben presentarse en un plazo de dos a\u00f1os a partir del incidente. Esto se conoce como plazo de prescripci\u00f3n. Si no respeta este plazo, podr\u00eda perder el derecho a reclamar una indemnizaci\u00f3n. Nuestros abogados especializados en lesiones cerebrales traum\u00e1ticas de Los \u00c1ngeles conocen a la perfecci\u00f3n la legislaci\u00f3n de California y se aseguran de que su caso se presente a tiempo y con la documentaci\u00f3n adecuada.<\/p>\n\n\t\t<\/div>\n\t<\/div>\n<\/div><\/div><div class=\"vc_tta-panel\" id=\"1763505229056-4658ff26-eb96\" data-vc-content=\".vc_tta-panel-body\"><div class=\"vc_tta-panel-heading\"><h4 class=\"vc_tta-panel-title vc_tta-controls-icon-position-right\"><a href=\"#1763505229056-4658ff26-eb96\" data-vc-accordion data-vc-container=\".vc_tta-container\"><span class=\"vc_tta-title-text\">\u00bfC\u00f3mo puede ayudarte un abogado especializado en lesiones cerebrales traum\u00e1ticas?<\/span><i class=\"vc_tta-controls-icon vc_tta-controls-icon-chevron\"><\/i><\/a><\/h4><\/div><div class=\"vc_tta-panel-body\">\n\t<div class=\"wpb_text_column wpb_content_element\" >\n\t\t<div class=\"wpb_wrapper\">\n\t\t\t<p>Un abogado especializado en lesiones cerebrales traum\u00e1ticas de Los \u00c1ngeles puede brindarle una orientaci\u00f3n fundamental a lo largo de su caso. Nuestro equipo puede ayudarle a reunir pruebas, consultar a expertos m\u00e9dicos y representarle en las negociaciones con las compa\u00f1\u00edas de seguros. Gracias a nuestra experiencia, tendr\u00e1 m\u00e1s posibilidades de obtener la indemnizaci\u00f3n que se merece por los gastos m\u00e9dicos, los salarios perdidos y el da\u00f1o moral.<\/p>\n\n\t\t<\/div>\n\t<\/div>\n<\/div><\/div><\/div><\/div><\/div><\/div>\n\t<div class=\"wpb_text_column wpb_content_element\" >\n\t\t<div class=\"wpb_wrapper\">\n\t\t\t<p style=\"text-align: center; margin-top: 20px;\">Si su lesi\u00f3n medular fue causada por la negligencia de otra persona, es posible que tenga derecho a reclamar una indemnizaci\u00f3n por los da\u00f1os y perjuicios sufridos.<\/p>\n\n\t\t<\/div>\n\t<\/div>\n<\/div><\/div><\/div><\/div><\/div><\/section><section class=\"vc_section\"><div class=\"vc_row wpb_row gradient1 faq\"><div class=\"container\"><div class=\"wpb_column vc_column_container vc_col-sm-12\"><div class=\"vc_column-inner\"><div class=\"wpb_wrapper\">\n\t<div class=\"wpb_text_column wpb_content_element\" >\n\t\t<div class=\"wpb_wrapper\">\n\t\t\t<h2 style=\"text-align: center;\">C\u00f3mo presentar una demanda por lesi\u00f3n cerebral traum\u00e1tica<\/h2>\n<p style=\"text-align: center;\">Para presentar una demanda por lesi\u00f3n cerebral traum\u00e1tica en Los \u00c1ngeles, el primer paso es consultar con un abogado especializado en lesiones personales y en lesiones cerebrales traum\u00e1ticas. Su abogado recopilar\u00e1 todos los expedientes m\u00e9dicos, declaraciones de testigos e informes del accidente necesarios para armar un caso s\u00f3lido. A continuaci\u00f3n, el abogado presentar\u00e1 una demanda ante el tribunal, en la que se detallar\u00e1n los pormenores de la lesi\u00f3n y las partes responsables. Su abogado trabajar\u00e1 para negociar un acuerdo, pero, si fuera necesario, lo representar\u00e1 ante el tribunal.<\/p>\n\n\t\t<\/div>\n\t<\/div>\n<\/div><\/div><\/div><\/div><\/div><\/section><div class=\"vc_row wpb_row inline-fifty reverse light2 vc_custom_1764955731271 vc_row-has-fill\"><div class=\"container\"><div class=\"vertical-align wpb_column vc_column_container vc_col-sm-6\"><div class=\"vc_column-inner\"><div class=\"wpb_wrapper\">\n\t<div class=\"wpb_text_column wpb_content_element  mb0-desktop\" >\n\t\t<div class=\"wpb_wrapper\">\n\t\t\t<p><img loading=\"lazy\" decoding=\"async\" class=\"aligncenter size-full wp-image-7222\" src=\"https:\/\/capfirmstg.webteam.ai\/wp-content\/uploads\/2025\/12\/Spinal-Cord-Injury-man-at-his-desk.jpg\" alt=\"Hombre con lesi\u00f3n medular en su escritorio\" width=\"700\" height=\"590\" srcset=\"https:\/\/capfirmstg.webteam.ai\/wp-content\/uploads\/2025\/12\/Spinal-Cord-Injury-man-at-his-desk.jpg 700w, https:\/\/capfirmstg.webteam.ai\/wp-content\/uploads\/2025\/12\/Spinal-Cord-Injury-man-at-his-desk-300x253.jpg 300w\" sizes=\"auto, (max-width: 700px) 100vw, 700px\" \/><\/p>\n\n\t\t<\/div>\n\t<\/div>\n<\/div><\/div><\/div><div class=\"vertical-align wpb_column vc_column_container vc_col-sm-6\"><div class=\"vc_column-inner\"><div class=\"wpb_wrapper\">\n\t<div class=\"wpb_text_column wpb_content_element\" >\n\t\t<div class=\"wpb_wrapper\">\n\t\t\t<h2>Tratamiento de las lesiones cerebrales traum\u00e1ticas<\/h2>\n<p>En nuestro bufete, entendemos que recuperarse de una lesi\u00f3n cerebral traum\u00e1tica es un proceso complejo y, a menudo, abrumador. Por eso colaboramos estrechamente con los mejores m\u00e9dicos y expertos m\u00e9dicos del estado: profesionales especializados en diagnosticar y tratar los traumatismos cerebrales con precisi\u00f3n y compasi\u00f3n. Nuestro equipo est\u00e1 especialmente preparado para manejar estos casos delicados, con personal espec\u00edficamente capacitado para apoyar a los clientes que sufren de lesiones cerebrales traum\u00e1ticas. Cuando trabajas con un abogado especializado en lesiones cerebrales traum\u00e1ticas de nuestro bufete, no solo obtienes una representaci\u00f3n legal experta, sino tambi\u00e9n acceso a una red de especialistas de confianza dedicados a tu recuperaci\u00f3n a largo plazo.<\/p>\n\n\t\t<\/div>\n\t<\/div>\n<\/div><\/div><\/div><\/div><\/div><section class=\"vc_section\"><div class=\"vc_row wpb_row gradient1 faq\"><div class=\"container\"><div class=\"wpb_column vc_column_container vc_col-sm-12\"><div class=\"vc_column-inner\"><div class=\"wpb_wrapper\">\n\t<div class=\"wpb_text_column wpb_content_element\" >\n\t\t<div class=\"wpb_wrapper\">\n\t\t\t<h2 style=\"text-align: center;\">Trabaje con los mejores abogados especializados en lesiones cerebrales de Los \u00c1ngeles<\/h2>\n<p style=\"text-align: center;\">En The Capital Law Firm, nuestro equipo de abogados expertos en lesiones cerebrales traum\u00e1ticas en Los \u00c1ngeles est\u00e1 listo para luchar por tus derechos. Con m\u00e1s de 50 a\u00f1os de experiencia combinada, aportamos unos conocimientos sin igual a cada caso, asegur\u00e1ndonos de que recibas la atenci\u00f3n y los resultados que te mereces. Ponte en contacto con nosotros hoy mismo llam\u00e1ndonos al <a href=\"tel:213-818-7232\">(213) 818-7232<\/a> para hablar ahora mismo con un abogado especializado en lesiones cerebrales traum\u00e1ticas (TBI) de California y recibir una consulta gratuita y sin compromiso.<\/p>\n\n\t\t<\/div>\n\t<\/div>\n<\/div><\/div><\/div><\/div><\/div><\/section><div class=\"vc_row wpb_row cta-row accent3 vc_custom_1763574042870\"><div class=\"container\"><div class=\"wpb_column vc_column_container vc_col-sm-12\"><div class=\"vc_column-inner\"><div class=\"wpb_wrapper\">\n\t<div class=\"wpb_text_column wpb_content_element  wpb_animate_when_almost_visible wpb_slideInLeft slideInLeft mb0\" >\n\t\t<div class=\"wpb_wrapper\">\n\t\t\t<h2>Cada caso es nuestra misi\u00f3n personal<\/h2>\n<p><a class=\"btn-bt alternate\" href=\"\/es\/pongase-en-contacto-con\/\">Consulta gratuita<\/a><\/p>\n\n\t\t<\/div>\n\t<\/div>\n<\/div><\/div><\/div><\/div><\/div><section id=\"Reviews\" class=\"vc_section gradient2 vc_custom_1764103401298 vc_section-has-fill\"><div class=\"vc_row wpb_row reverse\"><div class=\"container\"><div class=\"vertical-align wpb_column vc_column_container vc_col-sm-8\"><div class=\"vc_column-inner\"><div class=\"wpb_wrapper\">\n\t<div class=\"wpb_text_column wpb_content_element\" >\n\t\t<div class=\"wpb_wrapper\">\n\t\t\t\n\n\t\t<\/div>\n\t<\/div>\n<\/div><\/div><\/div><div class=\"vertical-align wpb_column vc_column_container vc_col-sm-4\"><div class=\"vc_column-inner\"><div class=\"wpb_wrapper\">\n\t<div class=\"wpb_text_column wpb_content_element  wpb_animate_when_almost_visible wpb_slideInRight slideInRight mb0\" >\n\t\t<div class=\"wpb_wrapper\">\n\t\t\t<p><img loading=\"lazy\" decoding=\"async\" class=\"alignnone wp-image-2759\" src=\"\/wp-content\/uploads\/2025\/10\/the-caplaw-icon-91p.png\" alt=\"el icono de la mand\u00edbula 91p\" width=\"50\" height=\"52\" \/><\/p>\n<h3>TESTIMONIOS DE CLIENTES<\/h3>\n<h2>Donde nuestras victorias hablan m\u00e1s alto<\/h2>\n\n\t\t<\/div>\n\t<\/div>\n<\/div><\/div><\/div><\/div><\/div><\/section><div class=\"vc_row wpb_row blurb-row slider-arrows-lt\"><div class=\"container\"><div class=\"wpb_column vc_column_container vc_col-sm-12\"><div class=\"vc_column-inner\"><div class=\"wpb_wrapper\">\n\t<div class=\"wpb_text_column wpb_content_element  mb0\" >\n\t\t<div class=\"wpb_wrapper\">\n\t\t\t\n\n\t\t<\/div>\n\t<\/div>\n<\/div><\/div><\/div><\/div><\/div><style>@media(max-width:480px){.vc-boptions-69e84a3ac167f{background-image:url('https:\/\/capfirmstg.webteam.ai\/wp-content\/uploads\/2025\/10\/Bottom-CTA-man-working-at-desk-mobile@2x.jpg')!important;background-size:cover!important;background-position:center top!important;}}@media(min-width:481px){.vc-boptions-69e84a3ac167f{background-position:center top!important;}}.vc-boptions-69e84a3ac167f{background-size:cover!important;}<\/style><div id=\"ContactRow\" class=\"vc_row wpb_row bottom-cta form-bottom-cta inline-fifty fifty-fifty vc_custom_1764953194297 vc_row-has-fill vc-boptions-69e84a3ac167f\"><div class=\"container\"><div class=\"vertical-align wpb_column vc_column_container vc_col-sm-6\"><div class=\"vc_column-inner\"><div class=\"wpb_wrapper\">\n\t<div class=\"wpb_text_column wpb_content_element  mb0\" >\n\t\t<div class=\"wpb_wrapper\">\n\t\t\t<h3>P\u00d3NGASE EN CONTACTO CON EL BUFETE CAPITAL LAW HOY MISMO<\/h3>\n<h2>ESTAMOS AQU\u00cd<br \/>\nPARA GUIARTE<\/h2>\n<p><strong>Servimos en\u00e9rgicamente a las comunidades de toda el \u00e1rea metropolitana de Los \u00c1ngeles, incluidos el condado de Los \u00c1ngeles y el condado de Orange, as\u00ed como las zonas circundantes.<\/strong><\/p>\n\n\t\t<\/div>\n\t<\/div>\n<\/div><\/div><\/div><div class=\"wpb_column vc_column_container vc_col-sm-6\"><div class=\"vc_column-inner\"><div class=\"wpb_wrapper\">\n\t<div class=\"wpb_raw_code wpb_content_element wpb_raw_html\" >\n\t\t<div class=\"wpb_wrapper\">\n\t\t\t <script charset=\"utf-8\" type=\"text\/javascript\" src=\"\/\/js-na2.hsforms.net\/forms\/embed\/v2.js\"><\/script>\n<script>\n  hbspt.forms.create({\n    portalId: \"48855741\",\n    formId: \"d6ab3eea-eb20-4032-bc22-40679e6f2e02\",\n    region: \"na2\"\n  });\n<\/script>\n\t\t<\/div>\n\t<\/div>\n<\/div><\/div><\/div><\/div><\/div>\n<\/div>","protected":false},"excerpt":{"rendered":"Traumatic Brain Injury (TBI) Lawyer in Los Angeles, CA WHEN WE FIGHT FOR YOU, IT\u2019S PERSONAL. Legal support is available if someone was negligent and caused you or a loved one to suffer a TBI. You can seek the justice and compensation you deserve. TBI Attorneys at The Capital Law Firm: Integrity-driven Results Compensation Champion [...]","protected":false},"author":1,"featured_media":0,"parent":0,"menu_order":0,"comment_status":"closed","ping_status":"closed","template":"","meta":{"_acf_changed":false,"footnotes":""},"class_list":["post-7233","page","type-page","status-publish"],"acf":[],"aioseo_notices":[],"_links":{"self":[{"href":"https:\/\/capfirmstg.webteam.ai\/es\/wp-json\/wp\/v2\/pages\/7233","targetHints":{"allow":["GET"]}}],"collection":[{"href":"https:\/\/capfirmstg.webteam.ai\/es\/wp-json\/wp\/v2\/pages"}],"about":[{"href":"https:\/\/capfirmstg.webteam.ai\/es\/wp-json\/wp\/v2\/types\/page"}],"author":[{"embeddable":true,"href":"https:\/\/capfirmstg.webteam.ai\/es\/wp-json\/wp\/v2\/users\/1"}],"replies":[{"embeddable":true,"href":"https:\/\/capfirmstg.webteam.ai\/es\/wp-json\/wp\/v2\/comments?post=7233"}],"version-history":[{"count":7,"href":"https:\/\/capfirmstg.webteam.ai\/es\/wp-json\/wp\/v2\/pages\/7233\/revisions"}],"predecessor-version":[{"id":7764,"href":"https:\/\/capfirmstg.webteam.ai\/es\/wp-json\/wp\/v2\/pages\/7233\/revisions\/7764"}],"wp:attachment":[{"href":"https:\/\/capfirmstg.webteam.ai\/es\/wp-json\/wp\/v2\/media?parent=7233"}],"curies":[{"name":"wp","href":"https:\/\/api.w.org\/{rel}","templated":true}]}}