{"id":3502,"date":"2025-12-03T12:24:47","date_gmt":"2025-12-03T19:24:47","guid":{"rendered":"https:\/\/capfirm.com\/?page_id=3502"},"modified":"2025-12-12T14:39:01","modified_gmt":"2025-12-12T21:39:01","slug":"construccion-lesiones-abogado","status":"publish","type":"page","link":"https:\/\/capfirmstg.webteam.ai\/es\/construction-injuries-lawyer\/","title":{"rendered":"Lesiones en la construcci\u00f3n"},"content":{"rendered":"<div class=\"wpb-content-wrapper\"><div class=\"vc_row wpb_row hero-lg1 vc_custom_1765339626725 vc_row-has-fill\"><div class=\"container\"><div class=\"vertical-align wpb_column vc_column_container vc_col-sm-6\"><div class=\"vc_column-inner\"><div class=\"wpb_wrapper\">\n\t<div class=\"wpb_text_column wpb_content_element  vc_custom_1765575537701\" >\n\t\t<div class=\"wpb_wrapper\">\n\t\t\t<h1>Abogado de Lesiones por Accidentes de Construcci\u00f3n en Los Angeles, CA<\/h1>\n<h3>CUANDO LUCHAMOS POR TI, ES PERSONAL.<\/h3>\n<p>Las obras de construcci\u00f3n pueden ser peligrosas ya que los trabajadores est\u00e1n expuestos a situaciones de riesgo, provocando accidentes. Estas lesiones suelen requerir un tratamiento m\u00e9dico exhaustivo, y si t\u00fa sufriste un accidente de este tipo tienes derecho a una indemnizaci\u00f3n por gastos m\u00e9dicos, p\u00e9rdida de salario, dolor y sufrimiento.<\/p>\n<p><strong><img loading=\"lazy\" decoding=\"async\" class=\"alignnone wp-image-2832\" style=\"margin-bottom: -4px;\" src=\"https:\/\/capfirmstg.webteam.ai\/wp-content\/uploads\/2025\/11\/tab-icon-CAPFIRM@2x-White.png\" alt=\"tab-icon-CAPFIRM@2x Blanco\" width=\"20\" height=\"20\" \/> Resultados basados en la integridad<\/strong><\/p>\n<p><strong><img loading=\"lazy\" decoding=\"async\" class=\"alignnone wp-image-2832\" style=\"margin-bottom: -4px;\" src=\"https:\/\/capfirmstg.webteam.ai\/wp-content\/uploads\/2025\/11\/tab-icon-CAPFIRM@2x-White.png\" alt=\"tab-icon-CAPFIRM@2x Blanco\" width=\"20\" height=\"20\" \/> Campe\u00f3n de Compensaci\u00f3n<\/strong><\/p>\n\n\t\t<\/div>\n\t<\/div>\n<\/div><\/div><\/div><div class=\"vertical-align wpb_column vc_column_container vc_col-sm-6\"><div class=\"vc_column-inner vc_custom_1764110825653\"><div class=\"wpb_wrapper\">\n\t<div class=\"wpb_raw_code wpb_content_element wpb_raw_html\" >\n\t\t<div class=\"wpb_wrapper\">\n\t\t\t <script charset=\"utf-8\" type=\"text\/javascript\" src=\"\/\/js-na2.hsforms.net\/forms\/embed\/v2.js\"><\/script>\n<script>\n  hbspt.forms.create({\n    portalId: \"48855741\",\n    formId: \"d6ab3eea-eb20-4032-bc22-40679e6f2e02\",\n    region: \"na2\"\n  });\n<\/script>\n\t\t<\/div>\n\t<\/div>\n<\/div><\/div><\/div><\/div><\/div><div class=\"vc_row wpb_row inline-fifty vc_custom_1763664148658 vc_row-has-fill\"><div class=\"container\"><div class=\"vertical-align wpb_column vc_column_container vc_col-sm-6\"><div class=\"vc_column-inner\"><div class=\"wpb_wrapper\">\n\t<div class=\"wpb_text_column wpb_content_element  mb0-desktop\" >\n\t\t<div class=\"wpb_wrapper\">\n\t\t\t<h2>Tipos de lesiones en la construcci\u00f3n que pueden constituir un caso<\/h2>\n<p>Entre las lesiones comunes en la construcci\u00f3n que pueden constituir un caso legal en California se encuentran:<\/p>\n<p><strong>Ca\u00eddas<\/strong><\/p>\n<hr \/>\n<p><strong>Extremidades aplastadas<\/strong><\/p>\n<hr \/>\n<p><strong>Descargas el\u00e9ctricas<\/strong><\/p>\n<hr \/>\n<p><strong>Quemaduras<\/strong><\/p>\n<hr \/>\n<p><strong>Problemas respiratorios<\/strong><\/p>\n<hr \/>\n<p><strong><a href=\"\/es\/abogado-especializado-en-lesiones-cerebrales-traumaticas\/\">Lesiones cerebrales traum\u00e1ticas (LCT)<\/a><\/strong><\/p>\n\n\t\t<\/div>\n\t<\/div>\n<\/div><\/div><\/div><div class=\"vertical-align wpb_column vc_column_container vc_col-sm-6\"><div class=\"vc_column-inner\"><div class=\"wpb_wrapper\">\n\t<div class=\"wpb_text_column wpb_content_element\" >\n\t\t<div class=\"wpb_wrapper\">\n\t\t\t<p><img loading=\"lazy\" decoding=\"async\" class=\"aligncenter wp-image-3504 size-full\" src=\"https:\/\/capfirmstg.webteam.ai\/wp-content\/uploads\/2025\/12\/Construction-Injuries-Josh-on-the-phone.jpg\" alt=\"Lesiones en la construcci\u00f3n Josh en el tel\u00e9fono\" width=\"700\" height=\"590\" srcset=\"https:\/\/capfirmstg.webteam.ai\/wp-content\/uploads\/2025\/12\/Construction-Injuries-Josh-on-the-phone.jpg 700w, https:\/\/capfirmstg.webteam.ai\/wp-content\/uploads\/2025\/12\/Construction-Injuries-Josh-on-the-phone-300x253.jpg 300w\" sizes=\"auto, (max-width: 700px) 100vw, 700px\" \/><\/p>\n\n\t\t<\/div>\n\t<\/div>\n<\/div><\/div><\/div><\/div><\/div><div class=\"vc_row wpb_row cta-row accent3 vc_custom_1763574042870\"><div class=\"container\"><div class=\"wpb_column vc_column_container vc_col-sm-12\"><div class=\"vc_column-inner\"><div class=\"wpb_wrapper\">\n\t<div class=\"wpb_text_column wpb_content_element  wpb_animate_when_almost_visible wpb_slideInLeft slideInLeft mb0\" >\n\t\t<div class=\"wpb_wrapper\">\n\t\t\t<h2>Su caso es nuestra misi\u00f3n personal<\/h2>\n<p><a class=\"btn-bt alternate\" href=\"\/es\/pongase-en-contacto-con\/\">Consulta gratuita<\/a><\/p>\n\n\t\t<\/div>\n\t<\/div>\n<\/div><\/div><\/div><\/div><\/div><div class=\"vc_row wpb_row blurb-row light2\"><div class=\"container\"><div class=\"wpb_column vc_column_container vc_col-sm-12\"><div class=\"vc_column-inner\"><div class=\"wpb_wrapper\">\n\t<div class=\"wpb_text_column wpb_content_element  mb0\" >\n\t\t<div class=\"wpb_wrapper\">\n\t\t\t<h2 style=\"text-align: center;\">Proceso para presentar una demanda legal por lesiones en la construcci\u00f3n en Los \u00c1ngeles<\/h2>\n<p style=\"text-align: center;\">Si sufriste una lesi\u00f3n en una obra en construcci\u00f3n en Los \u00c1ngeles, presentar una demanda legal puede ayudarte a obtener una indemnizaci\u00f3n por tus lesiones. A continuaci\u00f3n, te presentamos un resumen del proceso legal:<\/p>\n\n\t\t<\/div>\n\t<\/div>\n<div class=\"vc_row wpb_row vc_inner vc_row-fluid expandable-grid-C1\"><div class=\"wpb_column vc_column_container vc_col-sm-4\"><div class=\"vc_column-inner\"><div class=\"wpb_wrapper\">\n\t<div class=\"wpb_text_column wpb_content_element  expand-bottom-C1 accent3\" >\n\t\t<div class=\"wpb_wrapper\">\n\t\t\t<div class=\"text-wrap\">\n<h4 style=\"text-align: center;\"><strong>ESTABLECER LA RESPONSABILIDAD<br \/>\n<\/strong><\/h4>\n<div class=\"hider-text\">\n<p style=\"text-align: center;\">En los casos de accidentes de construcci\u00f3n en California, identificar a la parte responsable es clave. La responsabilidad puede recaer en:<\/p>\n<ul>\n<li><strong>El empleador:<\/strong> si la lesi\u00f3n se debe a condiciones de trabajo inseguras o a la falta de capacitaci\u00f3n o equipo adecuado.<\/li>\n<li><strong>Terceros:<\/strong> contratistas, fabricantes de equipos o propietarios que podr\u00edan ser responsables de las condiciones inseguras en la obra.<\/li>\n<li><strong>Subcontratistas:<\/strong> en casos en los que otra parte estuvo a cargo del equipo, los materiales o la mano de obra que caus\u00f3 el accidente.<\/li>\n<\/ul>\n<\/div>\n<p class=\"hider-toggle\" style=\"text-align: center;\">Pulsa para ampliar<\/p>\n<\/div>\n\n\t\t<\/div>\n\t<\/div>\n<\/div><\/div><\/div><div class=\"wpb_column vc_column_container vc_col-sm-4\"><div class=\"vc_column-inner\"><div class=\"wpb_wrapper\">\n\t<div class=\"wpb_text_column wpb_content_element  expand-bottom-C1 accent3\" >\n\t\t<div class=\"wpb_wrapper\">\n\t\t\t<div class=\"text-wrap\">\n<h4 style=\"text-align: center;\"><strong>DETERMINACI\u00d3N DEL ALCANCE DE LOS DA\u00d1OS<\/strong><\/h4>\n<div class=\"hider-text\">\n<p style=\"text-align: center;\">El alcance de los da\u00f1os incluye los gastos m\u00e9dicos inmediatos y tambi\u00e9n los costos a largo plazo, como rehabilitaci\u00f3n, futuras cirug\u00edas o terapias. Adem\u00e1s, se considerar\u00e1 el tiempo perdido en el trabajo y el impacto de la lesi\u00f3n en la calidad de vida del afectado en general.<\/p>\n<\/div>\n<p class=\"hider-toggle\" style=\"text-align: center;\">Pulsa para ampliar<\/p>\n<\/div>\n\n\t\t<\/div>\n\t<\/div>\n<\/div><\/div><\/div><div class=\"wpb_column vc_column_container vc_col-sm-4\"><div class=\"vc_column-inner\"><div class=\"wpb_wrapper\">\n\t<div class=\"wpb_text_column wpb_content_element  vc_custom_1764789032728 expand-bottom-C1 accent3\" >\n\t\t<div class=\"wpb_wrapper\">\n\t\t\t<div class=\"text-wrap\">\n<h4 style=\"text-align: center;\"><strong>\u00bfC\u00d3MO AFECTA LA COMPENSACI\u00d3N LABORAL A MI CASO?<\/strong><\/h4>\n<div class=\"hider-text\">\n<p style=\"text-align: center;\">En California, la compensaci\u00f3n laboral cubre los gastos m\u00e9dicos y una parte de los salarios perdidos por lesiones laborales. Sin embargo, no siempre cubre todos los da\u00f1os, como el dolor y el sufrimiento. Si tu lesi\u00f3n se debe a la negligencia de un tercero, podr\u00eda ser necesario presentar una demanda por lesiones personales para obtener una compensaci\u00f3n adicional a la que ofrece la compensaci\u00f3n laboral.<\/p>\n<\/div>\n<p class=\"hider-toggle\" style=\"text-align: center;\">Pulsa para ampliar<\/p>\n<\/div>\n\n\t\t<\/div>\n\t<\/div>\n<\/div><\/div><\/div><\/div><\/div><\/div><\/div><\/div><\/div><style>@media(max-width:480px){.vc-boptions-69e84a852be74{background-image:url('https:\/\/capfirmstg.webteam.ai\/wp-content\/uploads\/2025\/10\/Roadmap-to-Your-Personal-Injury-Case-Bg-mobile@2x.jpg')!important;background-size:cover!important;background-position:center center!important;}}.vc-boptions-69e84a852be74{background-size:cover!important;}<\/style><div data-vc-full-width=\"true\" data-vc-full-width-init=\"false\" class=\"vc_row wpb_row what-to-expect add-parallax vc_custom_1765339834608 vc_row-has-fill vc_row-o-content-middle vc_row-flex vc-boptions-69e84a852be74\"><div class=\"container\"><div class=\"wpb_column vc_column_container vc_col-sm-12\"><div class=\"vc_column-inner\"><div class=\"wpb_wrapper\">\n\t<div class=\"wpb_text_column wpb_content_element  vc_custom_1765574989671\" >\n\t\t<div class=\"wpb_wrapper\">\n\t\t\t<h2 style=\"text-align: center;\">PASOS A SEGUIR SI SUFRISTE UN ACCIDENTE EN LA CONSTRUCCI\u00d3N EN LOS \u00c1NGELES<\/h2>\n\n\n\t\t<\/div>\n\t<\/div>\n<\/div><\/div><\/div><\/div><\/div><div class=\"vc_row-full-width vc_clearfix\"><\/div><section class=\"vc_section gradient1 small-height\"><style>@media(max-width:480px){.vc-boptions-69e84a852c895{background-image:url('https:\/\/capfirmstg.webteam.ai\/wp-content\/uploads\/2025\/10\/Roadmap-to-Your-Personal-Injury-Case-Bg-mobile@2x.jpg')!important;background-size:cover!important;background-position:center center!important;}}.vc-boptions-69e84a852c895{background-size:cover!important;}<\/style><div class=\"vc_row wpb_row blurb-row vc_custom_1764785688596 vc_row-has-fill vc-boptions-69e84a852c895\"><div class=\"container\"><div class=\"wpb_column vc_column_container vc_col-sm-12\"><div class=\"vc_column-inner\"><div class=\"wpb_wrapper\">\n\t<div class=\"wpb_text_column wpb_content_element  vc_custom_1764799174569 mb0\" >\n\t\t<div class=\"wpb_wrapper\">\n\t\t\t<h2 style=\"text-align: center;\">C\u00d3MO LOS ABOGADOS DE LESIONES EN LA CONSTRUCCI\u00d3N PUEDEN MAXIMIZAR UNA INDEMNIZACI\u00d3N<\/h2>\n<p style=\"text-align: center;\">En Los \u00c1ngeles, un abogado de accidentes en la construcci\u00f3n como nuestros abogados expertos en The Capital Law Firm puede maximizar tu indemnizaci\u00f3n investigando a fondo la causa del accidente, identificando a todas las partes responsables y reuniendo pruebas claves para respaldar el caso. Con experiencia en la negociaci\u00f3n con compa\u00f1\u00edas de seguros, uno de nuestros mejores abogados luchar\u00e1 para garantizar que recibas una indemnizaci\u00f3n justa por los gastos m\u00e9dicos, salarios perdidos, dolor y sufrimiento, entre otros da\u00f1os. Si hay negligencia de terceros, el abogado puede presentar reclamaciones adicionales m\u00e1s all\u00e1 de la compensaci\u00f3n laboral, asegurando una indemnizaci\u00f3n m\u00e1s completa.<\/p>\n<p style=\"text-align: center;\">Con representaci\u00f3n legal experta, puedes enfocar tu energ\u00eda en lo primordial, que es tu recuperaci\u00f3n, dejando que tu abogado de lesiones en la construcci\u00f3n se encargue de las complejidades del caso. Llama ahora al <a href=\"tel:(213) 654-2143\">(213) 654-2143<\/a> o cont\u00e1ctanos en l\u00ednea para una consulta gratuita.<\/p>\n<p style=\"text-align: center;\"><a class=\"btn-bt alternate-blue\" href=\"\/es\/pongase-en-contacto-con\/\">Consulta gratuita<\/a><\/p>\n\n\t\t<\/div>\n\t<\/div>\n<\/div><\/div><\/div><\/div><\/div><\/section><section id=\"Reviews\" class=\"vc_section gradient2 vc_custom_1765339679893 vc_section-has-fill\"><div class=\"vc_row wpb_row reverse\"><div class=\"container\"><div class=\"vertical-align wpb_column vc_column_container vc_col-sm-8\"><div class=\"vc_column-inner\"><div class=\"wpb_wrapper\">\n\t<div class=\"wpb_text_column wpb_content_element\" >\n\t\t<div class=\"wpb_wrapper\">\n\t\t\t\n\n\t\t<\/div>\n\t<\/div>\n<\/div><\/div><\/div><div class=\"vertical-align wpb_column vc_column_container vc_col-sm-4\"><div class=\"vc_column-inner\"><div class=\"wpb_wrapper\">\n\t<div class=\"wpb_text_column wpb_content_element  wpb_animate_when_almost_visible wpb_slideInRight slideInRight mb0\" >\n\t\t<div class=\"wpb_wrapper\">\n\t\t\t<p><img loading=\"lazy\" decoding=\"async\" class=\"alignnone wp-image-2759\" src=\"\/wp-content\/uploads\/2025\/10\/the-caplaw-icon-91p.png\" alt=\"el icono de la mand\u00edbula 91p\" width=\"50\" height=\"52\" \/><\/p>\n<h3>TESTIMONIOS DE CLIENTES<\/h3>\n<h2>Donde nuestras victorias hablan m\u00e1s alto<\/h2>\n\n\t\t<\/div>\n\t<\/div>\n<\/div><\/div><\/div><\/div><\/div><\/section><div class=\"vc_row wpb_row blurb-row slider-arrows-lt\"><div class=\"container\"><div class=\"wpb_column vc_column_container vc_col-sm-12\"><div class=\"vc_column-inner\"><div class=\"wpb_wrapper\">\n\t<div class=\"wpb_text_column wpb_content_element  mb0\" >\n\t\t<div class=\"wpb_wrapper\">\n\t\t\t\n\n\t\t<\/div>\n\t<\/div>\n<\/div><\/div><\/div><\/div><\/div><style>@media(max-width:480px){.vc-boptions-69e84a852dbe4{background-image:url('https:\/\/capfirmstg.webteam.ai\/wp-content\/uploads\/2025\/10\/Bottom-CTA-man-working-at-desk-mobile@2x.jpg')!important;background-size:cover!important;background-position:center top!important;}}@media(min-width:481px){.vc-boptions-69e84a852dbe4{background-position:center top!important;}}.vc-boptions-69e84a852dbe4{background-size:cover!important;}<\/style><div id=\"ContactRow\" class=\"vc_row wpb_row bottom-cta form-bottom-cta inline-fifty fifty-fifty vc_custom_1765339709155 vc_row-has-fill vc-boptions-69e84a852dbe4\"><div class=\"container\"><div class=\"vertical-align wpb_column vc_column_container vc_col-sm-6\"><div class=\"vc_column-inner\"><div class=\"wpb_wrapper\">\n\t<div class=\"wpb_text_column wpb_content_element  mb0\" >\n\t\t<div class=\"wpb_wrapper\">\n\t\t\t<h3>P\u00d3NGASE EN CONTACTO CON EL BUFETE CAPITAL LAW HOY MISMO<\/h3>\n<h2>ESTAMOS AQU\u00cd<br \/>\nPARA GUIARTE<\/h2>\n<p><strong>Servimos en\u00e9rgicamente a las comunidades de toda el \u00e1rea metropolitana de Los \u00c1ngeles, incluidos el condado de Los \u00c1ngeles y el condado de Orange, as\u00ed como las zonas circundantes.<\/strong><\/p>\n\n\t\t<\/div>\n\t<\/div>\n<\/div><\/div><\/div><div class=\"wpb_column vc_column_container vc_col-sm-6\"><div class=\"vc_column-inner\"><div class=\"wpb_wrapper\">\n\t<div class=\"wpb_raw_code wpb_content_element wpb_raw_html\" >\n\t\t<div class=\"wpb_wrapper\">\n\t\t\t <script charset=\"utf-8\" type=\"text\/javascript\" src=\"\/\/js-na2.hsforms.net\/forms\/embed\/v2.js\"><\/script>\n<script>\n  hbspt.forms.create({\n    portalId: \"48855741\",\n    formId: \"d6ab3eea-eb20-4032-bc22-40679e6f2e02\",\n    region: \"na2\"\n  });\n<\/script>\n\t\t<\/div>\n\t<\/div>\n<\/div><\/div><\/div><\/div><\/div>\n<\/div>","protected":false},"excerpt":{"rendered":"Construction Accident Injury Lawyer in Los Angeles, CA WHEN WE FIGHT FOR YOU, IT\u2019S PERSONAL. Construction sites can be hazardous, and workers are exposed to a wide range of risks. These injuries often require extensive medical treatment, and you may be entitled to compensation for medical expenses, lost wages, and pain and suffering. Integrity-driven Results [...]","protected":false},"author":1,"featured_media":0,"parent":0,"menu_order":0,"comment_status":"closed","ping_status":"closed","template":"","meta":{"_acf_changed":false,"footnotes":""},"class_list":["post-3502","page","type-page","status-publish"],"acf":[],"aioseo_notices":[],"_links":{"self":[{"href":"https:\/\/capfirmstg.webteam.ai\/es\/wp-json\/wp\/v2\/pages\/3502","targetHints":{"allow":["GET"]}}],"collection":[{"href":"https:\/\/capfirmstg.webteam.ai\/es\/wp-json\/wp\/v2\/pages"}],"about":[{"href":"https:\/\/capfirmstg.webteam.ai\/es\/wp-json\/wp\/v2\/types\/page"}],"author":[{"embeddable":true,"href":"https:\/\/capfirmstg.webteam.ai\/es\/wp-json\/wp\/v2\/users\/1"}],"replies":[{"embeddable":true,"href":"https:\/\/capfirmstg.webteam.ai\/es\/wp-json\/wp\/v2\/comments?post=3502"}],"version-history":[{"count":34,"href":"https:\/\/capfirmstg.webteam.ai\/es\/wp-json\/wp\/v2\/pages\/3502\/revisions"}],"predecessor-version":[{"id":7752,"href":"https:\/\/capfirmstg.webteam.ai\/es\/wp-json\/wp\/v2\/pages\/3502\/revisions\/7752"}],"wp:attachment":[{"href":"https:\/\/capfirmstg.webteam.ai\/es\/wp-json\/wp\/v2\/media?parent=3502"}],"curies":[{"name":"wp","href":"https:\/\/api.w.org\/{rel}","templated":true}]}}