{"id":3438,"date":"2025-12-02T15:18:01","date_gmt":"2025-12-02T22:18:01","guid":{"rendered":"https:\/\/capfirm.com\/?page_id=3438"},"modified":"2025-12-09T20:54:50","modified_gmt":"2025-12-10T03:54:50","slug":"abogado-de-fracturas-oseas","status":"publish","type":"page","link":"https:\/\/capfirmstg.webteam.ai\/es\/broken-bones-lawyer\/","title":{"rendered":"Huesos rotos"},"content":{"rendered":"<div class=\"wpb-content-wrapper\"><div class=\"vc_row wpb_row hero-lg1 vc_custom_1765338707273 vc_row-has-fill\"><div class=\"container\"><div class=\"vertical-align wpb_column vc_column_container vc_col-sm-6\"><div class=\"vc_column-inner\"><div class=\"wpb_wrapper\">\n\t<div class=\"wpb_text_column wpb_content_element  vc_custom_1764713329581\" >\n\t\t<div class=\"wpb_wrapper\">\n\t\t\t<h1>Abogado de Fracturas \u00d3seas en Los \u00c1ngeles, CA<\/h1>\n<h3>CUANDO LUCHAMOS POR TI, ES PERSONAL.<\/h3>\n<p>Si has sufrido recientemente una lesi\u00f3n por fractura de huesos no tienes porqu\u00e9 enfrentar solo el reto f\u00edsico, emocional y financiero. Obt\u00e9n el apoyo que necesitas con la ayuda de un abogado experto.<\/p>\n<ul>\n<li><strong>Resultados basados en la integridad<\/strong><\/li>\n<li><strong>Campeones de la compensaci\u00f3n<\/strong><\/li>\n<\/ul>\n\n\t\t<\/div>\n\t<\/div>\n<\/div><\/div><\/div><div class=\"vertical-align wpb_column vc_column_container vc_col-sm-6\"><div class=\"vc_column-inner vc_custom_1764110825653\"><div class=\"wpb_wrapper\">\n\t<div class=\"wpb_raw_code wpb_content_element wpb_raw_html\" >\n\t\t<div class=\"wpb_wrapper\">\n\t\t\t <script charset=\"utf-8\" type=\"text\/javascript\" src=\"\/\/js-na2.hsforms.net\/forms\/embed\/v2.js\"><\/script>\n<script>\n  hbspt.forms.create({\n    portalId: \"48855741\",\n    formId: \"d6ab3eea-eb20-4032-bc22-40679e6f2e02\",\n    region: \"na2\"\n  });\n<\/script>\n\t\t<\/div>\n\t<\/div>\n<\/div><\/div><\/div><\/div><\/div><div class=\"vc_row wpb_row blurb-row\"><div class=\"container\"><div class=\"wpb_column vc_column_container vc_col-sm-12\"><div class=\"vc_column-inner\"><div class=\"wpb_wrapper\">\n\t<div class=\"wpb_text_column wpb_content_element  mb0\" >\n\t\t<div class=\"wpb_wrapper\">\n\t\t\t<h2 style=\"text-align: center;\">Qu\u00e9 hacer si te rompiste un hueso o sufriste una lesi\u00f3n o fractura<\/h2>\n<p style=\"text-align: center;\">Si ha sufrido una fractura \u00f3sea debido a un accidente en Los \u00c1ngeles, tomar las medidas adecuadas protege su salud y su posible caso legal:<\/p>\n\n\t\t<\/div>\n\t<\/div>\n<div class=\"vc_row wpb_row vc_inner vc_row-fluid expandable-grid-C1\"><div class=\"wpb_column vc_column_container vc_col-sm-3\"><div class=\"vc_column-inner\"><div class=\"wpb_wrapper\">\n\t<div class=\"wpb_text_column wpb_content_element  expand-bottom-C1 accent3\" >\n\t\t<div class=\"wpb_wrapper\">\n\t\t\t<div class=\"text-wrap\">\n<h4 style=\"text-align: center;\"><strong>1. Busca atenci\u00f3n m\u00e9dica de inmediato<\/strong><\/h4>\n<div class=\"hider-text\">\n<p style=\"text-align: center;\">Aunque la fractura parezca menor, es necesario un cuidado adecuado para evitar complicaciones m\u00e1s adelante, tales como infecciones o una cicatrizaci\u00f3n inadecuada.<\/p>\n<\/div>\n<p class=\"hider-toggle\" style=\"text-align: center;\">Pulsa para ampliar<\/p>\n<\/div>\n\n\t\t<\/div>\n\t<\/div>\n<\/div><\/div><\/div><div class=\"wpb_column vc_column_container vc_col-sm-3\"><div class=\"vc_column-inner\"><div class=\"wpb_wrapper\">\n\t<div class=\"wpb_text_column wpb_content_element  expand-bottom-C1 accent3\" >\n\t\t<div class=\"wpb_wrapper\">\n\t\t\t<div class=\"text-wrap\">\n<h4 style=\"text-align: center;\"><strong>2. Documentar el incidente<\/strong><\/h4>\n<div class=\"hider-text\">\n<p style=\"text-align: center;\">tomando fotos de la lesi\u00f3n y del lugar del accidente y, de ser posible, pregunta y re\u00fane la informaci\u00f3n de contacto de los testigos que hayan visto el accidente.<\/p>\n<\/div>\n<p class=\"hider-toggle\" style=\"text-align: center;\">Pulsa para ampliar<\/p>\n<\/div>\n\n\t\t<\/div>\n\t<\/div>\n<\/div><\/div><\/div><div class=\"wpb_column vc_column_container vc_col-sm-3\"><div class=\"vc_column-inner\"><div class=\"wpb_wrapper\">\n\t<div class=\"wpb_text_column wpb_content_element  vc_custom_1764713587428 expand-bottom-C1 accent3\" >\n\t\t<div class=\"wpb_wrapper\">\n\t\t\t<div class=\"text-wrap\">\n<h4 style=\"text-align: center;\"><strong>3. Notifica el incidente<\/strong><\/h4>\n<div class=\"hider-text\">\n<p style=\"text-align: center;\">a las autoridades competentes de California para establecer un registro.<\/p>\n<\/div>\n<p class=\"hider-toggle\" style=\"text-align: center;\">Pulsa para ampliar<\/p>\n<\/div>\n\n\t\t<\/div>\n\t<\/div>\n<\/div><\/div><\/div><div class=\"wpb_column vc_column_container vc_col-sm-3\"><div class=\"vc_column-inner\"><div class=\"wpb_wrapper\">\n\t<div class=\"wpb_text_column wpb_content_element  vc_custom_1764781317450 expand-bottom-C1 accent3\" >\n\t\t<div class=\"wpb_wrapper\">\n\t\t\t<div class=\"text-wrap\">\n<h4 style=\"text-align: center;\"><strong>4. Contacta a un abogado<\/strong><\/h4>\n<div class=\"hider-text\">\n<p style=\"text-align: center;\">de fracturas \u00f3seas en Los \u00c1ngeles para orientarte sobre c\u00f3mo proteger tus derechos y acompa\u00f1arte en el proceso de b\u00fasqueda de una indemnizaci\u00f3n.<\/p>\n<\/div>\n<p class=\"hider-toggle\" style=\"text-align: center;\">Pulsa para ampliar<\/p>\n<\/div>\n\n\t\t<\/div>\n\t<\/div>\n<\/div><\/div><\/div><\/div><div class=\"vc_row wpb_row vc_inner vc_row-fluid vc_custom_1764777760219\"><div class=\"wpb_column vc_column_container vc_col-sm-12\"><div class=\"vc_column-inner\"><div class=\"wpb_wrapper\">\n\t<div class=\"wpb_text_column wpb_content_element\" >\n\t\t<div class=\"wpb_wrapper\">\n\t\t\t<p style=\"text-align: center;\"><a class=\"btn-bt alternate-blue\" href=\"\/es\/pongase-en-contacto-con\/\">Consulta gratuita<\/a><\/p>\n\n\t\t<\/div>\n\t<\/div>\n<\/div><\/div><\/div><\/div><\/div><\/div><\/div><\/div><\/div><section class=\"vc_section small-height gradient1\"><div class=\"vc_row wpb_row gradient1 faq\"><div class=\"container\"><div class=\"wpb_column vc_column_container vc_col-sm-12\"><div class=\"vc_column-inner\"><div class=\"wpb_wrapper\">\n\t<div class=\"wpb_text_column wpb_content_element  mb0\" >\n\t\t<div class=\"wpb_wrapper\">\n\t\t\t<h2 style=\"text-align: center;\">Consideraciones jur\u00eddicas en las demandas por fracturas \u00f3seas<\/h2>\n<p style=\"text-align: center; margin-bottom: 20px;\">Cuando se presenta una demanda por una lesi\u00f3n de fractura \u00f3sea en California, es necesario tener en cuneta varias consideraciones legales. Un abogado experto en el \u00e1rea te ayudar\u00e1 a navegar por las complejidades de la ley de lesiones personales, incluyendo la prueba de la responsabilidad y la negociaci\u00f3n con las compa\u00f1\u00edas de seguros.<\/p>\n\n\t\t<\/div>\n\t<\/div>\n<div class=\"vc_tta-container\" data-vc-action=\"collapse\"><div class=\"vc_general vc_tta vc_tta-accordion vc_tta-color-grey vc_tta-style-modern vc_tta-shape-rounded vc_tta-o-shape-group vc_tta-controls-align-default  faq faq\"><div class=\"vc_tta-panels-container\"><div class=\"vc_tta-panels\"><div class=\"vc_tta-panel vc_active\" id=\"1763504481240-6a687d6a-744d\" data-vc-content=\".vc_tta-panel-body\"><div class=\"vc_tta-panel-heading\"><h4 class=\"vc_tta-panel-title vc_tta-controls-icon-position-right\"><a href=\"#1763504481240-6a687d6a-744d\" data-vc-accordion data-vc-container=\".vc_tta-container\"><span class=\"vc_tta-title-text\">Determinaci\u00f3n de la responsabilidad<\/span><i class=\"vc_tta-controls-icon vc_tta-controls-icon-chevron\"><\/i><\/a><\/h4><\/div><div class=\"vc_tta-panel-body\">\n\t<div class=\"wpb_text_column wpb_content_element\" >\n\t\t<div class=\"wpb_wrapper\">\n\t\t\t<p>El primer paso es determinar qui\u00e9n es responsable de la lesi\u00f3n. Si el accidente se produjo debido a la negligencia de otra parte, como un accidente de auto, un resbal\u00f3n, ca\u00edda, o por un producto defectuoso.<\/p>\n\n\t\t<\/div>\n\t<\/div>\n<\/div><\/div><div class=\"vc_tta-panel\" id=\"1763505229056-4658ff26-eb96\" data-vc-content=\".vc_tta-panel-body\"><div class=\"vc_tta-panel-heading\"><h4 class=\"vc_tta-panel-title vc_tta-controls-icon-position-right\"><a href=\"#1763505229056-4658ff26-eb96\" data-vc-accordion data-vc-container=\".vc_tta-container\"><span class=\"vc_tta-title-text\">Pruebas necesarias<\/span><i class=\"vc_tta-controls-icon vc_tta-controls-icon-chevron\"><\/i><\/a><\/h4><\/div><div class=\"vc_tta-panel-body\">\n\t<div class=\"wpb_text_column wpb_content_element\" >\n\t\t<div class=\"wpb_wrapper\">\n\t\t\t<p>Entre las pruebas importantes para las demandas por lesiones en Los \u00c1ngeles incluyen:<\/p>\n<ul>\n<li><strong>Historiales m\u00e9dicos:<\/strong>\u00a0Documentar el alcance de su lesi\u00f3n y el tratamiento.<\/li>\n<li><strong>Declaraciones de testigos:<\/strong>\u00a0El testimonio de testigos presenciales puede ayudar a verificar las circunstancias del accidente.<\/li>\n<li><strong>Fotograf\u00edas:<\/strong>\u00a0Las fotos del lugar del accidente y de las lesiones pueden ser cruciales para demostrar c\u00f3mo se produjo el accidente y la gravedad de las lesiones.<\/li>\n<li><strong>Informes de accidentes:<\/strong>\u00a0Si el accidente se notific\u00f3 a las autoridades, estos informes pueden proporcionar informaci\u00f3n valiosa sobre el incidente.<\/li>\n<\/ul>\n\n\t\t<\/div>\n\t<\/div>\n<\/div><\/div><div class=\"vc_tta-panel\" id=\"1763505228294-54faa96c-495c\" data-vc-content=\".vc_tta-panel-body\"><div class=\"vc_tta-panel-heading\"><h4 class=\"vc_tta-panel-title vc_tta-controls-icon-position-right\"><a href=\"#1763505228294-54faa96c-495c\" data-vc-accordion data-vc-container=\".vc_tta-container\"><span class=\"vc_tta-title-text\">VIGENCIA<\/span><i class=\"vc_tta-controls-icon vc_tta-controls-icon-chevron\"><\/i><\/a><\/h4><\/div><div class=\"vc_tta-panel-body\">\n\t<div class=\"wpb_text_column wpb_content_element\" >\n\t\t<div class=\"wpb_wrapper\">\n\t\t\t<p>En California, las demandas por lesiones personales, incluidas las relacionadas con fracturas \u00f3seas, prescriben, es decir tienen un plazo l\u00edmite para presentarse. <strong>Si<\/strong> no se presentan a tiempo, pueden vencerse y perderse el derecho a reclamar. Generalmente, se tienen dos a\u00f1os a partir de la fecha de la lesi\u00f3n para presentar una demanda. Permite que uno de nuestros abogados se encargue.<\/p>\n\n\t\t<\/div>\n\t<\/div>\n<\/div><\/div><div class=\"vc_tta-panel\" id=\"1764694713472-a8aa0e80-5274\" data-vc-content=\".vc_tta-panel-body\"><div class=\"vc_tta-panel-heading\"><h4 class=\"vc_tta-panel-title vc_tta-controls-icon-position-right\"><a href=\"#1764694713472-a8aa0e80-5274\" data-vc-accordion data-vc-container=\".vc_tta-container\"><span class=\"vc_tta-title-text\">El papel de las aseguradoras<\/span><i class=\"vc_tta-controls-icon vc_tta-controls-icon-chevron\"><\/i><\/a><\/h4><\/div><div class=\"vc_tta-panel-body\">\n\t<div class=\"wpb_text_column wpb_content_element\" >\n\t\t<div class=\"wpb_wrapper\">\n\t\t\t<p>Las compa\u00f1\u00edas de seguros desempe\u00f1an un papel importante en las demandas por lesiones personales. A menudo intentar\u00e1n minimizar la indemnizaci\u00f3n. Un abogado experto tratar\u00e1 con la compa\u00f1\u00eda de seguros y velar\u00e1 por tus derechos para obtener una compensaci\u00f3n justa, evitando acuerdos injustos.<\/p>\n\n\t\t<\/div>\n\t<\/div>\n<\/div><\/div><\/div><\/div><\/div><\/div><\/div><\/div><\/div><\/div><\/div><\/section><div class=\"vc_row wpb_row inline-fifty vc_custom_1763677339102 vc_row-has-fill\"><div class=\"container\"><div class=\"vertical-align wpb_column vc_column_container vc_col-sm-6\"><div class=\"vc_column-inner\"><div class=\"wpb_wrapper\">\n\t<div class=\"wpb_text_column wpb_content_element\" >\n\t\t<div class=\"wpb_wrapper\">\n\t\t\t<h2>Causas comunes de las fracturas \u00f3seas<\/h2>\n<p>Las lesiones pueden variar desde fracturas simples hasta fracturas compuestas m\u00e1s complejas que requieren cirug\u00eda.<\/p>\n<p>Las causas m\u00e1s comunes son:<\/p>\n<hr \/>\n<p><strong>Accidentes de tr\u00e1fico<\/strong><\/p>\n<hr \/>\n<p><strong>Accidentes por resbalones y ca\u00eddas<\/strong><\/p>\n<hr \/>\n<p><strong>Accidentes laborales<\/strong><\/p>\n<hr \/>\n<p><strong>Lesiones deportivas<\/strong><\/p>\n<hr \/>\n<p><strong>Accidentes de peatones<\/strong><\/p>\n<hr \/>\n\n\t\t<\/div>\n\t<\/div>\n<\/div><\/div><\/div><div class=\"vertical-align wpb_column vc_column_container vc_col-sm-6\"><div class=\"vc_column-inner\"><div class=\"wpb_wrapper\">\n\t<div class=\"wpb_text_column wpb_content_element  mb0-desktop\" >\n\t\t<div class=\"wpb_wrapper\">\n\t\t\t<p><img loading=\"lazy\" decoding=\"async\" class=\"aligncenter size-full wp-image-3459\" src=\"https:\/\/capfirmstg.webteam.ai\/wp-content\/uploads\/2025\/12\/Broken-Bones-candid-boardroom-meeting.jpg\" alt=\"Broken Bones, c\u00e1ndida reuni\u00f3n en la sala de juntas\" width=\"700\" height=\"590\" srcset=\"https:\/\/capfirmstg.webteam.ai\/wp-content\/uploads\/2025\/12\/Broken-Bones-candid-boardroom-meeting.jpg 700w, https:\/\/capfirmstg.webteam.ai\/wp-content\/uploads\/2025\/12\/Broken-Bones-candid-boardroom-meeting-300x253.jpg 300w\" sizes=\"auto, (max-width: 700px) 100vw, 700px\" \/><\/p>\n\n\t\t<\/div>\n\t<\/div>\n<\/div><\/div><\/div><\/div><\/div><section class=\"vc_section gradient1 small-height\"><style>@media(max-width:480px){.vc-boptions-69e84a80a43b7{background-image:url('https:\/\/capfirmstg.webteam.ai\/wp-content\/uploads\/2025\/10\/Roadmap-to-Your-Personal-Injury-Case-Bg-mobile@2x.jpg')!important;background-size:cover!important;background-position:center center!important;}}.vc-boptions-69e84a80a43b7{background-size:cover!important;}<\/style><div class=\"vc_row wpb_row vc_custom_1764717765593 vc_row-has-fill vc-boptions-69e84a80a43b7\"><div class=\"container\"><div class=\"wpb_column vc_column_container vc_col-sm-12\"><div class=\"vc_column-inner\"><div class=\"wpb_wrapper\">\n\t<div class=\"wpb_text_column wpb_content_element  vc_custom_1764778057099 mb0\" >\n\t\t<div class=\"wpb_wrapper\">\n\t\t\t<h2 style=\"text-align: center;\">Indemnizaci\u00f3n que puede recibir como resultado de una reclamaci\u00f3n exitosa por fractura \u00f3sea<\/h2>\n<p style=\"text-align: center;\">Con la ayuda profesional de The Capital Law Firm, puedes tener derecho a una indemnizaci\u00f3n por:<\/p>\n\n\t\t<\/div>\n\t<\/div>\n<\/div><\/div><\/div><\/div><\/div><div class=\"vc_row wpb_row promo-row\"><div class=\"container\"><div class=\"wpb_column vc_column_container vc_col-sm-3\"><div class=\"vc_column-inner\"><div class=\"wpb_wrapper\">\n\t<div class=\"wpb_text_column wpb_content_element  wpb_animate_when_almost_visible wpb_slideInLeft slideInLeft mb0-desktop shift-txt-block\" >\n\t\t<div class=\"wpb_wrapper\">\n\t\t\t<p><a class=\"shift-icon medical\" href=\"#\"><span class=\"shift-icon-text\">Gastos m\u00e9dicos<\/span><\/a><\/p>\n<p>Cobertura de tratamientos inmediatos y futuros, incluidas intervenciones quir\u00fargicas, fisioterapia y medicamentos.<\/p>\n\n\t\t<\/div>\n\t<\/div>\n<\/div><\/div><\/div><div class=\"wpb_column vc_column_container vc_col-sm-3\"><div class=\"vc_column-inner\"><div class=\"wpb_wrapper\">\n\t<div class=\"wpb_text_column wpb_content_element  wpb_animate_when_almost_visible wpb_slideInLeft slideInLeft mb0-desktop shift-txt-block\" >\n\t\t<div class=\"wpb_wrapper\">\n\t\t\t<p><a class=\"shift-icon wages\" href=\"#\"><span class=\"shift-icon-text\">Salarios perdidos<\/span><\/a><\/p>\n<p>Si la lesi\u00f3n te impide trabajar, puedes recibir una indemnizaci\u00f3n por p\u00e9rdida de ingresos.<\/p>\n\n\t\t<\/div>\n\t<\/div>\n<\/div><\/div><\/div><div class=\"wpb_column vc_column_container vc_col-sm-3\"><div class=\"vc_column-inner\"><div class=\"wpb_wrapper\">\n\t<div class=\"wpb_text_column wpb_content_element  wpb_animate_when_almost_visible wpb_slideInLeft slideInLeft mb0-desktop shift-txt-block\" >\n\t\t<div class=\"wpb_wrapper\">\n\t\t\t<p><a class=\"shift-icon pain\" href=\"#\"><span class=\"shift-icon-text\">Dolor y sufrimiento<\/span><\/a><\/p>\n<p>Si la fractura provoca una incapacidad permanente o de larga duraci\u00f3n, puede haber una indemnizaci\u00f3n adicional por la p\u00e9rdida de ingresos potenciales.<\/p>\n\n\t\t<\/div>\n\t<\/div>\n<\/div><\/div><\/div><div class=\"wpb_column vc_column_container vc_col-sm-3\"><div class=\"vc_column-inner\"><div class=\"wpb_wrapper\">\n\t<div class=\"wpb_text_column wpb_content_element  wpb_animate_when_almost_visible wpb_slideInLeft slideInLeft mb0-desktop shift-txt-block\" >\n\t\t<div class=\"wpb_wrapper\">\n\t\t\t<p><a class=\"shift-icon disability\" href=\"#\"><span class=\"shift-icon-text\">Discapacidad<\/span><\/a><\/p>\n<p>Si la fractura provoca una incapacidad permanente o de larga duraci\u00f3n, puede haber una indemnizaci\u00f3n adicional por la p\u00e9rdida de ingresos potenciales.<\/p>\n\n\t\t<\/div>\n\t<\/div>\n<\/div><\/div><\/div><\/div><\/div><\/section><div class=\"vc_row wpb_row cta-row accent3 vc_custom_1763574042870\"><div class=\"container\"><div class=\"wpb_column vc_column_container vc_col-sm-12\"><div class=\"vc_column-inner\"><div class=\"wpb_wrapper\">\n\t<div class=\"wpb_text_column wpb_content_element  wpb_animate_when_almost_visible wpb_slideInLeft slideInLeft mb0\" >\n\t\t<div class=\"wpb_wrapper\">\n\t\t\t<h2>Su caso es nuestra misi\u00f3n personal<\/h2>\n<p><a class=\"btn-bt alternate\" href=\"\/es\/pongase-en-contacto-con\/\">Consulta gratuita<\/a><\/p>\n\n\t\t<\/div>\n\t<\/div>\n<\/div><\/div><\/div><\/div><\/div><section id=\"Reviews\" class=\"vc_section gradient2 vc_custom_1765338887809 vc_section-has-fill\"><div class=\"vc_row wpb_row reverse\"><div class=\"container\"><div class=\"vertical-align wpb_column vc_column_container vc_col-sm-8\"><div class=\"vc_column-inner\"><div class=\"wpb_wrapper\">\n\t<div class=\"wpb_text_column wpb_content_element\" >\n\t\t<div class=\"wpb_wrapper\">\n\t\t\t\n\n\t\t<\/div>\n\t<\/div>\n<\/div><\/div><\/div><div class=\"vertical-align wpb_column vc_column_container vc_col-sm-4\"><div class=\"vc_column-inner\"><div class=\"wpb_wrapper\">\n\t<div class=\"wpb_text_column wpb_content_element  wpb_animate_when_almost_visible wpb_slideInRight slideInRight mb0\" >\n\t\t<div class=\"wpb_wrapper\">\n\t\t\t<p><img loading=\"lazy\" decoding=\"async\" class=\"alignnone wp-image-2759\" src=\"\/wp-content\/uploads\/2025\/10\/the-caplaw-icon-91p.png\" alt=\"el icono de la mand\u00edbula 91p\" width=\"50\" height=\"52\" \/><\/p>\n<h3>TESTIMONIOS DE CLIENTES<\/h3>\n<h2>Donde nuestras victorias hablan m\u00e1s alto<\/h2>\n\n\t\t<\/div>\n\t<\/div>\n<\/div><\/div><\/div><\/div><\/div><\/section><div class=\"vc_row wpb_row blurb-row light2 slider-arrows-lt\"><div class=\"container\"><div class=\"wpb_column vc_column_container vc_col-sm-12\"><div class=\"vc_column-inner\"><div class=\"wpb_wrapper\">\n\t<div class=\"wpb_text_column wpb_content_element  mb0\" >\n\t\t<div class=\"wpb_wrapper\">\n\t\t\t\n\n\t\t<\/div>\n\t<\/div>\n<\/div><\/div><\/div><\/div><\/div><style>@media(max-width:480px){.vc-boptions-69e84a80a6b13{background-image:url('https:\/\/capfirmstg.webteam.ai\/wp-content\/uploads\/2025\/10\/Bottom-CTA-man-working-at-desk-mobile@2x.jpg')!important;background-size:cover!important;background-position:center top!important;}}@media(min-width:481px){.vc-boptions-69e84a80a6b13{background-position:center top!important;}}.vc-boptions-69e84a80a6b13{background-size:cover!important;}<\/style><div id=\"ContactRow\" class=\"vc_row wpb_row bottom-cta form-bottom-cta inline-fifty fifty-fifty vc_custom_1765338682713 vc_row-has-fill vc-boptions-69e84a80a6b13\"><div class=\"container\"><div class=\"vertical-align wpb_column vc_column_container vc_col-sm-6\"><div class=\"vc_column-inner\"><div class=\"wpb_wrapper\">\n\t<div class=\"wpb_text_column wpb_content_element  mb0\" >\n\t\t<div class=\"wpb_wrapper\">\n\t\t\t<h3>P\u00d3NGASE EN CONTACTO CON EL BUFETE CAPITAL LAW HOY MISMO<\/h3>\n<h2>ESTAMOS AQU\u00cd<br \/>\nPARA GUIARTE<\/h2>\n<p><strong>Servimos en\u00e9rgicamente a las comunidades de toda el \u00e1rea metropolitana de Los \u00c1ngeles, incluidos el condado de Los \u00c1ngeles y el condado de Orange, as\u00ed como las zonas circundantes.<\/strong><\/p>\n\n\t\t<\/div>\n\t<\/div>\n<\/div><\/div><\/div><div class=\"wpb_column vc_column_container vc_col-sm-6\"><div class=\"vc_column-inner\"><div class=\"wpb_wrapper\">\n\t<div class=\"wpb_raw_code wpb_content_element wpb_raw_html\" >\n\t\t<div class=\"wpb_wrapper\">\n\t\t\t <script charset=\"utf-8\" type=\"text\/javascript\" src=\"\/\/js-na2.hsforms.net\/forms\/embed\/v2.js\"><\/script>\n<script>\n  hbspt.forms.create({\n    portalId: \"48855741\",\n    formId: \"d6ab3eea-eb20-4032-bc22-40679e6f2e02\",\n    region: \"na2\"\n  });\n<\/script>\n\t\t<\/div>\n\t<\/div>\n<\/div><\/div><\/div><\/div><\/div>\n<\/div>","protected":false},"excerpt":{"rendered":"Bone Fracture Lawyer in Los Angeles, CA WHEN WE FIGHT FOR YOU, IT\u2019S PERSONAL. If you\u2019ve recently suffered a broken bone injury in Los Angeles, you may be dealing with medical bills and emotional distress. Don\u2019t face it all alone. Get the support you need from a Los Angeles bone fracture lawyer. Integrity-driven Results Compensation [...]","protected":false},"author":1,"featured_media":0,"parent":0,"menu_order":0,"comment_status":"closed","ping_status":"closed","template":"","meta":{"_acf_changed":false,"footnotes":""},"class_list":["post-3438","page","type-page","status-publish"],"acf":[],"aioseo_notices":[],"_links":{"self":[{"href":"https:\/\/capfirmstg.webteam.ai\/es\/wp-json\/wp\/v2\/pages\/3438","targetHints":{"allow":["GET"]}}],"collection":[{"href":"https:\/\/capfirmstg.webteam.ai\/es\/wp-json\/wp\/v2\/pages"}],"about":[{"href":"https:\/\/capfirmstg.webteam.ai\/es\/wp-json\/wp\/v2\/types\/page"}],"author":[{"embeddable":true,"href":"https:\/\/capfirmstg.webteam.ai\/es\/wp-json\/wp\/v2\/users\/1"}],"replies":[{"embeddable":true,"href":"https:\/\/capfirmstg.webteam.ai\/es\/wp-json\/wp\/v2\/comments?post=3438"}],"version-history":[{"count":25,"href":"https:\/\/capfirmstg.webteam.ai\/es\/wp-json\/wp\/v2\/pages\/3438\/revisions"}],"predecessor-version":[{"id":7537,"href":"https:\/\/capfirmstg.webteam.ai\/es\/wp-json\/wp\/v2\/pages\/3438\/revisions\/7537"}],"wp:attachment":[{"href":"https:\/\/capfirmstg.webteam.ai\/es\/wp-json\/wp\/v2\/media?parent=3438"}],"curies":[{"name":"wp","href":"https:\/\/api.w.org\/{rel}","templated":true}]}}