{"id":3336,"date":"2025-12-01T14:45:35","date_gmt":"2025-12-01T21:45:35","guid":{"rendered":"https:\/\/capfirm.com\/?page_id=3336"},"modified":"2025-12-11T17:19:51","modified_gmt":"2025-12-12T00:19:51","slug":"abogado-especializado-en-accidentes-de-uber","status":"publish","type":"page","link":"https:\/\/capfirmstg.webteam.ai\/es\/uber-accident-lawyer\/","title":{"rendered":"Abogado especializado en accidentes de Uber"},"content":{"rendered":"<div class=\"wpb-content-wrapper\"><div class=\"vc_row wpb_row hero-lg1 vc_custom_1765346828330 vc_row-has-fill\"><div class=\"container\"><div class=\"vertical-align wpb_column vc_column_container vc_col-sm-6\"><div class=\"vc_column-inner\"><div class=\"wpb_wrapper\">\n\t<div class=\"wpb_text_column wpb_content_element  vc_custom_1765498787612\" >\n\t\t<div class=\"wpb_wrapper\">\n\t\t\t<h1>Abogado especializado en accidentes de Uber en Los \u00c1ngeles, California<\/h1>\n<h3>CUANDO LUCHAMOS POR TI, ES PERSONAL.<\/h3>\n<p>Si ha sufrido lesiones en un accidente de Uber en Los \u00c1ngeles, necesitar\u00e1 un abogado con experiencia en accidentes de Uber que le ayude a reclamar la indemnizaci\u00f3n que le corresponde por los da\u00f1os sufridos.<\/p>\n<h4>Los abogados especializados en accidentes de Uber de The Capital Law Firm:<\/h4>\n<p><strong><img loading=\"lazy\" decoding=\"async\" class=\"alignnone wp-image-2832\" style=\"margin-bottom: -4px;\" src=\"https:\/\/capfirmstg.webteam.ai\/wp-content\/uploads\/2025\/11\/tab-icon-CAPFIRM@2x-White.png\" alt=\"tab-icon-CAPFIRM@2x Blanco\" width=\"20\" height=\"20\" \/> Resultados basados en la integridad<\/strong><\/p>\n<p><strong><img loading=\"lazy\" decoding=\"async\" class=\"alignnone wp-image-2832\" style=\"margin-bottom: -4px;\" src=\"https:\/\/capfirmstg.webteam.ai\/wp-content\/uploads\/2025\/11\/tab-icon-CAPFIRM@2x-White.png\" alt=\"tab-icon-CAPFIRM@2x Blanco\" width=\"20\" height=\"20\" \/> Campe\u00f3n de Compensaci\u00f3n<\/strong><\/p>\n\n\t\t<\/div>\n\t<\/div>\n<\/div><\/div><\/div><div class=\"vertical-align wpb_column vc_column_container vc_col-sm-6\"><div class=\"vc_column-inner vc_custom_1764100863029\"><div class=\"wpb_wrapper\">\n\t<div class=\"wpb_raw_code wpb_content_element wpb_raw_html\" >\n\t\t<div class=\"wpb_wrapper\">\n\t\t\t <script charset=\"utf-8\" type=\"text\/javascript\" src=\"\/\/js-na2.hsforms.net\/forms\/embed\/v2.js\"><\/script>\n<script>\n  hbspt.forms.create({\n    portalId: \"48855741\",\n    formId: \"d6ab3eea-eb20-4032-bc22-40679e6f2e02\",\n    region: \"na2\"\n  });\n<\/script>\n\t\t<\/div>\n\t<\/div>\n<\/div><\/div><\/div><\/div><\/div><section class=\"vc_section gradient1 small-height\"><div class=\"vc_row wpb_row blurb-row\"><div class=\"container\"><div class=\"wpb_column vc_column_container vc_col-sm-12\"><div class=\"vc_column-inner\"><div class=\"wpb_wrapper\">\n\t<div class=\"wpb_text_column wpb_content_element  mb0\" >\n\t\t<div class=\"wpb_wrapper\">\n\t\t\t<h2 style=\"text-align: center;\">Tu abogado de confianza especializado en accidentes de Uber en Los \u00c1ngeles<\/h2>\n<p style=\"text-align: center;\">El bufete Capital Law Firm ha prestado apoyo a pasajeros de Uber en Los \u00c1ngeles, a conductores de otros veh\u00edculos afectados por un veh\u00edculo de transporte compartido y a peatones en estos complicados casos de lesiones personales. Como su abogado de confianza especializado en accidentes de Uber en Los \u00c1ngeles, nos encargaremos de que estos tr\u00e1mites legales sean sencillos y fluidos.<\/p>\n<p style=\"text-align: center;\">Los \u00c1ngeles registra uno de los \u00edndices m\u00e1s altos de accidentes automovil\u00edsticos de California, y la ciudad tambi\u00e9n alberga una de las econom\u00edas de transporte compartido m\u00e1s grandes del pa\u00eds. Por eso, si te ves involucrado en un accidente de Uber, tendr\u00e1s que poner tu estrategia legal en manos de un abogado con experiencia en accidentes de Uber.<\/p>\n<p style=\"text-align: center;\"><a class=\"btn-bt alternate-blue\" href=\"\/es\/pongase-en-contacto-con\/\">Consulta gratuita<\/a><\/p>\n\n\t\t<\/div>\n\t<\/div>\n<\/div><\/div><\/div><\/div><\/div><\/section><section class=\"vc_section small-height\"><div class=\"vc_row wpb_row blurb-row\"><div class=\"container\"><div class=\"wpb_column vc_column_container vc_col-sm-12\"><div class=\"vc_column-inner\"><div class=\"wpb_wrapper\">\n\t<div class=\"wpb_text_column wpb_content_element  mb0\" >\n\t\t<div class=\"wpb_wrapper\">\n\t\t\t<h2 style=\"text-align: center;\">\u00bfPor qu\u00e9 deber\u00eda contratar a un abogado especializado en accidentes de Uber en Los \u00c1ngeles?<\/h2>\n<p style=\"text-align: center;\">Si ha sufrido un accidente con Uber en Los \u00c1ngeles, es fundamental que contrate a un abogado con experiencia en accidentes de Uber. Estos casos pueden ser complejos debido a la presencia de m\u00faltiples partes y compa\u00f1\u00edas de seguros. En The Capital Law Firm, le ofrecemos una atenci\u00f3n personalizada, una comunicaci\u00f3n excelente y m\u00e1s de 50 a\u00f1os de experiencia combinada para ayudarle a gestionar su reclamaci\u00f3n.<\/p>\n<p style=\"text-align: center;\">Si contratas a un abogado especializado en accidentes de Uber, te ofrecer\u00e1 los siguientes servicios:<\/p>\n\n\t\t<\/div>\n\t<\/div>\n<div class=\"vc_row wpb_row vc_inner vc_row-fluid expandable-grid-C1\"><div class=\"wpb_column vc_column_container vc_col-sm-3\"><div class=\"vc_column-inner\"><div class=\"wpb_wrapper\">\n\t<div class=\"wpb_text_column wpb_content_element  expand-bottom-C1 accent3\" >\n\t\t<div class=\"wpb_wrapper\">\n\t\t\t<div class=\"text-wrap\">\n<h4 style=\"text-align: center;\"><strong>Investigar el incidente<\/strong><\/h4>\n<div class=\"hider-text\">\n<p style=\"text-align: center;\">Recopila pruebas fundamentales, como informes policiales y declaraciones de testigos.<\/p>\n<\/div>\n<p class=\"hider-toggle\" style=\"text-align: center;\">Pulsa para ampliar<\/p>\n<\/div>\n\n\t\t<\/div>\n\t<\/div>\n<\/div><\/div><\/div><div class=\"wpb_column vc_column_container vc_col-sm-3\"><div class=\"vc_column-inner\"><div class=\"wpb_wrapper\">\n\t<div class=\"wpb_text_column wpb_content_element  expand-bottom-C1 accent3\" >\n\t\t<div class=\"wpb_wrapper\">\n\t\t\t<div class=\"text-wrap\">\n<h4 style=\"text-align: center;\"><strong>Determinar la responsabilidad<\/strong><\/h4>\n<div class=\"hider-text\">\n<p style=\"text-align: center;\">Determina si la culpa es del conductor de Uber, de otro conductor o de la propia empresa Uber.<\/p>\n<\/div>\n<p class=\"hider-toggle\" style=\"text-align: center;\">Pulsa para ampliar<\/p>\n<\/div>\n\n\t\t<\/div>\n\t<\/div>\n<\/div><\/div><\/div><div class=\"wpb_column vc_column_container vc_col-sm-3\"><div class=\"vc_column-inner\"><div class=\"wpb_wrapper\">\n\t<div class=\"wpb_text_column wpb_content_element  vc_custom_1764704599080 expand-bottom-C1 accent3\" >\n\t\t<div class=\"wpb_wrapper\">\n\t\t\t<div class=\"text-wrap\">\n<h4 style=\"text-align: center;\"><strong>Negociar con las aseguradoras<\/strong><\/h4>\n<div class=\"hider-text\">\n<p style=\"text-align: center;\">Te protege para que no te ofrezcan una indemnizaci\u00f3n inferior a la que te corresponde ni te la nieguen.<\/p>\n<\/div>\n<p class=\"hider-toggle\" style=\"text-align: center;\">Pulsa para ampliar<\/p>\n<\/div>\n\n\t\t<\/div>\n\t<\/div>\n<\/div><\/div><\/div><div class=\"wpb_column vc_column_container vc_col-sm-3\"><div class=\"vc_column-inner\"><div class=\"wpb_wrapper\">\n\t<div class=\"wpb_text_column wpb_content_element  vc_custom_1764704639346 expand-bottom-C1 accent3\" >\n\t\t<div class=\"wpb_wrapper\">\n\t\t\t<div class=\"text-wrap\">\n<h4 style=\"text-align: center;\"><strong>Maximizar la remuneraci\u00f3n<\/strong><\/h4>\n<div class=\"hider-text\">\n<p style=\"text-align: center;\">Reivindique el resarcimiento de todos los da\u00f1os y perjuicios, incluyendo gastos m\u00e9dicos, salarios perdidos y da\u00f1os morales.<\/p>\n<\/div>\n<p class=\"hider-toggle\" style=\"text-align: center;\">Pulsa para ampliar<\/p>\n<\/div>\n\n\t\t<\/div>\n\t<\/div>\n<\/div><\/div><\/div><\/div><\/div><\/div><\/div><\/div><\/div><\/section><section class=\"vc_section gradient1\"><div class=\"vc_row wpb_row blurb-row\"><div class=\"container\"><div class=\"wpb_column vc_column_container vc_col-sm-12\"><div class=\"vc_column-inner\"><div class=\"wpb_wrapper\"><div class=\"vc_row wpb_row vc_inner vc_row-fluid\"><div class=\"wpb_column vc_column_container vc_col-sm-12\"><div class=\"vc_column-inner vc_custom_1763507919926\"><div class=\"wpb_wrapper\">\n\t<div class=\"wpb_text_column wpb_content_element  mb0\" >\n\t\t<div class=\"wpb_wrapper\">\n\t\t\t<h2 style=\"text-align: center;\">\u00bfQui\u00e9n es responsable si sufro un accidente con un Uber en Los \u00c1ngeles?<\/h2>\n<p style=\"text-align: center;\">La responsabilidad en los accidentes de Uber depende de las circunstancias:<\/p>\n<hr \/>\n<h3 style=\"text-align: center;\"><strong>Conductor de Uber:<\/strong><\/h3>\n<p style=\"text-align: center;\">Si el conductor actu\u00f3 con negligencia o imprudencia (por ejemplo, si conduc\u00eda distra\u00eddo o bajo los efectos del alcohol o las drogas).<\/p>\n<hr \/>\n<h3 style=\"text-align: center;\"><strong>Otro conductor:<\/strong><\/h3>\n<p style=\"text-align: center;\">Si otro conductor provoc\u00f3 el accidente al no ceder el paso o al conducir de forma imprudente<\/p>\n<hr \/>\n<h3 style=\"text-align: center;\"><strong>Uber:<\/strong><\/h3>\n<p style=\"text-align: center;\">En algunos casos, Uber puede ser considerado responsable, especialmente cuando el conductor est\u00e1 de servicio o transportando a un pasajero.<\/p>\n<hr \/>\n<p style=\"text-align: center;\">Un abogado especializado en accidentes de Uber en Los \u00c1ngeles te ayudar\u00e1 a determinar qui\u00e9n es el responsable de tus lesiones y se asegurar\u00e1 de que rinda cuentas.<\/p>\n\n\t\t<\/div>\n\t<\/div>\n<\/div><\/div><\/div><\/div><\/div><\/div><\/div><\/div><\/div><\/section><div class=\"vc_row wpb_row cta-row accent3 vc_custom_1763574042870\"><div class=\"container\"><div class=\"wpb_column vc_column_container vc_col-sm-12\"><div class=\"vc_column-inner\"><div class=\"wpb_wrapper\">\n\t<div class=\"wpb_text_column wpb_content_element  wpb_animate_when_almost_visible wpb_slideInLeft slideInLeft mb0\" >\n\t\t<div class=\"wpb_wrapper\">\n\t\t\t<h2>Cada caso es nuestra misi\u00f3n personal<\/h2>\n<p><a class=\"btn-bt alternate\" href=\"\/es\/pongase-en-contacto-con\/\">Consulta gratuita<\/a><\/p>\n\n\t\t<\/div>\n\t<\/div>\n<\/div><\/div><\/div><\/div><\/div><div class=\"vc_row wpb_row inline-fifty vc_custom_1763664148658 vc_row-has-fill\"><div class=\"container\"><div class=\"vertical-align wpb_column vc_column_container vc_col-sm-6\"><div class=\"vc_column-inner\"><div class=\"wpb_wrapper\">\n\t<div class=\"wpb_text_column wpb_content_element  mb0-desktop\" >\n\t\t<div class=\"wpb_wrapper\">\n\t\t\t<h2>\u00bfQu\u00e9 provoca los accidentes de Uber en Los \u00c1ngeles?<\/h2>\n<div class=\"elementor-element elementor-element-380539f elementor-widget elementor-widget-text-editor\" data-id=\"380539f\" data-element_type=\"widget\" data-widget_type=\"text-editor.default\">\n<div class=\"elementor-widget-container\">\n<p>Los accidentes de Uber pueden ocurrir por muchas razones:<\/p>\n<p><strong>Conducci\u00f3n distra\u00edda:<\/strong>\u00a0Es posible que los conductores de Uber se concentren demasiado en la aplicaci\u00f3n o en los pasajeros.<\/p>\n<hr \/>\n<p><strong>Fatiga del conductor:<\/strong>\u00a0Los turnos largos pueden provocar una disminuci\u00f3n de la concentraci\u00f3n y una ralentizaci\u00f3n de los tiempos de reacci\u00f3n.<\/p>\n<hr \/>\n<p><strong>Conducci\u00f3n imprudente:<\/strong>\u00a0El exceso de velocidad o la conducci\u00f3n agresiva aumentan el riesgo de accidentes.<\/p>\n<hr \/>\n<p><strong>Mal estado de las carreteras:<\/strong>\u00a0Los baches y los escombros son peligros habituales en Los \u00c1ngeles.<\/p>\n<hr \/>\n<p><strong>Condiciones meteorol\u00f3gicas:<\/strong>\u00a0Las lluvias intensas y la niebla pueden hacer que las carreteras sean m\u00e1s peligrosas.<\/p>\n<\/div>\n<\/div>\n\n\t\t<\/div>\n\t<\/div>\n<\/div><\/div><\/div><div class=\"vertical-align wpb_column vc_column_container vc_col-sm-6\"><div class=\"vc_column-inner\"><div class=\"wpb_wrapper\">\n\t<div class=\"wpb_text_column wpb_content_element\" >\n\t\t<div class=\"wpb_wrapper\">\n\t\t\t<p><img loading=\"lazy\" decoding=\"async\" class=\"aligncenter wp-image-3416 size-full\" src=\"https:\/\/capfirmstg.webteam.ai\/wp-content\/uploads\/2025\/12\/Uber-Accidents-Capfirm-wall.jpg\" alt=\"Accidentes de Uber: muro de Capfirm\" width=\"700\" height=\"590\" srcset=\"https:\/\/capfirmstg.webteam.ai\/wp-content\/uploads\/2025\/12\/Uber-Accidents-Capfirm-wall.jpg 700w, https:\/\/capfirmstg.webteam.ai\/wp-content\/uploads\/2025\/12\/Uber-Accidents-Capfirm-wall-300x253.jpg 300w\" sizes=\"auto, (max-width: 700px) 100vw, 700px\" \/><\/p>\n\n\t\t<\/div>\n\t<\/div>\n<\/div><\/div><\/div><\/div><\/div><div class=\"vc_row wpb_row blurb-row light2\"><div class=\"container\"><div class=\"wpb_column vc_column_container vc_col-sm-12\"><div class=\"vc_column-inner\"><div class=\"wpb_wrapper\"><div class=\"vc_row wpb_row vc_inner vc_row-fluid\"><div class=\"wpb_column vc_column_container vc_col-sm-12\"><div class=\"vc_column-inner vc_custom_1763507919926\"><div class=\"wpb_wrapper\">\n\t<div class=\"wpb_text_column wpb_content_element  mb0\" >\n\t\t<div class=\"wpb_wrapper\">\n\t\t\t<h2 style=\"text-align: center;\">\u00bfC\u00f3mo puedo obtener una indemnizaci\u00f3n si el conductor de Uber caus\u00f3 mi accidente?<\/h2>\n<p style=\"text-align: center;\">Es importante se\u00f1alar que no todos los accidentes de Uber son causados por los conductores del servicio de transporte compartido mientras transportan a un cliente; sin embargo, algunos de estos accidentes se deben a la negligencia de un conductor de Uber.<\/p>\n<p style=\"text-align: center;\">Lo interesante de estas situaciones es que, en realidad, pueden resultar especialmente complicadas desde el punto de vista legal. Esto se debe a que la parte responsable que finalmente te indemnizar\u00e1 por tus lesiones o da\u00f1os depender\u00e1 en gran medida de la forma en que el conductor de Uber estuviera utilizando la aplicaci\u00f3n de Uber en el momento del accidente.<\/p>\n<p style=\"text-align: center;\">Si el conductor de Uber caus\u00f3 el accidente, la indemnizaci\u00f3n podr\u00eda provenir de:<\/p>\n<hr \/>\n<h3 style=\"text-align: center;\"><strong>El seguro de Uber:<\/strong><\/h3>\n<p style=\"text-align: center;\">Dependiendo del estado del conductor (viaje en curso, de camino a recoger a un pasajero, etc.), el seguro de Uber puede cubrir los gastos m\u00e9dicos y otros da\u00f1os.<\/p>\n<hr \/>\n<h3 style=\"text-align: center;\"><strong>Seguro personal del conductor:<\/strong><\/h3>\n<p style=\"text-align: center;\">Si la cobertura de Uber no se aplica o es insuficiente, es posible que tengas que presentar una reclamaci\u00f3n ante la p\u00f3liza de seguro del conductor.<\/p>\n<p style=\"text-align: center;\"><a class=\"btn-bt alternate-blue\" href=\"\/es\/pongase-en-contacto-con\/\">Consulta gratuita<\/a><\/p>\n\n\t\t<\/div>\n\t<\/div>\n<\/div><\/div><\/div><\/div><\/div><\/div><\/div><\/div><\/div><section class=\"vc_section small-height gradient1\"><div class=\"vc_row wpb_row blurb-row\"><div class=\"container\"><div class=\"wpb_column vc_column_container vc_col-sm-12\"><div class=\"vc_column-inner\"><div class=\"wpb_wrapper\">\n\t<div class=\"wpb_text_column wpb_content_element  vc_custom_1764709470884\" >\n\t\t<div class=\"wpb_wrapper\">\n\t\t\t<h2 style=\"text-align: center;\">C\u00f3mo entender la p\u00f3liza de seguro de Uber<\/h2>\n<h3 style=\"text-align: center;\">\u00bfC\u00f3mo me afecta si sufr\u00ed lesiones en un accidente causado por un conductor de Uber?<\/h3>\n<p style=\"text-align: center;\">Su abogado le ayudar\u00e1 a garantizar que se aplique la p\u00f3liza de seguro adecuada y a obtener la m\u00e1xima indemnizaci\u00f3n posible seg\u00fan la legislaci\u00f3n de California. El seguro de Uber ofrece diferentes niveles de cobertura<\/p>\n\n\t\t<\/div>\n\t<\/div>\n<div class=\"vc_row wpb_row vc_inner vc_row-fluid expandable-grid-C1\"><div class=\"wpb_column vc_column_container vc_col-sm-4\"><div class=\"vc_column-inner\"><div class=\"wpb_wrapper\">\n\t<div class=\"wpb_text_column wpb_content_element  expand-bottom-C1 accent3\" >\n\t\t<div class=\"wpb_wrapper\">\n\t\t\t<div class=\"text-wrap\">\n<h4 style=\"text-align: center;\"><strong>El conductor no ha iniciado sesi\u00f3n:<\/strong><\/h4>\n<div class=\"hider-text\">\n<p style=\"text-align: center;\">Uber no ofrece cobertura; se aplica el seguro personal del conductor.<\/p>\n<\/div>\n<p class=\"hider-toggle\" style=\"text-align: center;\">Pulsa para ampliar<\/p>\n<\/div>\n\n\t\t<\/div>\n\t<\/div>\n<\/div><\/div><\/div><div class=\"wpb_column vc_column_container vc_col-sm-4\"><div class=\"vc_column-inner\"><div class=\"wpb_wrapper\">\n\t<div class=\"wpb_text_column wpb_content_element  expand-bottom-C1 accent3\" >\n\t\t<div class=\"wpb_wrapper\">\n\t\t\t<div class=\"text-wrap\">\n<h4 style=\"text-align: center;\"><strong>El conductor ha iniciado sesi\u00f3n pero no recoge pasajeros:<\/strong><\/h4>\n<div class=\"hider-text\">\n<p style=\"text-align: center;\">Uber ofrece cobertura de responsabilidad civil limitada<\/p>\n<\/div>\n<p class=\"hider-toggle\" style=\"text-align: center;\">Pulsa para ampliar<\/p>\n<\/div>\n\n\t\t<\/div>\n\t<\/div>\n<\/div><\/div><\/div><div class=\"wpb_column vc_column_container vc_col-sm-4\"><div class=\"vc_column-inner\"><div class=\"wpb_wrapper\">\n\t<div class=\"wpb_text_column wpb_content_element  vc_custom_1764709816005 expand-bottom-C1 accent3\" >\n\t\t<div class=\"wpb_wrapper\">\n\t\t\t<div class=\"text-wrap\">\n<h4 style=\"text-align: center;\"><strong>Conductor con pasajero:<br \/>\n<\/strong><\/h4>\n<div class=\"hider-text\">\n<p style=\"text-align: center;\">Uber ofrece una cobertura integral de responsabilidad civil para accidentes en los que se vean involucrados pasajeros que hayan pagado el servicio.<\/p>\n<\/div>\n<p class=\"hider-toggle\" style=\"text-align: center;\">Pulsa para ampliar<\/p>\n<\/div>\n\n\t\t<\/div>\n\t<\/div>\n<\/div><\/div><\/div><\/div><\/div><\/div><\/div><\/div><\/div><\/section><div class=\"vc_row wpb_row blurb-row\"><div class=\"container\"><div class=\"wpb_column vc_column_container vc_col-sm-12\"><div class=\"vc_column-inner\"><div class=\"wpb_wrapper\">\n\t<div class=\"wpb_text_column wpb_content_element  mb0\" >\n\t\t<div class=\"wpb_wrapper\">\n\t\t\t<h2 style=\"text-align: center;\">\u00bfTengo motivos para presentar una demanda por da\u00f1os personales directamente contra Uber, en lugar de solo contra el conductor de Uber?<\/h2>\n<p style=\"text-align: center;\">En California, hay algunos casos en los que podr\u00edas tener motivos para presentar una demanda contra la propia Uber, especialmente si la negligencia de la empresa ha sido un factor determinante. Entre ellos se incluyen:<\/p>\n<hr \/>\n<h3 style=\"text-align: center;\"><strong>Contrataci\u00f3n o capacitaci\u00f3n negligente:<\/strong><\/h3>\n<p style=\"text-align: center;\">Si Uber contratara a conductores con antecedentes de conducta imprudente.<\/p>\n<hr \/>\n<h3 style=\"text-align: center;\"><strong>Incumplimiento de las pol\u00edticas de seguridad:<\/strong><\/h3>\n<p style=\"text-align: center;\">Si las pol\u00edticas de Uber provocaran condiciones de conducci\u00f3n inseguras.<\/p>\n<hr \/>\n\n\t\t<\/div>\n\t<\/div>\n<\/div><\/div><\/div><\/div><\/div><div class=\"vc_row wpb_row blurb-row dark1\"><div class=\"container\"><div class=\"wpb_column vc_column_container vc_col-sm-12\"><div class=\"vc_column-inner\"><div class=\"wpb_wrapper\">\n\t<div class=\"wpb_text_column wpb_content_element  mb0\" >\n\t\t<div class=\"wpb_wrapper\">\n\t\t\t<h2 style=\"text-align: center;\">\u00a1P\u00f3ngase en contacto hoy mismo con un abogado especializado en accidentes de Uber en Los \u00c1ngeles!<\/h2>\n<p style=\"text-align: center;\">Si ha sufrido lesiones en un accidente de Uber en Los \u00c1ngeles, p\u00f3ngase en contacto hoy mismo con The Capital Law Firm. Nuestro equipo est\u00e1 listo para brindarle asistencia legal personalizada y ayudarle a obtener la indemnizaci\u00f3n que se merece. Cont\u00e1ctenos o ll\u00e1menos <a href=\"tel:(213) 654-2143\">(213) 654-2143<\/a> para una consulta gratuita hoy mismo.<\/p>\n<p style=\"text-align: center;\"><a class=\"btn-bt default\" href=\"\/es\/pongase-en-contacto-con\/\">Consulta gratuita<\/a><\/p>\n\n\t\t<\/div>\n\t<\/div>\n<\/div><\/div><\/div><\/div><\/div><section id=\"Reviews\" class=\"vc_section gradient2 vc_custom_1765346780054 vc_section-has-fill\"><div class=\"vc_row wpb_row reverse\"><div class=\"container\"><div class=\"vertical-align wpb_column vc_column_container vc_col-sm-8\"><div class=\"vc_column-inner\"><div class=\"wpb_wrapper\">\n\t<div class=\"wpb_text_column wpb_content_element\" >\n\t\t<div class=\"wpb_wrapper\">\n\t\t\t\n\n\t\t<\/div>\n\t<\/div>\n<\/div><\/div><\/div><div class=\"vertical-align wpb_column vc_column_container vc_col-sm-4\"><div class=\"vc_column-inner\"><div class=\"wpb_wrapper\">\n\t<div class=\"wpb_text_column wpb_content_element  wpb_animate_when_almost_visible wpb_slideInRight slideInRight mb0\" >\n\t\t<div class=\"wpb_wrapper\">\n\t\t\t<p><img loading=\"lazy\" decoding=\"async\" class=\"alignnone wp-image-2759\" src=\"\/wp-content\/uploads\/2025\/10\/the-caplaw-icon-91p.png\" alt=\"el icono de la mand\u00edbula 91p\" width=\"50\" height=\"52\" \/><\/p>\n<h3>TESTIMONIOS DE CLIENTES<\/h3>\n<h2>Donde nuestras victorias hablan m\u00e1s alto<\/h2>\n\n\t\t<\/div>\n\t<\/div>\n<\/div><\/div><\/div><\/div><\/div><\/section><div class=\"vc_row wpb_row blurb-row slider-arrows-lt\"><div class=\"container\"><div class=\"wpb_column vc_column_container vc_col-sm-12\"><div class=\"vc_column-inner\"><div class=\"wpb_wrapper\">\n\t<div class=\"wpb_text_column wpb_content_element  mb0\" >\n\t\t<div class=\"wpb_wrapper\">\n\t\t\t\n\n\t\t<\/div>\n\t<\/div>\n<\/div><\/div><\/div><\/div><\/div><style>@media(max-width:480px){.vc-boptions-69e84a712e239{background-image:url('https:\/\/capfirmstg.webteam.ai\/wp-content\/uploads\/2025\/10\/Bottom-CTA-man-working-at-desk-mobile@2x.jpg')!important;background-size:cover!important;background-position:center top!important;}}@media(min-width:481px){.vc-boptions-69e84a712e239{background-position:center top!important;}}.vc-boptions-69e84a712e239{background-size:cover!important;}<\/style><div id=\"ContactRow\" class=\"vc_row wpb_row bottom-cta form-bottom-cta inline-fifty fifty-fifty vc_custom_1765346760737 vc_row-has-fill vc-boptions-69e84a712e239\"><div class=\"container\"><div class=\"vertical-align wpb_column vc_column_container vc_col-sm-6\"><div class=\"vc_column-inner\"><div class=\"wpb_wrapper\">\n\t<div class=\"wpb_text_column wpb_content_element  mb0-desktop\" >\n\t\t<div class=\"wpb_wrapper\">\n\t\t\t<h3>P\u00d3NGASE EN CONTACTO CON EL BUFETE CAPITAL LAW HOY MISMO<\/h3>\n<h2>ESTAMOS AQU\u00cd<br \/>\nPARA GUIARTE<\/h2>\n<p><strong>Servimos en\u00e9rgicamente a las comunidades de toda el \u00e1rea metropolitana de Los \u00c1ngeles, incluidos el condado de Los \u00c1ngeles y el condado de Orange, as\u00ed como las zonas circundantes.<\/strong><\/p>\n\n\t\t<\/div>\n\t<\/div>\n<\/div><\/div><\/div><div class=\"wpb_column vc_column_container vc_col-sm-6\"><div class=\"vc_column-inner\"><div class=\"wpb_wrapper\">\n\t<div class=\"wpb_raw_code wpb_content_element wpb_raw_html\" >\n\t\t<div class=\"wpb_wrapper\">\n\t\t\t <script charset=\"utf-8\" type=\"text\/javascript\" src=\"\/\/js-na2.hsforms.net\/forms\/embed\/v2.js\"><\/script>\n<script>\n  hbspt.forms.create({\n    portalId: \"48855741\",\n    formId: \"d6ab3eea-eb20-4032-bc22-40679e6f2e02\",\n    region: \"na2\"\n  });\n<\/script>\n\t\t<\/div>\n\t<\/div>\n<\/div><\/div><\/div><\/div><\/div>\n<\/div>","protected":false},"excerpt":{"rendered":"Uber Accident Attorney in Los Angeles, CA WHEN WE FIGHT FOR YOU, IT\u2019S PERSONAL. If you\u2019ve suffered injuries in an Uber accident in Los Angeles, then you\u2019re going to need an experienced Uber car accident lawyer to support you as you seek your rightful compensation for your damages.\u200b The Uber Accident Lawyers at The Capital [...]","protected":false},"author":1,"featured_media":0,"parent":0,"menu_order":0,"comment_status":"closed","ping_status":"closed","template":"","meta":{"_acf_changed":false,"footnotes":""},"class_list":["post-3336","page","type-page","status-publish"],"acf":[],"aioseo_notices":[],"_links":{"self":[{"href":"https:\/\/capfirmstg.webteam.ai\/es\/wp-json\/wp\/v2\/pages\/3336","targetHints":{"allow":["GET"]}}],"collection":[{"href":"https:\/\/capfirmstg.webteam.ai\/es\/wp-json\/wp\/v2\/pages"}],"about":[{"href":"https:\/\/capfirmstg.webteam.ai\/es\/wp-json\/wp\/v2\/types\/page"}],"author":[{"embeddable":true,"href":"https:\/\/capfirmstg.webteam.ai\/es\/wp-json\/wp\/v2\/users\/1"}],"replies":[{"embeddable":true,"href":"https:\/\/capfirmstg.webteam.ai\/es\/wp-json\/wp\/v2\/comments?post=3336"}],"version-history":[{"count":20,"href":"https:\/\/capfirmstg.webteam.ai\/es\/wp-json\/wp\/v2\/pages\/3336\/revisions"}],"predecessor-version":[{"id":7723,"href":"https:\/\/capfirmstg.webteam.ai\/es\/wp-json\/wp\/v2\/pages\/3336\/revisions\/7723"}],"wp:attachment":[{"href":"https:\/\/capfirmstg.webteam.ai\/es\/wp-json\/wp\/v2\/media?parent=3336"}],"curies":[{"name":"wp","href":"https:\/\/api.w.org\/{rel}","templated":true}]}}