{"id":3045,"date":"2025-11-20T13:35:40","date_gmt":"2025-11-20T20:35:40","guid":{"rendered":"https:\/\/capfirm.com\/?page_id=3045"},"modified":"2026-02-11T09:15:22","modified_gmt":"2026-02-11T16:15:22","slug":"accidentes-de-autobus-abogado","status":"publish","type":"page","link":"https:\/\/capfirmstg.webteam.ai\/es\/bus-accidents-lawyer\/","title":{"rendered":"Abogado de accidentes de autob\u00fas"},"content":{"rendered":"<div class=\"wpb-content-wrapper\"><div class=\"vc_row wpb_row hero-lg1 vc_custom_1765343328628 vc_row-has-fill\"><div class=\"container\"><div class=\"vertical-align wpb_column vc_column_container vc_col-sm-6\"><div class=\"vc_column-inner\"><div class=\"wpb_wrapper\">\n\t<div class=\"wpb_text_column wpb_content_element  vc_custom_1764692833775\" >\n\t\t<div class=\"wpb_wrapper\">\n\t\t\t<h1>Los Angeles Abogado de Accidente de Autob\u00fas<\/h1>\n<h3>CUANDO LUCHAMOS POR TI, ES PERSONAL.<\/h3>\n<p>Los abogados con experiencia en accidentes de autob\u00fas en The Capital Law Firm entienden que un accidente de autob\u00fas grave puede conducir a lesiones que alteran la vida. Tenemos un profundo conocimiento de las complejas cuestiones de responsabilidad y las leyes locales que dar\u00e1n forma a su caso.<\/p>\n\n\t\t<\/div>\n\t<\/div>\n<\/div><\/div><\/div><div class=\"vertical-align wpb_column vc_column_container vc_col-sm-6\"><div class=\"vc_column-inner vc_custom_1764092867730\"><div class=\"wpb_wrapper\">\n\t<div class=\"wpb_raw_code wpb_content_element wpb_raw_html mb0\" >\n\t\t<div class=\"wpb_wrapper\">\n\t\t\t <script charset=\"utf-8\" type=\"text\/javascript\" src=\"\/\/js-na2.hsforms.net\/forms\/embed\/v2.js\"><\/script>\n<script>\n  hbspt.forms.create({\n    portalId: \"48855741\",\n    formId: \"d6ab3eea-eb20-4032-bc22-40679e6f2e02\",\n    region: \"na2\"\n  });\n<\/script>\n\t\t<\/div>\n\t<\/div>\n<\/div><\/div><\/div><\/div><\/div><section class=\"vc_section gradient1 small-height\"><div class=\"vc_row wpb_row gradient1 faq\"><div class=\"container\"><div class=\"wpb_column vc_column_container vc_col-sm-12\"><div class=\"vc_column-inner\"><div class=\"wpb_wrapper\">\n\t<div class=\"wpb_text_column wpb_content_element  mb0\" >\n\t\t<div class=\"wpb_wrapper\">\n\t\t\t<h2 style=\"text-align: center;\">El rol de un abogado de accidentes de autob\u00fas<\/h2>\n<p style=\"text-align: center;\">Cuando ocurre un accidente de autob\u00fas, no s\u00f3lo se tiene que lidiar con las lesiones propias del accidente, tambi\u00e9n hay que hacer frente al rompecabezas de facturas m\u00e9dicas, peritos de seguros y plazos legales. Un abogado con experiencia en accidentes de autob\u00fas en Los \u00c1ngeles es el indicado para guiarte en este proceso, para aligerar la carga y evitar que enfrentes por ti solo lo complejo del proceso, inform\u00e1ndote sobre tus derechos y opciones en cada paso. Su rol incluye revisar el informe del accidente, recopilar pruebas de testigos y grabaciones de vigilancia, y ponerse en contacto con profesionales m\u00e9dicos para documentar el impacto total de las lesiones.<\/p>\n<p style=\"text-align: center;\">Adem\u00e1s, el abogado es el responsable de comunicarse directamente con las compa\u00f1\u00edas de seguros en nombre del afectado, evitando la presi\u00f3n com\u00fan que intenta que se acepten acuerdos insuficientes. Tu abogado podr\u00e1 informarte sobre las fortalezas y debilidades de tu caso, asesorarte sobre si buscar un acuerdo o litigar, y trabajar para garantizar que el reclamo refleje las necesidades m\u00e9dicas actuales y futuras.<\/p>\n<p style=\"text-align: center;\">Para las v\u00edctimas, elegir un abogado de accidentes de autob\u00fas de The Capital Law Firm significa contar con un compa\u00f1ero de confianza que se coordina con m\u00e9dicos de primer nivel, ayuda a gestionar los programas de tratamiento y mantiene el caso avanzando eficientemente para que puedas enfocarte en tu recuperaci\u00f3n. Nuestra orientaci\u00f3n es personalizada y hace total diferencia entre un proceso estresante y que se extiende, y un camino m\u00e1s digerible y pr\u00e1ctico hacia una compensaci\u00f3n justa.<\/p>\n\n\t\t<\/div>\n\t<\/div>\n<\/div><\/div><\/div><\/div><\/div><\/section><div class=\"vc_row wpb_row blurb-row\"><div class=\"container\"><div class=\"wpb_column vc_column_container vc_col-sm-12\"><div class=\"vc_column-inner\"><div class=\"wpb_wrapper\">\n\t<div class=\"wpb_text_column wpb_content_element\" >\n\t\t<div class=\"wpb_wrapper\">\n\t\t\t<h2 style=\"text-align: center;\">Cuando sufres lesiones en un accidente de autob\u00fas<\/h2>\n<p style=\"text-align: center;\">Navegar por las secuelas puede ser abrumador. Los abogados con experiencia en accidentes de autob\u00fas del bufete de abogados Capital Law Firm est\u00e1n aqu\u00ed para ayudar. Proporcionamos la defensa legal poderosa para pasajeros, peatones, y otros automovilistas que han sido da\u00f1ados. Nuestra misi\u00f3n es buscar justicia en su nombre y asegurar que sus mejores intereses sean protegidos. Deje que nuestro equipo le proporcione la orientaci\u00f3n experta que necesita para seguir adelante.<\/p>\n<p style=\"text-align: center;\"><a class=\"btn-bt alternate-blue\" href=\"\/es\/pongase-en-contacto-con\/\">Consulta gratuita<\/a><\/p>\n\n\t\t<\/div>\n\t<\/div>\n<\/div><\/div><\/div><\/div><\/div><div class=\"vc_row wpb_row inline-fifty light2 vc_custom_1763671485967 vc_row-has-fill\"><div class=\"container\"><div class=\"vertical-align wpb_column vc_column_container vc_col-sm-6\"><div class=\"vc_column-inner\"><div class=\"wpb_wrapper\">\n\t<div class=\"wpb_text_column wpb_content_element  mb0-desktop\" >\n\t\t<div class=\"wpb_wrapper\">\n\t\t\t<h2>Entendiendo los Accidentes de Autob\u00fas en Los \u00c1ngeles<\/h2>\n<p>Los accidentes de autob\u00fas en Los \u00c1ngeles pueden involucrar todo tipo de veh\u00edculos: autobuses de transporte p\u00fablico, autobuses escolares, autobuses \u201cshuttle\u201d y autobuses tur\u00edsticos. Cada uno conlleva riesgos \u00fanicos, pero la mayor\u00eda de los accidentes comparten causas comunes, como errores del conductor, conducci\u00f3n distra\u00edda, fallas mec\u00e1nicas y condiciones viales peligrosas. En algunos casos, varias partes pueden ser responsables, como el conductor, la compa\u00f1\u00eda de autobuses o incluso una entidad gubernamental local responsable del mantenimiento vial.<\/p>\n<p>Debido a que los autobuses transportan a varios pasajeros y a menudo circulan por calles concurridas de la ciudad, las lesiones pueden ser graves, desde fracturas y traumatismos craneoencef\u00e1licos hasta problemas m\u00e9dicos m\u00e1s complejos y a largo plazo.<\/p>\n\n\t\t<\/div>\n\t<\/div>\n<\/div><\/div><\/div><div class=\"vertical-align wpb_column vc_column_container vc_col-sm-6\"><div class=\"vc_column-inner\"><div class=\"wpb_wrapper\">\n\t<div class=\"wpb_text_column wpb_content_element  mb0-desktop\" >\n\t\t<div class=\"wpb_wrapper\">\n\t\t\t<p><img loading=\"lazy\" decoding=\"async\" class=\"aligncenter wp-image-3050 size-full\" src=\"https:\/\/capfirmstg.webteam.ai\/wp-content\/uploads\/2025\/11\/Bus-Accidents-woman-at-her-desk.jpg\" alt=\"Accidentes de autob\u00fas mujer en su escritorio\" width=\"700\" height=\"590\" srcset=\"https:\/\/capfirmstg.webteam.ai\/wp-content\/uploads\/2025\/11\/Bus-Accidents-woman-at-her-desk.jpg 700w, https:\/\/capfirmstg.webteam.ai\/wp-content\/uploads\/2025\/11\/Bus-Accidents-woman-at-her-desk-300x253.jpg 300w\" sizes=\"auto, (max-width: 700px) 100vw, 700px\" \/><\/p>\n\n\t\t<\/div>\n\t<\/div>\n<\/div><\/div><\/div><\/div><\/div><div class=\"vc_row wpb_row cta-row accent3 vc_custom_1763574042870\"><div class=\"container\"><div class=\"wpb_column vc_column_container vc_col-sm-12\"><div class=\"vc_column-inner\"><div class=\"wpb_wrapper\">\n\t<div class=\"wpb_text_column wpb_content_element  wpb_animate_when_almost_visible wpb_slideInLeft slideInLeft mb0\" >\n\t\t<div class=\"wpb_wrapper\">\n\t\t\t<h2>Cada caso es nuestra misi\u00f3n personal<\/h2>\n<p><a class=\"btn-bt alternate\" href=\"\/es\/pongase-en-contacto-con\/\">Consulta gratuita<\/a><\/p>\n\n\t\t<\/div>\n\t<\/div>\n<\/div><\/div><\/div><\/div><\/div><section class=\"vc_section gradient1 small-height\"><div class=\"vc_row wpb_row gradient1 faq\"><div class=\"container\"><div class=\"wpb_column vc_column_container vc_col-sm-12\"><div class=\"vc_column-inner\"><div class=\"wpb_wrapper\">\n\t<div class=\"wpb_text_column wpb_content_element\" >\n\t\t<div class=\"wpb_wrapper\">\n\t\t\t<h2 style=\"text-align: center;\">Requisitos legales y plazos para presentar una reclamaci\u00f3n<\/h2>\n<p style=\"text-align: center;\">Presentar una reclamaci\u00f3n tras un accidente de autob\u00fas en California tiene plazos estrictos. Las reclamaciones por lesiones personales generalmente deben presentarse dentro de los dos a\u00f1os posteriores al accidente. Los casos que involucran autobuses operados por el gobierno, como autobuses escolares o transporte p\u00fablico, suelen requerir una notificaci\u00f3n formal de reclamaci\u00f3n dentro de los seis meses inmediatos. Incumplir estos plazos puede poner en riesgo la posibilidad de obtener una indemnizaci\u00f3n.<\/p>\n<p style=\"text-align: center;\">Un abogado especializado en accidentes de autob\u00fas en Los \u00c1ngeles garantiza el cumplimiento de todos los requisitos procesales, desde la presentaci\u00f3n oportuna hasta la documentaci\u00f3n de las lesiones y los da\u00f1os materiales.<\/p>\n\n\t\t<\/div>\n\t<\/div>\n<\/div><\/div><\/div><\/div><\/div><\/section><div class=\"vc_row wpb_row blurb-row\"><div class=\"container\"><div class=\"wpb_column vc_column_container vc_col-sm-12\"><div class=\"vc_column-inner\"><div class=\"wpb_wrapper\">\n\t<div class=\"wpb_text_column wpb_content_element\" >\n\t\t<div class=\"wpb_wrapper\">\n\t\t\t<h2 style=\"text-align: center;\">Determinaci\u00f3n de la responsabilidad en casos de accidentes de autob\u00fas<\/h2>\n<p style=\"text-align: center;\">Determinar la culpa en un accidente de autob\u00fas puede ser complicado. La responsabilidad puede recaer en el conductor, la empresa de transporte, el proveedor de mantenimiento de veh\u00edculos o incluso en entidades gubernamentales.<\/p>\n<p style=\"text-align: center;\">Nuestros abogados especializados en accidentes de autob\u00fas en Los \u00c1ngeles examinan informes policiales, declaraciones de testigos y grabaciones de c\u00e1maras de tr\u00e1fico, y consultan con expertos en reconstrucci\u00f3n de accidentes cuando es necesario. Identificar a todas las partes responsables es esencial para garantizar que las v\u00edctimas reciban una indemnizaci\u00f3n completa por los gastos m\u00e9dicos, la p\u00e9rdida de ingresos, el dolor y sufrimiento.<\/p>\n<p style=\"text-align: center;\"><a class=\"btn-bt alternate-blue\" href=\"\/es\/pongase-en-contacto-con\/\">Consulta gratuita<\/a><\/p>\n\n\t\t<\/div>\n\t<\/div>\n<\/div><\/div><\/div><\/div><\/div><div class=\"vc_row wpb_row inline-fifty light2 vc_custom_1763671485967 vc_row-has-fill\"><div class=\"container\"><div class=\"vertical-align wpb_column vc_column_container vc_col-sm-6\"><div class=\"vc_column-inner\"><div class=\"wpb_wrapper\">\n\t<div class=\"wpb_text_column wpb_content_element  mb0-desktop\" >\n\t\t<div class=\"wpb_wrapper\">\n\t\t\t<h2>Compensaci\u00f3n disponible para v\u00edctimas de accidentes de autob\u00fas<\/h2>\n<p>Las v\u00edctimas de accidentes de autob\u00fas pueden tener derecho a una compensaci\u00f3n que cubra los gastos m\u00e9dicos, la rehabilitaci\u00f3n, la p\u00e9rdida de ingresos, la angustia emocional y los da\u00f1os materiales. En casos graves, tambi\u00e9n se pueden incluir fondos para cuidados a largo plazo, dispositivos de asistencia o ajustes en el estilo de vida.<\/p>\n\n\t\t<\/div>\n\t<\/div>\n<\/div><\/div><\/div><div class=\"vertical-align wpb_column vc_column_container vc_col-sm-6\"><div class=\"vc_column-inner\"><div class=\"wpb_wrapper\">\n\t<div class=\"wpb_text_column wpb_content_element  mb0-desktop\" >\n\t\t<div class=\"wpb_wrapper\">\n\t\t\t<p><img loading=\"lazy\" decoding=\"async\" class=\"aligncenter wp-image-3049 size-full\" src=\"https:\/\/capfirmstg.webteam.ai\/wp-content\/uploads\/2025\/11\/Bus-Accidents-the-Capfirm-law-team-group-photo.jpg\" alt=\"Accidentes de autob\u00fas foto de grupo del equipo Capfirm\" width=\"700\" height=\"590\" srcset=\"https:\/\/capfirmstg.webteam.ai\/wp-content\/uploads\/2025\/11\/Bus-Accidents-the-Capfirm-law-team-group-photo.jpg 700w, https:\/\/capfirmstg.webteam.ai\/wp-content\/uploads\/2025\/11\/Bus-Accidents-the-Capfirm-law-team-group-photo-300x253.jpg 300w\" sizes=\"auto, (max-width: 700px) 100vw, 700px\" \/><\/p>\n\n\t\t<\/div>\n\t<\/div>\n<\/div><\/div><\/div><\/div><\/div><div class=\"vc_row wpb_row blurb-row dark1\"><div class=\"container\"><div class=\"wpb_column vc_column_container vc_col-sm-12\"><div class=\"vc_column-inner\"><div class=\"wpb_wrapper\">\n\t<div class=\"wpb_text_column wpb_content_element  mb0\" >\n\t\t<div class=\"wpb_wrapper\">\n\t\t\t<h2 style=\"text-align: center;\">Acciones legales: demandas y acuerdos en accidentes de autob\u00fas en Los \u00c1ngeles<\/h2>\n<p style=\"text-align: center;\">Gran parte de los casos de accidentes de autob\u00fas se resuelven mediante acuerdos, lo que permite a las v\u00edctimas evitar el tiempo y la incertidumbre de un juicio. Cuando es necesario litigar, un abogado experto en accidentes de autob\u00fas prepara cada caso meticulosamente, coordin\u00e1ndose con expertos m\u00e9dicos y aprovechando la tecnolog\u00eda para una gesti\u00f3n eficiente de las pruebas.<\/p>\n<p style=\"text-align: center;\">Ya sea mediante negociaci\u00f3n o litigio, The Capital Law Firm tiene un compromiso firme: resoluciones justas y comunicaci\u00f3n transparente en cada paso del proceso.<\/p>\n<p style=\"text-align: center;\"><a class=\"btn-bt default\" href=\"\/es\/pongase-en-contacto-con\/\">Consulta gratuita<\/a><\/p>\n\n\t\t<\/div>\n\t<\/div>\n<\/div><\/div><\/div><\/div><\/div><section id=\"Reviews\" class=\"vc_section gradient2 vc_custom_1765343389697 vc_section-has-fill\"><div class=\"vc_row wpb_row reverse\"><div class=\"container\"><div class=\"vertical-align wpb_column vc_column_container vc_col-sm-8\"><div class=\"vc_column-inner\"><div class=\"wpb_wrapper\">\n\t<div class=\"wpb_text_column wpb_content_element\" >\n\t\t<div class=\"wpb_wrapper\">\n\t\t\t\n\n\t\t<\/div>\n\t<\/div>\n<\/div><\/div><\/div><div class=\"vertical-align wpb_column vc_column_container vc_col-sm-4\"><div class=\"vc_column-inner\"><div class=\"wpb_wrapper\">\n\t<div class=\"wpb_text_column wpb_content_element  wpb_animate_when_almost_visible wpb_slideInRight slideInRight mb0\" >\n\t\t<div class=\"wpb_wrapper\">\n\t\t\t<p><img loading=\"lazy\" decoding=\"async\" class=\"alignnone wp-image-2759\" src=\"\/wp-content\/uploads\/2025\/10\/the-caplaw-icon-91p.png\" alt=\"el icono de la mand\u00edbula 91p\" width=\"50\" height=\"52\" \/><\/p>\n<h3>TESTIMONIOS DE CLIENTES<\/h3>\n<h2>Donde nuestras victorias hablan m\u00e1s alto<\/h2>\n\n\t\t<\/div>\n\t<\/div>\n<\/div><\/div><\/div><\/div><\/div><\/section><div class=\"vc_row wpb_row blurb-row slider-arrows-lt\"><div class=\"container\"><div class=\"wpb_column vc_column_container vc_col-sm-12\"><div class=\"vc_column-inner\"><div class=\"wpb_wrapper\">\n\t<div class=\"wpb_text_column wpb_content_element  mb0\" >\n\t\t<div class=\"wpb_wrapper\">\n\t\t\t\n\n\t\t<\/div>\n\t<\/div>\n<\/div><\/div><\/div><\/div><\/div><style>@media(max-width:480px){.vc-boptions-69e84a3e07874{background-image:url('https:\/\/capfirmstg.webteam.ai\/wp-content\/uploads\/2025\/10\/Bottom-CTA-man-working-at-desk-mobile@2x.jpg')!important;background-size:cover!important;background-position:center top!important;}}@media(min-width:481px){.vc-boptions-69e84a3e07874{background-position:center top!important;}}.vc-boptions-69e84a3e07874{background-size:cover!important;}<\/style><div id=\"ContactRow\" class=\"vc_row wpb_row bottom-cta form-bottom-cta inline-fifty fifty-fifty vc_custom_1765343476606 vc_row-has-fill vc-boptions-69e84a3e07874\"><div class=\"container\"><div class=\"vertical-align wpb_column vc_column_container vc_col-sm-6\"><div class=\"vc_column-inner\"><div class=\"wpb_wrapper\">\n\t<div class=\"wpb_text_column wpb_content_element  mb0-desktop\" >\n\t\t<div class=\"wpb_wrapper\">\n\t\t\t<h3>P\u00d3NGASE EN CONTACTO CON EL BUFETE CAPITAL LAW HOY MISMO<\/h3>\n<h2>ESTAMOS AQU\u00cd<br \/>\nPARA GUIARTE<\/h2>\n<p><strong>Servimos en\u00e9rgicamente a las comunidades de toda el \u00e1rea metropolitana de Los \u00c1ngeles, incluidos el condado de Los \u00c1ngeles y el condado de Orange, as\u00ed como las zonas circundantes.<\/strong><\/p>\n\n\t\t<\/div>\n\t<\/div>\n<\/div><\/div><\/div><div class=\"wpb_column vc_column_container vc_col-sm-6\"><div class=\"vc_column-inner\"><div class=\"wpb_wrapper\">\n\t<div class=\"wpb_raw_code wpb_content_element wpb_raw_html\" >\n\t\t<div class=\"wpb_wrapper\">\n\t\t\t <script charset=\"utf-8\" type=\"text\/javascript\" src=\"\/\/js-na2.hsforms.net\/forms\/embed\/v2.js\"><\/script>\n<script>\n  hbspt.forms.create({\n    portalId: \"48855741\",\n    formId: \"d6ab3eea-eb20-4032-bc22-40679e6f2e02\",\n    region: \"na2\"\n  });\n<\/script>\n\t\t<\/div>\n\t<\/div>\n<\/div><\/div><\/div><\/div><\/div>\n<\/div>","protected":false},"excerpt":{"rendered":"Los Angeles Bus Accident Lawyer WHEN WE FIGHT FOR YOU, IT\u2019S PERSONAL. The experienced bus accident attorneys at The Capital Law Firm understand that a serious bus accident can lead to life-altering injuries. We have a deep understanding of the complex liability issues and local laws that will shape your case. The Role of a [...]","protected":false},"author":1,"featured_media":0,"parent":0,"menu_order":0,"comment_status":"closed","ping_status":"closed","template":"","meta":{"_acf_changed":false,"footnotes":""},"class_list":["post-3045","page","type-page","status-publish"],"acf":[],"aioseo_notices":[],"_links":{"self":[{"href":"https:\/\/capfirmstg.webteam.ai\/es\/wp-json\/wp\/v2\/pages\/3045","targetHints":{"allow":["GET"]}}],"collection":[{"href":"https:\/\/capfirmstg.webteam.ai\/es\/wp-json\/wp\/v2\/pages"}],"about":[{"href":"https:\/\/capfirmstg.webteam.ai\/es\/wp-json\/wp\/v2\/types\/page"}],"author":[{"embeddable":true,"href":"https:\/\/capfirmstg.webteam.ai\/es\/wp-json\/wp\/v2\/users\/1"}],"replies":[{"embeddable":true,"href":"https:\/\/capfirmstg.webteam.ai\/es\/wp-json\/wp\/v2\/comments?post=3045"}],"version-history":[{"count":27,"href":"https:\/\/capfirmstg.webteam.ai\/es\/wp-json\/wp\/v2\/pages\/3045\/revisions"}],"predecessor-version":[{"id":7936,"href":"https:\/\/capfirmstg.webteam.ai\/es\/wp-json\/wp\/v2\/pages\/3045\/revisions\/7936"}],"wp:attachment":[{"href":"https:\/\/capfirmstg.webteam.ai\/es\/wp-json\/wp\/v2\/media?parent=3045"}],"curies":[{"name":"wp","href":"https:\/\/api.w.org\/{rel}","templated":true}]}}