{"id":3018,"date":"2025-11-20T10:04:14","date_gmt":"2025-11-20T17:04:14","guid":{"rendered":"https:\/\/capfirm.com\/?page_id=3018"},"modified":"2025-12-11T15:48:30","modified_gmt":"2025-12-11T22:48:30","slug":"abogado-de-accidentes-de-bicicleta","status":"publish","type":"page","link":"https:\/\/capfirmstg.webteam.ai\/es\/bicycle-accidents-lawyer\/","title":{"rendered":"Accidentes de bicicleta"},"content":{"rendered":"<div class=\"wpb-content-wrapper\"><div class=\"vc_row wpb_row hero-lg1 vc_custom_1765342198470 vc_row-has-fill\"><div class=\"container\"><div class=\"vertical-align wpb_column vc_column_container vc_col-sm-6\"><div class=\"vc_column-inner\"><div class=\"wpb_wrapper\">\n\t<div class=\"wpb_text_column wpb_content_element  vc_custom_1765493306003\" >\n\t\t<div class=\"wpb_wrapper\">\n\t\t\t<h1>Los Angeles Abogado de Accidente de Bicicleta<\/h1>\n<h3>CUANDO LUCHAMOS POR TI, ES PERSONAL.<\/h3>\n<p>La bicicleta es un medio de transporte muy popular. El ciclismo tiene muchas ventajas, pero tambi\u00e9n conlleva muchos riesgos. Por ello, entender la ley de accidentes de bicicleta en Los Angeles es importante. Los ciclistas y los automovilistas deben conocer sus derechos y responsabilidades.<\/p>\n<p>The Capital Law Firm se enorgullece de educar a sus clientes. Veamos algunos aspectos de la ley de accidentes de bicicleta en LA.<\/p>\n<p><strong><img loading=\"lazy\" decoding=\"async\" class=\"alignnone wp-image-2832\" style=\"margin-bottom: -4px;\" src=\"https:\/\/capfirmstg.webteam.ai\/wp-content\/uploads\/2025\/11\/tab-icon-CAPFIRM@2x-White.png\" alt=\"tab-icon-CAPFIRM@2x Blanco\" width=\"20\" height=\"20\" \/> Resultados basados en la integridad<\/strong><\/p>\n<p><strong><img loading=\"lazy\" decoding=\"async\" class=\"alignnone wp-image-2832\" style=\"margin-bottom: -4px;\" src=\"https:\/\/capfirmstg.webteam.ai\/wp-content\/uploads\/2025\/11\/tab-icon-CAPFIRM@2x-White.png\" alt=\"tab-icon-CAPFIRM@2x Blanco\" width=\"20\" height=\"20\" \/> Campe\u00f3n de Compensaci\u00f3n<\/strong><\/p>\n\n\t\t<\/div>\n\t<\/div>\n<\/div><\/div><\/div><div class=\"vertical-align wpb_column vc_column_container vc_col-sm-6\"><div class=\"vc_column-inner vc_custom_1764100863029\"><div class=\"wpb_wrapper\">\n\t<div class=\"wpb_raw_code wpb_content_element wpb_raw_html\" >\n\t\t<div class=\"wpb_wrapper\">\n\t\t\t <script charset=\"utf-8\" type=\"text\/javascript\" src=\"\/\/js-na2.hsforms.net\/forms\/embed\/v2.js\"><\/script>\n<script>\n  hbspt.forms.create({\n    portalId: \"48855741\",\n    formId: \"d6ab3eea-eb20-4032-bc22-40679e6f2e02\",\n    region: \"na2\"\n  });\n<\/script>\n\t\t<\/div>\n\t<\/div>\n<\/div><\/div><\/div><\/div><\/div><div class=\"vc_row wpb_row blurb-row\"><div class=\"container\"><div class=\"wpb_column vc_column_container vc_col-sm-12\"><div class=\"vc_column-inner\"><div class=\"wpb_wrapper\">\n\t<div class=\"wpb_text_column wpb_content_element  mb0\" >\n\t\t<div class=\"wpb_wrapper\">\n\t\t\t<h2 style=\"text-align: center;\">Entendiendo la Ley de Accidentes de Bicicleta en Los Angeles, CA<\/h2>\n<p style=\"text-align: center;\">Un accidente de bicicleta en Los \u00c1ngeles puede ocasionar lesiones graves. Conocer las leyes de California puede ayudarte a protegerte despu\u00e9s de un accidente. En The Capital Law Firm, un abogado especializado en accidentes de bicicleta te guiar\u00e1 a trav\u00e9s de las complejidades del caso y se asegurar\u00e1 de que recibas una compensaci\u00f3n justa.<\/p>\n<p style=\"text-align: center;\"><a class=\"btn-bt alternate-blue\" href=\"\/es\/pongase-en-contacto-con\/\">Consulta gratuita<\/a><\/p>\n\n\t\t<\/div>\n\t<\/div>\n<\/div><\/div><\/div><\/div><\/div><section class=\"vc_section gradient1 small-height\"><div class=\"vc_row wpb_row gradient1 faq\"><div class=\"container\"><div class=\"wpb_column vc_column_container vc_col-sm-12\"><div class=\"vc_column-inner\"><div class=\"wpb_wrapper\">\n\t<div class=\"wpb_text_column wpb_content_element  vc_custom_1764101133698\" >\n\t\t<div class=\"wpb_wrapper\">\n\t\t\t<h2 style=\"text-align: center;\">Ley de tr\u00e1nsito para ciclistas en California<\/h2>\n<p style=\"text-align: center;\">En California, los ciclistas deben respetar las mismas leyes de tr\u00e1nsito que los automovilistas, tales como obedecer las se\u00f1ales de tr\u00e1fico y circular con el flujo del mismo.<\/p>\n\n\t\t<\/div>\n\t<\/div>\n<div class=\"vc_tta-container\" data-vc-action=\"collapse\"><div class=\"vc_general vc_tta vc_tta-accordion vc_tta-color-grey vc_tta-style-modern vc_tta-shape-rounded vc_tta-o-shape-group vc_tta-controls-align-default  faq faq\"><div class=\"vc_tta-panels-container\"><div class=\"vc_tta-panels\"><div class=\"vc_tta-panel vc_active\" id=\"1763504481240-6a687d6a-744d\" data-vc-content=\".vc_tta-panel-body\"><div class=\"vc_tta-panel-heading\"><h4 class=\"vc_tta-panel-title vc_tta-controls-icon-position-right\"><a href=\"#1763504481240-6a687d6a-744d\" data-vc-accordion data-vc-container=\".vc_tta-container\"><span class=\"vc_tta-title-text\">EQUIPO DE SEGURIDAD<\/span><i class=\"vc_tta-controls-icon vc_tta-controls-icon-chevron\"><\/i><\/a><\/h4><\/div><div class=\"vc_tta-panel-body\">\n\t<div class=\"wpb_text_column wpb_content_element\" >\n\t\t<div class=\"wpb_wrapper\">\n\t\t\t<p>La ley de California requiere que los ciclistas menores de 18 a\u00f1os usen cascos, aunque se recomienda para todos los ciclistas de todas las edades. El uso de cascos, equipo reflectante, y el uso de luces puede reducir la gravedad de las lesiones y tambi\u00e9n puede impactar en el resultado de tu caso.<\/p>\n\n\t\t<\/div>\n\t<\/div>\n<\/div><\/div><div class=\"vc_tta-panel\" id=\"1763505229056-4658ff26-eb96\" data-vc-content=\".vc_tta-panel-body\"><div class=\"vc_tta-panel-heading\"><h4 class=\"vc_tta-panel-title vc_tta-controls-icon-position-right\"><a href=\"#1763505229056-4658ff26-eb96\" data-vc-accordion data-vc-container=\".vc_tta-container\"><span class=\"vc_tta-title-text\">CARRILES PARA BICICLETAS<\/span><i class=\"vc_tta-controls-icon vc_tta-controls-icon-chevron\"><\/i><\/a><\/h4><\/div><div class=\"vc_tta-panel-body\">\n\t<div class=\"wpb_text_column wpb_content_element\" >\n\t\t<div class=\"wpb_wrapper\">\n\t\t\t<p>A\u00fan dise\u00f1ados para mantener a los ciclistas seguros, no garantizan que no ocurran accidentes. En Los \u00c1ngeles, la calidad y el mantenimiento de los carriles para bici var\u00edan, lo que puede ser un factor clave.<\/p>\n\n\t\t<\/div>\n\t<\/div>\n<\/div><\/div><div class=\"vc_tta-panel\" id=\"1763505228294-54faa96c-495c\" data-vc-content=\".vc_tta-panel-body\"><div class=\"vc_tta-panel-heading\"><h4 class=\"vc_tta-panel-title vc_tta-controls-icon-position-right\"><a href=\"#1763505228294-54faa96c-495c\" data-vc-accordion data-vc-container=\".vc_tta-container\"><span class=\"vc_tta-title-text\">DERECHO DE PASO PARA CICLISTAS<\/span><i class=\"vc_tta-controls-icon vc_tta-controls-icon-chevron\"><\/i><\/a><\/h4><\/div><div class=\"vc_tta-panel-body\">\n\t<div class=\"wpb_text_column wpb_content_element\" >\n\t\t<div class=\"wpb_wrapper\">\n\t\t\t<p>En Los \u00c1ngeles, los ciclistas tienen preferencia de paso en los carriles bici, en los cruces cuando circulan en l\u00ednea recta y en los pasos de peatones. Los conductores deben ceder el paso a los ciclistas en estas situaciones, pero desafortunadamente, no todos respetan las normas.<\/p>\n\n\t\t<\/div>\n\t<\/div>\n<\/div><\/div><\/div><\/div><\/div><\/div><\/div><\/div><\/div><\/div><\/div><\/section><section class=\"vc_section light2\"><div class=\"vc_row wpb_row blurb-row\"><div class=\"container\"><div class=\"wpb_column vc_column_container vc_col-sm-12\"><div class=\"vc_column-inner\"><div class=\"wpb_wrapper\">\n\t<div class=\"wpb_text_column wpb_content_element  mb0\" >\n\t\t<div class=\"wpb_wrapper\">\n\t\t\t<h2 style=\"text-align: center;\">Derechos legales de las v\u00edctimas de un accidente de bicicleta<\/h2>\n<p style=\"text-align: center;\">Los ciclistas tienen los mismos derechos legales que los dem\u00e1s usuarios de la v\u00eda p\u00fablica. Si sufres lesiones por negligencia ajena, tienes derecho a reclamar una indemnizaci\u00f3n por gastos m\u00e9dicos, p\u00e9rdida de salario, dolor y sufrimiento.<\/p>\n<h3 style=\"text-align: center;\">Determinaci\u00f3n de la responsabilidad<\/h3>\n<p style=\"text-align: center;\">La responsabilidad puede recaer en el automovilista, las agencias de la ciudad de Los \u00c1ngeles (por las malas condiciones de la carretera), o incluso el ciclista. Tu abogado te ayudar\u00e1 a determinar qui\u00e9n tiene la culpa y se asegurar\u00e1 de que las partes responsables rindan cuentas.<\/p>\n<p style=\"text-align: center;\"><a class=\"btn-bt alternate-blue\" href=\"\/es\/pongase-en-contacto-con\/\">Consulta gratuita<\/a><\/p>\n\n\t\t<\/div>\n\t<\/div>\n<\/div><\/div><\/div><\/div><\/div><\/section><section class=\"vc_section small-height\"><div class=\"vc_row wpb_row blurb-row\"><div class=\"container\"><div class=\"wpb_column vc_column_container vc_col-sm-12\"><div class=\"vc_column-inner\"><div class=\"wpb_wrapper\">\n\t<div class=\"wpb_text_column wpb_content_element\" >\n\t\t<div class=\"wpb_wrapper\">\n\t\t\t<h2 style=\"text-align: center;\">Reclamaciones por da\u00f1os personales en accidentes de bicicleta<\/h2>\n<p style=\"text-align: center;\">Si sufriste un accidente de bicicleta en Los \u00c1ngeles, puedes tener derecho a una indemnizaci\u00f3n por gastos m\u00e9dicos, salarios perdidos, dolor y sufrimiento, al igual que da\u00f1os a la propiedad.<\/p>\n\n\t\t<\/div>\n\t<\/div>\n<div class=\"vc_row wpb_row vc_inner vc_row-fluid expandable-grid-C1\"><div class=\"wpb_column vc_column_container vc_col-sm-6\"><div class=\"vc_column-inner\"><div class=\"wpb_wrapper\">\n\t<div class=\"wpb_text_column wpb_content_element  expand-bottom-C1 accent3\" >\n\t\t<div class=\"wpb_wrapper\">\n\t\t\t<div class=\"text-wrap\">\n<h4 style=\"text-align: center;\"><strong>Negligencia comparativa en accidentes de bicicleta<\/strong><\/h4>\n<div class=\"hider-text\">\n<p style=\"text-align: center;\">California sigue la negligencia comparativa, lo que significa que si t\u00fa eres parcialmente culpable, todav\u00eda puedes recuperar los da\u00f1os. Si no llevabas casco o violaste una ley de tr\u00e1fico, tu indemnizaci\u00f3n puede verse reducida.<\/p>\n<\/div>\n<p class=\"hider-toggle\" style=\"text-align: center;\">Pulsa para ampliar<\/p>\n<\/div>\n\n\t\t<\/div>\n\t<\/div>\n<\/div><\/div><\/div><div class=\"wpb_column vc_column_container vc_col-sm-6\"><div class=\"vc_column-inner\"><div class=\"wpb_wrapper\">\n\t<div class=\"wpb_text_column wpb_content_element  expand-bottom-C1 accent3\" >\n\t\t<div class=\"wpb_wrapper\">\n\t\t\t<div class=\"text-wrap\">\n<h4 style=\"text-align: center;\"><strong>C\u00f3mo influyen los seguros en estos accidentes<\/strong><\/h4>\n<div class=\"hider-text\">\n<p style=\"text-align: center;\">Tras un accidente de bicicleta, tendr\u00e1s que reclamar al seguro del conductor culpable o al tuyo propio. Las compa\u00f1\u00edas de seguros pueden intentar reducir el importe de la indemnizaci\u00f3n que te corresponde. Un abogado con experiencia se encargar\u00e1 de las negociaciones y se asegurar\u00e1 de que recibas toda la indemnizaci\u00f3n que te corresponda.<\/p>\n<\/div>\n<p class=\"hider-toggle\" style=\"text-align: center;\">Pulsa para ampliar<\/p>\n<\/div>\n\n\t\t<\/div>\n\t<\/div>\n<\/div><\/div><\/div><\/div><div class=\"vc_row wpb_row vc_inner vc_row-fluid expandable-grid-C1\"><div class=\"wpb_column vc_column_container vc_col-sm-6\"><div class=\"vc_column-inner\"><div class=\"wpb_wrapper\">\n\t<div class=\"wpb_text_column wpb_content_element  vc_custom_1765393624519 expand-bottom-C1 accent3\" >\n\t\t<div class=\"wpb_wrapper\">\n\t\t\t<div class=\"text-wrap\">\n<h4 style=\"text-align: center;\"><strong>El culpable se dio a la fuga y no s\u00e9 qu\u00e9 hacer<\/strong><\/h4>\n<div class=\"hider-text\">\n<p style=\"text-align: center;\">Si te ves implicado en un accidente en el que el conductor se da a la fuga, a\u00fan puedes presentar una reclamaci\u00f3n a trav\u00e9s de tu propio seguro, dependiendo de tu p\u00f3liza. Un abogado especializado en accidentes de bicicleta puede ayudarte a investigar el incidente y reclamar una indemnizaci\u00f3n, aunque no se localice al conductor.<\/p>\n<\/div>\n<p class=\"hider-toggle\" style=\"text-align: center;\">Pulsa para ampliar<\/p>\n<\/div>\n\n\t\t<\/div>\n\t<\/div>\n<\/div><\/div><\/div><div class=\"wpb_column vc_column_container vc_col-sm-6\"><div class=\"vc_column-inner\"><div class=\"wpb_wrapper\">\n\t<div class=\"wpb_text_column wpb_content_element  expand-bottom-C1 accent3\" >\n\t\t<div class=\"wpb_wrapper\">\n\t\t\t<div class=\"text-wrap\">\n<h4 style=\"text-align: center;\"><strong>\u00bfCu\u00e1nto tiempo tengo para presentar una reclamaci\u00f3n?<\/strong><\/h4>\n<div class=\"hider-text\">\n<p style=\"text-align: center;\">En California, el plazo de prescripci\u00f3n para presentar una reclamaci\u00f3n por accidente de bicicleta es de dos a\u00f1os a partir de la fecha del accidente.<\/p>\n<\/div>\n<p class=\"hider-toggle\" style=\"text-align: center;\">Pulsa para ampliar<\/p>\n<\/div>\n\n\t\t<\/div>\n\t<\/div>\n<\/div><\/div><\/div><\/div><\/div><\/div><\/div><\/div><\/div><\/section><div class=\"vc_row wpb_row inline-fifty light2 vc_custom_1763660612702 vc_row-has-fill\"><div class=\"container\"><div class=\"vertical-align wpb_column vc_column_container vc_col-sm-6\"><div class=\"vc_column-inner\"><div class=\"wpb_wrapper\">\n\t<div class=\"wpb_text_column wpb_content_element  mb0-desktop\" >\n\t\t<div class=\"wpb_wrapper\">\n\t\t\t<p><img loading=\"lazy\" decoding=\"async\" class=\"aligncenter wp-image-3021 size-full\" src=\"https:\/\/capfirmstg.webteam.ai\/wp-content\/uploads\/2025\/11\/Bicycle-Accidents-professional-woman-at-desk.jpg\" alt=\"Accidentes de bicicleta - mujer profesional en el escritorio\" width=\"700\" height=\"590\" srcset=\"https:\/\/capfirmstg.webteam.ai\/wp-content\/uploads\/2025\/11\/Bicycle-Accidents-professional-woman-at-desk.jpg 700w, https:\/\/capfirmstg.webteam.ai\/wp-content\/uploads\/2025\/11\/Bicycle-Accidents-professional-woman-at-desk-300x253.jpg 300w\" sizes=\"auto, (max-width: 700px) 100vw, 700px\" \/><\/p>\n\n\t\t<\/div>\n\t<\/div>\n<\/div><\/div><\/div><div class=\"vertical-align wpb_column vc_column_container vc_col-sm-6\"><div class=\"vc_column-inner\"><div class=\"wpb_wrapper\">\n\t<div class=\"wpb_text_column wpb_content_element  mb0\" >\n\t\t<div class=\"wpb_wrapper\">\n\t\t\t<h2>CAUSAS COMUNES DE ACCIDENTES DE BICICLETA<\/h2>\n<p><strong>Negligencia del conductor<\/strong>: Conducci\u00f3n distra\u00edda, no ceder el paso, exceso de velocidad.<\/p>\n<hr \/>\n<p><strong>Peligros de la carretera<\/strong>: Baches y carreteras en mal estado<\/p>\n<hr \/>\n<p><strong>Accidentes con la puerta del auto<\/strong>: Abrir la puerta de un auto sin comprobar si hay ciclistas.<\/p>\n<hr \/>\n<p><strong>Infraestructuras inadecuadas<\/strong>: Carriles o v\u00edas para bicicletas mal dise\u00f1ados.<\/p>\n<hr \/>\n\n\t\t<\/div>\n\t<\/div>\n<\/div><\/div><\/div><\/div><\/div><div class=\"vc_row wpb_row cta-row accent3 vc_custom_1763574042870\"><div class=\"container\"><div class=\"wpb_column vc_column_container vc_col-sm-12\"><div class=\"vc_column-inner\"><div class=\"wpb_wrapper\">\n\t<div class=\"wpb_text_column wpb_content_element  wpb_animate_when_almost_visible wpb_slideInLeft slideInLeft mb0\" >\n\t\t<div class=\"wpb_wrapper\">\n\t\t\t<h2>Cada caso es nuestra misi\u00f3n personal<\/h2>\n<p><a class=\"btn-bt alternate\" href=\"\/es\/pongase-en-contacto-con\/\">Consulta gratuita<\/a><\/p>\n\n\t\t<\/div>\n\t<\/div>\n<\/div><\/div><\/div><\/div><\/div><div class=\"vc_row wpb_row blurb-row light2\"><div class=\"container\"><div class=\"wpb_column vc_column_container vc_col-sm-12\"><div class=\"vc_column-inner\"><div class=\"wpb_wrapper\">\n\t<div class=\"wpb_text_column wpb_content_element  mb0\" >\n\t\t<div class=\"wpb_wrapper\">\n\t\t\t<h2 style=\"text-align: center;\">\u00bfDEMANDA POR ACCIDENTE DE BICICLETA EN LOS \u00c1NGELES?<\/h2>\n<h3 style=\"text-align: center;\">Busca asesoramiento legal de un abogado experto.<\/h3>\n<p style=\"text-align: center;\">En California, los tipos m\u00e1s comunes de accidentes vehiculares incluyen accidentes automovil\u00edsticos, accidentes de camiones e incidentes de transporte p\u00fablico.<\/p>\n<p style=\"text-align: center;\">Para presentar una demanda por accidente de bicicleta en Los \u00c1ngeles, se deben reunir pruebas tales como informes de accidentes, registros m\u00e9dicos y declaraciones de testigos. Un abogado experto de The Capital Law Firm te guiar\u00e1 a trav\u00e9s del proceso legal y se encargar\u00e1 de todas las negociaciones con las compa\u00f1\u00edas de seguros para asegurar una compensaci\u00f3n justa. Cont\u00e1ctanos en l\u00ednea o ll\u00e1manos para solicitar una consulta gratuita.<\/p>\n\n\t\t<\/div>\n\t<\/div>\n<\/div><\/div><\/div><\/div><\/div><section id=\"Reviews\" class=\"vc_section gradient2 vc_custom_1765342124344 vc_section-has-fill\"><div class=\"vc_row wpb_row reverse\"><div class=\"container\"><div class=\"vertical-align wpb_column vc_column_container vc_col-sm-8\"><div class=\"vc_column-inner\"><div class=\"wpb_wrapper\">\n\t<div class=\"wpb_text_column wpb_content_element\" >\n\t\t<div class=\"wpb_wrapper\">\n\t\t\t\n\n\t\t<\/div>\n\t<\/div>\n<\/div><\/div><\/div><div class=\"vertical-align wpb_column vc_column_container vc_col-sm-4\"><div class=\"vc_column-inner\"><div class=\"wpb_wrapper\">\n\t<div class=\"wpb_text_column wpb_content_element  wpb_animate_when_almost_visible wpb_slideInRight slideInRight mb0\" >\n\t\t<div class=\"wpb_wrapper\">\n\t\t\t<p><img loading=\"lazy\" decoding=\"async\" class=\"alignnone wp-image-2759\" src=\"\/wp-content\/uploads\/2025\/10\/the-caplaw-icon-91p.png\" alt=\"el icono de la mand\u00edbula 91p\" width=\"50\" height=\"52\" \/><\/p>\n<h3>TESTIMONIOS DE CLIENTES<\/h3>\n<h2>Donde nuestras victorias hablan m\u00e1s alto<\/h2>\n\n\t\t<\/div>\n\t<\/div>\n<\/div><\/div><\/div><\/div><\/div><\/section><div class=\"vc_row wpb_row blurb-row slider-arrows-lt\"><div class=\"container\"><div class=\"wpb_column vc_column_container vc_col-sm-12\"><div class=\"vc_column-inner\"><div class=\"wpb_wrapper\">\n\t<div class=\"wpb_text_column wpb_content_element  mb0\" >\n\t\t<div class=\"wpb_wrapper\">\n\t\t\t\n\n\t\t<\/div>\n\t<\/div>\n<\/div><\/div><\/div><\/div><\/div><style>@media(max-width:480px){.vc-boptions-69e84a8339108{background-image:url('https:\/\/capfirmstg.webteam.ai\/wp-content\/uploads\/2025\/10\/Bottom-CTA-man-working-at-desk-mobile@2x.jpg')!important;background-size:cover!important;background-position:center top!important;}}@media(min-width:481px){.vc-boptions-69e84a8339108{background-position:center top!important;}}.vc-boptions-69e84a8339108{background-size:cover!important;}<\/style><div id=\"ContactRow\" class=\"vc_row wpb_row bottom-cta form-bottom-cta inline-fifty fifty-fifty vc_custom_1765342103258 vc_row-has-fill vc-boptions-69e84a8339108\"><div class=\"container\"><div class=\"vertical-align wpb_column vc_column_container vc_col-sm-6\"><div class=\"vc_column-inner\"><div class=\"wpb_wrapper\">\n\t<div class=\"wpb_text_column wpb_content_element  mb0-desktop\" >\n\t\t<div class=\"wpb_wrapper\">\n\t\t\t<h3>P\u00d3NGASE EN CONTACTO CON EL BUFETE CAPITAL LAW HOY MISMO<\/h3>\n<h2>ESTAMOS AQU\u00cd<br \/>\nPARA GUIARTE<\/h2>\n<p><strong>Servimos en\u00e9rgicamente a las comunidades de toda el \u00e1rea metropolitana de Los \u00c1ngeles, incluidos el condado de Los \u00c1ngeles y el condado de Orange, as\u00ed como las zonas circundantes.<\/strong><\/p>\n\n\t\t<\/div>\n\t<\/div>\n<\/div><\/div><\/div><div class=\"wpb_column vc_column_container vc_col-sm-6\"><div class=\"vc_column-inner\"><div class=\"wpb_wrapper\">\n\t<div class=\"wpb_raw_code wpb_content_element wpb_raw_html\" >\n\t\t<div class=\"wpb_wrapper\">\n\t\t\t <script charset=\"utf-8\" type=\"text\/javascript\" src=\"\/\/js-na2.hsforms.net\/forms\/embed\/v2.js\"><\/script>\n<script>\n  hbspt.forms.create({\n    portalId: \"48855741\",\n    formId: \"d6ab3eea-eb20-4032-bc22-40679e6f2e02\",\n    region: \"na2\"\n  });\n<\/script>\n\t\t<\/div>\n\t<\/div>\n<\/div><\/div><\/div><\/div><\/div>\n<\/div>","protected":false},"excerpt":{"rendered":"Los Angeles Bicycle Accident Lawyer WHEN WE FIGHT FOR YOU, IT\u2019S PERSONAL. Bicycling is a popular way to get around. Cycling has many advantages, but it also carries many risks. Understanding the bicycle accident law in Los Angeles is important. Bicyclists and motorists need to know their rights and responsibilities. The Capital Law Firm prides [...]","protected":false},"author":1,"featured_media":0,"parent":0,"menu_order":0,"comment_status":"closed","ping_status":"closed","template":"","meta":{"_acf_changed":false,"footnotes":""},"class_list":["post-3018","page","type-page","status-publish"],"acf":[],"aioseo_notices":[],"_links":{"self":[{"href":"https:\/\/capfirmstg.webteam.ai\/es\/wp-json\/wp\/v2\/pages\/3018","targetHints":{"allow":["GET"]}}],"collection":[{"href":"https:\/\/capfirmstg.webteam.ai\/es\/wp-json\/wp\/v2\/pages"}],"about":[{"href":"https:\/\/capfirmstg.webteam.ai\/es\/wp-json\/wp\/v2\/types\/page"}],"author":[{"embeddable":true,"href":"https:\/\/capfirmstg.webteam.ai\/es\/wp-json\/wp\/v2\/users\/1"}],"replies":[{"embeddable":true,"href":"https:\/\/capfirmstg.webteam.ai\/es\/wp-json\/wp\/v2\/comments?post=3018"}],"version-history":[{"count":31,"href":"https:\/\/capfirmstg.webteam.ai\/es\/wp-json\/wp\/v2\/pages\/3018\/revisions"}],"predecessor-version":[{"id":7696,"href":"https:\/\/capfirmstg.webteam.ai\/es\/wp-json\/wp\/v2\/pages\/3018\/revisions\/7696"}],"wp:attachment":[{"href":"https:\/\/capfirmstg.webteam.ai\/es\/wp-json\/wp\/v2\/media?parent=3018"}],"curies":[{"name":"wp","href":"https:\/\/api.w.org\/{rel}","templated":true}]}}