{"id":2955,"date":"2025-11-19T12:06:07","date_gmt":"2025-11-19T19:06:07","guid":{"rendered":"https:\/\/capfirm.com\/?page_id=2955"},"modified":"2025-12-09T21:42:37","modified_gmt":"2025-12-10T04:42:37","slug":"accidentes-automovilisticos","status":"publish","type":"page","link":"https:\/\/capfirmstg.webteam.ai\/es\/auto-accidents\/","title":{"rendered":"Accidentes de tr\u00e1fico"},"content":{"rendered":"<div class=\"wpb-content-wrapper\"><div class=\"vc_row wpb_row hero-lg1 vc_custom_1765327679732 vc_row-has-fill\"><div class=\"container\"><div class=\"vertical-align wpb_column vc_column_container vc_col-sm-6\"><div class=\"vc_column-inner\"><div class=\"wpb_wrapper\">\n\t<div class=\"wpb_text_column wpb_content_element  vc_custom_1763581881110\" >\n\t\t<div class=\"wpb_wrapper\">\n\t\t\t<h1>Accidente de tr\u00e1fico<br \/>\nAbogados en<br \/>\nLos \u00c1ngeles, California<\/h1>\n<h3>CUANDO LUCHAMOS POR TI,<br \/>\nES ALGO PERSONAL.<\/h3>\n\n\t\t<\/div>\n\t<\/div>\n<\/div><\/div><\/div><div class=\"vertical-align wpb_column vc_column_container vc_col-sm-6\"><div class=\"vc_column-inner vc_custom_1764110825653\"><div class=\"wpb_wrapper\">\n\t<div class=\"wpb_raw_code wpb_content_element wpb_raw_html\" >\n\t\t<div class=\"wpb_wrapper\">\n\t\t\t <script charset=\"utf-8\" type=\"text\/javascript\" src=\"\/\/js-na2.hsforms.net\/forms\/embed\/v2.js\"><\/script>\n<script>\n  hbspt.forms.create({\n    portalId: \"48855741\",\n    formId: \"d6ab3eea-eb20-4032-bc22-40679e6f2e02\",\n    region: \"na2\"\n  });\n<\/script>\n\t\t<\/div>\n\t<\/div>\n<\/div><\/div><\/div><\/div><\/div><div class=\"vc_row wpb_row blurb-row\"><div class=\"container\"><div class=\"wpb_column vc_column_container vc_col-sm-12\"><div class=\"vc_column-inner\"><div class=\"wpb_wrapper\">\n\t<div class=\"wpb_text_column wpb_content_element  mb0\" >\n\t\t<div class=\"wpb_wrapper\">\n\t\t\t<h2 style=\"text-align: center;\">Abogados con experiencia en accidentes automovil\u00edsticos<\/h2>\n<p style=\"text-align: center;\">Nuestros abogados, con amplia experiencia en accidentes automovil\u00edsticos, se dedican a ayudar a las personas que han resultado lesionadas en accidentes de tr\u00e1fico. Entendemos el impacto f\u00edsico, emocional y econ\u00f3mico que pueden tener los accidentes automovil\u00edsticos, y estamos comprometidos a luchar por los derechos de nuestros clientes para garantizar que reciban la indemnizaci\u00f3n que se merecen.<\/p>\n<p style=\"text-align: center;\"><a class=\"btn-bt alternate-blue\" href=\"\/es\/pongase-en-contacto-con\/\">Consulta gratuita<\/a><\/p>\n\n\t\t<\/div>\n\t<\/div>\n<\/div><\/div><\/div><\/div><\/div><div class=\"vc_row wpb_row blurb-row light2 slider-arrows-lt\"><div class=\"container\"><div class=\"wpb_column vc_column_container vc_col-sm-12\"><div class=\"vc_column-inner\"><div class=\"wpb_wrapper\">\n\t<div class=\"wpb_text_column wpb_content_element  mb0\" >\n\t\t<div class=\"wpb_wrapper\">\n\t\t\t<h2 style=\"text-align: center;\">Tipos de accidentes de tr\u00e1fico en los que nos especializamos<\/h2>\n<p style=\"text-align: center; margin-bottom: 25px;\">En California, los tipos m\u00e1s comunes de accidentes viales incluyen accidentes de autom\u00f3vil, accidentes de camiones e incidentes con el transporte p\u00fablico. Todas estas son \u00e1reas en las que se especializan los abogados de lesiones personales de The Capital Law Firm. \u00bfCree que podr\u00eda tener un caso relacionado con alguno de los siguientes tipos de demandas? Haga clic para obtener m\u00e1s informaci\u00f3n sobre c\u00f3mo presentar una demanda y obtener la indemnizaci\u00f3n que se merece.<\/p>\n\n\n\t\t<\/div>\n\t<\/div>\n\n\t<div class=\"wpb_text_column wpb_content_element  mb0\" >\n\t\t<div class=\"wpb_wrapper\">\n\t\t\t<p style=\"text-align: center; margin-top: 25px;\">Entre las causas m\u00e1s comunes de los accidentes en Los \u00c1ngeles se encuentran la conducci\u00f3n distra\u00edda, el exceso de velocidad, el mal estado de las carreteras y la fatiga. Los accidentes de camiones, en particular, pueden acarrear graves problemas de responsabilidad civil, como la negligencia de la empresa de transporte o una carga incorrecta. Los accidentes que involucran a los sistemas de transporte p\u00fablico, como autobuses o el metro, suelen dar lugar a cuestiones legales complejas debido a la participaci\u00f3n de entidades gubernamentales.<\/p>\n<p style=\"text-align: center;\">Un abogado con experiencia en accidentes automovil\u00edsticos de The Capital Law Firm le ayudar\u00e1 a determinar la causa de su accidente y a identificar a los responsables.<\/p>\n\n\t\t<\/div>\n\t<\/div>\n<\/div><\/div><\/div><\/div><\/div><section class=\"vc_section gradient2\"><div class=\"vc_row wpb_row blurb-row\"><div class=\"container\"><div class=\"wpb_column vc_column_container vc_col-sm-12\"><div class=\"vc_column-inner\"><div class=\"wpb_wrapper\">\n\t<div class=\"wpb_text_column wpb_content_element  mb0\" >\n\t\t<div class=\"wpb_wrapper\">\n\t\t\t<h2 style=\"text-align: center;\">Las ventajas de contar con abogados especializados en lesiones por accidentes de tr\u00e1fico<\/h2>\n<p style=\"text-align: center;\">Cuando se trata de lesiones por accidentes de tr\u00e1fico, contar con la ayuda de un abogado especializado en derecho del transporte puede cambiarte la vida.<\/p>\n<p style=\"text-align: center;\">Los abogados especializados cuentan con la experiencia necesaria para manejar casos complejos, incluidos aquellos relacionados con la responsabilidad civil de los transportistas, los accidentes a\u00e9reos y los incidentes en el transporte p\u00fablico. Saben c\u00f3mo abordar los aspectos particulares de cada caso, como el trato con m\u00faltiples partes, las negociaciones con las aseguradoras y la comprensi\u00f3n de los matices de la normativa de transporte en California.<\/p>\n<p style=\"text-align: center;\">En Los \u00c1ngeles, donde los accidentes de tr\u00e1nsito son frecuentes, un abogado especializado en accidentes de tr\u00e1nsito de The Capital Law Firm puede brindarle la atenci\u00f3n personalizada necesaria para garantizar un resultado favorable.<\/p>\n<p style=\"text-align: center;\"><a class=\"btn-bt alternate-blue\" href=\"\/es\/pongase-en-contacto-con\/\">Consulta gratuita<\/a><\/p>\n\n\t\t<\/div>\n\t<\/div>\n<\/div><\/div><\/div><\/div><\/div><\/section><div class=\"vc_row wpb_row inline-fifty vc_custom_1763587518915 vc_row-has-fill\"><div class=\"container\"><div class=\"vertical-align wpb_column vc_column_container vc_col-sm-6\"><div class=\"vc_column-inner\"><div class=\"wpb_wrapper\">\n\t<div class=\"wpb_text_column wpb_content_element  mb0-desktop\" >\n\t\t<div class=\"wpb_wrapper\">\n\t\t\t<p><img loading=\"lazy\" decoding=\"async\" class=\"aligncenter size-full wp-image-2963\" src=\"https:\/\/capfirmstg.webteam.ai\/wp-content\/uploads\/2025\/11\/business-professional-at-his-desk-working-on-computer.jpg\" alt=\"Un ejecutivo trabajando en su escritorio con el ordenador\" width=\"700\" height=\"577\" srcset=\"https:\/\/capfirmstg.webteam.ai\/wp-content\/uploads\/2025\/11\/business-professional-at-his-desk-working-on-computer.jpg 700w, https:\/\/capfirmstg.webteam.ai\/wp-content\/uploads\/2025\/11\/business-professional-at-his-desk-working-on-computer-300x247.jpg 300w\" sizes=\"auto, (max-width: 700px) 100vw, 700px\" \/><\/p>\n\n\t\t<\/div>\n\t<\/div>\n<\/div><\/div><\/div><div class=\"vertical-align wpb_column vc_column_container vc_col-sm-6\"><div class=\"vc_column-inner\"><div class=\"wpb_wrapper\">\n\t<div class=\"wpb_text_column wpb_content_element  mb0\" >\n\t\t<div class=\"wpb_wrapper\">\n\t\t\t<h2>Partes que pueden verse involucradas en litigios relacionados con el transporte<\/h2>\n<p>Las demandas por accidentes de tr\u00e1nsito en California pueden involucrar a diversas partes, dependiendo de las circunstancias del accidente.<\/p>\n<p>En los casos que involucran a conductores particulares, el conductor y su compa\u00f1\u00eda de seguros pueden ser las partes principales. Sin embargo, cuando se trata de transporte comercial, pueden considerarse responsables otras entidades, como empresas de transporte por carretera, fabricantes de veh\u00edculos e incluso organismos gubernamentales (en casos de accidentes de transporte p\u00fablico o de construcci\u00f3n de autopistas).<\/p>\n<p>Un abogado con experiencia en casos de accidentes automovil\u00edsticos evaluar\u00e1 minuciosamente la situaci\u00f3n e identificar\u00e1 a todas las partes que puedan tener responsabilidad en el accidente, para que puedas estar seguro de obtener el mejor resultado posible en tu caso.<\/p>\n\n\t\t<\/div>\n\t<\/div>\n<\/div><\/div><\/div><\/div><\/div><div class=\"vc_row wpb_row blurb-row light2\"><div class=\"container\"><div class=\"wpb_column vc_column_container vc_col-sm-12\"><div class=\"vc_column-inner\"><div class=\"wpb_wrapper\">\n\t<div class=\"wpb_text_column wpb_content_element  mb0\" >\n\t\t<div class=\"wpb_wrapper\">\n\t\t\t<h2 style=\"text-align: center;\">\u00bfCu\u00e1les son los tipos m\u00e1s comunes de accidentes de tr\u00e1fico en California?<\/h2>\n<p style=\"text-align: center;\">En California, los tipos m\u00e1s comunes de accidentes vehiculares incluyen accidentes automovil\u00edsticos, accidentes de camiones e incidentes de transporte p\u00fablico.<\/p>\n<p style=\"text-align: center;\">Entre las causas m\u00e1s comunes de los accidentes en Los \u00c1ngeles se encuentran la conducci\u00f3n distra\u00edda, el exceso de velocidad, el mal estado de las carreteras y la fatiga. Los accidentes de camiones, en particular, pueden acarrear graves problemas de responsabilidad civil, como la negligencia de la empresa de transporte o una carga incorrecta. Los accidentes que involucran a los sistemas de transporte p\u00fablico, como autobuses o el metro, suelen dar lugar a cuestiones legales complejas debido a la participaci\u00f3n de entidades gubernamentales.<\/p>\n<p style=\"text-align: center;\">Un abogado con experiencia en accidentes automovil\u00edsticos de The Capital Law Firm le ayudar\u00e1 a determinar la causa de su accidente y a identificar a los responsables.<\/p>\n\n\t\t<\/div>\n\t<\/div>\n<\/div><\/div><\/div><\/div><\/div><div class=\"vc_row wpb_row blurb-row\"><div class=\"container\"><div class=\"wpb_column vc_column_container vc_col-sm-12\"><div class=\"vc_column-inner\"><div class=\"wpb_wrapper\"><div class=\"vc_row wpb_row vc_inner vc_row-fluid\"><div class=\"wpb_column vc_column_container vc_col-sm-12\"><div class=\"vc_column-inner vc_custom_1763507919926\"><div class=\"wpb_wrapper\">\n\t<div class=\"wpb_text_column wpb_content_element  mb0\" >\n\t\t<div class=\"wpb_wrapper\">\n\t\t\t<h2 style=\"text-align: center;\">Demandas entre conductores privados y el transporte p\u00fablico<\/h2>\n<p style=\"text-align: center;\">Los abogados especializados en lesiones por accidentes automovil\u00edsticos de The Capital Law Firm cuentan con amplia experiencia en el manejo de ambos tipos de casos y ofrecen asesoramiento experto independientemente de la situaci\u00f3n. Cont\u00e1ctenos o llame al (213) 818-7232 para una consulta gratuita y para obtener m\u00e1s informaci\u00f3n sobre sus opciones legales.<\/p>\n\n\t\t<\/div>\n\t<\/div>\n<\/div><\/div><\/div><\/div><div class=\"vc_row wpb_row vc_inner vc_row-fluid vertical-align-top\"><div class=\"vertical-align-top wpb_column vc_column_container vc_col-sm-6\"><div class=\"vc_column-inner vc_custom_1763504337159\"><div class=\"wpb_wrapper\">\n\t<div class=\"wpb_text_column wpb_content_element  mb0\" >\n\t\t<div class=\"wpb_wrapper\">\n\t\t\t<h3>Demandas por accidentes de conductores privados<\/h3>\n<p>Las demandas contra conductores particulares suelen centrarse en casos de negligencia individual, como el exceso de velocidad, la conducci\u00f3n distra\u00edda o la conducci\u00f3n bajo los efectos del alcohol o las drogas. Estos casos suelen girar en torno a las reclamaciones de seguros y a la demostraci\u00f3n de la responsabilidad.<\/p>\n\n\t\t<\/div>\n\t<\/div>\n<\/div><\/div><\/div><div class=\"vertical-align-top wpb_column vc_column_container vc_col-sm-6\"><div class=\"vc_column-inner vc_custom_1763504341413\"><div class=\"wpb_wrapper\">\n\t<div class=\"wpb_text_column wpb_content_element  mb0\" >\n\t\t<div class=\"wpb_wrapper\">\n\t\t\t<h3>Demandas relacionadas con el transporte p\u00fablico<\/h3>\n<p>Por el contrario, los litigios relacionados con el transporte p\u00fablico, como los accidentes de autob\u00fas o metro, pueden ser mucho m\u00e1s complicados. Estos casos suelen involucrar a entidades gubernamentales de California o a grandes empresas de transporte, y pueden entrar en juego cuestiones como el mantenimiento inadecuado, la capacitaci\u00f3n de los conductores o los protocolos de seguridad.<\/p>\n\n\t\t<\/div>\n\t<\/div>\n<\/div><\/div><\/div><\/div><\/div><\/div><\/div><\/div><\/div><div class=\"vc_row wpb_row cta-row accent3 vc_custom_1763574042870\"><div class=\"container\"><div class=\"wpb_column vc_column_container vc_col-sm-12\"><div class=\"vc_column-inner\"><div class=\"wpb_wrapper\">\n\t<div class=\"wpb_text_column wpb_content_element  wpb_animate_when_almost_visible wpb_slideInLeft slideInLeft mb0\" >\n\t\t<div class=\"wpb_wrapper\">\n\t\t\t<h2>Su caso es nuestra misi\u00f3n personal<\/h2>\n<p><a class=\"btn-bt alternate\" href=\"\/es\/pongase-en-contacto-con\/\">Consulta gratuita<\/a><\/p>\n\n\t\t<\/div>\n\t<\/div>\n<\/div><\/div><\/div><\/div><\/div><section id=\"Reviews\" class=\"vc_section gradient2 vc_custom_1765341754495 vc_section-has-fill\"><div class=\"vc_row wpb_row reverse\"><div class=\"container\"><div class=\"vertical-align wpb_column vc_column_container vc_col-sm-8\"><div class=\"vc_column-inner\"><div class=\"wpb_wrapper\">\n\t<div class=\"wpb_text_column wpb_content_element\" >\n\t\t<div class=\"wpb_wrapper\">\n\t\t\t\n\n\t\t<\/div>\n\t<\/div>\n<\/div><\/div><\/div><div class=\"vertical-align wpb_column vc_column_container vc_col-sm-4\"><div class=\"vc_column-inner\"><div class=\"wpb_wrapper\">\n\t<div class=\"wpb_text_column wpb_content_element  wpb_animate_when_almost_visible wpb_slideInRight slideInRight mb0\" >\n\t\t<div class=\"wpb_wrapper\">\n\t\t\t<p><img loading=\"lazy\" decoding=\"async\" class=\"alignnone wp-image-2759\" src=\"\/wp-content\/uploads\/2025\/10\/the-caplaw-icon-91p.png\" alt=\"el icono de la mand\u00edbula 91p\" width=\"50\" height=\"52\" \/><\/p>\n<h3>TESTIMONIOS DE CLIENTES<\/h3>\n<h2>Donde nuestras victorias hablan m\u00e1s alto<\/h2>\n\n\t\t<\/div>\n\t<\/div>\n<\/div><\/div><\/div><\/div><\/div><\/section><div class=\"vc_row wpb_row blurb-row dark1\"><div class=\"container\"><div class=\"wpb_column vc_column_container vc_col-sm-12\"><div class=\"vc_column-inner\"><div class=\"wpb_wrapper\">\n\t<div class=\"wpb_text_column wpb_content_element  mb0\" >\n\t\t<div class=\"wpb_wrapper\">\n\t\t\t<h2 style=\"text-align: center;\">Informaci\u00f3n que necesitar\u00e1 para que un abogado especializado en accidentes automovil\u00edsticos pueda iniciar su caso<\/h2>\n<p style=\"text-align: center;\">Para ayudar a tu abogado especializado en accidentes automovil\u00edsticos de Los \u00c1ngeles a armar un caso s\u00f3lido, deber\u00e1s proporcionar informaci\u00f3n clave sobre el accidente. Esto incluye el informe policial, las declaraciones de los testigos y fotos del lugar del accidente, si las hay. Tambi\u00e9n deber\u00e1 proporcionar registros m\u00e9dicos que documenten sus lesiones y cualquier tratamiento que haya recibido. Si corresponde, incluya la informaci\u00f3n del seguro de todas las partes involucradas, as\u00ed como cualquier documentaci\u00f3n sobre los da\u00f1os al veh\u00edculo. Proporcionar informaci\u00f3n completa y organizada permitir\u00e1 a su abogado evaluar mejor la situaci\u00f3n y garantizar que su demanda por accidente automovil\u00edstico se maneje de manera eficiente.<\/p>\n\n\t\t<\/div>\n\t<\/div>\n<\/div><\/div><\/div><\/div><\/div><style>@media(max-width:480px){.vc-boptions-69e84a3d69be0{background-image:url('https:\/\/capfirmstg.webteam.ai\/wp-content\/uploads\/2025\/10\/Bottom-CTA-man-working-at-desk-mobile@2x.jpg')!important;background-size:cover!important;background-position:center top!important;}}@media(min-width:481px){.vc-boptions-69e84a3d69be0{background-position:center top!important;}}.vc-boptions-69e84a3d69be0{background-size:cover!important;}<\/style><div id=\"ContactRow\" class=\"vc_row wpb_row bottom-cta form-bottom-cta inline-fifty fifty-fifty vc_custom_1765327750358 vc_row-has-fill vc-boptions-69e84a3d69be0\"><div class=\"container\"><div class=\"vertical-align wpb_column vc_column_container vc_col-sm-6\"><div class=\"vc_column-inner\"><div class=\"wpb_wrapper\">\n\t<div class=\"wpb_text_column wpb_content_element  mb0\" >\n\t\t<div class=\"wpb_wrapper\">\n\t\t\t<h3>P\u00d3NGASE EN CONTACTO CON EL BUFETE CAPITAL LAW HOY MISMO<\/h3>\n<h2>ESTAMOS AQU\u00cd<br \/>\nPARA GUIARTE<\/h2>\n<p><strong>Servimos en\u00e9rgicamente a las comunidades de toda el \u00e1rea metropolitana de Los \u00c1ngeles, incluidos el condado de Los \u00c1ngeles y el condado de Orange, as\u00ed como las zonas circundantes.<\/strong><\/p>\n\n\t\t<\/div>\n\t<\/div>\n<\/div><\/div><\/div><div class=\"wpb_column vc_column_container vc_col-sm-6\"><div class=\"vc_column-inner\"><div class=\"wpb_wrapper\">\n\t<div class=\"wpb_raw_code wpb_content_element wpb_raw_html\" >\n\t\t<div class=\"wpb_wrapper\">\n\t\t\t <script charset=\"utf-8\" type=\"text\/javascript\" src=\"\/\/js-na2.hsforms.net\/forms\/embed\/v2.js\"><\/script>\n<script>\n  hbspt.forms.create({\n    portalId: \"48855741\",\n    formId: \"d6ab3eea-eb20-4032-bc22-40679e6f2e02\",\n    region: \"na2\"\n  });\n<\/script>\n\t\t<\/div>\n\t<\/div>\n<\/div><\/div><\/div><\/div><\/div>\n<\/div>","protected":false},"excerpt":{"rendered":"Auto Accident Attorneys in Los Angeles, CA WHEN WE FIGHT FOR YOU, IT\u2019S PERSONAL. Experienced Auto Accident Attorneys Our experienced auto accident attorneys are dedicated to helping individuals who have been injured in car accidents. We understand the physical, emotional, and financial toll that auto accidents can take, and we are committed to fighting for [...]","protected":false},"author":1,"featured_media":0,"parent":0,"menu_order":0,"comment_status":"closed","ping_status":"closed","template":"","meta":{"_acf_changed":false,"footnotes":""},"class_list":["post-2955","page","type-page","status-publish"],"acf":[],"aioseo_notices":[],"_links":{"self":[{"href":"https:\/\/capfirmstg.webteam.ai\/es\/wp-json\/wp\/v2\/pages\/2955","targetHints":{"allow":["GET"]}}],"collection":[{"href":"https:\/\/capfirmstg.webteam.ai\/es\/wp-json\/wp\/v2\/pages"}],"about":[{"href":"https:\/\/capfirmstg.webteam.ai\/es\/wp-json\/wp\/v2\/types\/page"}],"author":[{"embeddable":true,"href":"https:\/\/capfirmstg.webteam.ai\/es\/wp-json\/wp\/v2\/users\/1"}],"replies":[{"embeddable":true,"href":"https:\/\/capfirmstg.webteam.ai\/es\/wp-json\/wp\/v2\/comments?post=2955"}],"version-history":[{"count":30,"href":"https:\/\/capfirmstg.webteam.ai\/es\/wp-json\/wp\/v2\/pages\/2955\/revisions"}],"predecessor-version":[{"id":7558,"href":"https:\/\/capfirmstg.webteam.ai\/es\/wp-json\/wp\/v2\/pages\/2955\/revisions\/7558"}],"wp:attachment":[{"href":"https:\/\/capfirmstg.webteam.ai\/es\/wp-json\/wp\/v2\/media?parent=2955"}],"curies":[{"name":"wp","href":"https:\/\/api.w.org\/{rel}","templated":true}]}}