{"id":226,"date":"2017-09-19T08:35:11","date_gmt":"2017-09-19T15:35:11","guid":{"rendered":"http:\/\/web-2018.vmgagencysites.com\/?page_id=226"},"modified":"2025-12-12T09:46:17","modified_gmt":"2025-12-12T16:46:17","slug":"pongase-en-contacto-con","status":"publish","type":"page","link":"https:\/\/capfirmstg.webteam.ai\/es\/contact\/","title":{"rendered":"P\u00f3ngase en contacto con"},"content":{"rendered":"<div class=\"wpb-content-wrapper\"><div class=\"vc_row wpb_row blurb-row\"><div class=\"container\"><div class=\"wpb_column vc_column_container vc_col-sm-12\"><div class=\"vc_column-inner\"><div class=\"wpb_wrapper\">\n\t<div class=\"wpb_text_column wpb_content_element  mb0\" >\n\t\t<div class=\"wpb_wrapper\">\n\t\t\t<h2 style=\"text-align: center;\">P\u00f3ngase en contacto con The Capital Law Firm hoy<\/h2>\n<p style=\"text-align: center;\">Los abogados de lesiones personales en The Capital Law Firm manejan asuntos de lesiones personales principalmente en el sur de California. Servimos vigorosamente a las comunidades en toda el \u00e1rea metropolitana de Los \u00c1ngeles, incluyendo el condado de Los \u00c1ngeles y el condado de Orange, as\u00ed como las \u00e1reas circundantes.<\/p>\n\n\t\t<\/div>\n\t<\/div>\n<\/div><\/div><\/div><\/div><\/div><div class=\"vc_row wpb_row dark inline-fifty vc_custom_1765299959827 vc_row-has-fill\"><div class=\"container\"><div class=\"wpb_column vc_column_container vc_col-sm-6\"><div class=\"vc_column-inner\"><div class=\"wpb_wrapper\">\n\t<div class=\"wpb_raw_code wpb_content_element wpb_raw_html\" >\n\t\t<div class=\"wpb_wrapper\">\n\t\t\t <script charset=\"utf-8\" type=\"text\/javascript\" src=\"\/\/js-na2.hsforms.net\/forms\/embed\/v2.js\"><\/script>\n<script>\n  hbspt.forms.create({\n    portalId: \"48855741\",\n    formId: \"d6ab3eea-eb20-4032-bc22-40679e6f2e02\",\n    region: \"na2\"\n  });\n<\/script>\n\t\t<\/div>\n\t<\/div>\n<\/div><\/div><\/div><div class=\"wpb_column vc_column_container vc_col-sm-6\"><div class=\"vc_column-inner\"><div class=\"wpb_wrapper\">\n\t<div class=\"wpb_text_column wpb_content_element\" >\n\t\t<div class=\"wpb_wrapper\">\n\t\t\t<h2>Ganar cuidando #CAPcares<\/h2>\n<h3>CUANDO LUCHAMOS POR TI, ES PERSONAL.<\/h3>\n<p><strong>Estamos disponibles 24 horas al d\u00eda, 7 d\u00edas a la semana, para responder a todas sus preguntas.<\/strong><\/p>\n<p>Tel\u00e9fono: <a href=\"tel:(213) 818-7232\">\n(213) 818-7232<\/a><br \/>\nSe Habla Espa\u00f1ol.<\/p>\n<p>Correo electr\u00f3nico: <a href=\"mailto:Info@capfirmstg.webteam.ai\">\nInfo@capfirmstg.webteam.ai<\/a><\/p>\n<p>Direcci\u00f3n:<br \/>\n\n\t\t\t\t\t<a href=\"https:\/\/maps.app.goo.gl\/KaZENoXM1SYeF4eA6\" target=\"_blank\">The Capital Law Firm<br>6420 Wilshire Blvd, 18\u00aa planta<br>Los Angeles, CA, 90048<\/a>\n\t\t<\/p>\n<p><a href=\"https:\/\/maps.app.goo.gl\/KaZENoXM1SYeF4eA6\" target=\"_blank\" rel=\"noopener\">Ver en Google Maps<\/a><\/p>\n\n\t\t<\/div>\n\t<\/div>\n<\/div><\/div><\/div><\/div><\/div><div data-vc-full-width=\"true\" data-vc-full-width-init=\"false\" data-vc-stretch-content=\"true\" class=\"vc_row wpb_row map-row vc_custom_1765299324362 vc_row-no-padding\"><div class=\"container\"><div class=\"wpb_column vc_column_container vc_col-sm-12\"><div class=\"vc_column-inner\"><div class=\"wpb_wrapper\"><div class=\"wpb_gmaps_widget wpb_content_element vc_custom_1765300039573\"><div class=\"wpb_wrapper\"><div class=\"wpb_map_wraper\"><iframe loading=\"lazy\" src=\"https:\/\/maps.google.com\/maps?q=The%20Capital%20Law%20Firm%2C%20P.C.%206420%20Wilshire%20Blvd%2018th%20Floor%2C%20Los%20Angeles%2C%20CA%2090048&#038;t=m&#038;z=15&#038;output=embed&#038;iwloc=near\" title=\"The Capital Law Firm, P.C. 6420 Wilshire Blvd 18th Floor, Los Angeles, CA 90048\" aria-label=\"The Capital Law Firm, P.C. 6420 Wilshire Blvd 18th Floor, Los Angeles, CA 90048\" height=\"400px\" ><\/iframe><\/div><\/div><\/div><\/div><\/div><\/div><\/div><\/div><div class=\"vc_row-full-width vc_clearfix\"><\/div><style>@media(min-width:481px){.vc-boptions-69e84a2cc3947{background-position:center top!important;}}.vc-boptions-69e84a2cc3947{background-size:cover!important;}<\/style><div id=\"ContactRow\" class=\"vc_row wpb_row bottom-cta form-bottom-cta short vc_custom_1765490349109 vc_row-has-fill vc-boptions-69e84a2cc3947\"><div class=\"container\"><div class=\"vertical-align wpb_column vc_column_container vc_col-sm-12\"><div class=\"vc_column-inner\"><div class=\"wpb_wrapper\">\n\t<div class=\"wpb_text_column wpb_content_element  mb0\" >\n\t\t<div class=\"wpb_wrapper\">\n\t\t\t<h3 style=\"text-align: center; margin-top: 0px !important;\">The Capital Law Firm<\/h3>\n<h2 style=\"text-align: center; margin-bottom: 150px !important;\">Conozca los tipos de casos en los que nos especializamos<\/h2>\n<p style=\"text-align: center; margin-top: 40px;\"><a class=\"btn-bt default\" href=\"\/es\/danos-personales\/\">TIPOS DE CASOS<\/a><\/p>\n\n\t\t<\/div>\n\t<\/div>\n<\/div><\/div><\/div><\/div><\/div>\n<\/div>","protected":false},"excerpt":{"rendered":"Contact The Capital Law Firm Today The personal injury lawyers at The Capital Law Firm handle personal injury matters primarily in Southern California. We vigorously serve communities throughout the Greater Los Angeles Area, including LA County and Orange County, as well as the surrounding areas. Winning By Caring #CAPcares WHEN WE FIGHT FOR YOU, IT\u2019S [...]","protected":false},"author":1,"featured_media":0,"parent":0,"menu_order":0,"comment_status":"closed","ping_status":"closed","template":"","meta":{"_acf_changed":false,"footnotes":""},"class_list":["post-226","page","type-page","status-publish"],"acf":[],"aioseo_notices":[],"_links":{"self":[{"href":"https:\/\/capfirmstg.webteam.ai\/es\/wp-json\/wp\/v2\/pages\/226","targetHints":{"allow":["GET"]}}],"collection":[{"href":"https:\/\/capfirmstg.webteam.ai\/es\/wp-json\/wp\/v2\/pages"}],"about":[{"href":"https:\/\/capfirmstg.webteam.ai\/es\/wp-json\/wp\/v2\/types\/page"}],"author":[{"embeddable":true,"href":"https:\/\/capfirmstg.webteam.ai\/es\/wp-json\/wp\/v2\/users\/1"}],"replies":[{"embeddable":true,"href":"https:\/\/capfirmstg.webteam.ai\/es\/wp-json\/wp\/v2\/comments?post=226"}],"version-history":[{"count":18,"href":"https:\/\/capfirmstg.webteam.ai\/es\/wp-json\/wp\/v2\/pages\/226\/revisions"}],"predecessor-version":[{"id":7728,"href":"https:\/\/capfirmstg.webteam.ai\/es\/wp-json\/wp\/v2\/pages\/226\/revisions\/7728"}],"wp:attachment":[{"href":"https:\/\/capfirmstg.webteam.ai\/es\/wp-json\/wp\/v2\/media?parent=226"}],"curies":[{"name":"wp","href":"https:\/\/api.w.org\/{rel}","templated":true}]}}