{"id":1627,"date":"2019-06-06T16:27:41","date_gmt":"2019-06-06T23:27:41","guid":{"rendered":"https:\/\/sales.vdigitalservices.com\/dev-shell-vc\/?page_id=1627"},"modified":"2025-12-08T16:56:50","modified_gmt":"2025-12-08T23:56:50","slug":"accesibilidad","status":"publish","type":"page","link":"https:\/\/capfirmstg.webteam.ai\/es\/accessibility\/","title":{"rendered":"Accesibilidad"},"content":{"rendered":"<div class=\"wpb-content-wrapper\"><div class=\"vc_row wpb_row\"><div class=\"container\"><div class=\"wpb_column vc_column_container vc_col-sm-12\"><div class=\"vc_column-inner\"><div class=\"wpb_wrapper\">\n\t<div class=\"wpb_text_column wpb_content_element\" >\n\t\t<div class=\"wpb_wrapper\">\n\t\t\t<p>La accesibilidad del sitio web es un esfuerzo continuo y estamos tomando medidas de manera activa para seguir mejorando la accesibilidad de The Capital Law Firm. Si tiene dificultades para utilizar o acceder a cualquier elemento de este sitio web, p\u00f3ngase en contacto con nosotros a trav\u00e9s del formulario de contacto de nuestro sitio web, por tel\u00e9fono o por correo electr\u00f3nico, y colaboraremos con usted para proporcionarle la informaci\u00f3n, el elemento o la transacci\u00f3n que busca mediante un m\u00e9todo de comunicaci\u00f3n que le resulte accesible, de conformidad con la legislaci\u00f3n aplicable.<\/p>\n<h3>NUESTRO COMPROMISO CON LA DIVERSIDAD Y LA INCLUSI\u00d3N<\/h3>\n<p>En The Capital Law Firm, la accesibilidad, la diversidad y la inclusi\u00f3n son valores fundamentales que impregnan todo lo que hacemos. Ya sea que utilices un lector de pantalla, un software de reconocimiento de voz u otro tipo de tecnolog\u00eda de apoyo, queremos que puedas acceder f\u00e1cilmente a nuestro sitio web y navegar por \u00e9l sin dificultades.<\/p>\n<h3>CUMPLIMIENTO DE LOS OBJETIVOS DE ACCESIBILIDAD<\/h3>\n<p>Hemos establecido unos altos est\u00e1ndares de accesibilidad web y estamos trabajando para cumplirlos. Nuestro equipo se dedica a garantizar que nuestro sitio cumpla con todas las leyes y directrices, y ofrezca una experiencia accesible para todos los clientes.<\/p>\n<h3>C\u00d3MO HA CAMBIADO Y C\u00d3MO SIGUE CAMBIANDO NUESTRO SITIO WEB:<\/h3>\n<p>Estas son algunas de las medidas que hemos tomado y seguimos tomando para que nuestro sitio web sea f\u00e1cil de usar para todos:<\/p>\n<h3>MEJORA DE LA ESTRUCTURA DEL SITIO<\/h3>\n<p>Estamos trabajando para modificar las p\u00e1ginas e incluir encabezados, listas, p\u00e1rrafos y otros elementos de formato adecuados, con el fin de mejorar la usabilidad con tecnolog\u00edas de apoyo.<\/p>\n<h3>A\u00d1ADIR TEXTOS EQUIVALENTES<\/h3>\n<p>Estamos a\u00f1adiendo texto alternativo, subt\u00edtulos y transcripciones a las im\u00e1genes y los videos para que los usuarios que no pueden ver o escuchar dispongan de un equivalente textual con el que interactuar.<\/p>\n<h3>DISE\u00d1ADO PARA UN ACCESO COMPLETO AL TECLADO<\/h3>\n<p>Estamos desarrollando nuevas p\u00e1ginas teniendo en cuenta la accesibilidad mediante el teclado, para que los usuarios puedan desplazarse f\u00e1cilmente por la p\u00e1gina con la tecla Tab y encontrar el contenido que necesitan.<\/p>\n<h3>C\u00d3MO LOGRAR LA COHERENCIA DEL SITIO<\/h3>\n<p>Estamos creando plantillas para nuestro sitio web con el fin de garantizar la coherencia. Una vez que te familiarices con el funcionamiento de nuestras p\u00e1ginas y men\u00fas, encontrar\u00e1s una funcionalidad similar en todo el sitio cada vez que lo visites.<\/p>\n<p>Al visitar nuestro sitio web, usted acepta expresamente esta declaraci\u00f3n de accesibilidad, la pol\u00edtica de cookies, los t\u00e9rminos de servicio y la pol\u00edtica de privacidad descritos en nuestro sitio web.<\/p>\n<p>Al utilizar este sitio web, usted acepta que no se nos podr\u00e1 responsabilizar por ninguna reclamaci\u00f3n relacionada con la accesibilidad ni por las dificultades de accesibilidad que puedan surgir. Al utilizar este sitio web, usted reconoce que nos tomamos muy en serio las cuestiones de accesibilidad y que nos esforzamos por proporcionarle toda la informaci\u00f3n, los productos, las transacciones o cualquier otro servicio que solicite a trav\u00e9s de un m\u00e9todo de comunicaci\u00f3n que le resulte accesible, de conformidad con la legislaci\u00f3n vigente. Si tiene dificultades para utilizar o acceder a cualquier elemento de este sitio web, p\u00f3ngase en contacto con nosotros a trav\u00e9s del formulario de contacto de nuestro sitio web o ll\u00e1menos al <a href=\"tel:(213) 818-7232\">\n(213) 818-7232<\/a> o env\u00edenos un correo electr\u00f3nico a <a href=\"mailto:Info@capfirmstg.webteam.ai\">\nInfo@capfirmstg.webteam.ai<\/a>, y colaboraremos con usted para proporcionarle la informaci\u00f3n, el art\u00edculo o la transacci\u00f3n que solicite a trav\u00e9s de un medio de comunicaci\u00f3n que le resulte accesible, de conformidad con la legislaci\u00f3n aplicable.<\/p>\n<p>Si no puede acceder a alguna informaci\u00f3n o elemento de nuestro sitio web, ll\u00e1menos al <a href=\"tel:(213) 818-7232\">\n(213) 818-7232<\/a> o env\u00edenos un correo electr\u00f3nico a <a href=\"mailto:Info@capfirmstg.webteam.ai\">\nInfo@capfirmstg.webteam.ai<\/a> para obtener ayuda.<\/p>\n\n\t\t<\/div>\n\t<\/div>\n<\/div><\/div><\/div><\/div><\/div>\n<\/div>","protected":false},"excerpt":{"rendered":"Website accessibility is an ongoing effort and we are actively taking steps to further enhance and improve the accessibility of The Capital Law Firm. If you have difficulty using or accessing any element of this website, please contact us through our contact form on our website, call, or email and we will work with you [...]","protected":false},"author":1,"featured_media":0,"parent":0,"menu_order":0,"comment_status":"closed","ping_status":"closed","template":"","meta":{"_acf_changed":false,"footnotes":""},"class_list":["post-1627","page","type-page","status-publish"],"acf":[],"aioseo_notices":[],"_links":{"self":[{"href":"https:\/\/capfirmstg.webteam.ai\/es\/wp-json\/wp\/v2\/pages\/1627","targetHints":{"allow":["GET"]}}],"collection":[{"href":"https:\/\/capfirmstg.webteam.ai\/es\/wp-json\/wp\/v2\/pages"}],"about":[{"href":"https:\/\/capfirmstg.webteam.ai\/es\/wp-json\/wp\/v2\/types\/page"}],"author":[{"embeddable":true,"href":"https:\/\/capfirmstg.webteam.ai\/es\/wp-json\/wp\/v2\/users\/1"}],"replies":[{"embeddable":true,"href":"https:\/\/capfirmstg.webteam.ai\/es\/wp-json\/wp\/v2\/comments?post=1627"}],"version-history":[{"count":2,"href":"https:\/\/capfirmstg.webteam.ai\/es\/wp-json\/wp\/v2\/pages\/1627\/revisions"}],"predecessor-version":[{"id":7410,"href":"https:\/\/capfirmstg.webteam.ai\/es\/wp-json\/wp\/v2\/pages\/1627\/revisions\/7410"}],"wp:attachment":[{"href":"https:\/\/capfirmstg.webteam.ai\/es\/wp-json\/wp\/v2\/media?parent=1627"}],"curies":[{"name":"wp","href":"https:\/\/api.w.org\/{rel}","templated":true}]}}